{"id":13725,"date":"2018-02-06T14:29:31","date_gmt":"2018-02-06T14:29:31","guid":{"rendered":"https:\/\/preprod.gamesystem.com\/notre-equipe\/"},"modified":"2024-12-13T09:54:31","modified_gmt":"2024-12-13T08:54:31","slug":"equipo","status":"publish","type":"page","link":"https:\/\/gamesystem.com\/es\/equipo\/","title":{"rendered":"Equipo"},"content":{"rendered":"\n\n\t\t\t<h1>EL EQUIPO<\/h1>\t\t\t\n\t\t\t\t<p>Para conocer los riesgos asociados con el trabajo en altura y controlarlos a la perfecci\u00f3n, trabajamos en equipo para integrar las competencias necesarias para asegurar la calidad de nuestras soluciones y su implementaci\u00f3n, cumpliendo el <br \/>procedimiento de calidad ISO 9001.<\/p>\n\t\t\t\t<p><strong>Nuestros expertos en auditor\u00eda y asesor\u00eda: &#8220;Esp\u00edritu de compromiso&#8221;\u00a0<\/strong>Implicados en el trabajo de normalizaci\u00f3n europeo, ponen sus conocimientos al servicio de nuestros clientes para analizar los problemas de seguridad de trabajos en altura.<\/p>\n<p><strong>Nuestros t\u00e9cnicos-comerciales: &#8220;Especialistas en soluciones&#8221;\u00a0<\/strong>Con sede en cada regi\u00f3n, pr\u00f3ximos a nuestros clientes y con experiencia en el an\u00e1lisis de cada situaci\u00f3n, desarrollan la soluci\u00f3n para ajustarse a las necesidades espec\u00edficas.<\/p>\n<p><strong>Nuestro equipo t\u00e9cnico y de fabricaci\u00f3n: \u00a0&#8220;El coraz\u00f3n de nuestra oficina t\u00e9cnica&#8221;\u00a0<\/strong>Nuestros t\u00e9cnicos desarrollan el dise\u00f1o y el proceso de fabricaci\u00f3n de nuestros productos para conseguir la soluci\u00f3n perfecta. Por lo tanto, si una parte de la producci\u00f3n est\u00e1 automatizada, tenemos personal habilitado para realizar ciertas operaciones (soldaduras por ejemplo).<\/p>\n<p><strong>Nuestro equipo de montaje y mantenimiento: &#8220;Todo terreno&#8221;\u00a0<\/strong>Formados para\u00a0 intervenciones en empresas qu\u00edmicas, nucleares, el\u00e9ctricas etc&#8230; nuestros equipos de montadores aseguran la calidad de la instalaci\u00f3n y revisi\u00f3n de nuestras soluciones. Nuestros equipos intervienen en Espa\u00f1a y Portugal. Dan confianza al cliente no s\u00f3lo por los conocimientos te\u00f3ricos sino por su experiencia diaria en el\u00a0 terreno.<\/p>\n<p><strong>Nuestros formadores:\u00a0<\/strong>Nuestro equipo de formadores tiene como misi\u00f3n transmitir y mejorar los conocimientos te\u00f3ricos y pr\u00e1cticos necesarios para los trabajos en altura, tanto a responsables como a operarios.<br \/>Nuestro equipo se apoya en las bases elaboradas por nuestra empresa y la experiencia de campo. Son profesionales que controlan tanto las situaciones como las normas y la reglamentaci\u00f3n&#8230;<\/p>\n\t\t\t<h2>Pol\u00edtica de QHSE y <br \/> Compromiso de la direcci\u00f3n<\/h2>\t\t\t\n\t\t\t\t<hr \/>\n<p>Nuestra fuerza de ayer, hoy y ma\u00f1ana es ofrecer unas soluciones y unos servicios de un alto nivel de tecnicidad y de una gran profesionalidad, correspondiendo al deseo del cliente, manteniendo un riesgo laboral aceptable para todos los trabajadores y preservando el medio ambiente.<\/p>\n<p>Un cliente satisfecho transmitir\u00e1 nuestra imagen m\u00e1s all\u00e1 de nuestro propio entorno de acciones comerciales<\/p>\n<p><a href=\"https:\/\/gamesystem.com\/wp-content\/uploads\/2024\/12\/Compromiso-y-Politica-QHSE-Ed-34-09_12_24.pdf\"><strong>Compromiso y Pol\u00edtica QHSE<\/strong><\/a><\/p>\n\t\t\t<h2>C\u00f3digo \u00e9tico<\/h2>\t\t\t\n\t\t\t\t<hr \/>\n<p>Gamesystem Espa\u00f1a cuenta con un<a href=\"https:\/\/gamesystem.com\/wp-content\/uploads\/2019\/09\/C\u00f3digo-\u00e9tico-2019.pdf\"> <strong>C\u00f3digo \u00c9tico<\/strong> <\/a>que recoge el conjunto de valores, principios y criterios al que se adhieren todos sus empleados. A trav\u00e9s del mismo queremos mostrar a todos los grupos de inter\u00e9s nuestra implicaci\u00f3n y compromiso con cada uno de los factores que se incluyen<\/p>\n\t<a href=\"https:\/\/gamesystem.com\/wp-content\/uploads\/2019\/09\/C\u00f3digo-\u00e9tico-2019.pdf\" target=\"_blank\" rel=\"noopener nofollow\" aria-label=\"Go to https:\/\/gamesystem.com\/wp-content\/uploads\/2019\/09\/C\u00f3digo-\u00e9tico-2019.pdf\"><\/a>\n\t\t\t\t<img decoding=\"async\" src=\"https:\/\/gamesystem.com\/wp-content\/uploads\/2019\/07\/Imagen-codigo-etico-min.png\" alt=\"codigo etico gamesystem\" title=\"Imagen-codigo-etico-min\" itemprop=\"image\"\/>\n\n","protected":false},"excerpt":{"rendered":"<p>EL EQUIPO Para conocer los riesgos asociados con el trabajo en altura y controlarlos a la perfecci\u00f3n, trabajamos en equipo para integrar las competencias necesarias para asegurar la calidad de&hellip;<\/p>\n","protected":false},"author":7,"featured_media":0,"parent":0,"menu_order":0,"comment_status":"closed","ping_status":"open","template":"","meta":[],"_links":{"self":[{"href":"https:\/\/gamesystem.com\/es\/wp-json\/wp\/v2\/pages\/13725"}],"collection":[{"href":"https:\/\/gamesystem.com\/es\/wp-json\/wp\/v2\/pages"}],"about":[{"href":"https:\/\/gamesystem.com\/es\/wp-json\/wp\/v2\/types\/page"}],"author":[{"embeddable":true,"href":"https:\/\/gamesystem.com\/es\/wp-json\/wp\/v2\/users\/7"}],"replies":[{"embeddable":true,"href":"https:\/\/gamesystem.com\/es\/wp-json\/wp\/v2\/comments?post=13725"}],"version-history":[{"count":0,"href":"https:\/\/gamesystem.com\/es\/wp-json\/wp\/v2\/pages\/13725\/revisions"}],"wp:attachment":[{"href":"https:\/\/gamesystem.com\/es\/wp-json\/wp\/v2\/media?parent=13725"}],"curies":[{"name":"wp","href":"https:\/\/api.w.org\/{rel}","templated":true}]}}