{"id":13718,"date":"2018-02-21T14:10:04","date_gmt":"2018-02-21T14:10:04","guid":{"rendered":"https:\/\/preprod.gamesystem.com\/echelle-crinoline\/"},"modified":"2018-09-16T21:29:44","modified_gmt":"2018-09-16T21:29:44","slug":"escalera-fija-y-de-gato","status":"publish","type":"page","link":"https:\/\/gamesystem.com\/es\/productos\/proteccion-colectiva\/escalera-fija-y-de-gato\/","title":{"rendered":"Escalera fija y de gato"},"content":{"rendered":"<p>\t<a href=\"https:\/\/gamesystem.com\/es\/productos\/\" target=\"_self\" ><\/a><br \/>\n\t\t<strong> TODOS NUESTROS PRODUCTOS <\/strong><br \/>\n\t<a href=\"https:\/\/gamesystem.com\/es\/productos\/proteccion-individual\/\" target=\"_self\" ><\/a><br \/>\n\t\t<strong> Protecci\u00f3n individual <\/strong>\t\t\t<\/p>\n<h1>Escala fija y de gato<\/h1>\n<p>Una ESCALA est\u00e1 compuesta por dos montantes paralelos separados 40 cm sobre los cuales se fijan pelda\u00f1os de 34 cm. Por encima de los 2m de altura se colocan aros de 75 cm de di\u00e1metro fijados sobre el montante cada metro y unidos entre s\u00ed por cinco montantes verticales.<\/p>\n<p>La escala debe sobrepasar 1m la superficie de desembarco. A partir de los 8m de altura es necesario disponer de descansillos intermedios. Se tendr\u00e1 en cuenta las posibles salidas que pueden ser \u00abde frente\u00bb o \u00ablateral\u00bb (izquierda\/derecha). Las salidas intermedias en ocasiones son necesarias.<\/p>\n<p>\t\t\t\t<a href=\"https:\/\/gamesystem.com\/wp-content\/uploads\/2018\/07\/echelle-crinoline-pour-acc\u00e8s-nen-hauteur-en-s\u00e9curit\u00e9.png\" target=\"_self\" itemprop=\"url\"><br \/>\n\t\t\t\t<img decoding=\"async\" loading=\"lazy\" src=\"https:\/\/gamesystem.com\/wp-content\/uploads\/2018\/07\/echelle-crinoline-pour-acc\u00e8s-nen-hauteur-en-s\u00e9curit\u00e9.png\" alt=\"echelle crinoline pour acc\u00e8s \u00e0 la toiture ou a une machine\" itemprop=\"image\" height=\"600\" width=\"800\" title=\"echelle-crinoline-pour-acc\u00e8s-nen-hauteur-en-s\u00e9curit\u00e9\"  \/><br \/>\n\t\t\t\t<\/a><br \/>\n\t\t\t<a href=\"https:\/\/gamesystem.com\/wp-content\/uploads\/2018\/09\/Escala-fija-y-de-gato-Gamesystem.pdf\" target=\"_blank\" role=\"button\" rel=\"noopener\" ><br \/>\n\t\t\t\t\t\t\tFicha del producto<br \/>\n\t\t\t\t\t<\/a><\/p>\n<nav>\n<ul>\n<li data-index=\"0\">\n<h2>\n\t\t\t\t\t\t<a href=\"javascript:void(0);\">\u00bfCU\u00c1NDO UTILIZARLO? <\/a><br \/>\n\t\t\t\t\t<\/h2>\n<\/li>\n<li data-index=\"1\">\n<h2>\n\t\t\t\t\t\t<a href=\"javascript:void(0);\">SEGURIDAD<\/a><br \/>\n\t\t\t\t\t<\/h2>\n<\/li>\n<li data-index=\"2\">\n<h2>\n\t\t\t\t\t\t<a href=\"javascript:void(0);\">FORMACI\u00d3N<\/a><br \/>\n\t\t\t\t\t<\/h2>\n<\/li>\n<li data-index=\"3\">\n<h2>\n\t\t\t\t\t\t<a href=\"javascript:void(0);\">SE ACONSEJA LOS SIGUIENTES ELEMENTOS<\/a><br \/>\n\t\t\t\t\t<\/h2>\n<\/li>\n<\/ul>\n<\/nav>\n<h2>\n\t\t\t\t\t\t\t\t\t\t\t\t\u00bfCU\u00c1NDO UTILIZARLO?<br \/>\n\t\t\t\t\t\t\t\t\t\t\t<\/h2>\n<p>Cada vez que se detecta la necesidad de acceso de forma habitual, a un punto o zona, se instalar\u00e1 una escala fija.<\/p>\n<p>La multiplicaci\u00f3n de accesos va en contra de una buena seguridad. Un acceso debe estar instalado juiciosamente.<\/p>\n<h2>\n\t\t\t\t\t\t\t\t\t\t\t\tSEGURIDAD<br \/>\n\t\t\t\t\t\t\t\t\t\t\t<\/h2>\n<p>La escala con protecci\u00f3n circundante delimita un espacio de seguridad al operario. No evita la ca\u00edda. Cuando la altura supera los 4 &#8211; 6 m se deber\u00e1 instalar un sistema de seguridad antica\u00eddas conforme a la norma EN 353-1 o 2.<br \/>A ambos lados de la salida se instalar\u00e1 como m\u00ednimo tramos de 1,50 m de barandilla con el fin de que el operario se encuentre en \u00abzona de seguridad colectiva\u00bb. Si esto no es posible, es obligatorio prever un dispositivo de anclaje conforme a la norma EN 795 al que se conectar\u00e1 antes de salir de la escala.<br \/>En las salidas es necesario disponer de portillas que delimiten el acceso de la zona de intervenci\u00f3n, y asegurar la zona antes de la bajada del operario.<br \/>El acceso a una escala debe estar limitado a personal autorizado, por lo que se dispondr\u00e1 de sistemas antiescalo.<\/p>\n<h2>\n\t\t\t\t\t\t\t\t\t\t\t\tFORMACI\u00d3N<br \/>\n\t\t\t\t\t\t\t\t\t\t\t<\/h2>\n<p>Ninguna formaci\u00f3n espec\u00edfica, el tema del ACCESO se tiene en cuenta en todas nuestras formaciones.<\/p>\n<h2>\n\t\t\t\t\t\t\t\t\t\t\t\tSE ACONSEJA LOS SIGUIENTES ELEMENTOS<br \/>\n\t\t\t\t\t\t\t\t\t\t\t<\/h2>\n<p>Arn\u00e9s: GH3 o GH5<\/p>\n<p>Antica\u00eddas: \u201cPapill\u00f3n\u201d<\/p>\n<p>Dispositivo de anclaje: L\u00ednea de vida o Cable de seguridad<\/p>\n<p>\u00a0<\/p>\n<p>\t\t\t\t\t<!-- \/content --><br \/>\n\t<!-- \/tabs --><\/p>\n","protected":false},"excerpt":{"rendered":"<p>TODOS NUESTROS PRODUCTOS Protecci\u00f3n individual Escala fija y de gato Una ESCALA est\u00e1 compuesta por dos montantes paralelos separados 40 cm sobre los cuales se fijan pelda\u00f1os de 34 cm.&hellip;<\/p>\n","protected":false},"author":7,"featured_media":0,"parent":13729,"menu_order":0,"comment_status":"closed","ping_status":"open","template":"","meta":[],"_links":{"self":[{"href":"https:\/\/gamesystem.com\/es\/wp-json\/wp\/v2\/pages\/13718"}],"collection":[{"href":"https:\/\/gamesystem.com\/es\/wp-json\/wp\/v2\/pages"}],"about":[{"href":"https:\/\/gamesystem.com\/es\/wp-json\/wp\/v2\/types\/page"}],"author":[{"embeddable":true,"href":"https:\/\/gamesystem.com\/es\/wp-json\/wp\/v2\/users\/7"}],"replies":[{"embeddable":true,"href":"https:\/\/gamesystem.com\/es\/wp-json\/wp\/v2\/comments?post=13718"}],"version-history":[{"count":0,"href":"https:\/\/gamesystem.com\/es\/wp-json\/wp\/v2\/pages\/13718\/revisions"}],"up":[{"embeddable":true,"href":"https:\/\/gamesystem.com\/es\/wp-json\/wp\/v2\/pages\/13729"}],"wp:attachment":[{"href":"https:\/\/gamesystem.com\/es\/wp-json\/wp\/v2\/media?parent=13718"}],"curies":[{"name":"wp","href":"https:\/\/api.w.org\/{rel}","templated":true}]}}