{"id":13708,"date":"2018-02-21T16:42:38","date_gmt":"2018-02-21T16:42:38","guid":{"rendered":"https:\/\/preprod.gamesystem.com\/garde-corps\/"},"modified":"2018-09-16T21:28:36","modified_gmt":"2018-09-16T21:28:36","slug":"barandillas","status":"publish","type":"page","link":"https:\/\/gamesystem.com\/es\/productos\/proteccion-colectiva\/barandillas\/","title":{"rendered":"Barandillas"},"content":{"rendered":"<p>\t<a href=\"https:\/\/gamesystem.com\/es\/productos\/\" target=\"_self\" ><\/a><br \/>\n\t\t<strong> TODOS NUESTROS PRODUCTOS <\/strong><br \/>\n\t<a href=\"https:\/\/gamesystem.com\/es\/productos\/proteccion-colectiva\/\" target=\"_self\" ><\/a><br \/>\n\t\t<strong>Protecci\u00f3n colectiva <\/strong>\t\t\t<\/p>\n<h1>Barandillas<\/h1>\n<p>Las barandillas son los equipamientos de protecci\u00f3n colectiva que se instalan con m\u00e1s frecuencia sobre cubiertas planas o con pendiente o \u00a0asegurar elementos de producci\u00f3n como m\u00e1quinas.<\/p>\n<p>Es una barrera protectora que permite que el personal est\u00e9 protegido de las \u00e1reas de riesgo y evita ca\u00eddas de altura. A medida o est\u00e1ndar, la barandilla se adapta a las diferentes limitaciones de cada edificio.<\/p>\n<p>\t\t\t\t<a href=\"https:\/\/gamesystem.com\/wp-content\/uploads\/2018\/09\/Garde-corps-gamesystem-sur-un-toit-plat.png\" target=\"_self\" itemprop=\"url\"><br \/>\n\t\t\t\t<img decoding=\"async\" loading=\"lazy\" src=\"https:\/\/gamesystem.com\/wp-content\/uploads\/2018\/09\/Garde-corps-gamesystem-sur-un-toit-plat.png\" alt=\"garde corps pour s\u00e9curirser toiture\" itemprop=\"image\" height=\"600\" width=\"800\" title=\"Garde-corps-gamesystem-sur-un-toit-plat\"  \/><br \/>\n\t\t\t\t<\/a><br \/>\n\t\t\t<a href=\"https:\/\/gamesystem.com\/wp-content\/uploads\/2018\/09\/Barandilla-Gamesystem.pdf\" target=\"_blank\" role=\"button\" rel=\"noopener\" ><br \/>\n\t\t\t\t\t\t\tFicha del producto<br \/>\n\t\t\t\t\t<\/a><\/p>\n<nav>\n<ul>\n<li data-index=\"0\">\n<h2>\n\t\t\t\t\t\t<a href=\"javascript:void(0);\">\u00bfCu\u00e1ndo usarla?<\/a><br \/>\n\t\t\t\t\t<\/h2>\n<\/li>\n<li data-index=\"1\">\n<h2>\n\t\t\t\t\t\t<a href=\"javascript:void(0);\">Implantaci\u00f3n <\/a><br \/>\n\t\t\t\t\t<\/h2>\n<\/li>\n<li data-index=\"2\">\n<h2>\n\t\t\t\t\t\t<a href=\"javascript:void(0);\">Tipos de barandillas <\/a><br \/>\n\t\t\t\t\t<\/h2>\n<\/li>\n<li data-index=\"3\">\n<h2>\n\t\t\t\t\t\t<a href=\"javascript:void(0);\">Elementos <\/a><br \/>\n\t\t\t\t\t<\/h2>\n<\/li>\n<li data-index=\"4\">\n<h2>\n\t\t\t\t\t\t<a href=\"javascript:void(0);\">Instalaci\u00f3n y fijaci\u00f3n<\/a><br \/>\n\t\t\t\t\t<\/h2>\n<\/li>\n<li data-index=\"5\">\n<h2>\n\t\t\t\t\t\t<a href=\"javascript:void(0);\">Durabilidad <\/a><br \/>\n\t\t\t\t\t<\/h2>\n<\/li>\n<li data-index=\"6\">\n<h2>\n\t\t\t\t\t\t<a href=\"javascript:void(0);\">Regulaci\u00f3n y normas<\/a><br \/>\n\t\t\t\t\t<\/h2>\n<\/li>\n<li data-index=\"7\">\n<h2>\n\t\t\t\t\t\t<a href=\"javascript:void(0);\">Ley de prevenci\u00f3n de riesgos<\/a><br \/>\n\t\t\t\t\t<\/h2>\n<\/li>\n<\/ul>\n<\/nav>\n<h2>\n\t\t\t\t\t\t\t\t\t\t\t\t\u00bfCu\u00e1ndo usarla?<br \/>\n\t\t\t\t\t\t\t\t\t\t\t<\/h2>\n<p>Cuando los operarios deben intervenir con frecuencia y regularmente en \u00e1reas con riesgo de ca\u00edda, la barandilla se convierte en la mejor soluci\u00f3n para proteger. En funci\u00f3n del lugar d\u00f3nde ha de instalarse, la barandilla se puede montar de varias formas: la barandilla puede fijarse a la estructura del edificio o m\u00e1quina o colocarse independiente de la estructura de manera autosoportada. Si la barandilla se coloca independiente de la estructura se mantendr\u00e1 gracias a\u00a0 contrapesos de hormig\u00f3n recubiertos de PVC.<\/p>\n<h2>\n\t\t\t\t\t\t\t\t\t\t\t\tImplantaci\u00f3n<br \/>\n\t\t\t\t\t\t\t\t\t\t\t<\/h2>\n<p>La barandilla autoportante generalmente se instala en el borde de una terraza o cubierta con pendiente.\u00a0 Pero tambi\u00e9n se puede colocar sobre maquinaria industrial cuando sea necesario.<\/p>\n<h2>\n\t\t\t\t\t\t\t\t\t\t\t\tTipos de barandillas<br \/>\n\t\t\t\t\t\t\t\t\t\t\t<\/h2>\n<p>Gamesystem ofrece varios tipos de barandillas autoportantes: est\u00e1ndar o fabricada a medida. Ambas se adaptan a las diferentes estructuras y condicionantes arquitect\u00f3nicos. Una vez instalada y fijada, la barandilla permite asegurar el acceso y el \u00e1rea de trabajo de los operarios durante la realizaci\u00f3n de su labor.<\/p>\n<h2>\n\t\t\t\t\t\t\t\t\t\t\t\tElementos<br \/>\n\t\t\t\t\t\t\t\t\t\t\t<\/h2>\n<p>La barandilla de aluminio de Gamesystem es una estructura sencilla, est\u00e1 compuesta de 4 piezas de aluminio fundido, un perfil extruido para el montante, y otro para los listones superior e intermedio. Est\u00e1 equipada con una base que permite fijarse al suelo de azotea o al peto, tanto en la parte plana superior como en la parte vertical.<\/p>\n<p>Se puede fijar mediante anclajes de m\u00e9trica 10 o instalarla de manera autoportante. La altura de la barandilla se puede ajustar en funci\u00f3n de d\u00f3nde se instale. Las piezas que permiten realizar \u00e1ngulos en la barandilla tambi\u00e9n se utilizan para proteger desniveles.<\/p>\n<h2>\n\t\t\t\t\t\t\t\t\t\t\t\tInstalaci\u00f3n y fijaci\u00f3n<br \/>\n\t\t\t\t\t\t\t\t\t\t\t<\/h2>\n<p>Nuestros\u00a0 a\u00f1os de experiencia como instalador de equipos de protecci\u00f3n contra ca\u00eddas en altura nos han llevado a dise\u00f1ar una barandilla f\u00e1cil y r\u00e1pida de instalar utilizando tornillos autoperforantes para unir piezas. La barandilla autoportante es de f\u00e1cil instalaci\u00f3n sin necesidad de taladrar la estructura.\u00a0 Al elegir una barandilla autoportante, se evitan los problemas de impermeabilizaci\u00f3n que podr\u00edan presentarse en caso de realizar taladros o perforaciones en la cubierta.<\/p>\n<h2>\n\t\t\t\t\t\t\t\t\t\t\t\tDurabilidad<br \/>\n\t\t\t\t\t\t\t\t\t\t\t<\/h2>\n<p>Hecha completamente de aluminio, la barandilla autoportante de Gamesystem tiene una vida \u00fatil muy larga. No requiere ninguna operaci\u00f3n de manipulaci\u00f3n o mantenimiento tras su instalaci\u00f3n.<\/p>\n<h2>\n\t\t\t\t\t\t\t\t\t\t\t\tRegulaci\u00f3n y normas<br \/>\n\t\t\t\t\t\t\t\t\t\t\t<\/h2>\n<p>Nuestras barandillas est\u00e1n certificadas y cumplen con la legislaci\u00f3n y las normas europeas (NF E 85-015 y NF EN 13374 clase A). Garantizamos seguridad total de los trabajadores que realizan trabajos en altura durante todas sus intervenciones.<\/p>\n<p>Las barandillas autoportantes cumplen la norma europea en vigor NF E 85-015 et NF EN 13374 classe A<\/p>\n<h2>\n\t\t\t\t\t\t\t\t\t\t\t\tLey de prevenci\u00f3n de riesgos<br \/>\n\t\t\t\t\t\t\t\t\t\t\t<\/h2>\n<p>\u00ab\u00a0En cumplimiento del deber de protecci\u00f3n, el empresario deber\u00e1 garantizar la seguridad y la salud de los trabajadores a su servicio en todos los aspectos relacionados con el trabajo\u00a0\u00bb<\/p>\n<p>El empresario tiene la obligaci\u00f3n de establecer protecciones y soluciones para reducir o minimizar el riesgo de ca\u00eddas en altura: tanto en los medios de acceso, como en plataformas elevadas, y techos o cubiertas planas.<\/p>\n<p>La norma tambi\u00e9n establece que cuando un operario\u00a0 trabaja y circula en un \u00e1rea donde existe riesgo de ca\u00edda, el empresario tiene la obligaci\u00f3n de instalar una protecci\u00f3n contra ca\u00eddas.<\/p>\n<p>\t\t\t\t\t<!-- \/content --><br \/>\n\t<!-- \/tabs --><\/p>\n<h2>Nuestros Proyectos &#8211; Barandillas<\/h2>\n<p>\t\t\t\t<a href=\"https:\/\/gamesystem.com\/wp-content\/uploads\/2018\/05\/Garde-corp-amovible-pour-exterieur-et-toit-terasse-1.jpg\"  rel=\"nofollow\" data-fancybox=\"images\" title=\"Garde corps sur toiture terrasse\" data-description=\"\"><br \/>\n\t\t<img decoding=\"async\" src=\"https:\/\/gamesystem.com\/wp-content\/uploads\/2018\/05\/Garde-corp-amovible-pour-exterieur-et-toit-terasse-1.jpg\" alt=\"garde corps exterieur toiture terrasse\" data-no-lazy=\"1\" \/><br \/>\n\t\t\t<!-- Overlay Wrapper --><br \/>\n\t\t\t <!-- Overlay Wrapper Closed --><br \/>\n\t\t\t\t<\/a><br \/>\n\t\t\t\t<a href=\"https:\/\/gamesystem.com\/wp-content\/uploads\/2018\/05\/Garde-corps-sur-une-toiture-plate.jpg\"  rel=\"nofollow\" data-fancybox=\"images\" title=\"Garde corps sur toiture\" data-description=\"installation de garde corps sur une toiture terrasse\"><br \/>\n\t\t<img decoding=\"async\" src=\"https:\/\/gamesystem.com\/wp-content\/uploads\/2018\/05\/Garde-corps-sur-une-toiture-plate.jpg\" alt=\"garde corps norme gamesystem\" data-no-lazy=\"1\" \/><br \/>\n\t\t\t<!-- Overlay Wrapper --><br \/>\n\t\t\t <!-- Overlay Wrapper Closed --><br \/>\n\t\t\t\t<\/a><br \/>\n\t\t\t\t<a href=\"https:\/\/gamesystem.com\/wp-content\/uploads\/2018\/05\/garde-corps-sur-machine-pour-\u00e9viter-les-chutes.jpg\"  rel=\"nofollow\" data-fancybox=\"images\" title=\"Garde corps sur machine\" data-description=\"rambarde de s\u00e9curit\u00e9 pour machine\"><br \/>\n\t\t<img decoding=\"async\" src=\"https:\/\/gamesystem.com\/wp-content\/uploads\/2018\/05\/garde-corps-sur-machine-pour-\u00e9viter-les-chutes.jpg\" alt=\"rambarde pour machine\" data-no-lazy=\"1\" \/><br \/>\n\t\t\t<!-- Overlay Wrapper --><br \/>\n\t\t\t <!-- Overlay Wrapper Closed --><br \/>\n\t\t\t\t<\/a><br \/>\n\t\t\t\t<a href=\"https:\/\/gamesystem.com\/wp-content\/uploads\/2018\/05\/Garde-corps-sp\u00e9cifique-pour-la-toiture.jpg\"  rel=\"nofollow\" data-fancybox=\"images\" title=\"Garde corps sur mesure\" data-description=\"garde corps pour s\u00e9curiser le travail en hauteur des op\u00e9rateurs\"><br \/>\n\t\t<img decoding=\"async\" src=\"https:\/\/gamesystem.com\/wp-content\/uploads\/2018\/05\/Garde-corps-sp\u00e9cifique-pour-la-toiture.jpg\" alt=\"Garde corps autorportant sur toiture terrasse\" data-no-lazy=\"1\" \/><br \/>\n\t\t\t<!-- Overlay Wrapper --><br \/>\n\t\t\t <!-- Overlay Wrapper Closed --><br \/>\n\t\t\t\t<\/a><br \/>\n\t\t\t\t<a href=\"https:\/\/gamesystem.com\/wp-content\/uploads\/2018\/05\/Garde-corps-alu-pour-toiture-terrasse.jpg\"  rel=\"nofollow\" data-fancybox=\"images\" title=\"Garde corps sur toit d'un b\u00e2timent\" data-description=\"installation de garde corps \"><br \/>\n\t\t<img decoding=\"async\" src=\"https:\/\/gamesystem.com\/wp-content\/uploads\/2018\/05\/Garde-corps-alu-pour-toiture-terrasse.jpg\" alt=\"garde corps et rembarde en aluminium\" data-no-lazy=\"1\" \/><br \/>\n\t\t\t<!-- Overlay Wrapper --><br \/>\n\t\t\t <!-- Overlay Wrapper Closed --><br \/>\n\t\t\t\t<\/a><br \/>\n\t\t\t\t<a href=\"https:\/\/gamesystem.com\/wp-content\/uploads\/2018\/05\/Garde-corps-sur-toit-pour-prot\u00e9ger-les-lanterneaux.jpg\"  rel=\"nofollow\" data-fancybox=\"images\" title=\"S\u00e9curisation toiture avec Garde corps\" data-description=\"garde corps pour \u00e9voluer en s\u00e9curit\u00e9 sur un toit plat\"><br \/>\n\t\t<img decoding=\"async\" src=\"https:\/\/gamesystem.com\/wp-content\/uploads\/2018\/05\/Garde-corps-sur-toit-pour-prot\u00e9ger-les-lanterneaux.jpg\" alt=\"rambarde de terrasse et Rambarde de s\u00e9curit\u00e9 pour toiture\" data-no-lazy=\"1\" \/><br \/>\n\t\t\t<!-- Overlay Wrapper --><br \/>\n\t\t\t <!-- Overlay Wrapper Closed --><br \/>\n\t\t\t\t<\/a><br \/>\n\t\t\t\t<a href=\"https:\/\/gamesystem.com\/wp-content\/uploads\/2018\/05\/S\u00e9curisation-du-toit-du-batiment-avec-une-rembarde-de-s\u00e9curit\u00e9.jpg\"  rel=\"nofollow\" data-fancybox=\"images\" title=\"Garde corps sur b\u00e2timent\" data-description=\"garde corps s\u00e9curit\u00e9 sur toit\"><br \/>\n\t\t<img decoding=\"async\" src=\"https:\/\/gamesystem.com\/wp-content\/uploads\/2018\/05\/S\u00e9curisation-du-toit-du-batiment-avec-une-rembarde-de-s\u00e9curit\u00e9.jpg\" alt=\"s\u00e9curisation d'un toit avec une rambarde de s\u00e9curit\u00e9 autoportant\" data-no-lazy=\"1\" \/><br \/>\n\t\t\t<!-- Overlay Wrapper --><br \/>\n\t\t\t <!-- Overlay Wrapper Closed --><br \/>\n\t\t\t\t<\/a><br \/>\n\t\t\t\t<a href=\"https:\/\/gamesystem.com\/wp-content\/uploads\/2018\/05\/Garde-corps-sur-toit-plat-pour-intervenir-en-s\u00e9curit\u00e9-en-hauteur.jpg\"  rel=\"nofollow\" data-fancybox=\"images\" title=\"Garde corps sur toit plat\" data-description=\"s\u00e9curisation des interventions sur une toiture plate \"><br \/>\n\t\t<img decoding=\"async\" src=\"https:\/\/gamesystem.com\/wp-content\/uploads\/2018\/05\/Garde-corps-sur-toit-plat-pour-intervenir-en-s\u00e9curit\u00e9-en-hauteur.jpg\" alt=\"Garde corps installer sur une toiture plate\" data-no-lazy=\"1\" \/><br \/>\n\t\t\t<!-- Overlay Wrapper --><br \/>\n\t\t\t <!-- Overlay Wrapper Closed --><br \/>\n\t\t\t\t<\/a><\/p>\n","protected":false},"excerpt":{"rendered":"<p>TODOS NUESTROS PRODUCTOS Protecci\u00f3n colectiva Barandillas Las barandillas son los equipamientos de protecci\u00f3n colectiva que se instalan con m\u00e1s frecuencia sobre cubiertas planas o con pendiente o \u00a0asegurar elementos de&hellip;<\/p>\n","protected":false},"author":7,"featured_media":0,"parent":13729,"menu_order":0,"comment_status":"closed","ping_status":"open","template":"","meta":[],"_links":{"self":[{"href":"https:\/\/gamesystem.com\/es\/wp-json\/wp\/v2\/pages\/13708"}],"collection":[{"href":"https:\/\/gamesystem.com\/es\/wp-json\/wp\/v2\/pages"}],"about":[{"href":"https:\/\/gamesystem.com\/es\/wp-json\/wp\/v2\/types\/page"}],"author":[{"embeddable":true,"href":"https:\/\/gamesystem.com\/es\/wp-json\/wp\/v2\/users\/7"}],"replies":[{"embeddable":true,"href":"https:\/\/gamesystem.com\/es\/wp-json\/wp\/v2\/comments?post=13708"}],"version-history":[{"count":0,"href":"https:\/\/gamesystem.com\/es\/wp-json\/wp\/v2\/pages\/13708\/revisions"}],"up":[{"embeddable":true,"href":"https:\/\/gamesystem.com\/es\/wp-json\/wp\/v2\/pages\/13729"}],"wp:attachment":[{"href":"https:\/\/gamesystem.com\/es\/wp-json\/wp\/v2\/media?parent=13708"}],"curies":[{"name":"wp","href":"https:\/\/api.w.org\/{rel}","templated":true}]}}