{"id":13707,"date":"2018-01-18T09:33:24","date_gmt":"2018-01-18T09:33:24","guid":{"rendered":"https:\/\/preprod.gamesystem.com\/nos-formations-travail-en-hauteur\/"},"modified":"2023-09-11T09:44:10","modified_gmt":"2023-09-11T07:44:10","slug":"nuestras-formaciones-de-trabajos-en-altura","status":"publish","type":"page","link":"https:\/\/gamesystem.com\/es\/nuestras-formaciones-de-trabajos-en-altura\/","title":{"rendered":"Nuestras formaciones"},"content":{"rendered":"\n\n\t\t\t<h1>FORMACI\u00d3N DE TRABAJO EN ALTURA<\/h1>\n\t\t\t<h3>FORMACIONES GENERALES<\/h3>\t\t\t\n\t\t\t\t<img decoding=\"async\" src=\"https:\/\/gamesystem.com\/wp-content\/uploads\/2018\/07\/formation-port-du-harnais-s%C3%A9curisation-des-acc%C3%A8s-et-des-interventions-en-hauteur.jpg\" alt=\"\" title=\"\" itemprop=\"image\"\/>\n\t\t\t<h4>CONCEPTOS GENERALES<\/h4>\t\t\t\n\t\t\t\t<p>Dirigido a personas que, como los trabajadores de mantenimiento industrial, realizan trabajos espor\u00e1dicos en altura pero necesitan tener conocimientos claros sobre el uso de los EPI en altura para resolver diversas situaciones.\u00a0<\/p>\n\t\t\t<a href=\"https:\/\/gamesystem.com\/wp-content\/uploads\/2023\/02\/S1-Trabajos-en-Altura.-Conceptos-Generales.pdf\" target=\"_blank\" rel=\"noopener\" role=\"button\" aria-label=\"Descarga la Ficha\">\n\t\t\t\t\t\t\tDescarga la Ficha\n\t\t<\/a>\n\t\t\t<h3>FORMACIONES CUBIERTAS<\/h3>\t\t\t\n\t\t\t\t<img decoding=\"async\" src=\"https:\/\/gamesystem.com\/wp-content\/uploads\/2018\/07\/formation-%C3%A0-la-S%C3%A9curit%C3%A9-du-travail-en-hauteur-sur-toiture-terrasse.png\" alt=\"\" title=\"\" itemprop=\"image\"\/>\n\t\t\t<h4>TRABAJOS EN CUBIERTAS Y TEJADOS<\/h4>\t\t\t\n\t\t\t\t<p>Dirigido a las personas que trabajan en cubiertas como antenistas, empresas de energ\u00eda solar, etc. siempre que el trabajador pueda permanecer de pie sobre la cubierta sin tener que recurrir a t\u00e9cnicas de posicionamiento mediante cuerdas.\u00a0<\/p>\n\t\t\t<a href=\"https:\/\/gamesystem.com\/wp-content\/uploads\/2023\/09\/S16-Trabajos-en-Altura-en-Cubiertas.pdf\" target=\"_blank\" rel=\"noopener\" role=\"button\" aria-label=\"Descarga la Ficha\">\n\t\t\t\t\t\t\tDescarga la Ficha\n\t\t<\/a>\n\t\t\t<h3>FORMACIONES TELCO<\/h3>\t\t\t\n\t\t\t\t<img decoding=\"async\" src=\"https:\/\/gamesystem.com\/wp-content\/uploads\/2019\/01\/Telco-I.-Alturas.jpg\" alt=\"\" title=\"\" itemprop=\"image\"\/>\n\t\t\t<h4>TELCO I. ALTURAS<\/h4>\t\t\t\n\t\t\t\t<p>Dirigido a cualquier trabajador del sector de las Telecomunicaciones que desarrolle tareas a alturas superiores a 2 m. en escaleras manuales, escaleras fijas, andamios, postes de madera, postes de hormig\u00f3n y cubiertas con protecci\u00f3n.<\/p>\n\t\t\t<a href=\"https:\/\/gamesystem.com\/wp-content\/uploads\/2021\/03\/S17-Alturas-Telco-I.pdf\" target=\"_blank\" rel=\"noopener\" role=\"button\" aria-label=\"Descarga la Ficha\">\n\t\t\t\t\t\t\tDescarga la Ficha\n\t\t<\/a>\n\t\t\t\t<img decoding=\"async\" src=\"https:\/\/gamesystem.com\/wp-content\/uploads\/2019\/01\/Telco-II.-Torres.jpg\" alt=\"\" title=\"\" itemprop=\"image\"\/>\n\t\t\t<h4>TELCO II. TORRES, M\u00c1STILES, TEJADOS Y AZOTEAS<\/h4>\t\t\t\n\t\t\t\t<p>Dirigido a cualquier trabajador del sector de las Telecomunicaciones expuesto a riesgo de ca\u00edda de altura que realice trabajos en torres de antena, m\u00e1stiles y cubiertas sin protecci\u00f3n.<\/p>\n\t\t\t<a href=\"https:\/\/gamesystem.com\/wp-content\/uploads\/2021\/03\/S18-Alturas-Telco-II.pdf\" target=\"_blank\" rel=\"noopener\" role=\"button\" aria-label=\"Descarga la Ficha\">\n\t\t\t\t\t\t\tDescarga la Ficha\n\t\t<\/a>\n\t\t\t\t<img decoding=\"async\" src=\"https:\/\/gamesystem.com\/wp-content\/uploads\/2018\/07\/Travail-en-hauteur-sur-corde-.jpg\" alt=\"Formation de formateur \" title=\"Travail en hauteur sur corde -\" itemprop=\"image\"\/>\n\t\t\t<h4>TELCO III. ALTURAS <\/h4>\t\t\t\n\t\t\t\t<p>Dirigido a cualquier trabajador del sector de las telecomunicaciones expuesto a riesgos de ca\u00edda de altura que realice trabajos en suspensi\u00f3n.\u00a0<\/p>\n\t\t\t<a href=\"https:\/\/gamesystem.com\/wp-content\/uploads\/2023\/04\/S19-Alturas-Telco-III.pdf\" target=\"_blank\" rel=\"noopener\" role=\"button\" aria-label=\"Descarga la Ficha\">\n\t\t\t\t\t\t\tDescarga la Ficha\n\t\t<\/a>\n\t\t\t\t<img decoding=\"async\" src=\"https:\/\/gamesystem.com\/wp-content\/uploads\/2018\/07\/Evacuation-d'une-personne-suspendu.jpg\" alt=\"Evacuation d'une personne suspendu\" title=\"Evacuation d'une personne suspendu\" itemprop=\"image\"\/>\n\t\t\t<h4>RESCATE ALTURAS TELCO<\/h4>\t\t\t\n\t\t\t\t<p>Dirigido a personal implicado en la realizaci\u00f3n de trabajos en altura, que ya han recibido formaci\u00f3n &#8220;Alturas TELCO 2&#8221; y tambi\u00e9n formacion sobre el uso de equipos de protecci\u00f3n individual contra ca\u00eddas.\u00a0<\/p>\n\t\t\t<a href=\"https:\/\/gamesystem.com\/wp-content\/uploads\/2023\/04\/S29-Rescate-Alturas-Telco.pdf\" target=\"_blank\" rel=\"noopener\" role=\"button\" aria-label=\"Descarga la Ficha\">\n\t\t\t\t\t\t\tDescarga la Ficha\n\t\t<\/a>\n\t\t\t\t<img decoding=\"async\" src=\"https:\/\/gamesystem.com\/wp-content\/uploads\/2019\/01\/Telco-riesgo-el%C3%A9ctrico.jpg\" alt=\"\" title=\"\" itemprop=\"image\"\/>\n\t\t\t<h4>TELCO RIESGO EL\u00c9CTRICO<\/h4>\t\t\t\n\t\t\t\t<p>Dirigido a trabajadores cuya actividad se desarrolle en espacios confinados, tales como c\u00e1maras de registro, recintos subterr\u00e1neos, etc.<\/p>\n\t\t\t<a href=\"https:\/\/gamesystem.com\/wp-content\/uploads\/2021\/03\/S20-Riesgo-Electrico-Telco.pdf\" target=\"_blank\" rel=\"noopener\" role=\"button\" aria-label=\"Descarga la Ficha\">\n\t\t\t\t\t\t\tDescarga la Ficha\n\t\t<\/a>\n\t\t\t\t<img decoding=\"async\" src=\"https:\/\/gamesystem.com\/wp-content\/uploads\/2019\/01\/Telco-espacios-confinados.jpg\" alt=\"\" title=\"\" itemprop=\"image\"\/>\n\t\t\t<h4>TELCO ESPACIOS CONFINADOS<\/h4>\t\t\t\n\t\t\t\t<p>Dirigido a trabajadores cuya actividad se desarrolle en espacios confinados, tales como c\u00e1maras de registro, recintos subterr\u00e1neos, etc.<\/p>\n\t\t\t<a href=\"https:\/\/gamesystem.com\/wp-content\/uploads\/2021\/03\/S21-Espacios-Confinados-Telco.pdf\" target=\"_blank\" rel=\"noopener\" role=\"button\" aria-label=\"Descarga la Ficha\">\n\t\t\t\t\t\t\tDescarga la Ficha\n\t\t<\/a>\n\t\t\t<h3>FORMACIONES ESPACIOS CONFINADOS<\/h3>\t\t\t\n\t\t\t\t<img decoding=\"async\" src=\"https:\/\/gamesystem.com\/wp-content\/uploads\/2018\/07\/Travail-en-espaces-con%EF%AC%81n%C3%A9s.jpg\" alt=\"\" title=\"\" itemprop=\"image\"\/>\n\t\t\t<h4>ESPACIOS CONFINADOS<\/h4>\t\t\t\n\t\t\t\t<p>Dirigido a personas que deben trabajar en espacios confinados enfrent\u00e1ndose a los riesgos habituales de estos lugares como son la atm\u00f3sfera contaminada, explosiva o asfixiante y a otros riesgos como el de altura.\u00a0<\/p>\n\t\t\t<a href=\"https:\/\/gamesystem.com\/wp-content\/uploads\/2021\/03\/S2-Trabajos-en-espacios-confinados.pdf\" target=\"_blank\" rel=\"noopener\" role=\"button\" aria-label=\"Descarga la Ficha\">\n\t\t\t\t\t\t\tDescarga la Ficha\n\t\t<\/a>\n\t\t\t<h3>FORMACION VERIFICACI\u00d3N EPI<\/h3>\t\t\t\n\t\t\t\t<img decoding=\"async\" src=\"https:\/\/gamesystem.com\/wp-content\/uploads\/2018\/07\/V%C3%A9ri%EF%AC%81-cation-des-EPI-contre-les-chutes-de-hauteur.jpg\" alt=\"\" title=\"\" itemprop=\"image\"\/>\n\t\t\t<h4>VERIFICACI\u00d3N DE EPI<\/h4>\t\t\t\n\t\t\t\t<p>Dirigido a personas que desean tener conocimientos para realizar la obligatoria revisi\u00f3n anual de los EPI para prevenir ca\u00eddas de altura.\u00a0<\/p>\n\t\t\t<a href=\"https:\/\/gamesystem.com\/wp-content\/uploads\/2023\/02\/S8-Revision-EPI.pdf\" target=\"_blank\" rel=\"noopener\" role=\"button\" aria-label=\"Descarga la Ficha\">\n\t\t\t\t\t\t\tDescarga la Ficha\n\t\t<\/a>\n\t\t\t<h3>FORMACI\u00d3N ANDAMIOS<\/h3>\t\t\t\n\t\t\t\t<img decoding=\"async\" src=\"https:\/\/gamesystem.com\/wp-content\/uploads\/2018\/07\/formation-\u00e0-la-Montage-et-d\u00e9montage-d'un-\u00e9chafaudage-\ufb01-xe.png\" alt=\"formation echafaudage montage utilisation d\u00e9montage\" title=\"formation-\u00e0-la-Montage-et-d\u00e9montage-d'un-\u00e9chafaudage-\ufb01-xe\" itemprop=\"image\"\/>\n\t\t\t<h4>MONTAJE Y DESMONTAJE DE ANDAMIOS<\/h4>\t\t\t\n\t\t\t\t<p>Dirigido a personas que deben montar y desmontar andamios especialmente en el sector de la industria.\u00a0<\/p>\n\t\t\t<a href=\"https:\/\/gamesystem.com\/wp-content\/uploads\/2021\/03\/S7-Montaje-y-desmontaje-de-andamios.pdf\" target=\"_blank\" rel=\"noopener\" role=\"button\" aria-label=\"Descarga la Ficha\">\n\t\t\t\t\t\t\tDescarga la Ficha\n\t\t<\/a>\n\t\t\t<h3>FORMACIONES ESPEC\u00cdFICAS<\/h3>\t\t\t\n\t\t\t\t<img decoding=\"async\" src=\"https:\/\/gamesystem.com\/wp-content\/uploads\/2018\/07\/Travail-en-hauteur-sur-corde-.jpg\" alt=\"\" title=\"\" itemprop=\"image\"\/>\n\t\t\t<h4>TRABAJOS VERTICALES<\/h4>\t\t\t\n\t\t\t\t<p>Dirigido a las personas que quieren comenzar a realizar este tipo de trabajos. Se imparten tres niveles estando aqu\u00ed reflejado el nivel b\u00e1sico.\u00a0<\/p>\n\t\t\t<a href=\"https:\/\/gamesystem.com\/wp-content\/uploads\/2021\/03\/S24-Trabajos-verticales.pdf\" target=\"_blank\" rel=\"noopener\" role=\"button\" aria-label=\"Descarga la Ficha\">\n\t\t\t\t\t\t\tDescarga la Ficha\n\t\t<\/a>\n\t\t\t\t<img decoding=\"async\" src=\"https:\/\/gamesystem.com\/wp-content\/uploads\/2018\/07\/Evacuation-d'une-personne-suspendu.jpg\" alt=\"Evacuation d'une personne suspendu\" title=\"Evacuation d'une personne suspendu\" itemprop=\"image\"\/>\n\t\t\t<h4>RESCATE. DE UNA PERSONA SUSPENDIA<\/h4>\t\t\t\n\t\t\t\t<p>Dirigido a personas o grupos especiales en las industrias que, habiendo recibido ya un curso de trabajo en altura, quieren profundizar en las t\u00e9cnicas de rescate de su trabajo particular. Curso especialmente interesante para grupos de primera intervenci\u00f3n.\u00a0<\/p>\n\t\t\t<a href=\"https:\/\/gamesystem.com\/wp-content\/uploads\/2023\/04\/S6-Rescate-en-altura.pdf\" target=\"_blank\" rel=\"noopener\" role=\"button\" aria-label=\"Descarga la Ficha\">\n\t\t\t\t\t\t\tDescarga la Ficha\n\t\t<\/a>\n\t\t\t\t<img decoding=\"async\" src=\"https:\/\/gamesystem.com\/wp-content\/uploads\/2018\/07\/s%C3%A9curisation-dun-pylone-t%C3%A9l%C3%A9com.jpg\" alt=\"\" title=\"\" itemprop=\"image\"\/>\n\t\t\t<h4>INSTALADOR SISTEMA ANTICA\u00cdDAS PAPILL\u00d3N<\/h4>\t\t\t\n\t\t\t\t<p>Dirigido a los operarios t\u00e9cnicos y responsables que desean instalar el sistema antica\u00eddas Papillon.\u00a0<\/p>\n\t\t\t<a href=\"https:\/\/gamesystem.com\/wp-content\/uploads\/2023\/02\/S4-Instalador-Sistema-Anticaidas-Papillon.pdf\" target=\"_blank\" rel=\"noopener\" role=\"button\" aria-label=\"Descarga la Ficha\">\n\t\t\t\t\t\t\tDescarga la Ficha\n\t\t<\/a>\n\t\t\t\t<img decoding=\"async\" src=\"https:\/\/gamesystem.com\/wp-content\/uploads\/2018\/07\/Interventions-sur-les-remont%C3%A9es-m%C3%A9caniques-et-%C3%A9vacuation-de-t%C3%A9l%C3%A9port%C3%A9.jpg\" alt=\"\" title=\"\" itemprop=\"image\"\/>\n\t\t\t<h4>REMONTES MEC\u00c1NICOS<\/h4>\t\t\t\n\t\t\t\t<p>Dirigido a toda persona que deba subir a las pilonas de los remontes mec\u00e1nicos para labores de mantenimiento.\u00a0<\/p>\n\t\t\t<a href=\"https:\/\/gamesystem.com\/wp-content\/uploads\/2021\/03\/S11-Trabajos-en-Altura-en-Remontes-Mecanicos.pdf\" target=\"_blank\" rel=\"noopener\" role=\"button\" aria-label=\"Descarga la Ficha\">\n\t\t\t\t\t\t\tDescarga la Ficha\n\t\t<\/a>\n\t\t\t\t<img decoding=\"async\" src=\"https:\/\/gamesystem.com\/wp-content\/uploads\/2019\/01\/Manejo-PEMP.jpg\" alt=\"\" title=\"\" itemprop=\"image\"\/>\n\t\t\t<h4>UNE 58923 &#8211; OPERADOR PLATAFORMAS MOVILES DE PERSONAL<\/h4>\t\t\t\n\t\t\t\t<p>Dirigido a personas que utilicen plataformas elevadoras m\u00f3viles de personal.<\/p>\n\t\t\t<a href=\"https:\/\/gamesystem.com\/wp-content\/uploads\/2021\/03\/S23UNE-Operador-Plataformas-moviles-de-Personal.UNE-58923.pdf\" target=\"_blank\" rel=\"noopener\" role=\"button\" aria-label=\"Descarga la Ficha\">\n\t\t\t\t\t\t\tDescarga la Ficha\n\t\t<\/a>\n\t\t\t\t<img decoding=\"async\" src=\"https:\/\/gamesystem.com\/wp-content\/uploads\/2021\/03\/NE-Operador-Carretillas-Elevadoras.-UNE-58451.png\" alt=\"\" title=\"\" itemprop=\"image\"\/>\n\t\t\t<h4>UNE 58451 &#8211; OPERADOR CARRETILLAS ELEVADORAS<\/h4>\t\t\t\n\t\t\t\t<p>Concienciar al trabajador de la necesidad de velar por su propria seguridad.<\/p>\n\t\t\t<a href=\"https:\/\/gamesystem.com\/wp-content\/uploads\/2023\/04\/S33-Operador-Carretillas-Elevadoras.pdf\" target=\"_blank\" rel=\"noopener\" role=\"button\" aria-label=\"Descarga la Ficha\">\n\t\t\t\t\t\t\tDescarga la Ficha\n\t\t<\/a>\n\t\t\t<h3>FORMACIONES FOTOVOLTAICAS<\/h3>\t\t\t\n\t\t\t\t<img decoding=\"async\" src=\"https:\/\/gamesystem.com\/wp-content\/uploads\/2018\/02\/Homepage_solutionsFormation.jpg\" alt=\"formation en hauteur et port du harnais\" title=\"formation travail en hauteur en s\u00e9curit\u00e9\" itemprop=\"image\"\/>\n\t\t\t<h4>INSTALADORES DE PLACAS SOLARES. TRABAJO EN CUBIERTAS. NIVEL 1<\/h4>\t\t\t\n\t\t\t\t<p>Dirigido a trabajadores que van a realizar instalaciones o reparaciones de placas fotovoltaicas en cubiertas sin requerir trabajar en suspensi\u00f3n.\u00a0<\/p>\n\t\t\t<a href=\"https:\/\/gamesystem.com\/wp-content\/uploads\/2023\/04\/S35-Instaladores-de-Paneles-Solares.-N-1.-Trabajo-en-Cubiertas.pdf\" target=\"_blank\" rel=\"noopener\" role=\"button\" aria-label=\"Descarga la Ficha\">\n\t\t\t\t\t\t\tDescarga la Ficha\n\t\t<\/a>\n\t\t\t\t<img decoding=\"async\" src=\"https:\/\/gamesystem.com\/wp-content\/uploads\/2018\/07\/formation-S\u00e9curit\u00e9-du-travail-en-hauteur-sur-toiture-pente.png\" alt=\"Formation travail sur toiture terrasse en s\u00e9curit\u00e9\" title=\"formation-S\u00e9curit\u00e9-du-travail-en-hauteur-sur-toiture-pente\" itemprop=\"image\"\/>\n\t\t\t<h4>INSTALADORES DE PLACAS SOLARES. TRABAJO EN CUBIERTAS. NIVEL 2<\/h4>\t\t\t\n\t\t\t\t<p>Dirigido a trabajadores que han realizado el curso de nivel 1 para instaladores de placas solares y deben tomar decisiones respecto a los sistemas de seguridad en altura.\u00a0<\/p>\n\t\t\t<a href=\"https:\/\/gamesystem.com\/wp-content\/uploads\/2023\/04\/S36-Instaladores-de-Paneles-Solares-N-2.-Trabajo-en-Cubiertas-1.pdf\" target=\"_blank\" rel=\"noopener\" role=\"button\" aria-label=\"Descarga la Ficha\">\n\t\t\t\t\t\t\tDescarga la Ficha\n\t\t<\/a>\n\n","protected":false},"excerpt":{"rendered":"<p>FORMACI\u00d3N DE TRABAJO EN ALTURA FORMACIONES GENERALES CONCEPTOS GENERALES Dirigido a personas que, como los trabajadores de mantenimiento industrial, realizan trabajos espor\u00e1dicos en altura pero necesitan tener conocimientos claros sobre&hellip;<\/p>\n","protected":false},"author":7,"featured_media":0,"parent":0,"menu_order":0,"comment_status":"closed","ping_status":"open","template":"","meta":[],"_links":{"self":[{"href":"https:\/\/gamesystem.com\/es\/wp-json\/wp\/v2\/pages\/13707"}],"collection":[{"href":"https:\/\/gamesystem.com\/es\/wp-json\/wp\/v2\/pages"}],"about":[{"href":"https:\/\/gamesystem.com\/es\/wp-json\/wp\/v2\/types\/page"}],"author":[{"embeddable":true,"href":"https:\/\/gamesystem.com\/es\/wp-json\/wp\/v2\/users\/7"}],"replies":[{"embeddable":true,"href":"https:\/\/gamesystem.com\/es\/wp-json\/wp\/v2\/comments?post=13707"}],"version-history":[{"count":0,"href":"https:\/\/gamesystem.com\/es\/wp-json\/wp\/v2\/pages\/13707\/revisions"}],"wp:attachment":[{"href":"https:\/\/gamesystem.com\/es\/wp-json\/wp\/v2\/media?parent=13707"}],"curies":[{"name":"wp","href":"https:\/\/api.w.org\/{rel}","templated":true}]}}