{"id":13702,"date":"2018-03-09T09:07:40","date_gmt":"2018-03-09T09:07:40","guid":{"rendered":"https:\/\/preprod.gamesystem.com\/mentions-legales\/"},"modified":"2024-02-27T16:41:47","modified_gmt":"2024-02-27T15:41:47","slug":"aviso-legal","status":"publish","type":"page","link":"https:\/\/gamesystem.com\/es\/aviso-legal\/","title":{"rendered":"Aviso legal"},"content":{"rendered":"\r\n<h5>\n<div\n\t class=\"wpml-ls-statics-shortcode_actions wpml-ls wpml-ls-legacy-dropdown js-wpml-ls-legacy-dropdown\">\n\t<ul>\n\n\t\t<li tabindex=\"0\" class=\"wpml-ls-slot-shortcode_actions wpml-ls-item wpml-ls-item-es wpml-ls-current-language wpml-ls-item-legacy-dropdown\">\n\t\t\t<a href=\"#\" class=\"js-wpml-ls-item-toggle wpml-ls-item-toggle\">\n                                                    <img\n            class=\"wpml-ls-flag\"\n            src=\"https:\/\/gamesystem.com\/wp-content\/plugins\/sitepress-multilingual-cms\/res\/flags\/es.png\"\n            alt=\"Espa\u00f1ol\"\n            width=18\n            height=12\n    \/><\/a>\n\n\t\t\t<ul class=\"wpml-ls-sub-menu\">\n\t\t\t\t\n\t\t\t\t\t<li class=\"wpml-ls-slot-shortcode_actions wpml-ls-item wpml-ls-item-fr wpml-ls-first-item\">\n\t\t\t\t\t\t<a href=\"https:\/\/gamesystem.com\" class=\"wpml-ls-link\">\n                                                                <img\n            class=\"wpml-ls-flag\"\n            src=\"https:\/\/gamesystem.com\/wp-content\/plugins\/sitepress-multilingual-cms\/res\/flags\/fr.png\"\n            alt=\"Franc\u00e9s\"\n            width=18\n            height=12\n    \/><\/a>\n\t\t\t\t\t<\/li>\n\n\t\t\t\t\n\t\t\t\t\t<li class=\"wpml-ls-slot-shortcode_actions wpml-ls-item wpml-ls-item-it\">\n\t\t\t\t\t\t<a href=\"https:\/\/gamesystem.com\/it\/\" class=\"wpml-ls-link\">\n                                                                <img\n            class=\"wpml-ls-flag\"\n            src=\"https:\/\/gamesystem.com\/wp-content\/plugins\/sitepress-multilingual-cms\/res\/flags\/it.png\"\n            alt=\"Italiano\"\n            width=18\n            height=12\n    \/><\/a>\n\t\t\t\t\t<\/li>\n\n\t\t\t\t\n\t\t\t\t\t<li class=\"wpml-ls-slot-shortcode_actions wpml-ls-item wpml-ls-item-en wpml-ls-last-item\">\n\t\t\t\t\t\t<a href=\"https:\/\/gamesystem.com\/en\/\" class=\"wpml-ls-link\">\n                                                                <img\n            class=\"wpml-ls-flag\"\n            src=\"https:\/\/gamesystem.com\/wp-content\/plugins\/sitepress-multilingual-cms\/res\/flags\/en.png\"\n            alt=\"Ingl\u00e9s\"\n            width=18\n            height=12\n    \/><\/a>\n\t\t\t\t\t<\/li>\n\n\t\t\t\t\t\t\t<\/ul>\n\n\t\t<\/li>\n\n\t<\/ul>\n<\/div>\n<\/h5>\r\n<h3>AVISO LEGAL<\/h3>\r\n<ol>\r\n<li><strong>EDITOR DEL SITIO <\/strong><\/li>\r\n<\/ol>\r\n<p>El sitio GAMESYSTEM (<a href=\"https:\/\/gamesystem.com\/\">https:\/\/gamesystem.com\/<\/a>) (en adelante &#8220;<strong>el Sitio<\/strong>&#8220;) es producido y publicado por la sociedad GAMESYSTEM, SASU con un capital social de 538578,00 euros, inscrita en el RCS de GRENOBLE con el n\u00famero B 316 534\u00a0783 y situada en 450 AV DE L&#8217;EUROPE 38330 MONTBONNOT-SAINT-MARTIN y GAMESYSTEM ESPA\u00d1A S.A\u00a0; C.I.F n\u00ba A78885514\u00a0; Direcci\u00f3n: Aeron\u00e1utica n\u00ba 5, Pol. Ind. Urtinsa II, (28923-Alcorcon) de Madrid (Espa\u00f1a)<\/p>\r\n<p>Contacto:<\/p>\r\n<ul>\r\n<li>Correo electr\u00f3nico: gamesystem@gamesystem.es<\/li>\r\n<li>Tel\u00e9fono: +916 44 07 55<\/li>\r\n<\/ul>\r\n<p>Redactor jefe : Arnaud CUNY<\/p>\r\n<p>Responsable de la protecci\u00f3n de datos (RPD): Laurent MONTES<\/p>\r\n<ol start=\"2\">\r\n<li><strong>HOST DEL SITIO<\/strong><\/li>\r\n<\/ol>\r\n<p>El Sitio est\u00e1 alojado por la empresa AMEN (Agence de m\u00e9dia num\u00e9riques), SASU con un capital social de 37\u00a0000 euros registrado en el RCS de NANTES con el n\u00famero B 421\u00a0527 797, y situada en 12 RPT DES CHAMPS ELYSEES-MARCEL DASSAU 75008 PARIS<\/p>\r\n<p>Contacto:<\/p>\r\n<ul>\r\n<li>Tel\u00e9fono: + 33 (0) 811 88 77 66<\/li>\r\n<\/ul>\r\n<ol start=\"3\">\r\n<li><strong>DISE\u00d1O GR\u00c1FICO<\/strong><\/li>\r\n<\/ol>\r\n<p>CREACI\u00d3N DE IM\u00c1GENES SCOP ELEVEN<\/p>\r\n<p>4 rue du Tour de l&#8217;Eau, 38400 Saint Martin d&#8217;H\u00e8res, Francia<\/p>\r\n<p>Contacto :<\/p>\r\n<ul>\r\n<li>Tel\u00e9fono: +33 (0)6 52 41 62 66<\/li>\r\n<li><a href=\"http:\/\/www.creationdimages.fr\">http:\/\/www.creationdimages.fr<\/a><\/li>\r\n<\/ul>\r\n<ol start=\"4\">\r\n<li><strong>DESARROLLO, INTEGRACI\u00d3N WORDPRESS<\/strong><\/li>\r\n<\/ol>\r\n<p>MYFPROD<\/p>\r\n<p>Agencia de comunicaci\u00f3n en Grenoble y la regi\u00f3n Rh\u00f4ne-Alpes.<\/p>\r\n<p>Dise\u00f1o de sitios web, infograf\u00edas y v\u00eddeos.<\/p>\r\n<p>296 rue de la B\u00e9ali\u00e8re 38113 Veurey-Voroize<\/p>\r\n<p>Contacto :<\/p>\r\n<ul>\r\n<li>Tel\u00e9fono: + 33 (0)6 34 24 47 20<\/li>\r\n<li>http:\/\/www.myfprod.fr<\/li>\r\n<li>Correo electr\u00f3nico: contact@myfprod.fr<\/li>\r\n<\/ul>\r\n<ol start=\"5\">\r\n<li><strong>VARIOS<\/strong><\/li>\r\n<\/ol>\r\n<p>GAMESYSTEM ha escrito y pone a disposici\u00f3n de los usuarios del Sitio la siguiente documentaci\u00f3n. Se recomienda encarecidamente que los usuarios del Sitio la lean:<\/p>\r\n<ul>\r\n<li>Condiciones generales de uso.<\/li>\r\n<li>Pol\u00edtica de privacidad<\/li>\r\n<\/ul>\r\n","protected":false},"excerpt":{"rendered":"<p>AVISO LEGAL EDITOR DEL SITIO El sitio GAMESYSTEM (https:\/\/gamesystem.com\/) (en adelante &#8220;el Sitio&#8220;) es producido y publicado por la sociedad GAMESYSTEM, SASU con un capital social de 538578,00 euros, inscrita&hellip;<\/p>\n","protected":false},"author":7,"featured_media":0,"parent":0,"menu_order":0,"comment_status":"closed","ping_status":"open","template":"","meta":[],"_links":{"self":[{"href":"https:\/\/gamesystem.com\/es\/wp-json\/wp\/v2\/pages\/13702"}],"collection":[{"href":"https:\/\/gamesystem.com\/es\/wp-json\/wp\/v2\/pages"}],"about":[{"href":"https:\/\/gamesystem.com\/es\/wp-json\/wp\/v2\/types\/page"}],"author":[{"embeddable":true,"href":"https:\/\/gamesystem.com\/es\/wp-json\/wp\/v2\/users\/7"}],"replies":[{"embeddable":true,"href":"https:\/\/gamesystem.com\/es\/wp-json\/wp\/v2\/comments?post=13702"}],"version-history":[{"count":0,"href":"https:\/\/gamesystem.com\/es\/wp-json\/wp\/v2\/pages\/13702\/revisions"}],"wp:attachment":[{"href":"https:\/\/gamesystem.com\/es\/wp-json\/wp\/v2\/media?parent=13702"}],"curies":[{"name":"wp","href":"https:\/\/api.w.org\/{rel}","templated":true}]}}