{"id":13701,"date":"2018-02-21T14:28:06","date_gmt":"2018-02-21T14:28:06","guid":{"rendered":"https:\/\/preprod.gamesystem.com\/produits\/protection-individuelle\/broche-cou-cou\/"},"modified":"2018-09-16T21:29:37","modified_gmt":"2018-09-16T21:29:37","slug":"anclaje-extraible","status":"publish","type":"page","link":"https:\/\/gamesystem.com\/es\/productos\/proteccion-individual\/anclaje-extraible\/","title":{"rendered":"Anclaje extra\u00edble"},"content":{"rendered":"<p>\t<a href=\"https:\/\/gamesystem.com\/es\/productos\/\" target=\"_self\" ><\/a><br \/>\n\t\t<strong> TODOS NUESTROS PRODUCTOS <\/strong><br \/>\n\t<a href=\"https:\/\/gamesystem.com\/es\/productos\/proteccion-individual\/\" target=\"_self\" ><\/a><br \/>\n\t\t<strong> Protecci\u00f3n individual <\/strong>\t\t\t<\/p>\n<h1>Anclaje extra\u00edble<\/h1>\n<p>El anclaje extra\u00edble est\u00e1 realizado en acero inoxidable y se compone de un v\u00e1stago de bola y un apoyo fijado en estructura.<\/p>\n<p>Por la presi\u00f3n en la parte superior del cuerpo cil\u00edndrico las 3 bolas se introducen en el cuerpo, permitiendo la penetraci\u00f3n del v\u00e1stago en el apoyo fijo, que quedar\u00e1 protegido con tapadera inoxidable mientas no se utilice.<\/p>\n<p>\t\t\t\t<a href=\"https:\/\/gamesystem.com\/wp-content\/uploads\/2018\/06\/broche-cou-cou-pour-travail-en-hauteur.png\" target=\"_self\" itemprop=\"url\"><br \/>\n\t\t\t\t<img decoding=\"async\" loading=\"lazy\" src=\"https:\/\/gamesystem.com\/wp-content\/uploads\/2018\/06\/broche-cou-cou-pour-travail-en-hauteur.png\" alt=\"ancrage pour travail en hauteur\" itemprop=\"image\" height=\"600\" width=\"800\" title=\"broche cou cou pour travail en hauteur\"  \/><br \/>\n\t\t\t\t<\/a><br \/>\n\t\t\t<a href=\"https:\/\/gamesystem.com\/wp-content\/uploads\/2018\/09\/Anclaje-extra\u00edble-Gamesystem.pdf\" target=\"_blank\" role=\"button\" rel=\"noopener\" ><br \/>\n\t\t\t\t\t\t\tFicha del producto<br \/>\n\t\t\t\t\t<\/a><\/p>\n<nav>\n<ul>\n<li data-index=\"0\">\n<h2>\n\t\t\t\t\t\t<a href=\"javascript:void(0);\">\u00bfCU\u00c1NDO UTILIZARLO? <\/a><br \/>\n\t\t\t\t\t<\/h2>\n<\/li>\n<li data-index=\"1\">\n<h2>\n\t\t\t\t\t\t<a href=\"javascript:void(0);\">SEGURIDAD<\/a><br \/>\n\t\t\t\t\t<\/h2>\n<\/li>\n<li data-index=\"2\">\n<h2>\n\t\t\t\t\t\t<a href=\"javascript:void(0);\">FORMACI\u00d3N<\/a><br \/>\n\t\t\t\t\t<\/h2>\n<\/li>\n<\/ul>\n<\/nav>\n<h2>\n\t\t\t\t\t\t\t\t\t\t\t\t\u00bfCU\u00c1NDO UTILIZARLO?<br \/>\n\t\t\t\t\t\t\t\t\t\t\t<\/h2>\n<p>Cuando hay que intervenir regularmente en un punto que no necesita desplazamientos horizontales.<\/p>\n<p>Por ejemplo: para la limpieza de los cristales de una ventana donde por problemas est\u00e9ticos solo se puede instalar en el interior. Un dispositivo de anclaje EXTRAIBLE es la soluci\u00f3n. Se instalar\u00e1 permanentemente en una estructura fija o embridada, y preferentemente entre 0,40 y 0,60 m por encima del punto de anclaje del arn\u00e9s.<\/p>\n<p>El operario conectar\u00e1 su antica\u00edda deslizante o dispositivo retr\u00e1ctil al anclaje EXTRAIBLE y conectar\u00e1 el v\u00e1stago de bola en el apoyo correspondiente tras comprobar la calidad de la instalaci\u00f3n y verificar que se hayan realizado los controles anuales.<\/p>\n<h2>\n\t\t\t\t\t\t\t\t\t\t\t\tSEGURIDAD<br \/>\n\t\t\t\t\t\t\t\t\t\t\t<\/h2>\n<p>El antica\u00edda utilizado deber\u00e1 necesariamente estar conforme a las normas con el fin de no desarrollar, cuando se produzca una ca\u00edda, un pico de fuerza superior a los 600 daN autorizados. Una cuerda no es un dispositivo antica\u00edda.<\/p>\n<h2>\n\t\t\t\t\t\t\t\t\t\t\t\tFORMACI\u00d3N<br \/>\n\t\t\t\t\t\t\t\t\t\t\t<\/h2>\n<p>La seguridad del trabajo en altura: \u00abConceptos generales\u00bb.<\/p>\n<p>\t\t\t\t\t<!-- \/content --><br \/>\n\t<!-- \/tabs --><\/p>\n","protected":false},"excerpt":{"rendered":"<p>TODOS NUESTROS PRODUCTOS Protecci\u00f3n individual Anclaje extra\u00edble El anclaje extra\u00edble est\u00e1 realizado en acero inoxidable y se compone de un v\u00e1stago de bola y un apoyo fijado en estructura. Por&hellip;<\/p>\n","protected":false},"author":7,"featured_media":0,"parent":13516,"menu_order":0,"comment_status":"closed","ping_status":"open","template":"","meta":[],"_links":{"self":[{"href":"https:\/\/gamesystem.com\/es\/wp-json\/wp\/v2\/pages\/13701"}],"collection":[{"href":"https:\/\/gamesystem.com\/es\/wp-json\/wp\/v2\/pages"}],"about":[{"href":"https:\/\/gamesystem.com\/es\/wp-json\/wp\/v2\/types\/page"}],"author":[{"embeddable":true,"href":"https:\/\/gamesystem.com\/es\/wp-json\/wp\/v2\/users\/7"}],"replies":[{"embeddable":true,"href":"https:\/\/gamesystem.com\/es\/wp-json\/wp\/v2\/comments?post=13701"}],"version-history":[{"count":0,"href":"https:\/\/gamesystem.com\/es\/wp-json\/wp\/v2\/pages\/13701\/revisions"}],"up":[{"embeddable":true,"href":"https:\/\/gamesystem.com\/es\/wp-json\/wp\/v2\/pages\/13516"}],"wp:attachment":[{"href":"https:\/\/gamesystem.com\/es\/wp-json\/wp\/v2\/media?parent=13701"}],"curies":[{"name":"wp","href":"https:\/\/api.w.org\/{rel}","templated":true}]}}