{"id":13694,"date":"2018-01-18T09:08:52","date_gmt":"2018-01-18T09:08:52","guid":{"rendered":"https:\/\/preprod.gamesystem.com\/securisation-des-toitures\/"},"modified":"2021-11-10T11:52:06","modified_gmt":"2021-11-10T10:52:06","slug":"seguridad-en-cubiertas","status":"publish","type":"page","link":"https:\/\/gamesystem.com\/es\/seguridad-en-cubiertas\/","title":{"rendered":"Cubiertas"},"content":{"rendered":"\n\n\t\t\t<h1>SEGURIDAD EN CUBIERTAS<\/h1>\t\t\t\n\t\t\t\t<p>Gamesystem ofrece soluciones tanto est\u00e1ndar como a medida que aseguran cada intervenci\u00f3n de los trabajadores en cubiertas. Cualquiera que sea el tipo de cubierta (planas o con pendiente) y el trabajo a realizar, los operarios estar\u00e1n protegidos contra el riesgo de ca\u00eddas en altura. Descubre en esta p\u00e1gina todas nuestras soluciones de protecci\u00f3n colectiva y protecci\u00f3n individual para asegurar tanto las cubiertas planas como las que presentan pendiente.<\/p>\n\t\t\t\t<img decoding=\"async\" src=\"https:\/\/gamesystem.com\/wp-content\/uploads\/2018\/05\/echelle-a-crinoline-pour-acc\u00e8s-toiture-terrasse.jpg\" alt=\"acc\u00e8s s\u00e9curis\u00e9 avec une \u00e9chelle crinoline\"\/>\n\t\t\t<p>ACCESO A CUBIERTAS<\/p>\n\t\t\t\t<img decoding=\"async\" src=\"https:\/\/gamesystem.com\/wp-content\/uploads\/2018\/05\/travail-en-hauteur-sur-toiture-pente.jpg\" alt=\"ligne de vie cable pour travail en hauteur sur toiture pente\"\/>\n\t\t\t<p>CUBIERTA CON PENDIENTE<\/p>\n\t\t\t\t<img decoding=\"async\" src=\"https:\/\/gamesystem.com\/wp-content\/uploads\/2018\/05\/travail-en-hauteur-avec-une-ligne-de-vie-sur-toiture-terrasse.jpg\" alt=\"ligne de vie cable sur toit plat\"\/>\n\t\t\t<p>CUBIERTA <br \/> PLANA<\/p>\n\t\t\t<h2>Protecci\u00f3n colectiva<\/h2>\n\t\t\t\t\t\t\t\t\t\t\t<img decoding=\"async\" src=\"https:\/\/gamesystem.com\/wp-content\/uploads\/2021\/09\/garde-corps-1.jpg\" alt=\"garde-corps\"\/>\n\t\t\t\t\t\t<h3>\n\t\t\t\t\t\tBarandillas\t\t<\/h3>\n\t\t\t\t\t\t\t\t\t\t\t<img decoding=\"async\" src=\"https:\/\/gamesystem.com\/wp-content\/uploads\/2021\/09\/protection-collectibe_0012_SAUT-DE-LOUP-ALU-ASSYMETRIQUE.jpg\" alt=\"protection collectibe_0012_SAUT DE LOUP ALU ASSYMETRIQUE\"\/>\n\t\t\t\t\t\t<h3>\n\t\t\t\t\t\tSALTO DE LOBO\t\t<\/h3>\n\t\t\t\t\t\t\t\t\t\t\t<img decoding=\"async\" src=\"https:\/\/gamesystem.com\/wp-content\/uploads\/2021\/09\/protection-collectibe_0008_cheminement-avec-GC.jpg\" alt=\"protection collectibe_0008_cheminement avec GC\"\/>\n\t\t\t\t\t\t<h3>\n\t\t\t\t\t\tCAMINO DE CIRCULACI\u00d3N\t\t<\/h3>\n\t\t\t\t\t\t\t\t\t\t\t<img decoding=\"async\" src=\"https:\/\/gamesystem.com\/wp-content\/uploads\/2021\/09\/Sans-titre-3_0000_Calque-3.jpg\" alt=\"Sans titre-3_0000_Calque 3\"\/>\n\t\t\t\t\t\t<h3>\n\t\t\t\t\t\tREJILLAS DE PROTECCI\u00d3N\t\t<\/h3>\n\t\t\t\t\t\t\t\t\t\t\t<img decoding=\"async\" src=\"https:\/\/gamesystem.com\/wp-content\/uploads\/2021\/09\/protection-collectibe_0011_chantier-CERNAY-005.jpg\" alt=\"protection collectibe_0011_chantier-CERNAY-005\"\/>\n\t\t\t\t\t\t<h3>\n\t\t\t\t\t\tESCALERA CRINOLINA\t\t<\/h3>\n\t\t\t\t\t\t\t\t\t\t\t<img decoding=\"async\" src=\"https:\/\/gamesystem.com\/wp-content\/uploads\/2021\/09\/Sans-titre-3_0001_Calque-1.jpg\" alt=\"Sans titre-3_0001_Calque 1\"\/>\n\t\t\t\t\t\t<h3>\n\t\t\t\t\t\tPROTECCI\u00d3N CLARABOYAS\t\t<\/h3>\n\t\t\t\t\t\t\t\t\t\t\t<img decoding=\"async\" src=\"https:\/\/gamesystem.com\/wp-content\/uploads\/2021\/09\/protection-collectibe_0009_a1f3c7a4-6cc8-48b3-a082-55ca1a34e13f.jpg\" alt=\"protection collectibe_0009_a1f3c7a4-6cc8-48b3-a082-55ca1a34e13f\"\/>\n\t\t\t\t\t\t<h3>\n\t\t\t\t\t\tREJILLAS ANTICA\u00cdDAS\t\t<\/h3>\n\t\t\t\t\t\t\t\t\t\t\t<img decoding=\"async\" src=\"https:\/\/gamesystem.com\/wp-content\/uploads\/2021\/09\/protection-collectibe_0006_BALISAGE-POTELET-CHAINETTE.jpg\" alt=\"protection collectibe_0006_BALISAGE POTELET CHAINETTE\"\/>\n\t\t\t\t\t\t<h3>\n\t\t\t\t\t\tBALIZADO\t\t<\/h3>\n\t\t\t<h2>SISTEMAS DE ANCLAJE<\/h2>\n\t\t<a href=\"https:\/\/gamesystem.com\/plaquette-ancrage\/\" target=\"_blank\" rel=\"noopener\">\n\t\t\t\t\t\t\t\t\t\t\t<img decoding=\"async\" src=\"https:\/\/gamesystem.com\/wp-content\/uploads\/2021\/09\/Sans-titre-2_0001_Visu-Plaquette-GO-min.jpg\" alt=\"Sans titre-2_0001_Visu Plaquette GO-min\"\/>\n\t\t\t\t\t\t<h3>\n\t\t\t\t\t\tPunto de <br \/> anclaje\t\t<\/h3>\n\t\t<\/a>\n\t\t<a href=\"https:\/\/gamesystem.com\/ligne-de-vie\/\" target=\"_blank\" rel=\"noopener\">\n\t\t\t\t\t\t\t\t\t\t\t<img decoding=\"async\" src=\"https:\/\/gamesystem.com\/wp-content\/uploads\/2021\/09\/Sans-titre-2_0004_chariot11-min.jpg\" alt=\"Sans titre-2_0004_chariot11-min\"\/>\n\t\t\t\t\t\t<h3>\n\t\t\t\t\t\tL\u00ednea de vida <br \/> Gamesystem\t\t<\/h3>\n\t\t<\/a>\n\t<p>Si una situaci\u00f3n de trabajo no permite la instalaci\u00f3n de protecci\u00f3n colectiva, se deben implantar sistemas de protecci\u00f3n individual: l\u00ednea de vida y punto de anclaje. Estos sistemas permiten a los operarios moverse por las cubiertas, tanto planas como con pendiente, protegidos de las ca\u00eddas de altura.<\/p>\n\t\t\t<h2>EPI antica\u00eddas espec\u00edfico para cubiertas<\/h2>\n\t<a href=\"https:\/\/gamesystem.com\/es\/equipos-proteccion-individual\/#harnais1\" target=\"_self\" rel=\"noopener\"><\/a> \n\t\t\t\t<img decoding=\"async\" src=\"https:\/\/gamesystem.com\/wp-content\/uploads\/2021\/09\/harnais-unyc-3.jpg\" alt=\"\" title=\"\" itemprop=\"image\"\/>\n\t\t<h3>Arn\u00e9s<\/h3>\t\t\t\n\t<a href=\"https:\/\/gamesystem.com\/es\/equipos-proteccion-individual\/#longes1\" target=\"_self\" rel=\"noopener\"><\/a> \n\t\t\t\t<img decoding=\"async\" src=\"https:\/\/gamesystem.com\/wp-content\/uploads\/2021\/09\/epi-antichute-gamesystem_0011_l1-min.jpg\" alt=\"\" title=\"\" itemprop=\"image\"\/>\n\t\t<h3>Cuerda<\/h3>\t\t\t\n\t<a href=\"https:\/\/gamesystem.com\/es\/equipos-proteccion-individual\/#antichute1\" target=\"_self\" rel=\"noopener\"><\/a> \n\t\t\t\t<img decoding=\"async\" src=\"https:\/\/gamesystem.com\/wp-content\/uploads\/2021\/09\/ANTICHUTE-A-SANGLE-OU-CABLE_0014_FA-20-402-10B-10S-min.jpg\" alt=\"\" title=\"\" itemprop=\"image\"\/>\n\t\t<h3>Antica\u00edda<\/h3>\t\t\t\n\t<a href=\"https:\/\/gamesystem.com\/es\/equipos-proteccion-individual\/#sangles1\" target=\"_self\" rel=\"noopener\"><\/a> \n\t\t\t\t<img decoding=\"async\" src=\"https:\/\/gamesystem.com\/wp-content\/uploads\/2021\/09\/epi-antichute-gamesystem_0020_p1-min.jpg\" alt=\"\" title=\"\" itemprop=\"image\"\/>\n\t\t<h3>Cinta de anclaje<\/h3>\t\t\t\n\t<a href=\"https:\/\/gamesystem.com\/es\/equipos-proteccion-individual\/#ligneprovisoire1\" target=\"_self\" rel=\"noopener\"><\/a> \n\t\t\t\t<img decoding=\"async\" src=\"https:\/\/gamesystem.com\/wp-content\/uploads\/2021\/09\/epi-antichute-gamesystem_0001_LINEA-DE-VIDA-HORIZONT-COMPLET-UNYC-MUESTRA-V2_300ppp-min.jpg\" alt=\"\" title=\"\" itemprop=\"image\"\/>\n\t\t<h3>L\u00ednea de vida provisional<\/h3>\t\t\t\n\t<p>Si la soluci\u00f3n elegida necesita un dispositivo de anclaje (por ejemplo l\u00ednea de vida en cubierta), los operarios deben estar equipados con EPI. Gamesystem ofrece equipos de protecci\u00f3n individual adecuados para intervenciones en cubiertas (arn\u00e9s de seguridad, absorbedor de energ\u00eda, equipos \u00a0de amarre simple o doble, etc.)<\/p>\n\t\t\t<h2>NUESTROS MONTAJES &#8211; SEGURIDAD EN CUBIERTA<\/h2>\n\t\t\t\t<a\n\t\t\thref=\"https:\/\/gamesystem.com\/wp-content\/uploads\/2018\/05\/travail-en-hauteur-laide-d-une-ligne-de-vie.jpg\"\n\t\t\t\t\t\tdata-fancybox=\"images\" \n\t\t\ttitle=\"travail-en-hauteur--l&amp;#039;aide-d-une-ligne-de-vie\" \n\t\t\t\t\t\tdata-caption=\"Ligne de vie sur toiture terrasse\"\n\t\t\t\t\t\tdata-description=\"travail en hauteur \u00e0 l'aide d'une ligne de vie gamesystem\" \n\t\t\titemprop=\"contentUrl\">\n\t\t<img decoding=\"async\" loading=\"lazy\" src=\"https:\/\/gamesystem.com\/wp-content\/uploads\/2018\/05\/travail-en-hauteur-laide-d-une-ligne-de-vie.jpg\" alt=\"Ligne de vie cable sur toit\" data-no-lazy=\"1\" itemprop=\"thumbnail\" width=\"800\" height=\"600\" \/>\n\t\t\t<!-- Overlay Wrapper -->\n\t\t\t <!-- Overlay Wrapper Closed -->\n\t\t\t\t<\/a>\n\t\t\t\t\t\t\t<meta itemprop=\"width\" content=\"800\" \/>\n\t\t\t<meta itemprop=\"height\" content=\"600\" \/>\n\t\t\t\t<a\n\t\t\thref=\"https:\/\/gamesystem.com\/wp-content\/uploads\/2018\/05\/balisage-sur-toiture-plate.jpg\"\n\t\t\t\t\t\tdata-fancybox=\"images\" \n\t\t\ttitle=\"balisage-sur-toiture-plate\" \n\t\t\t\t\t\tdata-caption=\"Balisage d'une toiture terrasse\"\n\t\t\t\t\t\tdata-description=\"travail en s\u00e9curit\u00e9 sur le toit \" \n\t\t\titemprop=\"contentUrl\">\n\t\t<img decoding=\"async\" loading=\"lazy\" src=\"https:\/\/gamesystem.com\/wp-content\/uploads\/2018\/05\/balisage-sur-toiture-plate.jpg\" alt=\"balisage d'un toiture pour assurer la s\u00e9curit\u00e9 des op\u00e9rateurs \u00e9voluant sur toiture\" data-no-lazy=\"1\" itemprop=\"thumbnail\" width=\"800\" height=\"600\" \/>\n\t\t\t<!-- Overlay Wrapper -->\n\t\t\t <!-- Overlay Wrapper Closed -->\n\t\t\t\t<\/a>\n\t\t\t\t\t\t\t<meta itemprop=\"width\" content=\"800\" \/>\n\t\t\t<meta itemprop=\"height\" content=\"600\" \/>\n\t\t\t\t<a\n\t\t\thref=\"https:\/\/gamesystem.com\/wp-content\/uploads\/2018\/05\/ligne-de-vie-sur-toiture-avec-son-utilisation.jpg\"\n\t\t\t\t\t\tdata-fancybox=\"images\" \n\t\t\ttitle=\"ligne-de-vie-sur-toiture-avec-son-utilisation\" \n\t\t\t\t\t\tdata-caption=\"Ligne de vie c\u00e2ble sur toit plat\"\n\t\t\t\t\t\tdata-description=\"installation d'une ligne de vie sur les toitures de madrid\" \n\t\t\titemprop=\"contentUrl\">\n\t\t<img decoding=\"async\" loading=\"lazy\" src=\"https:\/\/gamesystem.com\/wp-content\/uploads\/2018\/05\/ligne-de-vie-sur-toiture-avec-son-utilisation.jpg\" alt=\"Pose de d'une ligne de vie cable sur toiture\" data-no-lazy=\"1\" itemprop=\"thumbnail\" width=\"800\" height=\"600\" \/>\n\t\t\t<!-- Overlay Wrapper -->\n\t\t\t <!-- Overlay Wrapper Closed -->\n\t\t\t\t<\/a>\n\t\t\t\t\t\t\t<meta itemprop=\"width\" content=\"800\" \/>\n\t\t\t<meta itemprop=\"height\" content=\"600\" \/>\n\t\t\t\t<a\n\t\t\thref=\"https:\/\/gamesystem.com\/wp-content\/uploads\/2018\/05\/installation-de-Patelage-sur-toiture.jpg\"\n\t\t\t\t\t\tdata-fancybox=\"images\" \n\t\t\ttitle=\"installation de Patelage sur toiture\" \n\t\t\t\t\t\tdata-caption=\"Platelage sur mesure sur toiture fibro\"\n\t\t\t\t\t\tdata-description=\"pose de patelage par gamesystem\" \n\t\t\titemprop=\"contentUrl\">\n\t\t<img decoding=\"async\" loading=\"lazy\" src=\"https:\/\/gamesystem.com\/wp-content\/uploads\/2018\/05\/installation-de-Patelage-sur-toiture.jpg\" alt=\"patelage sur toiture pour faciliter le d\u00e9placement des op\u00e9rateurs\" data-no-lazy=\"1\" itemprop=\"thumbnail\" width=\"800\" height=\"600\" \/>\n\t\t\t<!-- Overlay Wrapper -->\n\t\t\t <!-- Overlay Wrapper Closed -->\n\t\t\t\t<\/a>\n\t\t\t\t\t\t\t<meta itemprop=\"width\" content=\"800\" \/>\n\t\t\t<meta itemprop=\"height\" content=\"600\" \/>\n\t\t\t\t<a\n\t\t\thref=\"https:\/\/gamesystem.com\/wp-content\/uploads\/2018\/05\/Garde-corps-sur-toiture-plate-permettant-de-s\u00e9curiser-le-personnel.jpg\"\n\t\t\t\t\t\tdata-fancybox=\"images\" \n\t\t\ttitle=\"Garde corps sur toiture plate permettant de s\u00e9curiser le personnel\" \n\t\t\t\t\t\tdata-caption=\"Garde corps sur toiture terrasse\"\n\t\t\t\t\t\tdata-description=\"le garde corps est une protection collective qui s\u00e9curise les interventions sur toitures\" \n\t\t\titemprop=\"contentUrl\">\n\t\t<img decoding=\"async\" loading=\"lazy\" src=\"https:\/\/gamesystem.com\/wp-content\/uploads\/2018\/05\/Garde-corps-sur-toiture-plate-permettant-de-s\u00e9curiser-le-personnel.jpg\" alt=\"garde corps pour travail en hauteur sur toit en s\u00e9curit\u00e9\" data-no-lazy=\"1\" itemprop=\"thumbnail\" width=\"800\" height=\"600\" \/>\n\t\t\t<!-- Overlay Wrapper -->\n\t\t\t <!-- Overlay Wrapper Closed -->\n\t\t\t\t<\/a>\n\t\t\t\t\t\t\t<meta itemprop=\"width\" content=\"800\" \/>\n\t\t\t<meta itemprop=\"height\" content=\"600\" \/>\n\t\t\t\t<a\n\t\t\thref=\"https:\/\/gamesystem.com\/wp-content\/uploads\/2018\/05\/installation-ligne-de-vie-sur-toiture-pente.jpg\"\n\t\t\t\t\t\tdata-fancybox=\"images\" \n\t\t\ttitle=\"installation-ligne-de-vie-sur-toiture-pente\" \n\t\t\t\t\t\tdata-caption=\"Ligne de vie sur toit en pente\"\n\t\t\t\t\t\tdata-description=\"ligne de vie cable install\u00e9\" \n\t\t\titemprop=\"contentUrl\">\n\t\t<img decoding=\"async\" loading=\"lazy\" src=\"https:\/\/gamesystem.com\/wp-content\/uploads\/2018\/05\/installation-ligne-de-vie-sur-toiture-pente.jpg\" alt=\"\u00c9viter les chutes de hauteur avec une ligne de vie\" data-no-lazy=\"1\" itemprop=\"thumbnail\" width=\"800\" height=\"600\" \/>\n\t\t\t<!-- Overlay Wrapper -->\n\t\t\t <!-- Overlay Wrapper Closed -->\n\t\t\t\t<\/a>\n\t\t\t\t\t\t\t<meta itemprop=\"width\" content=\"800\" \/>\n\t\t\t<meta itemprop=\"height\" content=\"600\" \/>\n\t\t\t\t<a\n\t\t\thref=\"https:\/\/gamesystem.com\/wp-content\/uploads\/2018\/05\/installation-dun-patelage-sur-toiture.jpg\"\n\t\t\t\t\t\tdata-fancybox=\"images\" \n\t\t\ttitle=\"installation d&amp;#039;un patelage sur toiture\" \n\t\t\t\t\t\tdata-caption=\"Platelage sur toiture\"\n\t\t\t\t\t\tdata-description=\"patelage sur une toiture pour la s\u00e9curiser\" \n\t\t\titemprop=\"contentUrl\">\n\t\t<img decoding=\"async\" loading=\"lazy\" src=\"https:\/\/gamesystem.com\/wp-content\/uploads\/2018\/05\/installation-dun-patelage-sur-toiture.jpg\" alt=\"patelage de s\u00e9curit\u00e9 sur toiture pente\" data-no-lazy=\"1\" itemprop=\"thumbnail\" width=\"800\" height=\"600\" \/>\n\t\t\t<!-- Overlay Wrapper -->\n\t\t\t <!-- Overlay Wrapper Closed -->\n\t\t\t\t<\/a>\n\t\t\t\t\t\t\t<meta itemprop=\"width\" content=\"800\" \/>\n\t\t\t<meta itemprop=\"height\" content=\"600\" \/>\n\t\t\t\t<a\n\t\t\thref=\"https:\/\/gamesystem.com\/wp-content\/uploads\/2018\/07\/point-dancrage-sur-toiture-pente.jpg\"\n\t\t\t\t\t\tdata-fancybox=\"images\" \n\t\t\ttitle=\"point d'ancrage sur toiture pente\" \n\t\t\t\t\t\tdata-caption=\"Point d'ancrage sur toiture \"\n\t\t\t\t\t\tdata-description=\"travail en hauteur sur toiture\" \n\t\t\titemprop=\"contentUrl\">\n\t\t<img decoding=\"async\" loading=\"lazy\" src=\"https:\/\/gamesystem.com\/wp-content\/uploads\/2018\/07\/point-dancrage-sur-toiture-pente.jpg\" alt=\"ligne de vie cable sur toit plat\" data-no-lazy=\"1\" itemprop=\"thumbnail\" width=\"800\" height=\"600\" \/>\n\t\t\t<!-- Overlay Wrapper -->\n\t\t\t <!-- Overlay Wrapper Closed -->\n\t\t\t\t<\/a>\n\t\t\t\t\t\t\t<meta itemprop=\"width\" content=\"800\" \/>\n\t\t\t<meta itemprop=\"height\" content=\"600\" \/>\n\t\n\t\n\t\n\t\n\n","protected":false},"excerpt":{"rendered":"<p>SEGURIDAD EN CUBIERTAS Gamesystem ofrece soluciones tanto est\u00e1ndar como a medida que aseguran cada intervenci\u00f3n de los trabajadores en cubiertas. Cualquiera que sea el tipo de cubierta (planas o con&hellip;<\/p>\n","protected":false},"author":7,"featured_media":0,"parent":0,"menu_order":0,"comment_status":"closed","ping_status":"open","template":"","meta":[],"_links":{"self":[{"href":"https:\/\/gamesystem.com\/es\/wp-json\/wp\/v2\/pages\/13694"}],"collection":[{"href":"https:\/\/gamesystem.com\/es\/wp-json\/wp\/v2\/pages"}],"about":[{"href":"https:\/\/gamesystem.com\/es\/wp-json\/wp\/v2\/types\/page"}],"author":[{"embeddable":true,"href":"https:\/\/gamesystem.com\/es\/wp-json\/wp\/v2\/users\/7"}],"replies":[{"embeddable":true,"href":"https:\/\/gamesystem.com\/es\/wp-json\/wp\/v2\/comments?post=13694"}],"version-history":[{"count":0,"href":"https:\/\/gamesystem.com\/es\/wp-json\/wp\/v2\/pages\/13694\/revisions"}],"wp:attachment":[{"href":"https:\/\/gamesystem.com\/es\/wp-json\/wp\/v2\/media?parent=13694"}],"curies":[{"name":"wp","href":"https:\/\/api.w.org\/{rel}","templated":true}]}}