{"id":13684,"date":"2018-02-20T15:51:33","date_gmt":"2018-02-20T15:51:33","guid":{"rendered":"https:\/\/preprod.gamesystem.com\/produits\/protection-individuelle\/cable-de-securite-biroulette-frein\/"},"modified":"2018-09-16T21:29:55","modified_gmt":"2018-09-16T21:29:55","slug":"carro-de-seguridad-biroulette-freno","status":"publish","type":"page","link":"https:\/\/gamesystem.com\/es\/productos\/proteccion-individual\/carro-de-seguridad-biroulette-freno\/","title":{"rendered":"Carro de seguridad biroulette freno"},"content":{"rendered":"<p>\t<a href=\"https:\/\/gamesystem.com\/es\/productos\/\" target=\"_self\" ><\/a><br \/>\n\t\t<strong> TODOS NUESTROS PRODUCTOS <\/strong><br \/>\n\t<a href=\"https:\/\/gamesystem.com\/es\/productos\/proteccion-individual\/\" target=\"_self\" ><\/a><br \/>\n\t\t<strong> Protecci\u00f3n individual <\/strong>\t\t\t<\/p>\n<h1>Carro de seguridad  biroulette freno<\/h1>\n<p>El carro de seguridad \u201cBiroulette\u201d freno necesita anclajes estructurales sobre los que se fijan las piezas de extremidad. A estas piezas de extremidad se unen las terminaciones del cable. <br \/>El cable es de acero galvanizado de 16 mm. Uno de los extremos est\u00e1 engarzado por extrusi\u00f3n, y el otro pasa a trav\u00e9s de una mordaza, donde el apriete tendr\u00e1 la tarea de permitir el deslizamiento a partir de una cierta solicitaci\u00f3n. La mordaza unida al tensor permite al instalador asegurar la correcta tensi\u00f3n del cable.<br \/>El carro de seguridad \u201cBiroulette\u201d freno consiste en un chasis de 2 pletinas. En su centro se posicionan dos brazos de anclaje montados sobre un muelle. \u00c9stos albergan un pat\u00edn y dos arandelas met\u00e1licas protegen lateralmente el sistema de disipaci\u00f3n.<\/p>\n<p>En caso de ca\u00edda del usuario, su peso pone en contacto el patin con el cable anulando el giro de los rodamientos por un lado, evitando as\u00ed el riesgo de desplazamiento de \u00e9stos, y para el usuario el riesgo de p\u00e9ndulo.<br \/>Por otro lado, el impacto de la ca\u00edda hace que el eje se desplace a trav\u00e9s de un canal estriado. <br \/>La deformaci\u00f3n y la laminaci\u00f3n de \u00e9ste proporcionan la disipaci\u00f3n de energ\u00eda reduciendo la fuerza m\u00e1xima de 900 daN en un 35%. Un testigo de ca\u00edda aparece obligando a una revisi\u00f3n del dispositivo<\/p>\n<p>\t\t\t\t<a href=\"https:\/\/gamesystem.com\/wp-content\/uploads\/2018\/06\/charriot-biroulette-frein.png\" target=\"_self\" itemprop=\"url\"><br \/>\n\t\t\t\t<img decoding=\"async\" loading=\"lazy\" src=\"https:\/\/gamesystem.com\/wp-content\/uploads\/2018\/06\/charriot-biroulette-frein.png\" alt=\"cable de s\u00e9curit\u00e9 avec charriot\" itemprop=\"image\" height=\"600\" width=\"800\" title=\"charriot biroulette frein\"  \/><br \/>\n\t\t\t\t<\/a><br \/>\n\t\t\t<a href=\"https:\/\/gamesystem.com\/wp-content\/uploads\/2018\/09\/Biroulette-freno-Gamesystem.pdf\" target=\"_blank\" rel=\"noopener\"><br \/>\n\t\t\t\t\t\t\t\tFicha del producto<br \/>\n\t\t\t\t\t\t\t<\/a><br \/>\n\t\t\t<a href=\"https:\/\/gamesystem.com\/wp-content\/uploads\/2018\/09\/Notice-utilisation-Chariot-ligne-de-vie-biroulette-frein-Gameystem.pdf\" target=\"_blank\" rel=\"noopener\"><br \/>\n\t\t\t\t\t\t\t\tInstrucciones de uso<br \/>\n\t\t\t\t\t\t\t<\/a><\/p>\n<nav>\n<ul>\n<li data-index=\"0\">\n<h2>\n\t\t\t\t\t\t<a href=\"javascript:void(0);\">\u00bfCU\u00c1NDO UTILIZARLO? <\/a><br \/>\n\t\t\t\t\t<\/h2>\n<\/li>\n<li data-index=\"1\">\n<h2>\n\t\t\t\t\t\t<a href=\"javascript:void(0);\">SEGURIDAD<\/a><br \/>\n\t\t\t\t\t<\/h2>\n<\/li>\n<li data-index=\"2\">\n<h2>\n\t\t\t\t\t\t<a href=\"javascript:void(0);\">FORMACI\u00d3N<\/a><br \/>\n\t\t\t\t\t<\/h2>\n<\/li>\n<\/ul>\n<\/nav>\n<h2>\n\t\t\t\t\t\t\t\t\t\t\t\t\u00bfCU\u00c1NDO UTILIZARLO?<br \/>\n\t\t\t\t\t\t\t\t\t\t\t<\/h2>\n<p>Cuando la intervenci\u00f3n requiera desplazamientos horizontales (&gt; 10 m y &lt; 80 m), que no presenten estructuras de soporte intermedias: puente gr\u00faa, hornos de industria cementera\u2026 El dispositivo de anclaje \u201cBiroulette\u201d freno es la soluci\u00f3n. Se instalar\u00e1 con la ayuda de un anclaje estructural o de un soporte; si es posible entre 2,40 y 3 m por encima del punto de anclaje del arn\u00e9s El usuario conecta su antica\u00eddas o dispositivo retr\u00e1ctil a la \u201cbiroulette\u201d freno, tras comprobar el estado de la instalaci\u00f3n y verificar que los controles anuales han sido realizados.<\/p>\n<h2>\n\t\t\t\t\t\t\t\t\t\t\t\tSEGURIDAD<br \/>\n\t\t\t\t\t\t\t\t\t\t\t<\/h2>\n<p>El antica\u00eddas utilizado debe cumplir la normativa a fin de no desarrollar durante una ca\u00edda un pico de fuerza superior a los 600 daN autorizados. Un elemento de amarre simple no se considera un sistema antica\u00eddas y s\u00f3lo es correcto su uso durante un trabajo en retenci\u00f3n en el que no pueda existir riesgo de deslizamiento.<\/p>\n<h2>\n\t\t\t\t\t\t\t\t\t\t\t\tFORMACI\u00d3N<br \/>\n\t\t\t\t\t\t\t\t\t\t\t<\/h2>\n<p>\u201cConceptos generales en Industria\u201d.<\/p>\n<p>\t\t\t\t\t<!-- \/content --><br \/>\n\t<!-- \/tabs --><\/p>\n","protected":false},"excerpt":{"rendered":"<p>TODOS NUESTROS PRODUCTOS Protecci\u00f3n individual Carro de seguridad biroulette freno El carro de seguridad \u201cBiroulette\u201d freno necesita anclajes estructurales sobre los que se fijan las piezas de extremidad. A estas&hellip;<\/p>\n","protected":false},"author":7,"featured_media":13468,"parent":13516,"menu_order":0,"comment_status":"closed","ping_status":"open","template":"","meta":[],"_links":{"self":[{"href":"https:\/\/gamesystem.com\/es\/wp-json\/wp\/v2\/pages\/13684"}],"collection":[{"href":"https:\/\/gamesystem.com\/es\/wp-json\/wp\/v2\/pages"}],"about":[{"href":"https:\/\/gamesystem.com\/es\/wp-json\/wp\/v2\/types\/page"}],"author":[{"embeddable":true,"href":"https:\/\/gamesystem.com\/es\/wp-json\/wp\/v2\/users\/7"}],"replies":[{"embeddable":true,"href":"https:\/\/gamesystem.com\/es\/wp-json\/wp\/v2\/comments?post=13684"}],"version-history":[{"count":0,"href":"https:\/\/gamesystem.com\/es\/wp-json\/wp\/v2\/pages\/13684\/revisions"}],"up":[{"embeddable":true,"href":"https:\/\/gamesystem.com\/es\/wp-json\/wp\/v2\/pages\/13516"}],"wp:featuredmedia":[{"embeddable":true,"href":"https:\/\/gamesystem.com\/es\/wp-json\/wp\/v2\/media\/13468"}],"wp:attachment":[{"href":"https:\/\/gamesystem.com\/es\/wp-json\/wp\/v2\/media?parent=13684"}],"curies":[{"name":"wp","href":"https:\/\/api.w.org\/{rel}","templated":true}]}}