{"id":13671,"date":"2018-02-21T14:20:11","date_gmt":"2018-02-21T14:20:11","guid":{"rendered":"https:\/\/preprod.gamesystem.com\/produits\/protection-individuelle\/ligne-de-vie\/"},"modified":"2018-11-14T08:18:57","modified_gmt":"2018-11-14T08:18:57","slug":"linea-de-vida","status":"publish","type":"page","link":"https:\/\/gamesystem.com\/es\/productos\/proteccion-individual\/linea-de-vida\/","title":{"rendered":"L\u00ednea de vida"},"content":{"rendered":"<p>\t<a href=\"https:\/\/gamesystem.com\/es\/productos\/\" target=\"_self\" ><\/a><br \/>\n\t\t<strong> TODOS NUESTROS PRODUCTOS <\/strong><br \/>\n\t<a href=\"https:\/\/gamesystem.com\/es\/productos\/proteccion-individual\/\" target=\"_self\" ><\/a><br \/>\n\t\t<strong> Protecci\u00f3n individual <\/strong>\t\t\t<\/p>\n<p>La l\u00ednea de vida es un sistema antica\u00eddas que permite a un operario trabajar con seguridad y moverse libremente en \u00e1reas donde existe el riesgo de ca\u00eddas.<\/p>\n<p>Es un dispositivo de anclaje \u00a0EN795 tipo C equipado con una l\u00ednea de anclaje flexible horizontal constituida por un cable de seguridad inoxidable de 8mm de di\u00e1metro. Este cable est\u00e1 sostenido \u00a0por dos soportes de extremidad\u00a0 uno en cada terminaci\u00f3n de la l\u00ednea, y por soportes estructurales intermedios. El carro m\u00f3vil, permite superar las piezas estructurales intermedias sin interrumpir la seguridad.<\/p>\n<p>Si se produce una ca\u00edda de altura, el absorbedor de energ\u00eda al final de la l\u00ednea de vida disipa la energ\u00eda generada. En la deformaci\u00f3n, todo el dispositivo participa en la absorci\u00f3n de energ\u00eda, reduciendo la fuerza transmitida a la estructura.<\/p>\n<p>\t\t\t\t<img decoding=\"async\" src=\"https:\/\/gamesystem.com\/wp-content\/plugins\/bb-plugin\/img\/pixel.png\" alt=\"\" itemprop=\"image\"  \/><br \/>\n\t\t\t<a href=\"https:\/\/gamesystem.com\/wp-content\/uploads\/2018\/09\/L\u00ednea-de-vida-Gamesystem.pdf\" target=\"_blank\" rel=\"noopener\"><br \/>\n\t\t\t\t\t\t\t\tFicha del producto<br \/>\n\t\t\t\t\t\t\t<\/a><br \/>\n\t\t\t<a href=\"https:\/\/gamesystem.com\/wp-content\/uploads\/2018\/09\/Notice-utilisation-Ligne-de-vie-Gamesystem.pdf\" target=\"_blank\" rel=\"noopener\"><br \/>\n\t\t\t\t\t\t\t\tInstrucciones de uso<br \/>\n\t\t\t\t\t\t\t<\/a><\/p>\n<nav>\n<ul>\n<li data-index=\"0\">\n<h2>\n\t\t\t\t\t\t<a href=\"javascript:void(0);\">UTILIZACI\u00d3N <\/a><br \/>\n\t\t\t\t\t<\/h2>\n<\/li>\n<li data-index=\"1\">\n<h2>\n\t\t\t\t\t\t<a href=\"javascript:void(0);\">LOS PUNTOS FUERTES <\/a><br \/>\n\t\t\t\t\t<\/h2>\n<\/li>\n<li data-index=\"2\">\n<h2>\n\t\t\t\t\t\t<a href=\"javascript:void(0);\">CARACTER\u00cdSTICAS<\/a><br \/>\n\t\t\t\t\t<\/h2>\n<\/li>\n<li data-index=\"3\">\n<h2>\n\t\t\t\t\t\t<a href=\"javascript:void(0);\">REGLAMENTO, NORMAS Y RECOMENDACIONES<\/a><br \/>\n\t\t\t\t\t<\/h2>\n<\/li>\n<li data-index=\"4\">\n<h2>\n\t\t\t\t\t\t<a href=\"javascript:void(0);\">INSTALACI\u00d3N DE LA L\u00cdNEA DE VIDA<\/a><br \/>\n\t\t\t\t\t<\/h2>\n<\/li>\n<li data-index=\"5\">\n<h2>\n\t\t\t\t\t\t<a href=\"javascript:void(0);\">COMPONENTES<\/a><br \/>\n\t\t\t\t\t<\/h2>\n<\/li>\n<li data-index=\"6\">\n<h2>\n\t\t\t\t\t\t<a href=\"javascript:void(0);\">Formation<\/a><br \/>\n\t\t\t\t\t<\/h2>\n<\/li>\n<li data-index=\"7\">\n<h2>\n\t\t\t\t\t\t<a href=\"javascript:void(0);\">LOS ACCESORIOS INDISPENSABLES <\/a><br \/>\n\t\t\t\t\t<\/h2>\n<\/li>\n<\/ul>\n<\/nav>\n<h2>\n\t\t\t\t\t\t\t\t\t\t\t\tUTILIZACI\u00d3N<br \/>\n\t\t\t\t\t\t\t\t\t\t\t<\/h2>\n<p>La l\u00ednea de vida se utiliza en cubiertas planas, cubiertas con pendiente, fachadas, puente gr\u00faa, camino de rodadura, racks, estanques, dep\u00f3sitos, etc.<\/p>\n<h2>\n\t\t\t\t\t\t\t\t\t\t\t\tLOS PUNTOS FUERTES<br \/>\n\t\t\t\t\t\t\t\t\t\t\t<\/h2>\n<p><strong>Productividad y seguridad:<\/strong> sistema antica\u00eddas que permite trabajar sin restricciones.<\/p>\n<p><strong>Ergonom\u00eda\u00a0:<\/strong> los trabajadores no tienen que desconectarse de la l\u00ednea para pasar las piezas intermedias.<\/p>\n<p><strong>Aviso\u00a0:<\/strong> aparece una marca roja en el absorbedor de energ\u00eda cuando se produce una ca\u00edda en la l\u00ednea de vida.<\/p>\n<p><strong>Duraci\u00f3n : <\/strong>Gamesystem proporciona el control, la verificaci\u00f3n y el mantenimiento de la l\u00ednea de vida.<\/p>\n<h2>\n\t\t\t\t\t\t\t\t\t\t\t\tCARACTER\u00cdSTICAS<br \/>\n\t\t\t\t\t\t\t\t\t\t\t<\/h2>\n<ul>\n<li>Una pieza intermedia deformada se puede sustituir sin quitar el cable de la l\u00ednea de vida.<\/li>\n<li>La marca roja del preregulador muestra un buen montaje y perfecto ajuste de la l\u00ednea de vida.<\/li>\n<li>En la l\u00ednea de vida, el tensor est\u00e1 precintado, evitando que nadie ajuste el cable.<\/li>\n<li>Las zonas de acceso a la l\u00ednea de vida deben estar definidas y se\u00f1alizadas. S\u00f3lo las instalaciones en fachadas no requieren esta observaci\u00f3n.<\/li>\n<\/ul>\n<h2>\n\t\t\t\t\t\t\t\t\t\t\t\tREGLAMENTO, NORMAS Y RECOMENDACIONES<br \/>\n\t\t\t\t\t\t\t\t\t\t\t<\/h2>\n<p>La l\u00ednea de vida cumple con las exigencias de la norma \u00a0EN 795 Tipo C. Para obtener la certificaci\u00f3n EN 795, debe someterse a pruebas de resistencia<\/p>\n<p>Nuestro servicio incluye un dossier t\u00e9cnico, realizado por nuestra Oficina de Dise\u00f1o, compuesto por\u00a0:<\/p>\n<ul>\n<li>Plano de de implantaci\u00f3n<\/li>\n<li>Notas de c\u00e1lculo (fuerza a tener en cuenta y dimensiones de nuestras soluciones)<\/li>\n<li>Esquema de montaje<\/li>\n<li>Justificaci\u00f3n de soportes y anclajes estructurales<\/li>\n<li>Certificado de conformidad (en funci\u00f3n de las normas) emitido por el Organismo Notificado.<\/li>\n<\/ul>\n<p>Para obtener m\u00e1s informaci\u00f3n sobre la legislaci\u00f3n que afecta a la l\u00ednea de vida, la norma EN 795, no dude en contactar con nosotros. Un especialista responder\u00e1 a todas sus preguntas.<\/p>\n<h2>\n\t\t\t\t\t\t\t\t\t\t\t\tINSTALACI\u00d3N DE LA L\u00cdNEA DE VIDA<br \/>\n\t\t\t\t\t\t\t\t\t\t\t<\/h2>\n<p>La instalaci\u00f3n de la l\u00ednea de vida, se llevar\u00e1 a cabo en condiciones de seguridad \u00f3ptimas y por personal capacitado y autorizado a trabajar en altura, de acuerdo con los procedimientos de calidad (ISO 9001).<\/p>\n<p>La t\u00e9cnica de fijaci\u00f3n de los soportes de la l\u00ednea de vida se adaptar\u00e1 a cada estructura (embridado, crapotado, taladrado, fijaci\u00f3n por pernos o anclajes qu\u00edmicos Inox). La instalaci\u00f3n de la l\u00ednea de vida es posible en todos sus entornos de trabajo (cubierta plana, cubierta con pendiente, puente gr\u00faa, rack, etc.<\/p>\n<h2>\n\t\t\t\t\t\t\t\t\t\t\t\tCOMPONENTES<br \/>\n\t\t\t\t\t\t\t\t\t\t\t<\/h2>\n<ul>\n<li>Cable inoxidable 316 L de di\u00e1metro 8 en 7\/7<\/li>\n<li>Piezas intermedias acero inoxidable<\/li>\n<li>Piezas de entrada\/salida de acero inoxidable con dispositivo anti-salida<\/li>\n<li>Absorbedor de energ\u00eda inoxidable<\/li>\n<li>Tensor inoxidable<\/li>\n<li>Indicador de ca\u00edda inoxidable<\/li>\n<li>Torniller\u00eda de acero inoxidable<\/li>\n<li>Soportes (pletinas, postes\u2026) que pueden ser de acero inoxidable o de acero galvanizado, pintados o pulidos de acuerdo con las especificaciones de cada emplazamiento.<\/li>\n<li>Panel de seguridad<\/li>\n<\/ul>\n<h2>\n\t\t\t\t\t\t\t\t\t\t\t\tFormation<br \/>\n\t\t\t\t\t\t\t\t\t\t\t<\/h2>\n<p>Modules \u00ab pose et contr\u00f4le des dispositifs d\u2019ancrages \u00bb, \u00ab travail sur toiture \u00bb \u00ab travail sur pont et chemin\u00a0de pont roulant \u00bb.<\/p>\n<h2>\n\t\t\t\t\t\t\t\t\t\t\t\tLOS ACCESORIOS INDISPENSABLES<br \/>\n\t\t\t\t\t\t\t\t\t\t\t<\/h2>\n<ol>\n<li><strong>Carro\u00a0:<\/strong><\/li>\n<\/ol>\n<p>El carro es un anclaje m\u00f3vil que permite el paso continuo por las piezas intermedias en cualquier posici\u00f3n. Este sistema te permite estar conectado continuamente a la l\u00ednea, desde un extremo a otro del cable.<\/p>\n<p>Para que los operarios se puedan desplazar con total seguridad deben fijar su sistema de conexi\u00f3n antica\u00eddas al carro previamente colocado sobre <strong>la l\u00ednea de vida<\/strong> Gamesystem. El cable est\u00e1 sujeto por los soportes.<\/p>\n<ol start=\"2\">\n<li><strong>Soportes:<\/strong><\/li>\n<\/ol>\n<p>Al instalar un dispositivo de anclaje (l\u00ednea de vida) en una cubierta, a menudo es necesario usar un poste para colocar este anclaje en una posici\u00f3n correcta. De esta manera se garantiza el uso adecuado y permite un correcto posicionamiento del sistema de conexi\u00f3n. La l\u00ednea de vida se sostiene por los soportes intermedios y anclajes estructurales en las extemidades.<\/p>\n<ol start=\"3\">\n<li><strong>Equipo de amarre, retr\u00e1ctil y modulador\u00a0<\/strong><\/li>\n<li><strong>Arn\u00e9s de seguridad<\/strong><\/li>\n<\/ol>\n<p>\u00a0<\/p>\n<p>\t\t\t\t\t<!-- \/content --><br \/>\n\t<!-- \/tabs --><\/p>\n<h2>Nuestros proyectos &#8211; L\u00ednea de vida <\/h2>\n<p>\t\t\t\t<a href=\"https:\/\/gamesystem.com\/wp-content\/uploads\/2018\/05\/travail-en-hauteur-laide-d-une-ligne-de-vie.jpg\"  rel=\"nofollow\" data-fancybox=\"images\" title=\"Ligne de vie sur toiture terrasse\" data-description=\"travail en hauteur \u00e0 l'aide d'une ligne de vie gamesystem\"><br \/>\n\t\t<img decoding=\"async\" src=\"https:\/\/gamesystem.com\/wp-content\/uploads\/2018\/05\/travail-en-hauteur-laide-d-une-ligne-de-vie.jpg\" alt=\"Ligne de vie cable sur toit\" data-no-lazy=\"1\" \/><br \/>\n\t\t\t<!-- Overlay Wrapper --><br \/>\n\t\t\t <!-- Overlay Wrapper Closed --><br \/>\n\t\t\t\t<\/a><br \/>\n\t\t\t\t<a href=\"https:\/\/gamesystem.com\/wp-content\/uploads\/2018\/07\/S\u00e9curisation-des-interventions-en-hauteur-sur-pont-roulant-avec-une-ligne-de-vie-cable.jpg\"  rel=\"nofollow\" data-fancybox=\"images\" title=\"Ligne de vie sur pont roulant\" data-description=\"\"><br \/>\n\t\t<img decoding=\"async\" src=\"https:\/\/gamesystem.com\/wp-content\/uploads\/2018\/07\/S\u00e9curisation-des-interventions-en-hauteur-sur-pont-roulant-avec-une-ligne-de-vie-cable.jpg\" alt=\"Ligne de vie sur toiture\" data-no-lazy=\"1\" \/><br \/>\n\t\t\t<!-- Overlay Wrapper --><br \/>\n\t\t\t <!-- Overlay Wrapper Closed --><br \/>\n\t\t\t\t<\/a><br \/>\n\t\t\t\t<a href=\"https:\/\/gamesystem.com\/wp-content\/uploads\/2018\/05\/ligne-de-vie-sur-toiture-avec-son-utilisation.jpg\"  rel=\"nofollow\" data-fancybox=\"images\" title=\"Ligne de vie c\u00e2ble sur toit plat\" data-description=\"installation d'une ligne de vie sur les toitures de madrid\"><br \/>\n\t\t<img decoding=\"async\" src=\"https:\/\/gamesystem.com\/wp-content\/uploads\/2018\/05\/ligne-de-vie-sur-toiture-avec-son-utilisation.jpg\" alt=\"Pose de d'une ligne de vie cable sur toiture\" data-no-lazy=\"1\" \/><br \/>\n\t\t\t<!-- Overlay Wrapper --><br \/>\n\t\t\t <!-- Overlay Wrapper Closed --><br \/>\n\t\t\t\t<\/a><br \/>\n\t\t\t\t<a href=\"https:\/\/gamesystem.com\/wp-content\/uploads\/2018\/05\/installation-ligne-de-vie-sur-toiture-pente.jpg\"  rel=\"nofollow\" data-fancybox=\"images\" title=\"Ligne de vie sur toit en pente\" data-description=\"ligne de vie cable install\u00e9\"><br \/>\n\t\t<img decoding=\"async\" src=\"https:\/\/gamesystem.com\/wp-content\/uploads\/2018\/05\/installation-ligne-de-vie-sur-toiture-pente.jpg\" alt=\"\u00c9viter les chutes de hauteur avec une ligne de vie\" data-no-lazy=\"1\" \/><br \/>\n\t\t\t<!-- Overlay Wrapper --><br \/>\n\t\t\t <!-- Overlay Wrapper Closed --><br \/>\n\t\t\t\t<\/a><br \/>\n\t\t\t\t<a href=\"https:\/\/gamesystem.com\/wp-content\/uploads\/2018\/07\/formation-port-du-harnais-s\u00e9curisation-des-acc\u00e8s-et-des-interventions-en-hauteur.jpg\"  rel=\"nofollow\" data-fancybox=\"images\" title=\"Utilisation d'une ligne de vie\" data-description=\"\"><br \/>\n\t\t<img decoding=\"async\" src=\"https:\/\/gamesystem.com\/wp-content\/uploads\/2018\/07\/formation-port-du-harnais-s\u00e9curisation-des-acc\u00e8s-et-des-interventions-en-hauteur.jpg\" alt=\"Travail \u00e0 l'aide d'une ligne de vie c\u00e2ble\" data-no-lazy=\"1\" \/><br \/>\n\t\t\t<!-- Overlay Wrapper --><br \/>\n\t\t\t <!-- Overlay Wrapper Closed --><br \/>\n\t\t\t\t<\/a><br \/>\n\t\t\t\t<a href=\"https:\/\/gamesystem.com\/wp-content\/uploads\/2018\/07\/formation-\u00e0-la-S\u00e9curit\u00e9-du-travail-en-hauteur-sur-toiture-terrasse.png\"  rel=\"nofollow\" data-fancybox=\"images\" title=\"Travail sur toiture terrasse avec une ligne de vie\" data-description=\"\"><br \/>\n\t\t<img decoding=\"async\" src=\"https:\/\/gamesystem.com\/wp-content\/uploads\/2018\/07\/formation-\u00e0-la-S\u00e9curit\u00e9-du-travail-en-hauteur-sur-toiture-terrasse.png\" alt=\"Formation sur toiture plate l'utilisation d'une ligne de vie\" data-no-lazy=\"1\" \/><br \/>\n\t\t\t<!-- Overlay Wrapper --><br \/>\n\t\t\t <!-- Overlay Wrapper Closed --><br \/>\n\t\t\t\t<\/a><br \/>\n\t\t\t\t<a href=\"https:\/\/gamesystem.com\/wp-content\/uploads\/2018\/07\/formation-S\u00e9curit\u00e9-du-travail-en-hauteur-sur-toiture-pente.png\"  rel=\"nofollow\" data-fancybox=\"images\" title=\"Formation ligne de vie sur toiture pente\" data-description=\"\"><br \/>\n\t\t<img decoding=\"async\" src=\"https:\/\/gamesystem.com\/wp-content\/uploads\/2018\/07\/formation-S\u00e9curit\u00e9-du-travail-en-hauteur-sur-toiture-pente.png\" alt=\"Formation travaux en hauteur\" data-no-lazy=\"1\" \/><br \/>\n\t\t\t<!-- Overlay Wrapper --><br \/>\n\t\t\t <!-- Overlay Wrapper Closed --><br \/>\n\t\t\t\t<\/a><br \/>\n\t\t\t\t<a href=\"https:\/\/gamesystem.com\/wp-content\/uploads\/2018\/05\/travail-en-hauteur-sur-machine.jpg\"  rel=\"nofollow\" data-fancybox=\"images\" title=\"Ligne de vie sur machine\" data-description=\"s\u00e9curit\u00e9 des interventions gr\u00e2ce a la ligne de vie\"><br \/>\n\t\t<img decoding=\"async\" src=\"https:\/\/gamesystem.com\/wp-content\/uploads\/2018\/05\/travail-en-hauteur-sur-machine.jpg\" alt=\"Ligne de vie cable sur machine pour s\u00e9curit\u00e9\" data-no-lazy=\"1\" \/><br \/>\n\t\t\t<!-- Overlay Wrapper --><br \/>\n\t\t\t <!-- Overlay Wrapper Closed --><br \/>\n\t\t\t\t<\/a><br \/>\n\t\t\t\t<a href=\"https:\/\/gamesystem.com\/wp-content\/uploads\/2018\/05\/S\u00e9curisation-dun-pont-roulant-avec-une-ligne-de-vie-cable-1.jpg\"  rel=\"nofollow\" data-fancybox=\"images\" title=\"Ligne de vie pour deux personnes sur pont roulant\" data-description=\"\"><br \/>\n\t\t<img decoding=\"async\" src=\"https:\/\/gamesystem.com\/wp-content\/uploads\/2018\/05\/S\u00e9curisation-dun-pont-roulant-avec-une-ligne-de-vie-cable-1.jpg\" alt=\"Ligne de vie cable sur pont roulant\" data-no-lazy=\"1\" \/><br \/>\n\t\t\t<!-- Overlay Wrapper --><br \/>\n\t\t\t <!-- Overlay Wrapper Closed --><br \/>\n\t\t\t\t<\/a><br \/>\n\t\t\t\t<a href=\"https:\/\/gamesystem.com\/wp-content\/uploads\/2018\/05\/travail-en-s\u00e9curit\u00e9-sur-pont-roulant-avec-ligne-de-vie.jpg\"  rel=\"nofollow\" data-fancybox=\"images\" title=\"Ligne de vie chemin pont roulant\" data-description=\"\"><br \/>\n\t\t<img decoding=\"async\" src=\"https:\/\/gamesystem.com\/wp-content\/uploads\/2018\/05\/travail-en-s\u00e9curit\u00e9-sur-pont-roulant-avec-ligne-de-vie.jpg\" alt=\"Ligne de vie sur chemin de pont roulant\" data-no-lazy=\"1\" \/><br \/>\n\t\t\t<!-- Overlay Wrapper --><br \/>\n\t\t\t <!-- Overlay Wrapper Closed --><br \/>\n\t\t\t\t<\/a><br \/>\n\t\t\t\t<a href=\"https:\/\/gamesystem.com\/wp-content\/uploads\/2018\/05\/S\u00e9curisation-du-personnel-travaillent-en-hauteur-avec-une-solution-antichute-1.jpg\"  rel=\"nofollow\" data-fancybox=\"images\" title=\"Ligne de vie sur mesure\" data-description=\"operation de maintenance et s\u00e9curisation avec une ligne de vie\"><br \/>\n\t\t<img decoding=\"async\" src=\"https:\/\/gamesystem.com\/wp-content\/uploads\/2018\/05\/S\u00e9curisation-du-personnel-travaillent-en-hauteur-avec-une-solution-antichute-1.jpg\" alt=\"Ligne de vie pour faciliter d\u00e9placement\" data-no-lazy=\"1\" \/><br \/>\n\t\t\t<!-- Overlay Wrapper --><br \/>\n\t\t\t <!-- Overlay Wrapper Closed --><br \/>\n\t\t\t\t<\/a><br \/>\n\t\t\t\t<a href=\"https:\/\/gamesystem.com\/wp-content\/uploads\/2018\/05\/Ligne-de-vie-cable-sur-toit-2.jpg\"  rel=\"nofollow\" data-fancybox=\"images\" title=\"Ligne de vie sur toiture pente\" data-description=\"ligne de vie cable pour acc\u00e9der au poste de travail sur toiture\"><br \/>\n\t\t<img decoding=\"async\" src=\"https:\/\/gamesystem.com\/wp-content\/uploads\/2018\/05\/Ligne-de-vie-cable-sur-toit-2.jpg\" alt=\"Acc\u00e9der au poste grace a la ligne de vie\" data-no-lazy=\"1\" \/><br \/>\n\t\t\t<!-- Overlay Wrapper --><br \/>\n\t\t\t <!-- Overlay Wrapper Closed --><br \/>\n\t\t\t\t<\/a><br \/>\n\t\t\t\t<a href=\"https:\/\/gamesystem.com\/wp-content\/uploads\/2018\/05\/Ligne-de-vie-cable-Gamesystem-sur-toiture-et-toit-pente.png\"  rel=\"nofollow\" data-fancybox=\"images\" title=\"Ligne de vie install\u00e9e sur toiture \" data-description=\"travail en hauteur \u00e0 l'aide d'une ligne de vie \"><br \/>\n\t\t<img decoding=\"async\" src=\"https:\/\/gamesystem.com\/wp-content\/uploads\/2018\/05\/Ligne-de-vie-cable-Gamesystem-sur-toiture-et-toit-pente.png\" alt=\"Travail avec une ligne de vie sur un toit en pente\" data-no-lazy=\"1\" \/><br \/>\n\t\t\t<!-- Overlay Wrapper --><br \/>\n\t\t\t <!-- Overlay Wrapper Closed --><br \/>\n\t\t\t\t<\/a><br \/>\n\t\t\t\t<a href=\"https:\/\/gamesystem.com\/wp-content\/uploads\/2018\/05\/installation-dune-ligne-de-vie-cable-sur-toiture-terrasse.jpg\"  rel=\"nofollow\" data-fancybox=\"images\" title=\"Ligne de vie avec potelet\" data-description=\"pose de potelet ligne de \"><br \/>\n\t\t<img decoding=\"async\" src=\"https:\/\/gamesystem.com\/wp-content\/uploads\/2018\/05\/installation-dune-ligne-de-vie-cable-sur-toiture-terrasse.jpg\" alt=\"Ligne de vie cable sur toiture terrasse\" data-no-lazy=\"1\" \/><br \/>\n\t\t\t<!-- Overlay Wrapper --><br \/>\n\t\t\t <!-- Overlay Wrapper Closed --><br \/>\n\t\t\t\t<\/a><\/p>\n","protected":false},"excerpt":{"rendered":"<p>TODOS NUESTROS PRODUCTOS Protecci\u00f3n individual La l\u00ednea de vida es un sistema antica\u00eddas que permite a un operario trabajar con seguridad y moverse libremente en \u00e1reas donde existe el riesgo&hellip;<\/p>\n","protected":false},"author":7,"featured_media":13679,"parent":13516,"menu_order":0,"comment_status":"closed","ping_status":"open","template":"","meta":[],"_links":{"self":[{"href":"https:\/\/gamesystem.com\/es\/wp-json\/wp\/v2\/pages\/13671"}],"collection":[{"href":"https:\/\/gamesystem.com\/es\/wp-json\/wp\/v2\/pages"}],"about":[{"href":"https:\/\/gamesystem.com\/es\/wp-json\/wp\/v2\/types\/page"}],"author":[{"embeddable":true,"href":"https:\/\/gamesystem.com\/es\/wp-json\/wp\/v2\/users\/7"}],"replies":[{"embeddable":true,"href":"https:\/\/gamesystem.com\/es\/wp-json\/wp\/v2\/comments?post=13671"}],"version-history":[{"count":0,"href":"https:\/\/gamesystem.com\/es\/wp-json\/wp\/v2\/pages\/13671\/revisions"}],"up":[{"embeddable":true,"href":"https:\/\/gamesystem.com\/es\/wp-json\/wp\/v2\/pages\/13516"}],"wp:featuredmedia":[{"embeddable":true,"href":"https:\/\/gamesystem.com\/es\/wp-json\/wp\/v2\/media\/13679"}],"wp:attachment":[{"href":"https:\/\/gamesystem.com\/es\/wp-json\/wp\/v2\/media?parent=13671"}],"curies":[{"name":"wp","href":"https:\/\/api.w.org\/{rel}","templated":true}]}}