{"id":13657,"date":"2018-02-21T14:36:29","date_gmt":"2018-02-21T14:36:29","guid":{"rendered":"https:\/\/preprod.gamesystem.com\/produits\/protection-individuelle\/ligne-de-vie-temporaire\/"},"modified":"2018-09-16T21:29:07","modified_gmt":"2018-09-16T21:29:07","slug":"linea-de-vida-temporal","status":"publish","type":"page","link":"https:\/\/gamesystem.com\/es\/productos\/proteccion-individual\/linea-de-vida-temporal\/","title":{"rendered":"L\u00ednea de vida temporal"},"content":{"rendered":"<p>\t<a href=\"https:\/\/gamesystem.com\/es\/productos\/\" target=\"_self\" ><\/a><br \/>\n\t\t<strong> TODOS NUESTROS PRODUCTOS <\/strong><br \/>\n\t<a href=\"https:\/\/gamesystem.com\/es\/productos\/proteccion-individual\/\" target=\"_self\" ><\/a><br \/>\n\t\t<strong> Protecci\u00f3n individual <\/strong>\t\t\t<\/p>\n<h1>L\u00ednea de vida temporal<\/h1>\n<p>La LINEA DE VIDA TEMPORAL necesita de una estructura suficientemente resistente donde se fijar\u00e1n en sus extremidades las 2 cintas de anclaje. La longitud m\u00e1xima para este tipo de instalaci\u00f3n no puede exceder de 17 m.<\/p>\n<p>Una extremidad de la cuerda dispone de un conector, la otra extremidad lleva un nudo de tope para evitar la salida del modulador de la cuerda. En caso de ca\u00edda, debido a su deformaci\u00f3n, el conjunto del dispositivo participa en la absorci\u00f3n de energ\u00eda, reduciendo los esfuerzos transmitidos a la estructura<\/p>\n<p>\t\t\t\t<a href=\"https:\/\/gamesystem.com\/wp-content\/uploads\/2018\/05\/Ligne-de-vie-provisoire-pour-travail-en-hauteur.png\" target=\"_self\" itemprop=\"url\"><br \/>\n\t\t\t\t<img decoding=\"async\" loading=\"lazy\" src=\"https:\/\/gamesystem.com\/wp-content\/uploads\/2018\/05\/Ligne-de-vie-provisoire-pour-travail-en-hauteur.png\" alt=\"installation ligne de vie temporaire\" itemprop=\"image\" height=\"600\" width=\"800\" title=\"Ligne-de-vie-provisoire-pour-travail-en-hauteur\"  \/><br \/>\n\t\t\t\t<\/a><br \/>\n\t\t\t<a href=\"https:\/\/gamesystem.com\/wp-content\/uploads\/2018\/09\/L\u00ednea-de-vida-temporal-Gamesystem.pdf\" target=\"_blank\" rel=\"noopener\"><br \/>\n\t\t\t\t\t\t\t\tFicha del producto<br \/>\n\t\t\t\t\t\t\t<\/a><br \/>\n\t\t\t<a href=\"https:\/\/gamesystem.com\/wp-content\/uploads\/2018\/09\/Notice-utilisation-B-Ligne-de-vie-temporaire-Gamesystem.pdf\" target=\"_blank\" rel=\"noopener\"><br \/>\n\t\t\t\t\t\t\t\tInstrucciones de uso<br \/>\n\t\t\t\t\t\t\t<\/a><\/p>\n<nav>\n<ul>\n<li data-index=\"0\">\n<h2>\n\t\t\t\t\t\t<a href=\"javascript:void(0);\">\u00bfCU\u00c1NDO UTILIZARLO? <\/a><br \/>\n\t\t\t\t\t<\/h2>\n<\/li>\n<li data-index=\"1\">\n<h2>\n\t\t\t\t\t\t<a href=\"javascript:void(0);\">SEGURIDAD<\/a><br \/>\n\t\t\t\t\t<\/h2>\n<\/li>\n<li data-index=\"2\">\n<h2>\n\t\t\t\t\t\t<a href=\"javascript:void(0);\">FORMACI\u00d3N<\/a><br \/>\n\t\t\t\t\t<\/h2>\n<\/li>\n<\/ul>\n<\/nav>\n<h2>\n\t\t\t\t\t\t\t\t\t\t\t\t\u00bfCU\u00c1NDO UTILIZARLO?<br \/>\n\t\t\t\t\t\t\t\t\t\t\t<\/h2>\n<p>Cuando el operario necesita intervenir en desplazamientos horizontales, por ejemplo; camino de puente-gr\u00faa, tolvas, un dispositivo de anclaje LINEA DE VIDA TEMPORAL es la soluci\u00f3n.<\/p>\n<p>Se instalar\u00e1 cada vez que sea necesario con la ayuda de las 2 cintas de anclaje preferentemente entre 0,40 o 0,60 m por encima del punto de anclaje del arn\u00e9s.<\/p>\n<p>El operario tirar\u00e1 firmemente de la extremidad de la cuerda suelta con el fin de conseguir una correcta tensi\u00f3n. El operario conectar\u00e1 su antica\u00edda deslizante o dispositivo retr\u00e1ctil a la LINEA DE VIDA TEMPORAL tras comprobar el estado del material y verificar que se hayan realizado los controles anuales.<\/p>\n<h2>\n\t\t\t\t\t\t\t\t\t\t\t\tSEGURIDAD<br \/>\n\t\t\t\t\t\t\t\t\t\t\t<\/h2>\n<p>El antica\u00edda utilizado deber\u00e1 necesariamente estar conforme a las normas y no desarrollar, cuando se produzca una ca\u00edda, un p\u00ecco de fuerza superior a los 600 daN autorizados.Una cuerda no es un dispositivo antica\u00edda. El conjunto es entregado en una bolsa impermeable con el fin de proteger el material durante el desplazamiento.<\/p>\n<h2>\n\t\t\t\t\t\t\t\t\t\t\t\tFORMACI\u00d3N<br \/>\n\t\t\t\t\t\t\t\t\t\t\t<\/h2>\n<p>La seguridad del trabajo en altura: \u00abConceptos generales\u00bb, \u00abcubiertas\u00bb.<\/p>\n<p>\t\t\t\t\t<!-- \/content --><br \/>\n\t<!-- \/tabs --><\/p>\n","protected":false},"excerpt":{"rendered":"<p>TODOS NUESTROS PRODUCTOS Protecci\u00f3n individual L\u00ednea de vida temporal La LINEA DE VIDA TEMPORAL necesita de una estructura suficientemente resistente donde se fijar\u00e1n en sus extremidades las 2 cintas de&hellip;<\/p>\n","protected":false},"author":7,"featured_media":13658,"parent":13516,"menu_order":0,"comment_status":"closed","ping_status":"open","template":"","meta":[],"_links":{"self":[{"href":"https:\/\/gamesystem.com\/es\/wp-json\/wp\/v2\/pages\/13657"}],"collection":[{"href":"https:\/\/gamesystem.com\/es\/wp-json\/wp\/v2\/pages"}],"about":[{"href":"https:\/\/gamesystem.com\/es\/wp-json\/wp\/v2\/types\/page"}],"author":[{"embeddable":true,"href":"https:\/\/gamesystem.com\/es\/wp-json\/wp\/v2\/users\/7"}],"replies":[{"embeddable":true,"href":"https:\/\/gamesystem.com\/es\/wp-json\/wp\/v2\/comments?post=13657"}],"version-history":[{"count":0,"href":"https:\/\/gamesystem.com\/es\/wp-json\/wp\/v2\/pages\/13657\/revisions"}],"up":[{"embeddable":true,"href":"https:\/\/gamesystem.com\/es\/wp-json\/wp\/v2\/pages\/13516"}],"wp:featuredmedia":[{"embeddable":true,"href":"https:\/\/gamesystem.com\/es\/wp-json\/wp\/v2\/media\/13658"}],"wp:attachment":[{"href":"https:\/\/gamesystem.com\/es\/wp-json\/wp\/v2\/media?parent=13657"}],"curies":[{"name":"wp","href":"https:\/\/api.w.org\/{rel}","templated":true}]}}