{"id":13654,"date":"2018-02-21T14:02:33","date_gmt":"2018-02-21T14:02:33","guid":{"rendered":"https:\/\/preprod.gamesystem.com\/produits\/protection-individuelle\/longe-double\/"},"modified":"2018-11-14T08:08:41","modified_gmt":"2018-11-14T08:08:41","slug":"elemento-de-doble-amarre-fijo","status":"publish","type":"page","link":"https:\/\/gamesystem.com\/es\/productos\/conexion-anticaidas\/elemento-de-doble-amarre-fijo\/","title":{"rendered":"Elemento de doble amarre fijo"},"content":{"rendered":"<p>\t<a href=\"https:\/\/gamesystem.com\/es\/productos\/\" target=\"_self\" ><\/a><br \/>\n\t\t<strong> TODOS NUESTROS PRODUCTOS <\/strong><br \/>\n\t<a href=\"https:\/\/gamesystem.com\/es\/productos\/conexion-anticaidas\/\" target=\"_self\" ><\/a><br \/>\n\t\t<strong>Conexi\u00f3n antica\u00eddas <\/strong>\t\t\t<\/p>\n<h1>Elemento de doble amarre fij<\/h1>\n<p>Un ELEMENTO DOBLE DE AMARRE FIJO en \u201cY\u201d no debe exceder, incluyendo sus conectores, de 2m. El est\u00e1ndar de cinta tubular el\u00e1stica dispone en cada extremidad de la \u201cY\u201d de un gancho auto-bloqueo de 60 mm y en el otro extremo de un conector. En reposo mide 76 mm y durante su utilizaci\u00f3n mide 1 m. Se puede elegir de varias longitudes, as\u00ed como el tipo de conector.<\/p>\n<p>\t\t\t\t<a href=\"https:\/\/gamesystem.com\/wp-content\/uploads\/2018\/05\/Longe-double-pour-travaux-en-hauteur.png\" target=\"_self\" itemprop=\"url\"><br \/>\n\t\t\t\t<img decoding=\"async\" loading=\"lazy\" src=\"https:\/\/gamesystem.com\/wp-content\/uploads\/2018\/05\/Longe-double-pour-travaux-en-hauteur.png\" alt=\"longe double pour interventions en hauteur\" itemprop=\"image\" height=\"600\" width=\"800\" title=\"Longe-double-pour-travaux-en-hauteur\"  \/><br \/>\n\t\t\t\t<\/a><br \/>\n\t\t\t<a href=\"https:\/\/gamesystem.com\/wp-content\/uploads\/2018\/09\/Elemento-de-doble-amarre-fijo-Gamesystem.pdf\" target=\"_blank\" rel=\"noopener\"><br \/>\n\t\t\t\t\t\t\t\tFicha del producto<br \/>\n\t\t\t\t\t\t\t<\/a><br \/>\n\t\t\t<a href=\"https:\/\/gamesystem.com\/wp-content\/uploads\/2018\/09\/Notice-dutilisation-Longe-sangle-Elastique-simple-ou-double.pdf\" target=\"_blank\" rel=\"noopener\"><br \/>\n\t\t\t\t\t\t\t\tInstrucciones de uso<br \/>\n\t\t\t\t\t\t\t<\/a><\/p>\n<nav>\n<ul>\n<li data-index=\"0\">\n<h2>\n\t\t\t\t\t\t<a href=\"javascript:void(0);\">\u00bfCU\u00c1NDO UTILIZARLO? <\/a><br \/>\n\t\t\t\t\t<\/h2>\n<\/li>\n<li data-index=\"1\">\n<h2>\n\t\t\t\t\t\t<a href=\"javascript:void(0);\">SEGURIDAD<\/a><br \/>\n\t\t\t\t\t<\/h2>\n<\/li>\n<li data-index=\"2\">\n<h2>\n\t\t\t\t\t\t<a href=\"javascript:void(0);\">FORMACI\u00d3N<\/a><br \/>\n\t\t\t\t\t<\/h2>\n<\/li>\n<\/ul>\n<\/nav>\n<h2>\n\t\t\t\t\t\t\t\t\t\t\t\t\u00bfCU\u00c1NDO UTILIZARLO?<br \/>\n\t\t\t\t\t\t\t\t\t\t\t<\/h2>\n<p>Un ELEMENTO DOBLE DE AMARRE FIJO en \u201cY\u201d, es utilizado como sistema de conexi\u00f3n en un sistema contra ca\u00eddas. Sirve para impedir la ca\u00edda, no para detenerla.<\/p>\n<p>Cuando hay un desplazamiento horizontal por dispositivo de anclaje flexible horizontal con soportes intermedios, el ELEMENTO DOBLE \u201cY\u201d permite el anclaje sobre el nuevo tramo antes de desengancharse del primero.<\/p>\n<p>Cuando se sube por una escalera met\u00e1lica vertical que no est\u00e1 equipada de un dispositivo antica\u00edda, la utilizaci\u00f3n del elemento de amarre en \u201cY\u201d es recomendable.<\/p>\n<h2>\n\t\t\t\t\t\t\t\t\t\t\t\tSEGURIDAD<br \/>\n\t\t\t\t\t\t\t\t\t\t\t<\/h2>\n<p>Hemos elegido una cinta tubular el\u00e1stica para evitar engancharse con el elemento, mientras lo transporta el operario.<\/p>\n<h2>\n\t\t\t\t\t\t\t\t\t\t\t\tFORMACI\u00d3N<br \/>\n\t\t\t\t\t\t\t\t\t\t\t<\/h2>\n<p>La seguridad del trabajo en altura: \u00abConceptos generales\u00bb, \u00abTelecomunicaciones\u00bb, \u00abCubiertas\u00bb.<\/p>\n<p>\t\t\t\t\t<!-- \/content --><br \/>\n\t<!-- \/tabs --><\/p>\n","protected":false},"excerpt":{"rendered":"<p>TODOS NUESTROS PRODUCTOS Conexi\u00f3n antica\u00eddas Elemento de doble amarre fij Un ELEMENTO DOBLE DE AMARRE FIJO en \u201cY\u201d no debe exceder, incluyendo sus conectores, de 2m. El est\u00e1ndar de cinta&hellip;<\/p>\n","protected":false},"author":7,"featured_media":0,"parent":13755,"menu_order":0,"comment_status":"closed","ping_status":"open","template":"","meta":[],"_links":{"self":[{"href":"https:\/\/gamesystem.com\/es\/wp-json\/wp\/v2\/pages\/13654"}],"collection":[{"href":"https:\/\/gamesystem.com\/es\/wp-json\/wp\/v2\/pages"}],"about":[{"href":"https:\/\/gamesystem.com\/es\/wp-json\/wp\/v2\/types\/page"}],"author":[{"embeddable":true,"href":"https:\/\/gamesystem.com\/es\/wp-json\/wp\/v2\/users\/7"}],"replies":[{"embeddable":true,"href":"https:\/\/gamesystem.com\/es\/wp-json\/wp\/v2\/comments?post=13654"}],"version-history":[{"count":0,"href":"https:\/\/gamesystem.com\/es\/wp-json\/wp\/v2\/pages\/13654\/revisions"}],"up":[{"embeddable":true,"href":"https:\/\/gamesystem.com\/es\/wp-json\/wp\/v2\/pages\/13755"}],"wp:attachment":[{"href":"https:\/\/gamesystem.com\/es\/wp-json\/wp\/v2\/media?parent=13654"}],"curies":[{"name":"wp","href":"https:\/\/api.w.org\/{rel}","templated":true}]}}