{"id":13651,"date":"2018-07-17T09:04:54","date_gmt":"2018-07-17T09:04:54","guid":{"rendered":"https:\/\/preprod.gamesystem.com\/produits\/protection-individuelle\/point-dancrage\/"},"modified":"2019-02-12T14:02:43","modified_gmt":"2019-02-12T14:02:43","slug":"plaqueta-de-anclaje","status":"publish","type":"page","link":"https:\/\/gamesystem.com\/es\/productos\/proteccion-individual\/plaqueta-de-anclaje\/","title":{"rendered":"Plaqueta de anclaje"},"content":{"rendered":"\n\t<a href=\"https:\/\/gamesystem.com\/es\/productos\/\" target=\"_self\" ><\/a>\n\t\t<strong> TODOS NUESTROS PRODUCTOS <\/strong>\t\t\t\n\t<a href=\"https:\/\/gamesystem.com\/es\/productos\/proteccion-individual\/\" target=\"_self\" ><\/a>\n\t\t<strong> Protecci\u00f3n individual <\/strong>\t\t\t\n\t\t\t<h1>Plaqueta de anclaje<\/h1>\t\t\t\n\t\t\t\t<p>La PLAQUETA DE ANCLAJE, realizada en acero inox 316, tiene un taladro de 13 mm de di\u00e1metro para su fijaci\u00f3n con un tornillo de M12 mm y un orificio ovalado que facilita la utilizaci\u00f3n de conectores tales como un gancho auto-bloqueo de 60 mm de di\u00e1metro. Cuando se produce una ca\u00edda, la plaqueta se deforma absorbiendo energ\u00eda y reduciendo as\u00ed los esfuerzos transmitidos a la estructura.<\/p>\n\t\t\t\t<a href=\"https:\/\/gamesystem.com\/wp-content\/uploads\/2018\/07\/plaquette-d-ancrage-pour-travail-en-hauteur-en-s\u00e9curit\u00e9.png\" target=\"_self\" itemprop=\"url\">\n\t\t\t\t<img decoding=\"async\" loading=\"lazy\" src=\"https:\/\/gamesystem.com\/wp-content\/uploads\/2018\/07\/plaquette-d-ancrage-pour-travail-en-hauteur-en-s\u00e9curit\u00e9.png\" alt=\"point d'ancrage pour travaux en hauteur en s\u00e9curit\u00e9\" itemprop=\"image\" height=\"600\" width=\"800\" title=\"plaquette-d-ancrage-pour-travail-en-hauteur-en-s\u00e9curit\u00e9\" onerror=\"this.style.display='none'\"  \/>\n\t\t\t\t<\/a>\n\t\t\t<a href=\"https:\/\/gamesystem.com\/wp-content\/uploads\/2018\/09\/Plaqueta-Gamesystem.pdf\" target=\"_blank\" rel=\"noopener nofollow\">\n\t\t\t\t\t\t\t\tFicha del producto\n\t\t\t\t\t\t\t<\/a>\n\t\t\t<a href=\"https:\/\/gamesystem.com\/wp-content\/uploads\/2019\/02\/Plaquetas-ES.pdf\" target=\"_blank\" rel=\"noopener nofollow\">\n\t\t\t\t\t\t\t\tInstrucciones de uso\n\t\t\t\t\t\t\t<\/a>\n\t\t<nav>\n\t\t\t<ul>\n\t\t\t\t\t\t\t\t<li data-index=\"0\">\n\t\t\t\t\t<h2>\n\t\t\t\t\t\t<a href=\"javascript:void(0);\">\u00bfCU\u00c1NDO UTILIZARLO? <\/a>\n\t\t\t\t\t<\/h2>\n\t\t\t\t<\/li>\n\t\t\t\t\t\t\t\t<li data-index=\"1\">\n\t\t\t\t\t<h2>\n\t\t\t\t\t\t<a href=\"javascript:void(0);\">SEGURIDAD<\/a>\n\t\t\t\t\t<\/h2>\n\t\t\t\t<\/li>\n\t\t\t\t\t\t\t\t<li data-index=\"2\">\n\t\t\t\t\t<h2>\n\t\t\t\t\t\t<a href=\"javascript:void(0);\">FORMACI\u00d3N<\/a>\n\t\t\t\t\t<\/h2>\n\t\t\t\t<\/li>\n\t\t\t\t\t\t\t<\/ul>\n\t\t<\/nav>\n\t\t\t\t\t<h2>\n\t\t\t\t\t\t\t\t\t\t\t\t\u00bfCU\u00c1NDO UTILIZARLO? \n\t\t\t\t\t\t\t\t\t\t\t<\/h2>\n\t\t\t\t\t<p>Cuando hay que intervenir regularmente en desplazamientos horizontales. Ejemplos: limpieza de ventanas o mantenimiento de una m\u00e1quina, un dispositivo de anclaje tal como la PLAQUETA DE ANCLAJE es la soluci\u00f3n. Ser\u00e1 instalada permanentemente en una estructura fi ja o embridada de manera vertical y preferentemente entre 0,40 a 0,60 m por encima del punto de anclaje del arn\u00e9s. El operario conectar\u00e1 su antica\u00edda o dispositivo retr\u00e1ctil a la PLAQUETA DE ANCLAJE, tras comprobar la calidad de la instalaci\u00f3n y verifi car que se hayan realizado los controles anuales.<\/p>\n\t\t\t\t\t<h2>\n\t\t\t\t\t\t\t\t\t\t\t\tSEGURIDAD\n\t\t\t\t\t\t\t\t\t\t\t<\/h2>\n\t\t\t\t\t<p>El antica\u00edda utilizado deber\u00e1 necesariamente estar conforme a las normas con el fi n de no desarrollar, cuando se produzca una ca\u00edda, un pico de fuerza superior a los 600 daN autorizados. Una cuerda no es un dispositivo.<\/p>\n\t\t\t\t\t<h2>\n\t\t\t\t\t\t\t\t\t\t\t\tFORMACI\u00d3N\n\t\t\t\t\t\t\t\t\t\t\t<\/h2>\n\t\t\t\t\t<p>La seguridad del trabajo en altura: \u00abConceptos generales\u00bb.<\/p>\n\t\t\t\t\t<!-- \/content -->\n\t<!-- \/tabs -->\n","protected":false},"excerpt":{"rendered":"<p>TODOS NUESTROS PRODUCTOS Protecci\u00f3n individual Plaqueta de anclaje La PLAQUETA DE ANCLAJE, realizada en acero inox 316, tiene un taladro de 13 mm de di\u00e1metro para su fijaci\u00f3n con un&hellip;<\/p>\n","protected":false},"author":2,"featured_media":0,"parent":13516,"menu_order":0,"comment_status":"closed","ping_status":"open","template":"","meta":[],"_links":{"self":[{"href":"https:\/\/gamesystem.com\/es\/wp-json\/wp\/v2\/pages\/13651"}],"collection":[{"href":"https:\/\/gamesystem.com\/es\/wp-json\/wp\/v2\/pages"}],"about":[{"href":"https:\/\/gamesystem.com\/es\/wp-json\/wp\/v2\/types\/page"}],"author":[{"embeddable":true,"href":"https:\/\/gamesystem.com\/es\/wp-json\/wp\/v2\/users\/2"}],"replies":[{"embeddable":true,"href":"https:\/\/gamesystem.com\/es\/wp-json\/wp\/v2\/comments?post=13651"}],"version-history":[{"count":0,"href":"https:\/\/gamesystem.com\/es\/wp-json\/wp\/v2\/pages\/13651\/revisions"}],"up":[{"embeddable":true,"href":"https:\/\/gamesystem.com\/es\/wp-json\/wp\/v2\/pages\/13516"}],"wp:attachment":[{"href":"https:\/\/gamesystem.com\/es\/wp-json\/wp\/v2\/media?parent=13651"}],"curies":[{"name":"wp","href":"https:\/\/api.w.org\/{rel}","templated":true}]}}