{"id":13641,"date":"2018-01-18T09:21:29","date_gmt":"2018-01-18T09:21:29","guid":{"rendered":"https:\/\/preprod.gamesystem.com\/securisation-des-outils-de-production\/"},"modified":"2021-11-10T11:53:30","modified_gmt":"2021-11-10T10:53:30","slug":"seguridad-en-cadenas-de-montaje","status":"publish","type":"page","link":"https:\/\/gamesystem.com\/es\/seguridad-en-cadenas-de-montaje\/","title":{"rendered":"Cadenas de montaje"},"content":{"rendered":"\n\n\t\t\t<h1> SEGURIDAD EN CADENAS DE MONTAJE<\/h1>\t\t\t\n\t\t\t\t<p>Las tareas de mantenimiento y la lectura de mediciones obliga a que regularmente los t\u00e9cnicos accedan y trabajen en altura en instalaciones industriales. Para llevar a cabo su trabajo, los operarios deben abandonar la zona segura para pasar a la zona de riesgo donde aparece el riesgo de ca\u00edda. Para evitar un accidente, Gamesystem dise\u00f1a e instala sistemas de protecci\u00f3n colectiva e individual adaptados a todas sus estructuras: carga y descarga de camiones, maquinaria, puente gr\u00faa, camino de rodadura. Descubra c\u00f3mo nuestras soluciones aseguran el acceso y el trabajo de los operarios en sus instalaciones industriales.<\/p>\n\t\t\t\t<img decoding=\"async\" src=\"https:\/\/gamesystem.com\/wp-content\/uploads\/2018\/09\/Quai-de-d\u00e9potage-pour-les-interventions-en-hauteur.jpg\" alt=\"s\u00e9curisation des interventions sur camion\"\/>\n\t\t\t<p>CARGA Y DESCARGA DE CAMIONES<\/p>\n\t\t\t\t<img decoding=\"async\" src=\"https:\/\/gamesystem.com\/wp-content\/uploads\/2018\/05\/s\u00e9curisation-machine-de-production-avec-echelle-et-rail-pour-travaux-en-hauteur.jpg\" alt=\"machine s\u00e9curi\u00e9e grace \u00e0 un rail de s\u00e9curit\u00e9\"\/>\n\t\t\t<p>MAQUINARIA<\/p>\n\t\t\t\t<img decoding=\"async\" src=\"https:\/\/gamesystem.com\/wp-content\/uploads\/2018\/05\/s\u00e9curiser-un-pont-roulant-pour-op\u00e9ration-de-maintenance.jpg\" alt=\"s\u00e9curisation d&#039;un pont roulant\"\/>\n\t\t\t<p>PUENTE GR\u00daA<\/p>\n\t\t\t\t<img decoding=\"async\" src=\"https:\/\/gamesystem.com\/wp-content\/uploads\/2018\/05\/travail-en-hauteur-sur-transstocker.jpg\" alt=\"travail sur transstockeur\"\/>\n\t\t\t<p>CAMINO DE RODADURA<\/p>\n\t\t\t<h2>Protecci\u00f3n colectiva<\/h2>\n\t\t\t\t\t\t\t\t\t\t\t<img decoding=\"async\" src=\"https:\/\/gamesystem.com\/wp-content\/uploads\/2021\/09\/garde-corps-1.jpg\" alt=\"garde-corps\"\/>\n\t\t\t\t\t\t<h3>\n\t\t\t\t\t\tBarandillas\t\t<\/h3>\n\t\t\t\t\t\t\t\t\t\t\t<img decoding=\"async\" src=\"https:\/\/gamesystem.com\/wp-content\/uploads\/2021\/09\/protection-collectibe_0010_20210511_121511.jpg\" alt=\"protection collectibe_0010_20210511_121511\"\/>\n\t\t\t\t\t\t<h3>\n\t\t\t\t\t\tBarrera basculante\t\t<\/h3>\n\t\t\t\t\t\t\t\t\t\t\t<img decoding=\"async\" src=\"https:\/\/gamesystem.com\/wp-content\/uploads\/2021\/09\/protection-collectibe_0004_IMG_5326.jpg\" alt=\"protection collectibe_0004_IMG_5326\"\/>\n\t\t\t\t\t\t<h3>\n\t\t\t\t\t\tSOLUCIONES MODULARES\t\t<\/h3>\n\t\t\t\t\t\t\t\t\t\t\t<img decoding=\"async\" src=\"https:\/\/gamesystem.com\/wp-content\/uploads\/2021\/09\/protection-collectibe_0001_Plateforme-suspendue-1.jpg\" alt=\"protection collectibe_0001_Plateforme suspendue (1)\"\/>\n\t\t\t\t\t\t<h3>\n\t\t\t\t\t\tPlataforma\t\t<\/h3>\n\t\t\t\t\t\t\t\t\t\t\t<img decoding=\"async\" src=\"https:\/\/gamesystem.com\/wp-content\/uploads\/2021\/09\/protection-collectibe_0000_ECHAFAUDAGES-ROULANTS-ALLUMINIUM_TOTEM-2-LINE-180_SITU_1-1.jpg\" alt=\"\"\/>\n\t\t\t\t\t\t<h3>\n\t\t\t\t\t\tANDAMIO RODANTE\t\t<\/h3>\n\t\t\t\t\t\t\t\t\t\t\t<img decoding=\"async\" src=\"https:\/\/gamesystem.com\/wp-content\/uploads\/2021\/09\/protection-collectibe_0011_chantier-CERNAY-005.jpg\" alt=\"protection collectibe_0011_chantier-CERNAY-005\"\/>\n\t\t\t\t\t\t<h3>\n\t\t\t\t\t\tEscalera de crinolina\t\t<\/h3>\n\t<p>Siempre que la estructura permita la instalaci\u00f3n de protecci\u00f3n colectiva (barandilla, pasarela o escalera de gato), prevalecer\u00e1 sobre la individual. Sus t\u00e9cnicos podr\u00e1n trabajar en altura de manera segura sin tener que usar EPI antica\u00edda.<\/p>\n\t\t\t<h2>SISTEMAS DE ANCLAJE<\/h2>\n\t\t<a href=\"https:\/\/gamesystem.com\/es\/punto-de-anclaje\/\" target=\"_blank\" rel=\"noopener\">\n\t\t\t\t\t\t\t\t\t\t\t<img decoding=\"async\" src=\"https:\/\/gamesystem.com\/wp-content\/uploads\/2021\/09\/Sans-titre-2_0001_Visu-Plaquette-GO-min.jpg\" alt=\"Sans titre-2_0001_Visu Plaquette GO-min\"\/>\n\t\t\t\t\t\t<h3>\n\t\t\t\t\t\tPunto de <br \/> anclaje\t\t<\/h3>\n\t\t<\/a>\n\t\t<a href=\"https:\/\/gamesystem.com\/es\/doble-rail-de-seguridad\/\" target=\"_blank\" rel=\"noopener\">\n\t\t\t\t\t\t\t\t\t\t\t<img decoding=\"async\" src=\"https:\/\/gamesystem.com\/wp-content\/uploads\/2021\/09\/Sans-titre-2.jpg\" alt=\"Sans-titre-2\"\/>\n\t\t\t\t\t\t<h3>\n\t\t\t\t\t\tDOBLE RA\u00cdL <br \/> DE SEGURIDAD\t\t<\/h3>\n\t\t<\/a>\n\t\t<a href=\"https:\/\/gamesystem.com\/es\/linea-de-vida\/\" target=\"_blank\" rel=\"noopener\">\n\t\t\t\t\t\t\t\t\t\t\t<img decoding=\"async\" src=\"https:\/\/gamesystem.com\/wp-content\/uploads\/2021\/09\/Sans-titre-2_0004_chariot11-min.jpg\" alt=\"Sans titre-2_0004_chariot11-min\"\/>\n\t\t\t\t\t\t<h3>\n\t\t\t\t\t\tL\u00ednea de vida<br \/> Gamesystem\t\t<\/h3>\n\t\t<\/a>\n\t\t<a href=\"https:\/\/gamesystem.com\/es\/rail-con-escalera-corredera\/\" target=\"_blank\" rel=\"noopener\">\n\t\t\t\t\t\t\t\t\t\t\t<img decoding=\"async\" src=\"https:\/\/gamesystem.com\/wp-content\/uploads\/2021\/09\/Sans-titre-2_0006_FSET-REAL-VIEW-min.jpg\" alt=\"Sans titre-2_0006_FSET REAL VIEW-min\"\/>\n\t\t\t\t\t\t<h3>\n\t\t\t\t\t\tRA\u00cdL CON <br \/> ESCALERA CORREDERA\t\t<\/h3>\n\t\t<\/a>\n\t\t<a href=\"https:\/\/gamesystem.com\/es\/poste-extraible\/\" target=\"_blank\" rel=\"noopener\">\n\t\t\t\t\t\t\t\t\t\t\t<img decoding=\"async\" src=\"https:\/\/gamesystem.com\/wp-content\/uploads\/2021\/09\/Sans-titre-2_0002_Potence-min.jpg\" alt=\"Sans titre-2_0002_Potence-min\"\/>\n\t\t\t\t\t\t<h3>\n\t\t\t\t\t\tPOSTE <br \/> EXTRA\u00cdBLE\t\t<\/h3>\n\t\t<\/a>\n\t\t<a href=\"https:\/\/gamesystem.com\/es\/portico-de-carga-y-descarga\/\" target=\"_blank\" rel=\"noopener\">\n\t\t\t\t\t\t\t\t\t\t\t<img decoding=\"async\" src=\"https:\/\/gamesystem.com\/wp-content\/uploads\/2021\/09\/Sans-titre-2_0007_quai4-min.jpg\" alt=\"Sans titre-2_0007_quai4-min\"\/>\n\t\t\t\t\t\t<h3>\n\t\t\t\t\t\tP\u00d3RTICO DE br>CARGA Y DESCARGA\t\t<\/h3>\n\t\t<\/a>\n\t\t<a href=\"https:\/\/gamesystem.com\/es\/rail-de-seguridad\/\" target=\"_blank\" rel=\"noopener\">\n\t\t\t\t\t\t\t\t\t\t\t<img decoding=\"async\" src=\"https:\/\/gamesystem.com\/wp-content\/uploads\/2021\/09\/Sans-titre-2_0005_RAIL-CHARIOT-min.jpg\" alt=\"Sans titre-2_0005_RAIL + CHARIOT-min\"\/>\n\t\t\t\t\t\t<h3>\n\t\t\t\t\t\tRA\u00cdL DE <br \/> SEGURIDAD\t\t<\/h3>\n\t\t<\/a>\n\t\t<a href=\"https:\/\/gamesystem.com\/es\/horca-movil\/\" target=\"_blank\" rel=\"noopener\">\n\t\t\t\t\t\t\t\t\t\t\t<img decoding=\"async\" src=\"https:\/\/gamesystem.com\/wp-content\/uploads\/2021\/09\/Sans-titre-2_0008_Heronnnn.jpg\" alt=\"Sans titre-2_0008_Heronnnn\"\/>\n\t\t\t\t\t\t<h3>\n\t\t\t\t\t\tHORCA <br \/> M\u00d3VIL\t\t<\/h3>\n\t\t<\/a>\n\t<p>Adem\u00e1s de la protecci\u00f3n colectiva, se podr\u00e1 instalar elementos de protecci\u00f3n individual para que los operarios puedan circular de manera segura por las cadenas de montaje. El trabajador se conecta a los dispositivos y puede moverse libremente sin riesgos de ca\u00edda.<\/p>\n\t\t\t<h2>EPI contra riesgos de ca\u00edda en altura<\/h2>\n\t<a href=\"https:\/\/gamesystem.com\/es\/equipos-proteccion-individual\/#harnais1\" target=\"_self\" rel=\"noopener\"><\/a> \n\t\t\t\t<img decoding=\"async\" src=\"https:\/\/gamesystem.com\/wp-content\/uploads\/2021\/09\/harnais-unyc-3.jpg\" alt=\"\" title=\"\" itemprop=\"image\"\/>\n\t\t<h3>ARN\u00c9S<\/h3>\t\t\t\n\t<a href=\"https:\/\/gamesystem.com\/es\/equipos-proteccion-individual\/#antichute1\" target=\"_self\" rel=\"noopener\"><\/a> \n\t\t\t\t<img decoding=\"async\" src=\"https:\/\/gamesystem.com\/wp-content\/uploads\/2021\/09\/ANTICHUTE-A-SANGLE-OU-CABLE_0014_FA-20-402-10B-10S-min.jpg\" alt=\"\" title=\"\" itemprop=\"image\"\/>\n\t\t<h3>ANTICA\u00cdDAS<\/h3>\t\t\t\n\t<a href=\"https:\/\/gamesystem.com\/es\/equipos-proteccion-individual\/#perches1\" target=\"_self\" rel=\"noopener\"><\/a> \n\t\t\t\t<img decoding=\"async\" src=\"https:\/\/gamesystem.com\/wp-content\/uploads\/2021\/09\/perche-antichute-2.jpg\" alt=\"\" title=\"\" itemprop=\"image\"\/>\n\t\t<h3>P\u00c9RTIGA<\/h3>\t\t\t\n\t<a href=\"https:\/\/gamesystem.com\/es\/equipos-proteccion-individual\/#sangles1\" target=\"_self\" rel=\"noopener\"><\/a> \n\t\t\t\t<img decoding=\"async\" src=\"https:\/\/gamesystem.com\/wp-content\/uploads\/2021\/09\/epi-antichute-gamesystem_0020_p1-min.jpg\" alt=\"\" title=\"\" itemprop=\"image\"\/>\n\t\t<h3>CINTA DE ANCLAJE<\/h3>\t\t\t\n\t<a href=\"https:\/\/gamesystem.com\/es\/equipos-proteccion-individual\/#longes1\" target=\"_self\" rel=\"noopener\"><\/a> \n\t\t\t\t<img decoding=\"async\" src=\"https:\/\/gamesystem.com\/wp-content\/uploads\/2021\/09\/epi-antichute-gamesystem_0011_l1-min.jpg\" alt=\"\" title=\"\" itemprop=\"image\"\/>\n\t\t<h3>EQUIPO DE AMARRE <\/h3>\t\t\t\n\t<a href=\"https:\/\/gamesystem.com\/es\/equipos-proteccion-individual\/#ligneprovisoire1\" target=\"_self\" rel=\"noopener\"><\/a> \n\t\t\t\t<img decoding=\"async\" src=\"https:\/\/gamesystem.com\/wp-content\/uploads\/2021\/09\/epi-antichute-gamesystem_0001_LINEA-DE-VIDA-HORIZONT-COMPLET-UNYC-MUESTRA-V2_300ppp-min.jpg\" alt=\"\" title=\"\" itemprop=\"image\"\/>\n\t\t<h3>L\u00cdNEA DE VIDA PROVISIONAL<\/h3>\t\t\t\n\t<a href=\"https:\/\/gamesystem.com\/es\/equipos-proteccion-individual\/#evac1\" target=\"_self\" rel=\"noopener\"><\/a> \n\t\t\t\t<img decoding=\"async\" src=\"https:\/\/gamesystem.com\/wp-content\/uploads\/2021\/09\/epi-antichute-gamesystem_0032_z6.jpg\" alt=\"\" title=\"\" itemprop=\"image\"\/>\n\t\t<h3>EVACUADOR<\/h3>\t\t\t\n\t<p>Para cada situaci\u00f3n de trabajo en altura, hay un EPI antica\u00eddas adecuado. Para garantizar la protecci\u00f3n de sus operarios, Gamesystem (fabricante franc\u00e9s de equipos de protecci\u00f3n individual) puede ofrecerle una amplia gama de productos que cumplen con los est\u00e1ndares y requisitos de los reglamentos.<\/p>\n\t\t\t<h2>VIDEO -TRABAJOS SOBRE CAMIONES<\/h2>\n\t<iframe loading=\"lazy\" width=\"560\" height=\"315\" src=\"https:\/\/www.youtube.com\/embed\/V1RW-ao0P7o?rel=0\" frameborder=\"0\" allow=\"autoplay; encrypted-media\" allowfullscreen><\/iframe>\n\t<p>Este v\u00eddeo destaca varios sistemas de protecci\u00f3n antica\u00eddas para asegurar las intervenciones sobre camiones. El riesgo de ca\u00edda, gracias a nuestras soluciones, ser\u00e1 nulo. Los trabajadores est\u00e1n protegidos y pueden realizar operaciones seguras de carga y descarga..<\/p>\n\t\t\t<h2>NUESTROS MONTAJES &#8211; SEGURIDAD EN ENTORNOS INDUSTRIALES<\/h2>\n\t\t\t\t<a\n\t\t\thref=\"https:\/\/gamesystem.com\/wp-content\/uploads\/2018\/05\/installation-dun-portique-pour-la-s\u00e9curit\u00e9-et-le-chargement-dun-camion.jpg\"\n\t\t\t\t\t\tdata-fancybox=\"images\" \n\t\t\ttitle=\"installation d&amp;#039;un portique pour la s\u00e9curit\u00e9 et le chargement d&amp;#039;un camion\" \n\t\t\t\t\t\tdata-caption=\"Portique pour camion sur fa\u00e7ade\"\n\t\t\t\t\t\tdata-description=\"utilisation et pose de portique dans divers environnements \" \n\t\t\titemprop=\"contentUrl\">\n\t\t<img decoding=\"async\" loading=\"lazy\" src=\"https:\/\/gamesystem.com\/wp-content\/uploads\/2018\/05\/installation-dun-portique-pour-la-s\u00e9curit\u00e9-et-le-chargement-dun-camion.jpg\" alt=\"portique pour quai de d\u00e9potage\" data-no-lazy=\"1\" itemprop=\"thumbnail\" width=\"800\" height=\"600\" \/>\n\t\t\t<!-- Overlay Wrapper -->\n\t\t\t <!-- Overlay Wrapper Closed -->\n\t\t\t\t<\/a>\n\t\t\t\t\t\t\t<meta itemprop=\"width\" content=\"800\" \/>\n\t\t\t<meta itemprop=\"height\" content=\"600\" \/>\n\t\t\t\t<a\n\t\t\thref=\"https:\/\/gamesystem.com\/wp-content\/uploads\/2018\/07\/rail-de-s\u00e9curit\u00e9-sur-pont-roulant.jpg\"\n\t\t\t\t\t\tdata-fancybox=\"images\" \n\t\t\ttitle=\"rail de s\u00e9curit\u00e9 sur pont roulant\" \n\t\t\t\t\t\tdata-caption=\"Rail sous pont roulant\"\n\t\t\t\t\t\tdata-description=\"rail de s\u00e9curit\u00e9 gamesystem\" \n\t\t\titemprop=\"contentUrl\">\n\t\t<img decoding=\"async\" loading=\"lazy\" src=\"https:\/\/gamesystem.com\/wp-content\/uploads\/2018\/07\/rail-de-s\u00e9curit\u00e9-sur-pont-roulant.jpg\" alt=\"\" data-no-lazy=\"1\" itemprop=\"thumbnail\" width=\"800\" height=\"600\" \/>\n\t\t\t<!-- Overlay Wrapper -->\n\t\t\t <!-- Overlay Wrapper Closed -->\n\t\t\t\t<\/a>\n\t\t\t\t\t\t\t<meta itemprop=\"width\" content=\"800\" \/>\n\t\t\t<meta itemprop=\"height\" content=\"600\" \/>\n\t\t\t\t<a\n\t\t\thref=\"https:\/\/gamesystem.com\/wp-content\/uploads\/2018\/05\/travail-en-hauteur-sur-machine.jpg\"\n\t\t\t\t\t\tdata-fancybox=\"images\" \n\t\t\ttitle=\"travail en hauteur sur machine\" \n\t\t\t\t\t\tdata-caption=\"Ligne de vie sur machine\"\n\t\t\t\t\t\tdata-description=\"s\u00e9curit\u00e9 des interventions gr\u00e2ce a la ligne de vie\" \n\t\t\titemprop=\"contentUrl\">\n\t\t<img decoding=\"async\" loading=\"lazy\" src=\"https:\/\/gamesystem.com\/wp-content\/uploads\/2018\/05\/travail-en-hauteur-sur-machine.jpg\" alt=\"Ligne de vie cable sur machine pour s\u00e9curit\u00e9\" data-no-lazy=\"1\" itemprop=\"thumbnail\" width=\"800\" height=\"600\" \/>\n\t\t\t<!-- Overlay Wrapper -->\n\t\t\t <!-- Overlay Wrapper Closed -->\n\t\t\t\t<\/a>\n\t\t\t\t\t\t\t<meta itemprop=\"width\" content=\"800\" \/>\n\t\t\t<meta itemprop=\"height\" content=\"600\" \/>\n\t\t\t\t<a\n\t\t\thref=\"https:\/\/gamesystem.com\/wp-content\/uploads\/2018\/05\/S\u00e9curisation-des-interventions-en-hauteur-sur-pont-roulant-avec-une-ligne-de-vie-cable-1.jpg\"\n\t\t\t\t\t\tdata-fancybox=\"images\" \n\t\t\ttitle=\"S\u00e9curisation des interventions en hauteur sur pont roulant avec une ligne de vie cable\" \n\t\t\t\t\t\tdata-caption=\"Ligne de vie sur chemin pont roulant\"\n\t\t\t\t\t\tdata-description=\"ligne de vie gamesystem sur pont roulant\" \n\t\t\titemprop=\"contentUrl\">\n\t\t<img decoding=\"async\" loading=\"lazy\" src=\"https:\/\/gamesystem.com\/wp-content\/uploads\/2018\/05\/S\u00e9curisation-des-interventions-en-hauteur-sur-pont-roulant-avec-une-ligne-de-vie-cable-1.jpg\" alt=\"technicien \u00e9voluant en s\u00e9curit\u00e9 sur pont roulant\" data-no-lazy=\"1\" itemprop=\"thumbnail\" width=\"800\" height=\"600\" \/>\n\t\t\t<!-- Overlay Wrapper -->\n\t\t\t <!-- Overlay Wrapper Closed -->\n\t\t\t\t<\/a>\n\t\t\t\t\t\t\t<meta itemprop=\"width\" content=\"800\" \/>\n\t\t\t<meta itemprop=\"height\" content=\"600\" \/>\n\t\t\t\t<a\n\t\t\thref=\"https:\/\/gamesystem.com\/wp-content\/uploads\/2018\/05\/S\u00e9curisation-du-personnel-travaillent-en-hauteur-avec-une-solution-antichute-1.jpg\"\n\t\t\t\t\t\tdata-fancybox=\"images\" \n\t\t\ttitle=\"S\u00e9curisation du personnel travaillent en hauteur avec une solution antichute\" \n\t\t\t\t\t\tdata-caption=\"Ligne de vie sur mesure\"\n\t\t\t\t\t\tdata-description=\"operation de maintenance et s\u00e9curisation avec une ligne de vie\" \n\t\t\titemprop=\"contentUrl\">\n\t\t<img decoding=\"async\" loading=\"lazy\" src=\"https:\/\/gamesystem.com\/wp-content\/uploads\/2018\/05\/S\u00e9curisation-du-personnel-travaillent-en-hauteur-avec-une-solution-antichute-1.jpg\" alt=\"Ligne de vie pour faciliter d\u00e9placement\" data-no-lazy=\"1\" itemprop=\"thumbnail\" width=\"800\" height=\"600\" \/>\n\t\t\t<!-- Overlay Wrapper -->\n\t\t\t <!-- Overlay Wrapper Closed -->\n\t\t\t\t<\/a>\n\t\t\t\t\t\t\t<meta itemprop=\"width\" content=\"800\" \/>\n\t\t\t<meta itemprop=\"height\" content=\"600\" \/>\n\t\t\t\t<a\n\t\t\thref=\"https:\/\/gamesystem.com\/wp-content\/uploads\/2018\/07\/s\u00e9curisation-des-cuves.jpg\"\n\t\t\t\t\t\tdata-fancybox=\"images\" \n\t\t\ttitle=\"s\u00e9curisation des cuves\" \n\t\t\t\t\t\tdata-caption=\"C\u00e2ble de s\u00e9curit\u00e9 avec stop chute\"\n\t\t\t\t\t\tdata-description=\"\" \n\t\t\titemprop=\"contentUrl\">\n\t\t<img decoding=\"async\" loading=\"lazy\" src=\"https:\/\/gamesystem.com\/wp-content\/uploads\/2018\/07\/s\u00e9curisation-des-cuves.jpg\" alt=\"s\u00e9curisation de machin avec l'aide de syst\u00e8me antichute\" data-no-lazy=\"1\" itemprop=\"thumbnail\" width=\"800\" height=\"600\" \/>\n\t\t\t<!-- Overlay Wrapper -->\n\t\t\t <!-- Overlay Wrapper Closed -->\n\t\t\t\t<\/a>\n\t\t\t\t\t\t\t<meta itemprop=\"width\" content=\"800\" \/>\n\t\t\t<meta itemprop=\"height\" content=\"600\" \/>\n\t\t\t\t<a\n\t\t\thref=\"https:\/\/gamesystem.com\/wp-content\/uploads\/2018\/05\/s\u00e9curisation-dun-pont-roulant-avec-ligne-de-vie.jpg\"\n\t\t\t\t\t\tdata-fancybox=\"images\" \n\t\t\ttitle=\"s\u00e9curisation d&amp;#039;un pont roulant avec ligne de vie\" \n\t\t\t\t\t\tdata-caption=\"Ligne de vie sur pont roulant\"\n\t\t\t\t\t\tdata-description=\"deux op\u00e9rateurs \u00e9voluant en hauteur sur un pont roulant\" \n\t\t\titemprop=\"contentUrl\">\n\t\t<img decoding=\"async\" loading=\"lazy\" src=\"https:\/\/gamesystem.com\/wp-content\/uploads\/2018\/05\/s\u00e9curisation-dun-pont-roulant-avec-ligne-de-vie.jpg\" alt=\"travail sur pont roulant avec une ligne de vie et un harnais de s\u00e9curit\u00e9\" data-no-lazy=\"1\" itemprop=\"thumbnail\" width=\"800\" height=\"600\" \/>\n\t\t\t<!-- Overlay Wrapper -->\n\t\t\t <!-- Overlay Wrapper Closed -->\n\t\t\t\t<\/a>\n\t\t\t\t\t\t\t<meta itemprop=\"width\" content=\"800\" \/>\n\t\t\t<meta itemprop=\"height\" content=\"600\" \/>\n\t\t\t\t<a\n\t\t\thref=\"https:\/\/gamesystem.com\/wp-content\/uploads\/2018\/05\/portique-pour-la-s\u00e9curit\u00e9-des-interventions-et-pour-chargement-de-camion.jpg\"\n\t\t\t\t\t\tdata-fancybox=\"images\" \n\t\t\ttitle=\"portique pour la s\u00e9curit\u00e9 des interventions et pour chargement de camion\" \n\t\t\t\t\t\tdata-caption=\"Portique de charhement \"\n\t\t\t\t\t\tdata-description=\"portique avec un rail et systeme anti chute\" \n\t\t\titemprop=\"contentUrl\">\n\t\t<img decoding=\"async\" loading=\"lazy\" src=\"https:\/\/gamesystem.com\/wp-content\/uploads\/2018\/05\/portique-pour-la-s\u00e9curit\u00e9-des-interventions-et-pour-chargement-de-camion.jpg\" alt=\"quai de d\u00e9potage avec portique\" data-no-lazy=\"1\" itemprop=\"thumbnail\" width=\"800\" height=\"600\" \/>\n\t\t\t<!-- Overlay Wrapper -->\n\t\t\t <!-- Overlay Wrapper Closed -->\n\t\t\t\t<\/a>\n\t\t\t\t\t\t\t<meta itemprop=\"width\" content=\"800\" \/>\n\t\t\t<meta itemprop=\"height\" content=\"600\" \/>\n\t\n\t\n\t\n\t\n\n","protected":false},"excerpt":{"rendered":"<p>SEGURIDAD EN CADENAS DE MONTAJE Las tareas de mantenimiento y la lectura de mediciones obliga a que regularmente los t\u00e9cnicos accedan y trabajen en altura en instalaciones industriales. Para llevar&hellip;<\/p>\n","protected":false},"author":7,"featured_media":0,"parent":0,"menu_order":0,"comment_status":"closed","ping_status":"open","template":"","meta":[],"_links":{"self":[{"href":"https:\/\/gamesystem.com\/es\/wp-json\/wp\/v2\/pages\/13641"}],"collection":[{"href":"https:\/\/gamesystem.com\/es\/wp-json\/wp\/v2\/pages"}],"about":[{"href":"https:\/\/gamesystem.com\/es\/wp-json\/wp\/v2\/types\/page"}],"author":[{"embeddable":true,"href":"https:\/\/gamesystem.com\/es\/wp-json\/wp\/v2\/users\/7"}],"replies":[{"embeddable":true,"href":"https:\/\/gamesystem.com\/es\/wp-json\/wp\/v2\/comments?post=13641"}],"version-history":[{"count":0,"href":"https:\/\/gamesystem.com\/es\/wp-json\/wp\/v2\/pages\/13641\/revisions"}],"wp:attachment":[{"href":"https:\/\/gamesystem.com\/es\/wp-json\/wp\/v2\/media?parent=13641"}],"curies":[{"name":"wp","href":"https:\/\/api.w.org\/{rel}","templated":true}]}}