{"id":13638,"date":"2018-01-18T09:22:04","date_gmt":"2018-01-18T09:22:04","guid":{"rendered":"https:\/\/preprod.gamesystem.com\/securisation-des-espaces-confines\/"},"modified":"2025-06-02T09:45:02","modified_gmt":"2025-06-02T07:45:02","slug":"seguridad-en-espacios-confinados","status":"publish","type":"page","link":"https:\/\/gamesystem.com\/es\/seguridad-en-espacios-confinados\/","title":{"rendered":"Espacios confinados"},"content":{"rendered":"\n\n\t\t\t<h2>SEGURIDAD EN ESPACIOS CONFINADOS<\/h2>\t\t\t\n\t\t\t\t<p>Los espacios confinados se encuentran entre los entornos con mayor riesgo para la salud y la seguridad de los trabajadores. En este contexto, es esencial que se instalen soluciones de protecci\u00f3n antica\u00eddas para mantener fuera de peligro a los operarios que trabajan en espacios confinados: pozos, dep\u00f3sitos y alcantarillas. Los problemas relacionados con espacios confinados se encuentran generalmente en la industria nuclear, industria qu\u00edmica, tratamiento de aguas y agroalimentaci\u00f3n.<\/p>\n\t\t\t\t<img decoding=\"async\" src=\"https:\/\/gamesystem.com\/wp-content\/uploads\/2018\/05\/acc\u00e8s-dans-un-espace-confin\u00e9.jpg\" alt=\"op\u00e9ration dans un espace confin\u00e9\"\/>\n\t\t\t<p>ACCESOS<\/p>\n\t\t\t\t<img decoding=\"async\" src=\"https:\/\/gamesystem.com\/wp-content\/uploads\/2018\/05\/acc\u00e8s-dans-une-cuve-en-s\u00e9curit\u00e9.jpg\" alt=\"technique pour acc\u00e9der a une cuve\"\/>\n\t\t\t<p>DEP\u00d3SITOS<\/p>\n\t\t\t\t<img decoding=\"async\" src=\"https:\/\/gamesystem.com\/wp-content\/uploads\/2018\/05\/acc\u00e8s-dans-une-fosse-s\u00e9curis\u00e9.jpg\" alt=\"acc\u00e9der a une fosse en s\u00e9curit\u00e9\"\/>\n\t\t\t<p>POZOS<\/p>\n\t\t\t\t<img decoding=\"async\" src=\"https:\/\/gamesystem.com\/wp-content\/uploads\/2018\/05\/acc\u00e8s-dans-un-egoutier.jpg\" alt=\"travail en espace confin\u00e9 dans un \u00e9goutier\"\/>\n\t\t\t<p>ALCANTARILLAS<\/p>\n\t\t\t<h2>SISTEMAS DE ANCLAJE para espacios confinados<\/h2>\n\t\t<a href=\"https:\/\/gamesystem.com\/es\/punto-de-anclaje\/\" target=\"_blank\" rel=\"noopener\">\n\t\t\t\t\t\t\t\t\t\t\t<img decoding=\"async\" src=\"https:\/\/gamesystem.com\/wp-content\/uploads\/2021\/09\/Sans-titre-2_0001_Visu-Plaquette-GO-min.jpg\" alt=\"Sans titre-2_0001_Visu Plaquette GO-min\"\/>\n\t\t\t\t\t\t<h3>\n\t\t\t\t\t\tPunto de <br \/> anclaje\t\t<\/h3>\n\t\t<\/a>\n\t\t<a href=\"https:\/\/gamesystem.com\/es\/horca-movil\/\" target=\"_blank\" rel=\"noopener\">\n\t\t\t\t\t\t\t\t\t\t\t<img decoding=\"async\" src=\"https:\/\/gamesystem.com\/wp-content\/uploads\/2021\/09\/Sans-titre-2_0008_Heronnnn.jpg\" alt=\"Sans titre-2_0008_Heronnnn\"\/>\n\t\t\t\t\t\t<h3>\n\t\t\t\t\t\tHorca <br \/> M\u00d3VIL\t\t<\/h3>\n\t\t<\/a>\n\t\t<a href=\"https:\/\/gamesystem.com\/es\/poste-extraible\/\" target=\"_blank\" rel=\"noopener\">\n\t\t\t\t\t\t\t\t\t\t\t<img decoding=\"async\" src=\"https:\/\/gamesystem.com\/wp-content\/uploads\/2021\/09\/Sans-titre-2_0002_Potence-min.jpg\" alt=\"Sans titre-2_0002_Potence-min\"\/>\n\t\t\t\t\t\t<h3>\n\t\t\t\t\t\tPOSTE <br \/> EXTRA\u00cdBLE\t\t<\/h3>\n\t\t<\/a>\n\t<p>Gamesystem ofrece una amplia gama de productos tanto para la protecci\u00f3n individual como la protecci\u00f3n colectiva. De esta manera, los operarios estar\u00e1n seguros y podr\u00e1n realizar sus tareas sin riesgo de ca\u00edda. Los espacios confinados deben ser accesibles y seguros a trav\u00e9s de sistemas verticales y\/u horizontales.<\/p>\n\t\t\t<h2>EPI para espacios confinados<\/h2>\n\t<a href=\"https:\/\/gamesystem.com\/es\/equipos-proteccion-individual\/#harnais1\" target=\"_self\" aria-label=\"Go to https:\/\/gamesystem.com\/es\/equipos-proteccion-individual\/#harnais1\" rel=\"noopener\"><\/a>\n\t\t\t\t<img decoding=\"async\" src=\"https:\/\/gamesystem.com\/wp-content\/uploads\/2021\/09\/harnais-unyc-3.jpg\" alt=\"\" title=\"\" itemprop=\"image\"\/>\n\t\t<h3>ARN\u00c9S<\/h3>\t\t\t\n\t<a href=\"https:\/\/gamesystem.com\/es\/equipos-proteccion-individual\/#tripode1\" target=\"_self\" aria-label=\"Go to https:\/\/gamesystem.com\/es\/equipos-proteccion-individual\/#tripode1\" rel=\"noopener\"><\/a>\n\t\t\t\t<img decoding=\"async\" src=\"https:\/\/gamesystem.com\/wp-content\/uploads\/2021\/09\/tripode-gamesystem-1.jpg\" alt=\"\" title=\"\" itemprop=\"image\"\/>\n\t\t<h3>TR\u00cdPODE<\/h3>\t\t\t\n\t<a href=\"https:\/\/gamesystem.com\/es\/equipos-proteccion-individual\/#longes1\" target=\"_self\" aria-label=\"Go to https:\/\/gamesystem.com\/es\/equipos-proteccion-individual\/#longes1\" rel=\"noopener\"><\/a>\n\t\t\t\t<img decoding=\"async\" src=\"https:\/\/gamesystem.com\/wp-content\/uploads\/2021\/09\/epi-antichute-gamesystem_0011_l1-min.jpg\" alt=\"\" title=\"\" itemprop=\"image\"\/>\n\t\t<h3>EQUIPOS DE AMARRE <\/h3>\t\t\t\n\t<a href=\"https:\/\/gamesystem.com\/es\/equipos-proteccion-individual\/#sangles1\" target=\"_self\" aria-label=\"Go to https:\/\/gamesystem.com\/es\/equipos-proteccion-individual\/#sangles1\" rel=\"noopener\"><\/a>\n\t\t\t\t<img decoding=\"async\" src=\"https:\/\/gamesystem.com\/wp-content\/uploads\/2021\/09\/epi-antichute-gamesystem_0020_p1-min.jpg\" alt=\"\" title=\"\" itemprop=\"image\"\/>\n\t\t<h3>CINTAS DE ANCLAJE<\/h3>\t\t\t\n\t<a href=\"https:\/\/gamesystem.com\/es\/equipos-proteccion-individual\/#antichute1\" target=\"_self\" aria-label=\"Go to https:\/\/gamesystem.com\/es\/equipos-proteccion-individual\/#antichute1\" rel=\"noopener\"><\/a>\n\t\t\t\t<img decoding=\"async\" src=\"https:\/\/gamesystem.com\/wp-content\/uploads\/2021\/09\/ANTICHUTE-A-SANGLE-OU-CABLE_0014_FA-20-402-10B-10S-min.jpg\" alt=\"\" title=\"\" itemprop=\"image\"\/>\n\t\t<h3>ANTICA\u00cdDAs<\/h3>\t\t\t\n\t<p>Para reducir el riesgo de ca\u00eddas en un espacio confinado, las personas autorizadas a entrar en \u00e9l deben utilizar el equipo de protecci\u00f3n individual adecuado. El acceso al espacio confinado debe ser seguro y disponer de una estructura para poder evacuar r\u00e1pidamente al operario en caso de ser necesario.<\/p>\n\t\t\t<h2>NUESTROS MONTAJES &#8211; SEGURIDAD EN ESPACIOS CONFINADO<\/h2>\n\t\t\t\t<a\n\t\t\thref=\"https:\/\/gamesystem.com\/wp-content\/uploads\/2018\/07\/s\u00e9curisation-des-espaces-confin\u00e9s.jpg\"\n\t\t\t\t\t\tdata-fancybox=\"images\" \n\t\t\ttitle=\"s\u00e9curisation des espaces confin\u00e9s\" \n\t\t\t\t\t\tdata-caption=\"S\u00e9curisation d'une cuve\"\n\t\t\t\t\t\tdata-description=\"\" \n\t\t\titemprop=\"contentUrl\">\n\t\t\t<img decoding=\"async\" loading=\"lazy\" src=\"https:\/\/gamesystem.com\/wp-content\/uploads\/2018\/07\/s\u00e9curisation-des-espaces-confin\u00e9s.jpg\" alt=\"s\u00e9curisez vos cuves\" data-no-lazy=\"1\" itemprop=\"thumbnail\" width=\"800\" height=\"600\" \/>\n\t\t\t<!-- Overlay Wrapper -->\n\t\t\t <!-- Overlay Wrapper Closed -->\n\t\t\t\t<\/a>\n\t\t\t\t\t\t\t<meta itemprop=\"width\" content=\"800\" \/>\n\t\t\t<meta itemprop=\"height\" content=\"600\" \/>\n\t\t\t\t<a\n\t\t\thref=\"https:\/\/gamesystem.com\/wp-content\/uploads\/2018\/07\/potence-pour-acc\u00e8s-dans-une-cuve.jpg\"\n\t\t\t\t\t\tdata-fancybox=\"images\" \n\t\t\ttitle=\"potence pour acc\u00e8s dans une cuve\" \n\t\t\t\t\t\tdata-caption=\"Potence rotative pour cuve\"\n\t\t\t\t\t\tdata-description=\"\" \n\t\t\titemprop=\"contentUrl\">\n\t\t\t<img decoding=\"async\" loading=\"lazy\" src=\"https:\/\/gamesystem.com\/wp-content\/uploads\/2018\/07\/potence-pour-acc\u00e8s-dans-une-cuve.jpg\" alt=\"por\u00e9cdure dans espaces confin\u00e9s\" data-no-lazy=\"1\" itemprop=\"thumbnail\" width=\"800\" height=\"600\" \/>\n\t\t\t<!-- Overlay Wrapper -->\n\t\t\t <!-- Overlay Wrapper Closed -->\n\t\t\t\t<\/a>\n\t\t\t\t\t\t\t<meta itemprop=\"width\" content=\"800\" \/>\n\t\t\t<meta itemprop=\"height\" content=\"600\" \/>\n\t\t\t\t<a\n\t\t\thref=\"https:\/\/gamesystem.com\/wp-content\/uploads\/2018\/07\/mise-en-place-dune-\u00e9chelle-pour-espace-confin\u00e9.jpg\"\n\t\t\t\t\t\tdata-fancybox=\"images\" \n\t\t\ttitle=\"mise en place d'une \u00e9chelle pour espace confin\u00e9\" \n\t\t\t\t\t\tdata-caption=\"\u00c9chelle dans un espace confin\u00e9\"\n\t\t\t\t\t\tdata-description=\"\" \n\t\t\titemprop=\"contentUrl\">\n\t\t\t<img decoding=\"async\" loading=\"lazy\" src=\"https:\/\/gamesystem.com\/wp-content\/uploads\/2018\/07\/mise-en-place-dune-\u00e9chelle-pour-espace-confin\u00e9.jpg\" alt=\"\" data-no-lazy=\"1\" itemprop=\"thumbnail\" width=\"800\" height=\"600\" \/>\n\t\t\t<!-- Overlay Wrapper -->\n\t\t\t <!-- Overlay Wrapper Closed -->\n\t\t\t\t<\/a>\n\t\t\t\t\t\t\t<meta itemprop=\"width\" content=\"800\" \/>\n\t\t\t<meta itemprop=\"height\" content=\"600\" \/>\n\t\t\t\t<a\n\t\t\thref=\"https:\/\/gamesystem.com\/wp-content\/uploads\/2018\/07\/potence-pour-s\u00e9curis\u00e9-acc\u00e8s-egoutier.jpg\"\n\t\t\t\t\t\tdata-fancybox=\"images\" \n\t\t\ttitle=\"potence pour s\u00e9curis\u00e9 acc\u00e8s egoutier\" \n\t\t\t\t\t\tdata-caption=\"Portique pour acc\u00e8s \u00e9goutier\"\n\t\t\t\t\t\tdata-description=\"\" \n\t\t\titemprop=\"contentUrl\">\n\t\t\t<img decoding=\"async\" loading=\"lazy\" src=\"https:\/\/gamesystem.com\/wp-content\/uploads\/2018\/07\/potence-pour-s\u00e9curis\u00e9-acc\u00e8s-egoutier.jpg\" alt=\"acc\u00e8s dans l'\u00e9goutuier et proc\u00e9dures\" data-no-lazy=\"1\" itemprop=\"thumbnail\" width=\"800\" height=\"600\" \/>\n\t\t\t<!-- Overlay Wrapper -->\n\t\t\t <!-- Overlay Wrapper Closed -->\n\t\t\t\t<\/a>\n\t\t\t\t\t\t\t<meta itemprop=\"width\" content=\"800\" \/>\n\t\t\t<meta itemprop=\"height\" content=\"600\" \/>\n\t\t\t\t<a\n\t\t\thref=\"https:\/\/gamesystem.com\/wp-content\/uploads\/2018\/07\/Espaces-confin\u00e9s-s\u00e9curis\u00e9s.jpg\"\n\t\t\t\t\t\tdata-fancybox=\"images\" \n\t\t\ttitle=\"Espaces confin\u00e9s s\u00e9curis\u00e9s\" \n\t\t\t\t\t\tdata-caption=\"Travail en espace confin\u00e9\"\n\t\t\t\t\t\tdata-description=\"\" \n\t\t\titemprop=\"contentUrl\">\n\t\t\t<img decoding=\"async\" loading=\"lazy\" src=\"https:\/\/gamesystem.com\/wp-content\/uploads\/2018\/07\/Espaces-confin\u00e9s-s\u00e9curis\u00e9s.jpg\" alt=\"\" data-no-lazy=\"1\" itemprop=\"thumbnail\" width=\"800\" height=\"600\" \/>\n\t\t\t<!-- Overlay Wrapper -->\n\t\t\t <!-- Overlay Wrapper Closed -->\n\t\t\t\t<\/a>\n\t\t\t\t\t\t\t<meta itemprop=\"width\" content=\"800\" \/>\n\t\t\t<meta itemprop=\"height\" content=\"600\" \/>\n\t\t\t\t<a\n\t\t\thref=\"https:\/\/gamesystem.com\/wp-content\/uploads\/2018\/05\/tripode-pour-milieu-confin\u00e9.jpg\"\n\t\t\t\t\t\tdata-fancybox=\"images\" \n\t\t\ttitle=\"tripode pour milieu confin\u00e9\" \n\t\t\t\t\t\tdata-caption=\"Tripode pour acc\u00e8s dans un egoutier\"\n\t\t\t\t\t\tdata-description=\"\u00e9vacuation d'une personne suspendue dans un milieu confin\u00e9\" \n\t\t\titemprop=\"contentUrl\">\n\t\t\t<img decoding=\"async\" loading=\"lazy\" src=\"https:\/\/gamesystem.com\/wp-content\/uploads\/2018\/05\/tripode-pour-milieu-confin\u00e9.jpg\" alt=\"syst\u00e8me d'\u00e9vacuation pour milieu confin\u00e9\" data-no-lazy=\"1\" itemprop=\"thumbnail\" width=\"800\" height=\"600\" \/>\n\t\t\t<!-- Overlay Wrapper -->\n\t\t\t <!-- Overlay Wrapper Closed -->\n\t\t\t\t<\/a>\n\t\t\t\t\t\t\t<meta itemprop=\"width\" content=\"800\" \/>\n\t\t\t<meta itemprop=\"height\" content=\"600\" \/>\n\t\t\t\t<a\n\t\t\thref=\"https:\/\/gamesystem.com\/wp-content\/uploads\/2018\/05\/acc\u00e8s-dans-un-espace-confin\u00e9.jpg\"\n\t\t\t\t\t\tdata-fancybox=\"images\" \n\t\t\ttitle=\"acc\u00e8s dans un espace confin\u00e9\" \n\t\t\t\t\t\tdata-caption=\"Antichute pour espace confin\u00e9\"\n\t\t\t\t\t\tdata-description=\"travail dans un espace confin\u00e9 en s\u00e9curit\u00e9 lors des op\u00e9rations de maintenance\" \n\t\t\titemprop=\"contentUrl\">\n\t\t\t<img decoding=\"async\" loading=\"lazy\" src=\"https:\/\/gamesystem.com\/wp-content\/uploads\/2018\/05\/acc\u00e8s-dans-un-espace-confin\u00e9.jpg\" alt=\"op\u00e9ration dans un espace confin\u00e9\" data-no-lazy=\"1\" itemprop=\"thumbnail\" width=\"800\" height=\"600\" \/>\n\t\t\t<!-- Overlay Wrapper -->\n\t\t\t <!-- Overlay Wrapper Closed -->\n\t\t\t\t<\/a>\n\t\t\t\t\t\t\t<meta itemprop=\"width\" content=\"800\" \/>\n\t\t\t<meta itemprop=\"height\" content=\"600\" \/>\n\t\t\t\t<a\n\t\t\thref=\"https:\/\/gamesystem.com\/wp-content\/uploads\/2018\/07\/evacuation-espaces-confin\u00e9s.jpg\"\n\t\t\t\t\t\tdata-fancybox=\"images\" \n\t\t\ttitle=\"evacuation espaces confin\u00e9s\" \n\t\t\t\t\t\tdata-caption=\"Syst\u00e8me Tripode Gamesystem\"\n\t\t\t\t\t\tdata-description=\"\" \n\t\t\titemprop=\"contentUrl\">\n\t\t\t<img decoding=\"async\" loading=\"lazy\" src=\"https:\/\/gamesystem.com\/wp-content\/uploads\/2018\/07\/evacuation-espaces-confin\u00e9s.jpg\" alt=\"espaces confin\u00e9s \u00e9vacauation d'une personne\" data-no-lazy=\"1\" itemprop=\"thumbnail\" width=\"800\" height=\"600\" \/>\n\t\t\t<!-- Overlay Wrapper -->\n\t\t\t <!-- Overlay Wrapper Closed -->\n\t\t\t\t<\/a>\n\t\t\t\t\t\t\t<meta itemprop=\"width\" content=\"800\" \/>\n\t\t\t<meta itemprop=\"height\" content=\"600\" \/>\n\t<p><strong>MONTAJE<\/strong><\/p>\n\t<p><strong>REVISI\u00d3N Y MANTENIMIENTO<\/strong><\/p>\n\t<p><strong>REVISI\u00d3N DE EPI<\/strong><\/p>\n\t<p><strong>AUDITOR\u00cdA Y ASESOR\u00cdA<\/strong><\/p>\n\n","protected":false},"excerpt":{"rendered":"<p>SEGURIDAD EN ESPACIOS CONFINADOS Los espacios confinados se encuentran entre los entornos con mayor riesgo para la salud y la seguridad de los trabajadores. En este contexto, es esencial que&hellip;<\/p>\n","protected":false},"author":7,"featured_media":0,"parent":0,"menu_order":0,"comment_status":"closed","ping_status":"open","template":"","meta":[],"_links":{"self":[{"href":"https:\/\/gamesystem.com\/es\/wp-json\/wp\/v2\/pages\/13638"}],"collection":[{"href":"https:\/\/gamesystem.com\/es\/wp-json\/wp\/v2\/pages"}],"about":[{"href":"https:\/\/gamesystem.com\/es\/wp-json\/wp\/v2\/types\/page"}],"author":[{"embeddable":true,"href":"https:\/\/gamesystem.com\/es\/wp-json\/wp\/v2\/users\/7"}],"replies":[{"embeddable":true,"href":"https:\/\/gamesystem.com\/es\/wp-json\/wp\/v2\/comments?post=13638"}],"version-history":[{"count":2,"href":"https:\/\/gamesystem.com\/es\/wp-json\/wp\/v2\/pages\/13638\/revisions"}],"predecessor-version":[{"id":38757,"href":"https:\/\/gamesystem.com\/es\/wp-json\/wp\/v2\/pages\/13638\/revisions\/38757"}],"wp:attachment":[{"href":"https:\/\/gamesystem.com\/es\/wp-json\/wp\/v2\/media?parent=13638"}],"curies":[{"name":"wp","href":"https:\/\/api.w.org\/{rel}","templated":true}]}}