{"id":13610,"date":"2018-01-18T09:21:09","date_gmt":"2018-01-18T09:21:09","guid":{"rendered":"https:\/\/preprod.gamesystem.com\/securisation-des-deplacements-verticaux\/"},"modified":"2021-11-10T11:52:40","modified_gmt":"2021-11-10T10:52:40","slug":"seguridad-en-desplazamientos-verticales","status":"publish","type":"page","link":"https:\/\/gamesystem.com\/es\/seguridad-en-desplazamientos-verticales\/","title":{"rendered":"Progresi\u00f3n vertical"},"content":{"rendered":"\n\n\t\t\t<h1>SEGURIDAD EN PROGRESI\u00d3N VERTICAL<\/h1>\t\t\t\n\t\t\t\t<p>Si desea asegurar a los operarios en desplazamientos verticales, tenemos la soluci\u00f3n. Gamesystem ofrece gran cantidad de sistemas de protecci\u00f3n antica\u00eddas para responder a este riesgo. Nuestros sistemas de protecci\u00f3n colectiva e individual se adaptan e instalan en escaleras, fachadas y torres m\u00e1stiles.<\/p>\n\t\t\t\t<img decoding=\"async\" src=\"https:\/\/gamesystem.com\/wp-content\/uploads\/2018\/05\/acc\u00e8s-a-la-toiture-via-la-facade.jpg\" alt=\"s\u00e9curisation des acc\u00e8s via facade\"\/>\n\t\t\t<p>FACHADAS<\/p>\n\t\t\t\t<img decoding=\"async\" src=\"https:\/\/gamesystem.com\/wp-content\/uploads\/2018\/05\/s\u00e9curisation-d-echelle-sur-divers-structures.jpg\" alt=\"r\u00e9glementation s\u00e9curisation \u00e9chelle\"\/>\n\t\t\t<p>ESCALERAS<\/p>\n\t\t\t\t<img decoding=\"async\" src=\"https:\/\/gamesystem.com\/wp-content\/uploads\/2018\/05\/Travail-en-hauteur-sur-pylone-de-telecommunication.png\" alt=\"travail sur pylone telecom\"\/>\n\t\t\t<p>TORRES DE TELEFON\u00cdA Y POSTES<\/p>\n\t\t\t<h2>Protecci\u00f3n colectiva y SISTEMAS DE ANCLAJE<\/h2>\n\t\t\t\t\t\t\t\t\t\t\t<img decoding=\"async\" src=\"https:\/\/gamesystem.com\/wp-content\/uploads\/2021\/09\/protection-collectibe_0011_chantier-CERNAY-005.jpg\" alt=\"protection collectibe_0011_chantier-CERNAY-005\"\/>\n\t\t\t\t\t\t<h3>\n\t\t\t\t\t\tEscalera de crinolina\t\t<\/h3>\n\t\t<a href=\"https:\/\/gamesystem.com\/es\/rail-con-escalera-corredera\/\" target=\"_blank\" rel=\"noopener\">\n\t\t\t\t\t\t\t\t\t\t\t<img decoding=\"async\" src=\"https:\/\/gamesystem.com\/wp-content\/uploads\/2021\/09\/Sans-titre-2_0006_FSET-REAL-VIEW-min.jpg\" alt=\"Sans titre-2_0006_FSET REAL VIEW-min\"\/>\n\t\t\t\t\t\t<h3>\n\t\t\t\t\t\tRA\u00cdL CON ESCALERA\t\t<\/h3>\n\t\t<\/a>\n\t\t<a href=\"https:\/\/gamesystem.com\/es\/pescante-anjou\/\" target=\"_blank\" rel=\"noopener\">\n\t\t\t\t\t\t\t\t\t\t\t<img decoding=\"async\" src=\"https:\/\/gamesystem.com\/wp-content\/uploads\/2021\/09\/anjou.jpg\" alt=\"anjou\"\/>\n\t\t\t\t\t\t<h3>\n\t\t\t\t\t\tPESCANTE ANJOU\t\t<\/h3>\n\t\t<\/a>\n\t\t<a href=\"https:\/\/gamesystem.com\/es\/soporte-telescopico-movil\/\" target=\"_blank\" rel=\"noopener\">\n\t\t\t\t\t\t\t\t\t\t\t<img decoding=\"async\" src=\"https:\/\/gamesystem.com\/wp-content\/uploads\/2021\/09\/Sans-titre-2_0009_potence-esp-1.jpg\" alt=\"Sans titre-2_0009_potence esp (1)\"\/>\n\t\t\t\t\t\t<h3>\n\t\t\t\t\t\tSOPORTE TELESC\u00d3PICO\t\t<\/h3>\n\t\t<\/a>\n\t<p>Cuando un operario realiza desplazamientos verticales, normalmente se prefiere utilizar la protecci\u00f3n individual: sistema Papill\u00f3n en escalera fija. Pero en algunas situaciones la soluci\u00f3n ideal es la instalaci\u00f3n de una escalera de gato. Gracias a los dispositivos antica\u00eddas y su EPI correspondiente, el usuario podr\u00e1 progresar en altura de manera segura, y desplazarse verticalmente sin caerse de la estructura.<\/p>\n\t\t\t<h2>EPI espec\u00edfico para trabajos verticales<\/h2>\n\t<a href=\"https:\/\/gamesystem.com\/es\/equipos-proteccion-individual\/#harnais1\" target=\"_self\" rel=\"noopener\"><\/a> \n\t\t\t\t<img decoding=\"async\" src=\"https:\/\/gamesystem.com\/wp-content\/uploads\/2021\/09\/harnais-unyc-3.jpg\" alt=\"\" title=\"\" itemprop=\"image\"\/>\n\t\t<h3>ARN\u00c9S<\/h3>\t\t\t\n\t<a href=\"https:\/\/gamesystem.com\/es\/equipos-proteccion-individual\/#antichutevertical1\" target=\"_self\" rel=\"noopener\"><\/a> \n\t\t\t\t<img decoding=\"async\" src=\"https:\/\/gamesystem.com\/wp-content\/uploads\/2021\/09\/epi-antichute-gamesystem_0003_papi-min.jpg\" alt=\"\" title=\"\" itemprop=\"image\"\/>\n\t\t<h3>ANTICA\u00cdDAS VERTICAL<\/h3>\t\t\t\n\t<a href=\"https:\/\/gamesystem.com\/es\/equipos-proteccion-individual\/#longes1\" target=\"_self\" rel=\"noopener\"><\/a> \n\t\t\t\t<img decoding=\"async\" src=\"https:\/\/gamesystem.com\/wp-content\/uploads\/2021\/09\/epi-antichute-gamesystem_0011_l1-min.jpg\" alt=\"\" title=\"\" itemprop=\"image\"\/>\n\t\t<h3>EQUIPOS DE AMARRE<\/h3>\t\t\t\n\t<a href=\"https:\/\/gamesystem.com\/es\/equipos-proteccion-individual\/#sangles1\" target=\"_self\" rel=\"noopener\"><\/a> \n\t\t\t\t<img decoding=\"async\" src=\"https:\/\/gamesystem.com\/wp-content\/uploads\/2021\/09\/epi-antichute-gamesystem_0020_p1-min.jpg\" alt=\"\" title=\"\" itemprop=\"image\"\/>\n\t\t<h3>Cinta de anclaje<\/h3>\t\t\t\n\t<a href=\"https:\/\/gamesystem.com\/es\/equipos-proteccion-individual\/#antichute1\" target=\"_self\" rel=\"noopener\"><\/a> \n\t\t\t\t<img decoding=\"async\" src=\"https:\/\/gamesystem.com\/wp-content\/uploads\/2021\/09\/ANTICHUTE-A-SANGLE-OU-CABLE_0014_FA-20-402-10B-10S-min.jpg\" alt=\"\" title=\"\" itemprop=\"image\"\/>\n\t\t<h3>Antichute <\/h3>\t\t\t\n\t<p>Durante los desplazamientos verticales, al ser una situaci\u00f3n de riesgo, el operario tiene la obligaci\u00f3n de usar EPI antica\u00edda. Gamesystem ofrece equipos de protecci\u00f3n individual adaptados a los desplazamientos verticales (sistema Papill\u00f3n, equipo de doble amarre, arn\u00e9s de seguridad, etc).<\/p>\n\t\t\t<h2>V\u00cdDEO &#8211; TRABAJO EN ALTURA EN PROGRESI\u00d3N VERTICAL<\/h2>\n\t<iframe loading=\"lazy\" width=\"560\" height=\"315\" src=\"https:\/\/www.youtube.com\/embed\/qGhGfYp6JCc?rel=0\" frameborder=\"0\" allow=\"autoplay; encrypted-media\" allowfullscreen><\/iframe>\n\t<p>El sistema Papill\u00f3n de Gamesystem permite a los trabajadores en altura moverse con seguridad en contextos verticales (postes y torres de telecomunicaciones, fachadas, escaleras fijas, escalera de gato, etc.). Descubra en este v\u00eddeo las caracter\u00edsticas y beneficios de nuestro sistema Papill\u00f3n.<\/p>\n\t\t\t<h2>NUESTROS MONTAJES &#8211; ASEGURAR DESPLAZAMIENTOS VERTICALES<\/h2>\n\t\t\t\t<a\n\t\t\thref=\"https:\/\/gamesystem.com\/wp-content\/uploads\/2018\/07\/\u00e9chelle-\u00e0-crinoline-pour-acc\u00e8s-en-hauteur.jpg\"\n\t\t\t\t\t\tdata-fancybox=\"images\" \n\t\t\ttitle=\"\u00e9chelle \u00e0 crinoline pour acc\u00e8s en hauteur\" \n\t\t\t\t\t\tdata-caption=\"\u00c9chelle crinoline sur fa\u00e7ade\"\n\t\t\t\t\t\tdata-description=\"\" \n\t\t\titemprop=\"contentUrl\">\n\t\t<img decoding=\"async\" loading=\"lazy\" src=\"https:\/\/gamesystem.com\/wp-content\/uploads\/2018\/07\/\u00e9chelle-\u00e0-crinoline-pour-acc\u00e8s-en-hauteur.jpg\" alt=\"echelle crinoline pour acc\u00e8s en hauteur \u00e0 la toiture plate\" data-no-lazy=\"1\" itemprop=\"thumbnail\" width=\"800\" height=\"600\" \/>\n\t\t\t<!-- Overlay Wrapper -->\n\t\t\t <!-- Overlay Wrapper Closed -->\n\t\t\t\t<\/a>\n\t\t\t\t\t\t\t<meta itemprop=\"width\" content=\"800\" \/>\n\t\t\t<meta itemprop=\"height\" content=\"600\" \/>\n\t\t\t\t<a\n\t\t\thref=\"https:\/\/gamesystem.com\/wp-content\/uploads\/2018\/05\/s\u00e9curisation-des-interventions-sur-pylone-telecommunication.jpg\"\n\t\t\t\t\t\tdata-fancybox=\"images\" \n\t\t\ttitle=\"s\u00e9curisation des interventions sur pylone telecommunication\" \n\t\t\t\t\t\tdata-caption=\"Syst\u00e8me Papillon Gamesystem\"\n\t\t\t\t\t\tdata-description=\"travail sur pylone avec un systeme papillon gamesystem\" \n\t\t\titemprop=\"contentUrl\">\n\t\t<img decoding=\"async\" loading=\"lazy\" src=\"https:\/\/gamesystem.com\/wp-content\/uploads\/2018\/05\/s\u00e9curisation-des-interventions-sur-pylone-telecommunication.jpg\" alt=\"travail sur pyl\u00f4ne de t\u00e9l\u00e9communication en s\u00e9curit\u00e9 avec le papillon\" data-no-lazy=\"1\" itemprop=\"thumbnail\" width=\"800\" height=\"600\" \/>\n\t\t\t<!-- Overlay Wrapper -->\n\t\t\t <!-- Overlay Wrapper Closed -->\n\t\t\t\t<\/a>\n\t\t\t\t\t\t\t<meta itemprop=\"width\" content=\"800\" \/>\n\t\t\t<meta itemprop=\"height\" content=\"600\" \/>\n\t\t\t\t<a\n\t\t\thref=\"https:\/\/gamesystem.com\/wp-content\/uploads\/2018\/05\/s\u00e9curisation-dune-echelle-sur-un-pylone-telecom.jpg\"\n\t\t\t\t\t\tdata-fancybox=\"images\" \n\t\t\ttitle=\"s\u00e9curisation d&amp;#039;une echelle sur un pylone telecom\" \n\t\t\t\t\t\tdata-caption=\"Echelle fixe sur pyl\u00f4ne\"\n\t\t\t\t\t\tdata-description=\"echelle s\u00e9curis\u00e9e et install\u00e9e par gamesystem\" \n\t\t\titemprop=\"contentUrl\">\n\t\t<img decoding=\"async\" loading=\"lazy\" src=\"https:\/\/gamesystem.com\/wp-content\/uploads\/2018\/05\/s\u00e9curisation-dune-echelle-sur-un-pylone-telecom.jpg\" alt=\"echelle pour travail en hauteur en s\u00e9curit\u00e9\" data-no-lazy=\"1\" itemprop=\"thumbnail\" width=\"800\" height=\"600\" \/>\n\t\t\t<!-- Overlay Wrapper -->\n\t\t\t <!-- Overlay Wrapper Closed -->\n\t\t\t\t<\/a>\n\t\t\t\t\t\t\t<meta itemprop=\"width\" content=\"800\" \/>\n\t\t\t<meta itemprop=\"height\" content=\"600\" \/>\n\t\t\t\t<a\n\t\t\thref=\"https:\/\/gamesystem.com\/wp-content\/uploads\/2018\/07\/proc\u00e9dure-d\u00e9vacuation-sur-pylone-tht.jpg\"\n\t\t\t\t\t\tdata-fancybox=\"images\" \n\t\t\ttitle=\"proc\u00e9dure d'\u00e9vacuation sur pylone tht\" \n\t\t\t\t\t\tdata-caption=\"\u00c9vacuation sur pyl\u00f4ne THT\"\n\t\t\t\t\t\tdata-description=\"\" \n\t\t\titemprop=\"contentUrl\">\n\t\t<img decoding=\"async\" loading=\"lazy\" src=\"https:\/\/gamesystem.com\/wp-content\/uploads\/2018\/07\/proc\u00e9dure-d\u00e9vacuation-sur-pylone-tht.jpg\" alt=\"pylone tht\" data-no-lazy=\"1\" itemprop=\"thumbnail\" width=\"800\" height=\"600\" \/>\n\t\t\t<!-- Overlay Wrapper -->\n\t\t\t <!-- Overlay Wrapper Closed -->\n\t\t\t\t<\/a>\n\t\t\t\t\t\t\t<meta itemprop=\"width\" content=\"800\" \/>\n\t\t\t<meta itemprop=\"height\" content=\"600\" \/>\n\t\t\t\t<a\n\t\t\thref=\"https:\/\/gamesystem.com\/wp-content\/uploads\/2018\/05\/echelle-a-crinoline-sur-pylone-telecom-pour-travaux-en-hauteur.jpg\"\n\t\t\t\t\t\tdata-fancybox=\"images\" \n\t\t\ttitle=\"echelle a crinoline sur pylone telecom pour travaux en hauteur\" \n\t\t\t\t\t\tdata-caption=\"Echelle a crinoline sur mesure\"\n\t\t\t\t\t\tdata-description=\"reglementation et hauteur d'une \u00e9chelle a crinoline\" \n\t\t\titemprop=\"contentUrl\">\n\t\t<img decoding=\"async\" loading=\"lazy\" src=\"https:\/\/gamesystem.com\/wp-content\/uploads\/2018\/05\/echelle-a-crinoline-sur-pylone-telecom-pour-travaux-en-hauteur.jpg\" alt=\"utilisation d'une echelle a crinoline\" data-no-lazy=\"1\" itemprop=\"thumbnail\" width=\"800\" height=\"600\" \/>\n\t\t\t<!-- Overlay Wrapper -->\n\t\t\t <!-- Overlay Wrapper Closed -->\n\t\t\t\t<\/a>\n\t\t\t\t\t\t\t<meta itemprop=\"width\" content=\"800\" \/>\n\t\t\t<meta itemprop=\"height\" content=\"600\" \/>\n\t\t\t\t<a\n\t\t\thref=\"https:\/\/gamesystem.com\/wp-content\/uploads\/2018\/07\/s\u00e9curisation-dun-pylone-t\u00e9l\u00e9com.jpg\"\n\t\t\t\t\t\tdata-fancybox=\"images\" \n\t\t\ttitle=\"s\u00e9curisation d'un pylone t\u00e9l\u00e9com\" \n\t\t\t\t\t\tdata-caption=\"S\u00e9curisation travail sur pyl\u00f4ne t\u00e9l\u00e9com\"\n\t\t\t\t\t\tdata-description=\"\" \n\t\t\titemprop=\"contentUrl\">\n\t\t<img decoding=\"async\" loading=\"lazy\" src=\"https:\/\/gamesystem.com\/wp-content\/uploads\/2018\/07\/s\u00e9curisation-dun-pylone-t\u00e9l\u00e9com.jpg\" alt=\"travail sur pylone tht\" data-no-lazy=\"1\" itemprop=\"thumbnail\" width=\"800\" height=\"600\" \/>\n\t\t\t<!-- Overlay Wrapper -->\n\t\t\t <!-- Overlay Wrapper Closed -->\n\t\t\t\t<\/a>\n\t\t\t\t\t\t\t<meta itemprop=\"width\" content=\"800\" \/>\n\t\t\t<meta itemprop=\"height\" content=\"600\" \/>\n\t\t\t\t<a\n\t\t\thref=\"https:\/\/gamesystem.com\/wp-content\/uploads\/2018\/05\/UTILISATION-DU-SYSTEME-PAPILLON-SUR-UN-PYLONE-DE-TELECOMMUNICATION.jpg\"\n\t\t\t\t\t\tdata-fancybox=\"images\" \n\t\t\ttitle=\"UTILISATION DU SYSTEME PAPILLON SUR UN PYLONE DE TELECOMMUNICATION\" \n\t\t\t\t\t\tdata-caption=\"Syst\u00e8me antichute : Papillon\"\n\t\t\t\t\t\tdata-description=\"travail avec un systeme papillon\" \n\t\t\titemprop=\"contentUrl\">\n\t\t<img decoding=\"async\" loading=\"lazy\" src=\"https:\/\/gamesystem.com\/wp-content\/uploads\/2018\/05\/UTILISATION-DU-SYSTEME-PAPILLON-SUR-UN-PYLONE-DE-TELECOMMUNICATION.jpg\" alt=\"travail sur pylone\" data-no-lazy=\"1\" itemprop=\"thumbnail\" width=\"800\" height=\"600\" \/>\n\t\t\t<!-- Overlay Wrapper -->\n\t\t\t <!-- Overlay Wrapper Closed -->\n\t\t\t\t<\/a>\n\t\t\t\t\t\t\t<meta itemprop=\"width\" content=\"800\" \/>\n\t\t\t<meta itemprop=\"height\" content=\"600\" \/>\n\t\t\t\t<a\n\t\t\thref=\"https:\/\/gamesystem.com\/wp-content\/uploads\/2018\/07\/s\u00e9curisation-pylone-tht.jpg\"\n\t\t\t\t\t\tdata-fancybox=\"images\" \n\t\t\ttitle=\"s\u00e9curisation pylone tht\" \n\t\t\t\t\t\tdata-caption=\"Technique de travail sur pyl\u00f4ne THT\"\n\t\t\t\t\t\tdata-description=\"\" \n\t\t\titemprop=\"contentUrl\">\n\t\t<img decoding=\"async\" loading=\"lazy\" src=\"https:\/\/gamesystem.com\/wp-content\/uploads\/2018\/07\/s\u00e9curisation-pylone-tht.jpg\" alt=\"acc\u00e8s en hauteur et pylone tht\" data-no-lazy=\"1\" itemprop=\"thumbnail\" width=\"800\" height=\"600\" \/>\n\t\t\t<!-- Overlay Wrapper -->\n\t\t\t <!-- Overlay Wrapper Closed -->\n\t\t\t\t<\/a>\n\t\t\t\t\t\t\t<meta itemprop=\"width\" content=\"800\" \/>\n\t\t\t<meta itemprop=\"height\" content=\"600\" \/>\n\t\n\t\n\t\n\t\n\n","protected":false},"excerpt":{"rendered":"<p>SEGURIDAD EN PROGRESI\u00d3N VERTICAL Si desea asegurar a los operarios en desplazamientos verticales, tenemos la soluci\u00f3n. Gamesystem ofrece gran cantidad de sistemas de protecci\u00f3n antica\u00eddas para responder a este riesgo.&hellip;<\/p>\n","protected":false},"author":7,"featured_media":0,"parent":0,"menu_order":0,"comment_status":"closed","ping_status":"open","template":"","meta":[],"_links":{"self":[{"href":"https:\/\/gamesystem.com\/es\/wp-json\/wp\/v2\/pages\/13610"}],"collection":[{"href":"https:\/\/gamesystem.com\/es\/wp-json\/wp\/v2\/pages"}],"about":[{"href":"https:\/\/gamesystem.com\/es\/wp-json\/wp\/v2\/types\/page"}],"author":[{"embeddable":true,"href":"https:\/\/gamesystem.com\/es\/wp-json\/wp\/v2\/users\/7"}],"replies":[{"embeddable":true,"href":"https:\/\/gamesystem.com\/es\/wp-json\/wp\/v2\/comments?post=13610"}],"version-history":[{"count":0,"href":"https:\/\/gamesystem.com\/es\/wp-json\/wp\/v2\/pages\/13610\/revisions"}],"wp:attachment":[{"href":"https:\/\/gamesystem.com\/es\/wp-json\/wp\/v2\/media?parent=13610"}],"curies":[{"name":"wp","href":"https:\/\/api.w.org\/{rel}","templated":true}]}}