{"id":13594,"date":"2018-01-24T15:23:56","date_gmt":"2018-01-24T15:23:56","guid":{"rendered":"https:\/\/preprod.gamesystem.com\/les-acces-en-hauteur\/"},"modified":"2021-11-10T09:30:09","modified_gmt":"2021-11-10T08:30:09","slug":"seguridad-de-acceso-en-alturas","status":"publish","type":"page","link":"https:\/\/gamesystem.com\/es\/seguridad-de-acceso-en-alturas\/","title":{"rendered":"Acceso"},"content":{"rendered":"\n\n\t\t\t<h1>SEGURIDAD DEL TRABAJO EN ALTURA<\/h1>\t\t\t\n\t\t\t\t<p>El riesgo de ca\u00edda se puede disminuir e incluso eliminar \u00a0si una persona se conecta a un dispositivo de anclaje como un cable o plaqueta con un equipo de protecci\u00f3n individual. De esta forma podr\u00e1 acceder a la zona de trabajo de forma segura. En ciertas situaciones el acceso al lugar de trabajo est\u00e1 completamente libre de riesgos, sin embargo en otros casos puede presentar algunos peligros (por ejemplo en cubiertas planas sin protecci\u00f3n, cubiertas con pendiente, algunas m\u00e1quinas&#8230;.). Por lo tanto, es esencial evaluar los riesgos de estos accesos para minimizar la probabilidad o las consecuencias de ca\u00edda en altura.<\/p>\n\t\t\t\t<img decoding=\"async\" src=\"https:\/\/gamesystem.com\/wp-content\/uploads\/2018\/05\/acc\u00e8s-a-la-toiture-via-la-facade.jpg\" alt=\"s\u00e9curisation des acc\u00e8s via facade\"\/>\n\t\t\t<p>FACHADAS<\/p>\n\t\t\t\t<img decoding=\"async\" src=\"https:\/\/gamesystem.com\/wp-content\/uploads\/2018\/05\/travail-sur-toitue-en-s\u00e9curit\u00e9.jpg\" alt=\"acc\u00e8s sur toiture en s\u00e9curit\u00e9\"\/>\n\t\t\t<p>CUBIERTAS<\/p>\n\t\t\t\t<img decoding=\"async\" src=\"https:\/\/gamesystem.com\/wp-content\/uploads\/2018\/05\/s\u00e9curisation-de-machine-pour-acc\u00e8s-en-s\u00e9curit\u00e9.jpg\" alt=\"travail sur machine avec une harnais de travail\"\/>\n\t\t\t<p>MAQUINARIA<\/p>\n\t\t\t\t<img decoding=\"async\" src=\"https:\/\/gamesystem.com\/wp-content\/uploads\/2018\/05\/Travail-en-hauteur-sur-pylone-de-telecommunication.png\" alt=\"travail sur pylone telecom\"\/>\n\t\t\t<p>PYL\u00d4NE<\/p>\n\t<p>Cualquiera que sea el tipo de intervenci\u00f3n, los operarios que trabajan en altura deben poder acceder a sus \u00e1reas de trabajo de forma segura. Adem\u00e1s de sistemas de seguridad contra ca\u00eddas en altura, Gamesystem dise\u00f1a y fabrica medios de acceso a los lugares de trabajo. Teniendo en cuenta las necesidades y el entorno de cada empresa, ofrecemos medios de acceso est\u00e1ndar o personalizadas. Nuestros sistemas antica\u00eddas aseguran todos los escenarios de trabajo: cubiertas planas sin protecci\u00f3n, \u00a0cubiertas con pendiente, maquinaria, torres y fachadas.<\/p>\n\t\t\t<h2>Protecci\u00f3n colectiva<\/h2>\n\t\t\t\t\t\t\t\t\t\t\t<img decoding=\"async\" src=\"https:\/\/gamesystem.com\/wp-content\/uploads\/2021\/09\/protection-collectibe_0011_chantier-CERNAY-005.jpg\" alt=\"protection collectibe_0011_chantier-CERNAY-005\"\/>\n\t\t\t\t\t\t<h3>\n\t\t\t\t\t\tEscalera de crinolina\t\t<\/h3>\n\t\t\t\t\t\t\t\t\t\t\t<img decoding=\"async\" src=\"https:\/\/gamesystem.com\/wp-content\/uploads\/2021\/09\/protection-collectibe_0003_Escalier.jpg\" alt=\"protection collectibe_0003_Escalier\"\/>\n\t\t\t\t\t\t<h3>\n\t\t\t\t\t\tEscalera\t\t<\/h3>\n\t\t\t\t\t\t\t\t\t\t\t<img decoding=\"async\" src=\"https:\/\/gamesystem.com\/wp-content\/uploads\/2021\/09\/protection-collectibe_0002_IMGP5067.jpg\" alt=\"protection collectibe_0002_IMGP5067\"\/>\n\t\t\t\t\t\t<h3>\n\t\t\t\t\t\tPasarela\t\t<\/h3>\n\t\t\t\t\t\t\t\t\t\t\t<img decoding=\"async\" src=\"https:\/\/gamesystem.com\/wp-content\/uploads\/2021\/09\/protection-collectibe_0012_SAUT-DE-LOUP-ALU-ASSYMETRIQUE.jpg\" alt=\"protection collectibe_0012_SAUT DE LOUP ALU ASSYMETRIQUE\"\/>\n\t\t\t\t\t\t<h3>\n\t\t\t\t\t\tSalto de lobo\t\t<\/h3>\n\t<p>Gamesystem ofrece una amplia gama de protecci\u00f3n colectiva para garantizar los medios de acceso: escalera de gato, pasarela, escalera y salto de lobo. Estos equipos de protecci\u00f3n colectiva proporcionan una seguridad \u00f3ptima para \u00e1reas con riesgo de ca\u00eddas en altura.<\/p>\n\t\t\t<h2>SISTEMAS DE ANCLAJE<\/h2>\n\t\t<a href=\"https:\/\/gamesystem.com\/es\/linea-de-vida\/\" target=\"_self\" rel=\"noopener\">\n\t\t\t\t\t\t\t\t\t\t\t<img decoding=\"async\" src=\"https:\/\/gamesystem.com\/wp-content\/uploads\/2021\/09\/Sans-titre-2_0004_chariot11-min.jpg\" alt=\"Sans titre-2_0004_chariot11-min\"\/>\n\t\t\t\t\t\t<h3>\n\t\t\t\t\t\tL\u00ednea de vida <br \/> Gamesystem\t\t<\/h3>\n\t\t<\/a>\n\t\t<a href=\"https:\/\/gamesystem.com\/es\/rail-de-seguridad\/\" target=\"_blank\" rel=\"noopener\">\n\t\t\t\t\t\t\t\t\t\t\t<img decoding=\"async\" src=\"https:\/\/gamesystem.com\/wp-content\/uploads\/2021\/09\/Sans-titre-2_0005_RAIL-CHARIOT-min.jpg\" alt=\"Sans titre-2_0005_RAIL + CHARIOT-min\"\/>\n\t\t\t\t\t\t<h3>\n\t\t\t\t\t\tRail de <br \/>seguridad\t\t<\/h3>\n\t\t<\/a>\n\t\t<a href=\"https:\/\/gamesystem.com\/es\/cable-largo-alcance\/\" target=\"_blank\" rel=\"noopener\">\n\t\t\t\t\t\t\t\t\t\t\t<img decoding=\"async\" src=\"https:\/\/gamesystem.com\/wp-content\/uploads\/2021\/09\/Sans-titre-2_0003_biroulettteeee-min.jpg\" alt=\"Sans titre-2_0003_biroulettteeee-min\"\/>\n\t\t\t\t\t\t<h3>\n\t\t\t\t\t\tCable de <br \/> seguridad\t\t<\/h3>\n\t\t<\/a>\n\t\t<a href=\"https:\/\/gamesystem.com\/es\/rail-con-escalera-corredera\/\" target=\"_blank\" rel=\"noopener\">\n\t\t\t\t\t\t\t\t\t\t\t<img decoding=\"async\" src=\"https:\/\/gamesystem.com\/wp-content\/uploads\/2021\/09\/Sans-titre-2_0006_FSET-REAL-VIEW-min.jpg\" alt=\"Sans titre-2_0006_FSET REAL VIEW-min\"\/>\n\t\t\t\t\t\t<h3>\n\t\t\t\t\t\tRA\u00cdL CON ESCALERA CORREDERA\t\t<\/h3>\n\t\t<\/a>\n\t<p>No siempre la protecci\u00f3n colectiva puede adaptarse al entorno o la estructura. Por esta raz\u00f3n, Gamesystem tambi\u00e9n ofrece protecci\u00f3n individual para aquellas situaciones en las que no se puede utilizar la protecci\u00f3n colectiva: l\u00ednea de vida y escalera fija o m\u00f3vil. Cualquiera que sea su problema, ofrecemos soluciones relevantes y eficaces para evitar los riesgos de ca\u00edda en altura.<\/p>\n\t\t\t<h2>EPI antica\u00edda espec\u00edfico para acceso a alturas<\/h2>\n\t<a href=\"https:\/\/gamesystem.com\/es\/equipos-proteccion-individual\/#harnais1\" target=\"_self\" rel=\"noopener\"><\/a> \n\t\t\t\t<img decoding=\"async\" src=\"https:\/\/gamesystem.com\/wp-content\/uploads\/2021\/09\/harnais-unyc-3.jpg\" alt=\"\" title=\"\" itemprop=\"image\"\/>\n\t\t<h3>Arn\u00e9s<\/h3>\t\t\t\n\t<a href=\"https:\/\/gamesystem.com\/es\/equipos-proteccion-individual\/#antichutevertical1\" target=\"_self\" rel=\"noopener\"><\/a> \n\t\t\t\t<img decoding=\"async\" src=\"https:\/\/gamesystem.com\/wp-content\/uploads\/2021\/09\/epi-antichute-gamesystem_0003_papi-min.jpg\" alt=\"\" title=\"\" itemprop=\"image\"\/>\n\t\t<h3>Papillon<\/h3>\t\t\t\n\t<a href=\"https:\/\/gamesystem.com\/es\/equipos-proteccion-individual\/#longes1\" target=\"_self\" rel=\"noopener\"><\/a> \n\t\t\t\t<img decoding=\"async\" src=\"https:\/\/gamesystem.com\/wp-content\/uploads\/2021\/09\/epi-antichute-gamesystem_0011_l1-min.jpg\" alt=\"\" title=\"\" itemprop=\"image\"\/>\n\t\t<h3>Cuerda<\/h3>\t\t\t\n\t<a href=\"https:\/\/gamesystem.com\/es\/equipos-proteccion-individual\/#sangles1\" target=\"_self\" rel=\"noopener\"><\/a> \n\t\t\t\t<img decoding=\"async\" src=\"https:\/\/gamesystem.com\/wp-content\/uploads\/2021\/09\/epi-antichute-gamesystem_0020_p1-min.jpg\" alt=\"\" title=\"\" itemprop=\"image\"\/>\n\t\t<h3>Cinta de anclaje<\/h3>\t\t\t\n\t<a href=\"https:\/\/gamesystem.com\/es\/equipos-proteccion-individual\/#antichute1\" target=\"_self\" rel=\"noopener\"><\/a> \n\t\t\t\t<img decoding=\"async\" src=\"https:\/\/gamesystem.com\/wp-content\/uploads\/2021\/09\/ANTICHUTE-A-SANGLE-OU-CABLE_0014_FA-20-402-10B-10S-min.jpg\" alt=\"\" title=\"\" itemprop=\"image\"\/>\n\t\t<h3>Antica\u00edda<\/h3>\t\t\t\n\t<p>Siempre que no se cuente con protecci\u00f3n colectiva, todo operario que acceda a un lugar con riesgo de ca\u00edda, debe estar equipado con su EPI correspondiente. Gamesystem, tambi\u00e9n fabricante de EPI (equipo de protecci\u00f3n individual), ofrece una multitud de productos adecuados a todas las situaciones de trabajo en altura (arn\u00e9s, cinta de anclaje, equipo de doble amarre, etc.).<\/p>\n\t\t\t<h2>NUESTROS MONTAJES &#8211; SEGURIDAD EN EL ACCESO<\/h2>\n\t\t\t\t<a\n\t\t\thref=\"https:\/\/gamesystem.com\/wp-content\/uploads\/2018\/05\/Echelle-a-crinoline-sur-cuve.png\"\n\t\t\t\t\t\tdata-fancybox=\"images\" \n\t\t\ttitle=\"Echelle-a-crinoline-sur-cuve\" \n\t\t\t\t\t\tdata-caption=\"Echelle \u00e0 crinoline sur cuve\"\n\t\t\t\t\t\tdata-description=\"echelle a crinoline pour acc\u00e8s en hauteur sur citerne\" \n\t\t\titemprop=\"contentUrl\">\n\t\t<img decoding=\"async\" loading=\"lazy\" src=\"https:\/\/gamesystem.com\/wp-content\/uploads\/2018\/05\/Echelle-a-crinoline-sur-cuve.png\" alt=\"echelle crinoline pour acc\u00e8s en hauteur\" data-no-lazy=\"1\" itemprop=\"thumbnail\" width=\"800\" height=\"600\" \/>\n\t\t\t<!-- Overlay Wrapper -->\n\t\t\t <!-- Overlay Wrapper Closed -->\n\t\t\t\t<\/a>\n\t\t\t\t\t\t\t<meta itemprop=\"width\" content=\"800\" \/>\n\t\t\t<meta itemprop=\"height\" content=\"600\" \/>\n\t\t\t\t<a\n\t\t\thref=\"https:\/\/gamesystem.com\/wp-content\/uploads\/2018\/05\/Escalier-exterieur-pour-acc\u00e8der-au-toit.jpg\"\n\t\t\t\t\t\tdata-fancybox=\"images\" \n\t\t\ttitle=\"Escalier exterieur pour acc\u00e8der au toit\" \n\t\t\t\t\t\tdata-caption=\"Escalier 3 \u00e9tages pour acc\u00e8s au toit\"\n\t\t\t\t\t\tdata-description=\"\" \n\t\t\titemprop=\"contentUrl\">\n\t\t<img decoding=\"async\" loading=\"lazy\" src=\"https:\/\/gamesystem.com\/wp-content\/uploads\/2018\/05\/Escalier-exterieur-pour-acc\u00e8der-au-toit.jpg\" alt=\"\" data-no-lazy=\"1\" itemprop=\"thumbnail\" width=\"800\" height=\"600\" \/>\n\t\t\t<!-- Overlay Wrapper -->\n\t\t\t <!-- Overlay Wrapper Closed -->\n\t\t\t\t<\/a>\n\t\t\t\t\t\t\t<meta itemprop=\"width\" content=\"800\" \/>\n\t\t\t<meta itemprop=\"height\" content=\"600\" \/>\n\t\t\t\t<a\n\t\t\thref=\"https:\/\/gamesystem.com\/wp-content\/uploads\/2018\/05\/Escalier-avec-garde-corps-pour-s\u00e9curiser-lacces-a-la-toiture.jpg\"\n\t\t\t\t\t\tdata-fancybox=\"images\" \n\t\t\ttitle=\"Escalier avec garde corps pour s\u00e9curiser l&amp;#039;acces a la toiture\" \n\t\t\t\t\t\tdata-caption=\"Saut de loup sur toiture terrasse\"\n\t\t\t\t\t\tdata-description=\"escalier pour faciliter l'acc\u00e8s au toit\" \n\t\t\titemprop=\"contentUrl\">\n\t\t<img decoding=\"async\" loading=\"lazy\" src=\"https:\/\/gamesystem.com\/wp-content\/uploads\/2018\/05\/Escalier-avec-garde-corps-pour-s\u00e9curiser-lacces-a-la-toiture.jpg\" alt=\"Escalier en alu pour acc\u00e8der \u00e0 une toiture\" data-no-lazy=\"1\" itemprop=\"thumbnail\" width=\"800\" height=\"600\" \/>\n\t\t\t<!-- Overlay Wrapper -->\n\t\t\t <!-- Overlay Wrapper Closed -->\n\t\t\t\t<\/a>\n\t\t\t\t\t\t\t<meta itemprop=\"width\" content=\"800\" \/>\n\t\t\t<meta itemprop=\"height\" content=\"600\" \/>\n\t\t\t\t<a\n\t\t\thref=\"https:\/\/gamesystem.com\/wp-content\/uploads\/2018\/05\/Escalier-en-milieu-industriel.png\"\n\t\t\t\t\t\tdata-fancybox=\"images\" \n\t\t\ttitle=\"Escalier-en-milieu-industriel\" \n\t\t\t\t\t\tdata-caption=\"Escalier pour acc\u00e8s aux machines\"\n\t\t\t\t\t\tdata-description=\"escalier pour la s\u00e9curit\u00e9 du personnel\" \n\t\t\titemprop=\"contentUrl\">\n\t\t<img decoding=\"async\" loading=\"lazy\" src=\"https:\/\/gamesystem.com\/wp-content\/uploads\/2018\/05\/Escalier-en-milieu-industriel.png\" alt=\"escalier avec garde corps\" data-no-lazy=\"1\" itemprop=\"thumbnail\" width=\"800\" height=\"600\" \/>\n\t\t\t<!-- Overlay Wrapper -->\n\t\t\t <!-- Overlay Wrapper Closed -->\n\t\t\t\t<\/a>\n\t\t\t\t\t\t\t<meta itemprop=\"width\" content=\"800\" \/>\n\t\t\t<meta itemprop=\"height\" content=\"600\" \/>\n\t\t\t\t<a\n\t\t\thref=\"https:\/\/gamesystem.com\/wp-content\/uploads\/2018\/05\/Plateforme-suspendue-pour-op\u00e9ration-de-maintenance-en-s\u00e9curit\u00e9.jpg\"\n\t\t\t\t\t\tdata-fancybox=\"images\" \n\t\t\ttitle=\"Plateforme suspendue pour op\u00e9ration de maintenance en s\u00e9curit\u00e9\" \n\t\t\t\t\t\tdata-caption=\"Plateforme suspendue \"\n\t\t\t\t\t\tdata-description=\"securisation des interventions sur machine\" \n\t\t\titemprop=\"contentUrl\">\n\t\t<img decoding=\"async\" loading=\"lazy\" src=\"https:\/\/gamesystem.com\/wp-content\/uploads\/2018\/05\/Plateforme-suspendue-pour-op\u00e9ration-de-maintenance-en-s\u00e9curit\u00e9.jpg\" alt=\"plateforme install\u00e9 et fabriqu\u00e9 par gamesysteml pour travail sur machine\" data-no-lazy=\"1\" itemprop=\"thumbnail\" width=\"800\" height=\"600\" \/>\n\t\t\t<!-- Overlay Wrapper -->\n\t\t\t <!-- Overlay Wrapper Closed -->\n\t\t\t\t<\/a>\n\t\t\t\t\t\t\t<meta itemprop=\"width\" content=\"800\" \/>\n\t\t\t<meta itemprop=\"height\" content=\"600\" \/>\n\t\t\t\t<a\n\t\t\thref=\"https:\/\/gamesystem.com\/wp-content\/uploads\/2018\/05\/Echelle-pour-acces-en-toiture.jpg\"\n\t\t\t\t\t\tdata-fancybox=\"images\" \n\t\t\ttitle=\"Echelle pour acces en toiture\" \n\t\t\t\t\t\tdata-caption=\"Echelle fixe pour acc\u00e8s au toit\"\n\t\t\t\t\t\tdata-description=\"echelle pour acc\u00e8der aux toits et aux toiutres plates\" \n\t\t\titemprop=\"contentUrl\">\n\t\t<img decoding=\"async\" loading=\"lazy\" src=\"https:\/\/gamesystem.com\/wp-content\/uploads\/2018\/05\/Echelle-pour-acces-en-toiture.jpg\" alt=\"echelle crinoline en alu pour acc\u00e9der en hauteur\" data-no-lazy=\"1\" itemprop=\"thumbnail\" width=\"800\" height=\"600\" \/>\n\t\t\t<!-- Overlay Wrapper -->\n\t\t\t <!-- Overlay Wrapper Closed -->\n\t\t\t\t<\/a>\n\t\t\t\t\t\t\t<meta itemprop=\"width\" content=\"800\" \/>\n\t\t\t<meta itemprop=\"height\" content=\"600\" \/>\n\t\t\t\t<a\n\t\t\thref=\"https:\/\/gamesystem.com\/wp-content\/uploads\/2018\/05\/echelle-crinoline-pour-acc\u00e8s-en-hauteur.jpg\"\n\t\t\t\t\t\tdata-fancybox=\"images\" \n\t\t\ttitle=\"echelle crinoline pour acc\u00e8s en hauteur\" \n\t\t\t\t\t\tdata-caption=\"Echelle \u00e0 crinoline en aluminium\"\n\t\t\t\t\t\tdata-description=\"echelle crinoline pour acc\u00e8s\" \n\t\t\titemprop=\"contentUrl\">\n\t\t<img decoding=\"async\" loading=\"lazy\" src=\"https:\/\/gamesystem.com\/wp-content\/uploads\/2018\/05\/echelle-crinoline-pour-acc\u00e8s-en-hauteur.jpg\" alt=\"echelel \u00e0 crinoline pour acc\u00e9der \u00e0 la toiture et intervenir en s\u00e9curit\u00e9\" data-no-lazy=\"1\" itemprop=\"thumbnail\" width=\"800\" height=\"600\" \/>\n\t\t\t<!-- Overlay Wrapper -->\n\t\t\t <!-- Overlay Wrapper Closed -->\n\t\t\t\t<\/a>\n\t\t\t\t\t\t\t<meta itemprop=\"width\" content=\"800\" \/>\n\t\t\t<meta itemprop=\"height\" content=\"600\" \/>\n\t\t\t\t<a\n\t\t\thref=\"https:\/\/gamesystem.com\/wp-content\/uploads\/2018\/05\/Systeme-papillon-pour-acc\u00e8s-au-pyl\u00f4ne-t\u00e9l\u00e9communciation.jpg\"\n\t\t\t\t\t\tdata-fancybox=\"images\" \n\t\t\ttitle=\"Systeme papillon pour acc\u00e8s au pyl\u00f4ne t\u00e9l\u00e9communciation\" \n\t\t\t\t\t\tdata-caption=\"Syst\u00e8me papillon Gamesystem\"\n\t\t\t\t\t\tdata-description=\"interventions en hauteur avec un systeme papillon,\" \n\t\t\titemprop=\"contentUrl\">\n\t\t<img decoding=\"async\" loading=\"lazy\" src=\"https:\/\/gamesystem.com\/wp-content\/uploads\/2018\/05\/Systeme-papillon-pour-acc\u00e8s-au-pyl\u00f4ne-t\u00e9l\u00e9communciation.jpg\" alt=\"interventions sur pylone de telecommunication\" data-no-lazy=\"1\" itemprop=\"thumbnail\" width=\"800\" height=\"600\" \/>\n\t\t\t<!-- Overlay Wrapper -->\n\t\t\t <!-- Overlay Wrapper Closed -->\n\t\t\t\t<\/a>\n\t\t\t\t\t\t\t<meta itemprop=\"width\" content=\"800\" \/>\n\t\t\t<meta itemprop=\"height\" content=\"600\" \/>\n\t\n\t\n\t\n\t\n\n","protected":false},"excerpt":{"rendered":"<p>SEGURIDAD DEL TRABAJO EN ALTURA El riesgo de ca\u00edda se puede disminuir e incluso eliminar \u00a0si una persona se conecta a un dispositivo de anclaje como un cable o plaqueta&hellip;<\/p>\n","protected":false},"author":7,"featured_media":0,"parent":0,"menu_order":0,"comment_status":"closed","ping_status":"open","template":"","meta":[],"_links":{"self":[{"href":"https:\/\/gamesystem.com\/es\/wp-json\/wp\/v2\/pages\/13594"}],"collection":[{"href":"https:\/\/gamesystem.com\/es\/wp-json\/wp\/v2\/pages"}],"about":[{"href":"https:\/\/gamesystem.com\/es\/wp-json\/wp\/v2\/types\/page"}],"author":[{"embeddable":true,"href":"https:\/\/gamesystem.com\/es\/wp-json\/wp\/v2\/users\/7"}],"replies":[{"embeddable":true,"href":"https:\/\/gamesystem.com\/es\/wp-json\/wp\/v2\/comments?post=13594"}],"version-history":[{"count":0,"href":"https:\/\/gamesystem.com\/es\/wp-json\/wp\/v2\/pages\/13594\/revisions"}],"wp:attachment":[{"href":"https:\/\/gamesystem.com\/es\/wp-json\/wp\/v2\/media?parent=13594"}],"curies":[{"name":"wp","href":"https:\/\/api.w.org\/{rel}","templated":true}]}}