{"id":13547,"date":"2018-01-18T09:22:33","date_gmt":"2018-01-18T09:22:33","guid":{"rendered":"https:\/\/preprod.gamesystem.com\/evacuation-d-un-teleporte\/"},"modified":"2021-01-05T08:11:18","modified_gmt":"2021-01-05T07:11:18","slug":"evacuacion-en-remontes-mecanicos","status":"publish","type":"page","link":"https:\/\/gamesystem.com\/es\/evacuacion-en-remontes-mecanicos\/","title":{"rendered":"Evacuaci\u00f3n en remontes mec\u00e1nicos"},"content":{"rendered":"\n\n\t\t\t<h1>SOLUCI\u00d3N PARA EVACUACI\u00d3N EN REMONTES MEC\u00c1NICOS<\/h1>\n\t\t\t\t<p>Cuando un transporte por cable (telecabina o telef\u00e9rico) se bloquea en pleno uso es imprescindible evacuarlo lo antes posible. Los rescatadores deben poder acceder a las cabinas para ayudar a los pasajeros. De acuerdo con la legislaci\u00f3n, los rescatadores tienen un m\u00e1ximo de 3 horas para evacuar a todas las personas que se encuentran bloqueadas. Por ello, los rescatadores deben conocer las diferentes t\u00e9cnicas de acceso a la pilona, progresi\u00f3n por el cable y evacuaciones (verticales u oblicuas). Se deben tener en cuenta varios criterios para la elecci\u00f3n del equipo y la t\u00e9cnica de evacuaci\u00f3n que se utilizar\u00e1: el n\u00famero de veh\u00edculos \u00a0a evacuar, el n\u00famero de socorristas, las distancias entre las pilonas, las alturas, las zonas de evacuaci\u00f3n, la pendiente del cable.<\/p>\n\t\t\t\t<img decoding=\"async\" src=\"https:\/\/gamesystem.com\/wp-content\/uploads\/2018\/05\/Acc\u00e8s-au-pylone-s\u00e9curis\u00e9.jpg\" alt=\"travail en hauteur sur pylone de remont\u00e9e m\u00e9acanique\"\/>\n\t\t\t<p>ACCESO DEL RESCATADOR<\/p>\n\t\t\t\t<img decoding=\"async\" src=\"https:\/\/gamesystem.com\/wp-content\/uploads\/2018\/05\/Acc\u00e8s-dun-sauveteur-a-une-t\u00e9l\u00e9cabine-pour-effectuer-levacaution-de-t\u00e9l\u00e9port\u00e9.jpg\" alt=\"sauveteur se d\u00e9placent avec du mat\u00e9riel d'\u00e9vacuation gamesystem\"\/>\n\t\t\t<p>DESPLAZAMIENTO SOBRE EL CABLE<\/p>\n\t\t\t\t<img decoding=\"async\" src=\"https:\/\/gamesystem.com\/wp-content\/uploads\/2018\/05\/proc\u00e9dure-d\u00e9vacuation-dune-cabine-en-panne-et-de-personne-bloqu\u00e9s.jpg\" alt=\"\u00e9vacuation de personne bloqu\u00e9s dans une t\u00e9l\u00e9cabine\"\/>\n\t\t\t<p>EVACUACI\u00d3N VERTICAL U OBL\u00cdCUA<\/p>\n\t\t\t<h2>SOLUCIONES DE ACCESO PARA LA EVACUACI\u00d3N<\/h2>\t\t\t\n\t\t\t<h3>Veh\u00edculos de acceso para telecabinas y telesillas bloqueados o fuera de servicio<\/h3>\n\t\t\t\t\t\t\t\t\t\t\t<img decoding=\"async\" src=\"https:\/\/gamesystem.com\/wp-content\/uploads\/2018\/07\/motorgames-pour-acc\u00e8s-des-sauveteurs-en-securite.png\" alt=\"\u00e9vacuation de personne t\u00e9l\u00e9port\u00e9\"\/>\n\t\t\t<a href=\"https:\/\/gamesystem.com\/es\/productos\/soluciones-para-remontes-mecanicos\/motorgames\/\" target=\"_self\" role=\"button\" rel=\"noopener\">\n\t\t\t\t\t\t\tM\u00e1s informaci\u00f3n\n\t\t<\/a>\n\t\t\t\t\t\t<h4>\n\t\t\t\t\t\tMotorgames\t\t<\/h4>\n\t\t\t\t\t\t\t\t\t\t\t<img decoding=\"async\" src=\"https:\/\/gamesystem.com\/wp-content\/uploads\/2018\/07\/H\u00e9ligames-2.png\" alt=\"travail en hauteur et \u00e9vacuation\"\/>\n\t\t\t<a href=\"\/es?page_id=13815\" target=\"_self\" role=\"button\" rel=\"noopener\">\n\t\t\t\t\t\t\tM\u00e1s informaci\u00f3n\n\t\t<\/a>\n\t\t\t\t\t\t<h4>\n\t\t\t\t\t\tHeligames 2\t\t<\/h4>\n\t\t\t\t\t\t\t\t\t\t\t<img decoding=\"async\" src=\"https:\/\/gamesystem.com\/wp-content\/uploads\/2018\/07\/V\u00e9ligames-2-acc\u00e9der-facilement-aux-personnes-t\u00e9l\u00e9port\u00e9s.png\" alt=\"acc\u00e8s des sauveteur au personne a \u00e9vacuer\"\/>\n\t\t\t<a href=\"\/es?page_id=13848\" target=\"_self\" role=\"button\" rel=\"noopener\">\n\t\t\t\t\t\t\tM\u00e1s informaci\u00f3n\n\t\t<\/a>\n\t\t\t\t\t\t<h4>\n\t\t\t\t\t\tVeligames 2\t\t<\/h4>\n\t\t\t\t\t\t\t\t\t\t\t<img decoding=\"async\" src=\"https:\/\/gamesystem.com\/wp-content\/uploads\/2018\/07\/Monoroulette-Gamesystem.png\" alt=\"\u00e9vcauation de personne t\u00e9l\u00e9port\u00e9 dans t\u00e9l\u00e9cabine\"\/>\n\t\t\t\t\t\t<h4>\n\t\t\t\t\t\tMonoroulette\t\t<\/h4>\n\t\t\t\t\t\t\t\t\t\t\t<img decoding=\"async\" src=\"https:\/\/gamesystem.com\/wp-content\/uploads\/2018\/07\/Biroulette.png\" alt=\"secours en t\u00e9l\u00e9cabine t\u00e9l\u00e9ski\"\/>\n\t\t\t\t\t\t<h4>\n\t\t\t\t\t\tBiroulette\t\t<\/h4>\n\t\t\t\t\t\t\t\t\t\t\t<img decoding=\"async\" src=\"https:\/\/gamesystem.com\/wp-content\/uploads\/2019\/04\/SKC-EVO-by-GAMESYSTEM.png\" alt=\"skc pour acc\u00e8s pylone\"\/>\n\t\t\t<a href=\"https:\/\/gamesystem.com\/wp-content\/uploads\/2020\/01\/SKC-EVO-GAMESYSTEM-ESP.pdf\" target=\"_blank\" rel=\"noopener\" role=\"button\">\n\t\t\t\t\t\t\t M\u00e1s informaci\u00f3n\n\t\t<\/a>\n\t\t\t\t\t\t<h4>\n\t\t\t\t\t\tSKC EVO by Gamesystem\t\t<\/h4>\n\t<p>Gamesystem ha desarrollado una gama de veh\u00edculos espec\u00edficos para remontes mec\u00e1nicos, lo que permite a los evacuadores acceder de forma r\u00e1pida y segura a personas en un telecabina o telef\u00e9rico bloqueado. Nuestros dispositivos est\u00e1n hechos para desplazarse sobre cables con di\u00e1metros desde 26mm a 64 mm. Nuestros sistemas\u00a0 deben ser utilizados por personas capacitadas y autorizadas para usarlo, de acuerdo con un plan de emergencia espec\u00edfico para cada instalaci\u00f3n.<\/p>\n\t\t\t<h3>Sistemas de evacuaci\u00f3n de personas desde un telecabina o telef\u00e9rico<\/h3>\n\t\t\t\t\t\t\t\t\t\t\t<img decoding=\"async\" src=\"https:\/\/gamesystem.com\/wp-content\/uploads\/2018\/07\/Roulette-d\u00e9vacuation-pour-secours-de-t\u00e9l\u00e9port\u00e9.png\" alt=\"sauveteur en montagne\"\/>\n\t\t\t\t\t\t<h4>\n\t\t\t\t\t\tRoulette\t\t<\/h4>\n\t\t\t\t\t\t\t\t\t\t\t<img decoding=\"async\" src=\"https:\/\/gamesystem.com\/wp-content\/uploads\/2018\/07\/treuil-pour-sauvetage-t\u00e9l\u00e9port\u00e9-plus-rapide.png\" alt=\"treuil pour sauvetage rapide\"\/>\n\t\t\t\t\t\t<h4>\n\t\t\t\t\t\tCabrestante\t\t<\/h4>\n\t\t\t\t\t\t\t\t\t\t\t<img decoding=\"async\" src=\"https:\/\/gamesystem.com\/wp-content\/uploads\/2018\/07\/choucas-HM-pour-\u00e9vacuation-de-t\u00e9l\u00e9port\u00e9.png\" alt=\"\u00e9vacuation de t\u00e9l\u00e9poort\u00e9 dans une t\u00e9l\u00e9cabine\"\/>\n\t\t\t<a href=\"https:\/\/gamesystem.com\/es\/productos\/especificos\/choucas\/\" target=\"_self\" role=\"button\" rel=\"noopener\">\n\t\t\t\t\t\t\tM\u00e1s informaci\u00f3n\n\t\t<\/a>\n\t\t\t\t\t\t<h4>\n\t\t\t\t\t\tChoucas HM\t\t<\/h4>\n\t\t\t\t\t\t\t\t\t\t\t<img decoding=\"async\" src=\"https:\/\/gamesystem.com\/wp-content\/uploads\/2018\/07\/sac-devacuation-pour-t\u00e9l\u00e9port\u00e9.png\" alt=\"evcauation oblique pour t\u00e9l\u00e9port\u00e9\"\/>\n\t\t\t<a href=\"https:\/\/gamesystem.com\/wp-content\/uploads\/2020\/01\/Bolsa-de-evacuation-ESP.pdf\" target=\"_blank\" rel=\"noopener\" role=\"button\">\n\t\t\t\t\t\t\tM\u00e1s informaci\u00f3n\n\t\t<\/a>\n\t\t\t\t\t\t<h4>\n\t\t\t\t\t\tBolsa de evacuaci\u00f3n\t\t<\/h4>\n\t\t\t\t\t\t\t\t\t\t\t<img decoding=\"async\" src=\"https:\/\/gamesystem.com\/wp-content\/uploads\/2018\/07\/choucas-avec-volant-pour-\u00e9vacuation-de-personne-E-HM.png\" alt=\"\u00e9vacuation de personne bloqu\u00e9 en t\u00e9l\u00e9cabine\"\/>\n\t\t\t<a href=\"https:\/\/gamesystem.com\/es\/productos\/especificos\/choucas\/\" target=\"_self\" role=\"button\" rel=\"noopener\">\n\t\t\t\t\t\t\tM\u00e1s informaci\u00f3n\n\t\t<\/a>\n\t\t\t\t\t\t<h4>\n\t\t\t\t\t\tChoucas E-HM\t\t<\/h4>\n\t\t\t\t\t\t\t\t\t\t\t<img decoding=\"async\" src=\"https:\/\/gamesystem.com\/wp-content\/uploads\/2018\/07\/\u00e9chelle-pour-acc\u00e8s-du-sauveteur-\u00e0-la-t\u00e9l\u00e9cabine.png\" alt=\"faciliter d&#039;acc\u00e8s \u00e0 une t\u00e9l\u00e9cabine grace \u00e0 une \u00e9chelle\"\/>\n\t\t\t\t\t\t<h4>\n\t\t\t\t\t\tEscalera\t\t<\/h4>\n\t<p>Gamesystem tambi\u00e9n ofrece una amplia gama de equipos espec\u00edficos para la evacuaci\u00f3n, que permite llevar a los viajeros hasta el suelo. Una vez instalados por el rescatador, los dispositivos permiten una evacuaci\u00f3n r\u00e1pida y eficiente de los pasajeros. La elecci\u00f3n del equipo que se utilizar\u00e1 se realizar\u00e1 de acuerdo con varios criterios: la configuraci\u00f3n del telef\u00e9rico y la t\u00e9cnica de evacuaci\u00f3n -vertical u oblicua-.<\/p>\n\t\t\t<h2>EQUIPO DE PROTECCI\u00d3N INDIVIDUAL ESPEC\u00cdFICO<\/h2>\t\t\t\n\t\t\t<h3>EPI espec\u00edfico para el rescate en remontes mec\u00e1nicos<\/h3>\n\t\t\t\t\t\t\t\t\t\t\t<img decoding=\"async\" src=\"https:\/\/gamesystem.com\/wp-content\/uploads\/2018\/05\/Longe-double-pour-travaux-en-hauteur.png\" alt=\"longe double pour interventions en hauteur\"\/>\n\t\t\t<a href=\"https:\/\/gamesystem.com\/es\/productos\/conexion-anticaidas\/elemento-de-doble-amarre-fijo\/\" target=\"_self\" role=\"button\" rel=\"noopener\">\n\t\t\t\t\t\t\tM\u00e1s informaci\u00f3n\n\t\t<\/a>\n\t\t\t\t\t\t<h4>\n\t\t\t\t\t\tEquipo de doble amarre\t\t<\/h4>\n\t\t\t\t\t\t\t\t\t\t\t<img decoding=\"async\" src=\"https:\/\/gamesystem.com\/wp-content\/uploads\/2018\/07\/enrouleur-\u00e0-rappel-automatique-stop-chute.png\" alt=\"enrouleur pour travail en hauteur\"\/>\n\t\t\t\t\t\t<h4>\n\t\t\t\t\t\tRetr\u00e1ctil \t\t<\/h4>\n\t\t\t\t\t\t\t\t\t\t\t<img decoding=\"async\" src=\"https:\/\/gamesystem.com\/wp-content\/uploads\/2018\/06\/Harnais-de-s\u00e9curit\u00e9-GH5-pour-travail-en-hauteur.png\" alt=\"harnais de s\u00e9curit\u00e9 gamesystem\"\/>\n\t\t\t<a href=\"https:\/\/gamesystem.com\/es\/productos\/arnes-de-seguridad\/arnes-gh5\/\" target=\"_self\" role=\"button\" rel=\"noopener\">\n\t\t\t\t\t\t\tM\u00e1s informaci\u00f3n\n\t\t<\/a>\n\t\t\t\t\t\t<h4>\n\t\t\t\t\t\tArn\u00e9s GH5\t\t<\/h4>\n\t\t\t\t\t\t\t\t\t\t\t<img decoding=\"async\" src=\"https:\/\/gamesystem.com\/wp-content\/uploads\/2018\/05\/Sangle-dancrage-pour-travaux-en-hauteur.png\" alt=\"sangle d&#039;ancrage sp\u00e9cifique au travaux en hauteur et aux interventions en s\u00e9curit\u00e9\"\/>\n\t\t\t<a href=\"https:\/\/gamesystem.com\/es\/productos\/conexion-anticaidas\/la-cinta-de-anclaj\/\" target=\"_self\" role=\"button\" rel=\"noopener\">\n\t\t\t\t\t\t\tM\u00e1s informaci\u00f3n\n\t\t<\/a>\n\t\t\t\t\t\t<h4>\n\t\t\t\t\t\tLa cinta de anclaje\t\t<\/h4>\n\t\t\t\t\t\t\t\t\t\t\t<img decoding=\"async\" src=\"https:\/\/gamesystem.com\/wp-content\/uploads\/2018\/06\/triangle-de-sauvetage-pour-\u00e9vacuation-dune-personne.png\" alt=\"\u00e9quipement permettant l&#039;\u00e9vacuation\"\/>\n\t\t\t\t\t\t<h4>\n\t\t\t\t\t\tTri\u00e1ngulo de rescate\t\t<\/h4>\n\t\t\t\t\t\t\t\t\t\t\t<img decoding=\"async\" src=\"https:\/\/gamesystem.com\/wp-content\/uploads\/2018\/05\/ceinture-de-maintien-pour-le-travail-en-hauteur.png\" alt=\"ceinture de maintien pour les op\u00e9rateurs travaillant en hauteur\"\/>\n\t\t\t<a href=\"https:\/\/gamesystem.com\/es\/productos\/arnes-de-seguridad\/cinturon-de-mantenimiento\/\" target=\"_self\" role=\"button\" rel=\"noopener\">\n\t\t\t\t\t\t\tM\u00e1s informaci\u00f3n\n\t\t<\/a>\n\t\t\t\t\t\t<h4>\n\t\t\t\t\t\tCintur\u00f3n de sujeci\u00f3n\t\t<\/h4>\n\t\t\t\t\t\t\t\t\t\t\t<img decoding=\"async\" src=\"https:\/\/gamesystem.com\/wp-content\/uploads\/2018\/05\/Moduleur-corde-pour-toiture-plate-ou-pente.png\" alt=\"evoluer en s\u00e9curit\u00e9 en toiture\"\/>\n\t\t\t<a href=\"https:\/\/gamesystem.com\/es\/productos\/conexion-anticaidas\/el-modulador\/\" target=\"_self\" role=\"button\" rel=\"noopener\">\n\t\t\t\t\t\t\tEn savoir +\n\t\t<\/a>\n\t\t\t\t\t\t<h4>\n\t\t\t\t\t\tModulador \t\t<\/h4>\n\t\t\t\t\t\t\t\t\t\t\t<img decoding=\"async\" src=\"https:\/\/gamesystem.com\/wp-content\/uploads\/2018\/06\/Harnais-de-securite-GH3.png\" alt=\"harnais s\u00e9curit\u00e9 pour travailleur en hauteur\"\/>\n\t\t\t<a href=\"https:\/\/gamesystem.com\/es\/productos\/arnes-de-seguridad\/arnes-gh3\/\" target=\"_self\" role=\"button\" rel=\"noopener\">\n\t\t\t\t\t\t\tM\u00e1s informaci\u00f3n\n\t\t<\/a>\n\t\t\t\t\t\t<h4>\n\t\t\t\t\t\tArn\u00e9s GH3\t\t<\/h4>\n\t\t\t\t\t\t\t\t\t\t\t<img decoding=\"async\" src=\"https:\/\/gamesystem.com\/wp-content\/uploads\/2018\/06\/sac-epi-gamesystem.png\" alt=\"sac pour travailleurs en hauteur\"\/>\n\t\t\t<a href=\"https:\/\/gamesystem.com\/es\/productos\/soluciones-para-remontes-mecanicos\/saco-40l-alta-resistencia\/\" target=\"_self\" role=\"button\" rel=\"noopener\">\n\t\t\t\t\t\t\t M\u00e1s informaci\u00f3n\n\t\t<\/a>\n\t\t\t\t\t\t<h4>\n\t\t\t\t\t\tSaco 40l Alta resistenci\t\t<\/h4>\n\t<p>Para intervenir de forma segura durante la evacuaci\u00f3n en remontes mec\u00e1nicos, los rescatistas deben estar equipados con EPI antica\u00eddas. Gamesystem, tambi\u00e9n fabricante de EPI (Made in France), puede proporcionarte todo el equipo de protecci\u00f3n personal adaptado para el rescate en telef\u00e9rico.<\/p>\n\t\t\t<h3>V\u00cdDEOS &#8211; ACCESOS DE EVACUACI\u00d3N<\/h3>\t\t\t\n\t<iframe loading=\"lazy\" width=\"560\" height=\"315\" src=\"https:\/\/www.youtube.com\/embed\/K50CjShfiWc?rel=0\" frameborder=\"0\" allow=\"autoplay; encrypted-media\" allowfullscreen><\/iframe>\n\t<iframe loading=\"lazy\" width=\"560\" height=\"315\" src=\"https:\/\/www.youtube.com\/embed\/2Dc3jvQwUQk?rel=0\" frameborder=\"0\" allow=\"autoplay; encrypted-media\" allowfullscreen><\/iframe>\n\t<iframe loading=\"lazy\" width=\"560\" height=\"315\" src=\"https:\/\/www.youtube.com\/embed\/l4q7C7Y4Gc8?rel=0\" frameborder=\"0\" allow=\"autoplay; encrypted-media\" allowfullscreen><\/iframe>\n\t<p>Gamesystem tambi\u00e9n ofrece una amplia gama de equipos espec\u00edficos para la evacuaci\u00f3n, que permite llevar a los viajeros hasta el suelo. Una vez instalados por el rescatador, los dispositivos permiten una evacuaci\u00f3n r\u00e1pida y eficiente de los pasajeros. La elecci\u00f3n del equipo que se utilizar\u00e1 se realizar\u00e1 de acuerdo con varios criterios: la configuraci\u00f3n del telef\u00e9rico y la t\u00e9cnica de evacuaci\u00f3n -vertical u oblicua-.<\/p>\n\t\t\t<h2>NUESTROS SISTEMAS &#8211; INTERVENCIONES SOBRE REMONTES MEC\u00c1NICOS<\/h2>\t\t\t\n\t\t\t\t<a\n\t\t\thref=\"https:\/\/gamesystem.com\/wp-content\/uploads\/2018\/05\/secours-de-personne-t\u00e9l\u00e9port\u00e9-sur-t\u00e9l\u00e9si\u00e8ge-bloqu\u00e9.jpg\"\n\t\t\t\t\t\tdata-fancybox=\"images\" \n\t\t\ttitle=\"secours de personne t\u00e9l\u00e9port\u00e9 sur t\u00e9l\u00e9si\u00e8ge bloqu\u00e9\" \n\t\t\t\t\t\tdata-caption=\"\u00c9vacuation d'un t\u00e9l\u00e9si\u00e8ge bloqu\u00e9\"\n\t\t\t\t\t\tdata-description=\"un sauveteur vient secourir des skieurs bloqu\u00e9s sur un t\u00e9l\u00e9si\u00e8ege\" \n\t\t\titemprop=\"contentUrl\">\n\t\t<img decoding=\"async\" src=\"https:\/\/gamesystem.com\/wp-content\/uploads\/2018\/05\/secours-de-personne-t\u00e9l\u00e9port\u00e9-sur-t\u00e9l\u00e9si\u00e8ge-bloqu\u00e9.jpg\" alt=\"sauvetage de skieurs bloqu\u00e9s sur t\u00e9l\u00e9si\u00e8ge\" data-no-lazy=\"1\" itemprop=\"thumbnail\" \/>\n\t\t\t<!-- Overlay Wrapper -->\n\t\t\t <!-- Overlay Wrapper Closed -->\n\t\t\t\t<\/a>\n\t\t\t\t\t\t\t<meta itemprop=\"width\" content=\"800\" \/>\n\t\t\t<meta itemprop=\"height\" content=\"600\" \/>\n\t\t\t\t<a\n\t\t\thref=\"https:\/\/gamesystem.com\/wp-content\/uploads\/2018\/05\/proc\u00e9dure-d\u00e9vacuation-dune-cabine-en-panne-et-de-personne-bloqu\u00e9s.jpg\"\n\t\t\t\t\t\tdata-fancybox=\"images\" \n\t\t\ttitle=\"proc\u00e9dure d&amp;#039;\u00e9vacuation d&amp;#039;une cabine en panne et de personne bloqu\u00e9s\" \n\t\t\t\t\t\tdata-caption=\"\u00c9vacuation verticale depuis une t\u00e9l\u00e9cabine\"\n\t\t\t\t\t\tdata-description=\"skieurs bloqu\u00e9s dans une t\u00e9l\u00e9cabine\" \n\t\t\titemprop=\"contentUrl\">\n\t\t<img decoding=\"async\" src=\"https:\/\/gamesystem.com\/wp-content\/uploads\/2018\/05\/proc\u00e9dure-d\u00e9vacuation-dune-cabine-en-panne-et-de-personne-bloqu\u00e9s.jpg\" alt=\"\u00e9vacuation de personne bloqu\u00e9s dans une t\u00e9l\u00e9cabine\" data-no-lazy=\"1\" itemprop=\"thumbnail\" \/>\n\t\t\t<!-- Overlay Wrapper -->\n\t\t\t <!-- Overlay Wrapper Closed -->\n\t\t\t\t<\/a>\n\t\t\t\t\t\t\t<meta itemprop=\"width\" content=\"800\" \/>\n\t\t\t<meta itemprop=\"height\" content=\"600\" \/>\n\t\t\t\t<a\n\t\t\thref=\"https:\/\/gamesystem.com\/wp-content\/uploads\/2018\/05\/Motorgames-v\u00e9hicule-dacc\u00e8s-pour-sauveteur-au-t\u00e9l\u00e9cabine-ou-t\u00e9l\u00e9siege.jpg\"\n\t\t\t\t\t\tdata-fancybox=\"images\" \n\t\t\ttitle=\"Motorgames v\u00e9hicule d&amp;#039;acc\u00e8s pour sauveteur au t\u00e9l\u00e9cabine ou t\u00e9l\u00e9siege\" \n\t\t\t\t\t\tdata-caption=\"Acc\u00e8s d'un sauveteur sur c\u00e2ble\"\n\t\t\t\t\t\tdata-description=\"utilisation du motorgames\" \n\t\t\titemprop=\"contentUrl\">\n\t\t<img decoding=\"async\" src=\"https:\/\/gamesystem.com\/wp-content\/uploads\/2018\/05\/Motorgames-v\u00e9hicule-dacc\u00e8s-pour-sauveteur-au-t\u00e9l\u00e9cabine-ou-t\u00e9l\u00e9siege.jpg\" alt=\"d\u00e9placement d'un sauveteur sur cable de remont\u00e9e m\u00e9canique\" data-no-lazy=\"1\" itemprop=\"thumbnail\" \/>\n\t\t\t<!-- Overlay Wrapper -->\n\t\t\t <!-- Overlay Wrapper Closed -->\n\t\t\t\t<\/a>\n\t\t\t\t\t\t\t<meta itemprop=\"width\" content=\"800\" \/>\n\t\t\t<meta itemprop=\"height\" content=\"600\" \/>\n\t\t\t\t<a\n\t\t\thref=\"https:\/\/gamesystem.com\/wp-content\/uploads\/2018\/05\/proc\u00e9dure-d\u00e9vacuation-de-personne-bloqu\u00e9s-dans-une-t\u00e9l\u00e9cabine.jpg\"\n\t\t\t\t\t\tdata-fancybox=\"images\" \n\t\t\ttitle=\"proc\u00e9dure d&amp;#039;\u00e9vacuation de personne bloqu\u00e9s dans une t\u00e9l\u00e9cabine\" \n\t\t\t\t\t\tdata-caption=\"\u00c9vacuation oblique au dessus d'une zone dangereuse\"\n\t\t\t\t\t\tdata-description=\"syst\u00e8me d'\u00e9vacuation\" \n\t\t\titemprop=\"contentUrl\">\n\t\t<img decoding=\"async\" src=\"https:\/\/gamesystem.com\/wp-content\/uploads\/2018\/05\/proc\u00e9dure-d\u00e9vacuation-de-personne-bloqu\u00e9s-dans-une-t\u00e9l\u00e9cabine.jpg\" alt=\"\u00e9vacuer des skieurs bloqu\u00e9s sur un t\u00e9l\u00e9si\u00e8ge\" data-no-lazy=\"1\" itemprop=\"thumbnail\" \/>\n\t\t\t<!-- Overlay Wrapper -->\n\t\t\t <!-- Overlay Wrapper Closed -->\n\t\t\t\t<\/a>\n\t\t\t\t\t\t\t<meta itemprop=\"width\" content=\"800\" \/>\n\t\t\t<meta itemprop=\"height\" content=\"600\" \/>\n\t\t\t\t<a\n\t\t\thref=\"https:\/\/gamesystem.com\/wp-content\/uploads\/2018\/05\/interventions-des-secours-sur-une-t\u00e9l\u00e9cabine-pour-\u00e9vacuer-les-personnes-bloqu\u00e9s.jpg\"\n\t\t\t\t\t\tdata-fancybox=\"images\" \n\t\t\ttitle=\"interventions des secours sur une t\u00e9l\u00e9cabine pour \u00e9vacuer les personnes bloqu\u00e9s\" \n\t\t\t\t\t\tdata-caption=\"Interventions des sauveteurs sur une t\u00e9l\u00e9cabine bloqu\u00e9\"\n\t\t\t\t\t\tdata-description=\"travail avec du mat\u00e9riel d'\u00e9vacuation sp\u00e9cifique aux remont\u00e9es m\u00e9caniques\" \n\t\t\titemprop=\"contentUrl\">\n\t\t<img decoding=\"async\" src=\"https:\/\/gamesystem.com\/wp-content\/uploads\/2018\/05\/interventions-des-secours-sur-une-t\u00e9l\u00e9cabine-pour-\u00e9vacuer-les-personnes-bloqu\u00e9s.jpg\" alt=\"\u00e9vacuation rapide de personnes bloqu\u00e9s dans une t\u00e9l\u00e9cabine\" data-no-lazy=\"1\" itemprop=\"thumbnail\" \/>\n\t\t\t<!-- Overlay Wrapper -->\n\t\t\t <!-- Overlay Wrapper Closed -->\n\t\t\t\t<\/a>\n\t\t\t\t\t\t\t<meta itemprop=\"width\" content=\"800\" \/>\n\t\t\t<meta itemprop=\"height\" content=\"600\" \/>\n\t\t\t\t<a\n\t\t\thref=\"https:\/\/gamesystem.com\/wp-content\/uploads\/2018\/05\/v\u00e9hicule-dacc\u00e8s-pour-sauveteur-de-personnes-bloqu\u00e9s-dans-une-t\u00e9l\u00e9cabine-ou-t\u00e9l\u00e9siege.jpg\"\n\t\t\t\t\t\tdata-fancybox=\"images\" \n\t\t\ttitle=\"v\u00e9hicule d&amp;#039;acc\u00e8s pour sauveteur de personnes bloqu\u00e9s dans une t\u00e9l\u00e9cabine ou t\u00e9l\u00e9siege\" \n\t\t\t\t\t\tdata-caption=\"Acc\u00e8s du sauveteur \u00e0 une t\u00e9l\u00e9cabine\"\n\t\t\t\t\t\tdata-description=\"d\u00e9placement avec le v\u00e9ligames 2 de gamesystem\" \n\t\t\titemprop=\"contentUrl\">\n\t\t<img decoding=\"async\" src=\"https:\/\/gamesystem.com\/wp-content\/uploads\/2018\/05\/v\u00e9hicule-dacc\u00e8s-pour-sauveteur-de-personnes-bloqu\u00e9s-dans-une-t\u00e9l\u00e9cabine-ou-t\u00e9l\u00e9siege.jpg\" alt=\"acc\u00e8s aux personnes \u00e0 secourir avec un v\u00e9hicule gamesystem\" data-no-lazy=\"1\" itemprop=\"thumbnail\" \/>\n\t\t\t<!-- Overlay Wrapper -->\n\t\t\t <!-- Overlay Wrapper Closed -->\n\t\t\t\t<\/a>\n\t\t\t\t\t\t\t<meta itemprop=\"width\" content=\"800\" \/>\n\t\t\t<meta itemprop=\"height\" content=\"600\" \/>\n\t\t\t\t<a\n\t\t\thref=\"https:\/\/gamesystem.com\/wp-content\/uploads\/2018\/05\/formation-des-sauveteurs-\u00e0-l\u00e9vacauation-sur-un-t\u00e9l\u00e9cabine-de-brest.jpg\"\n\t\t\t\t\t\tdata-fancybox=\"images\" \n\t\t\ttitle=\"formation des sauveteurs \u00e0 l&amp;#039;\u00e9vacauation sur un t\u00e9l\u00e9cabine de brest\" \n\t\t\t\t\t\tdata-caption=\"Entra\u00eenement \u00e0 l'\u00e9vacuation de t\u00e9l\u00e9port\u00e9\"\n\t\t\t\t\t\tdata-description=\"\u00e9vacuation de personnes bloqu\u00e9s sur le t\u00e9l\u00e9ph\u00e9rique de brest\" \n\t\t\titemprop=\"contentUrl\">\n\t\t<img decoding=\"async\" src=\"https:\/\/gamesystem.com\/wp-content\/uploads\/2018\/05\/formation-des-sauveteurs-\u00e0-l\u00e9vacauation-sur-un-t\u00e9l\u00e9cabine-de-brest.jpg\" alt=\"formation \u00e0 l'\u00e9vacuation de personne suspendue sur le t\u00e9l\u00e9ph\u00e9rique de brest\" data-no-lazy=\"1\" itemprop=\"thumbnail\" \/>\n\t\t\t<!-- Overlay Wrapper -->\n\t\t\t <!-- Overlay Wrapper Closed -->\n\t\t\t\t<\/a>\n\t\t\t\t\t\t\t<meta itemprop=\"width\" content=\"800\" \/>\n\t\t\t<meta itemprop=\"height\" content=\"600\" \/>\n\t\t\t\t<a\n\t\t\thref=\"https:\/\/gamesystem.com\/wp-content\/uploads\/2018\/05\/\u00e9vacution-de-personne-bloqu\u00e9s-dans-une-t\u00e9l\u00e9cabine-en-panne.jpg\"\n\t\t\t\t\t\tdata-fancybox=\"images\" \n\t\t\ttitle=\"\u00e9vacution de personne bloqu\u00e9s dans une t\u00e9l\u00e9cabine en panne\" \n\t\t\t\t\t\tdata-caption=\"\u00c9vacuation oblique de deux personnes simultan\u00e9ment\"\n\t\t\t\t\t\tdata-description=\"interventions quand la t\u00e9l\u00e9cabine est en panne\" \n\t\t\titemprop=\"contentUrl\">\n\t\t<img decoding=\"async\" src=\"https:\/\/gamesystem.com\/wp-content\/uploads\/2018\/05\/\u00e9vacution-de-personne-bloqu\u00e9s-dans-une-t\u00e9l\u00e9cabine-en-panne.jpg\" alt=\"\u00e9vacuation de deux personnes bloqu\u00e9s dans une t\u00e9l\u00e9cabine\" data-no-lazy=\"1\" itemprop=\"thumbnail\" \/>\n\t\t\t<!-- Overlay Wrapper -->\n\t\t\t <!-- Overlay Wrapper Closed -->\n\t\t\t\t<\/a>\n\t\t\t\t\t\t\t<meta itemprop=\"width\" content=\"800\" \/>\n\t\t\t<meta itemprop=\"height\" content=\"600\" \/>\n\t\t\t<h2>FORMACI\u00d3N ESPEC\u00cdFICA PARA LA EVACUACI\u00d3N <\/h2>\t\t\t\n\t\t\t\t<img decoding=\"async\" src=\"https:\/\/gamesystem.com\/wp-content\/uploads\/2018\/07\/Interventions-sur-les-remont\u00e9es-m\u00e9caniques-et-\u00e9vacuation-de-t\u00e9l\u00e9port\u00e9.jpg\" alt=\"formation travaux en hauteur et interventions sur remont\u00e9e m\u00e9canique\" title=\"Interventions sur les remont\u00e9es m\u00e9caniques et \u00e9vacuation de t\u00e9l\u00e9port\u00e9\" itemprop=\"image\"\/>\n\t\t\t<h4>REMONTES MEC\u00c1NICOS<\/h4>\t\t\t\n\t\t\t\t<p>Dirigido a toda persona que deba subir a las pilonas de los remontes mec\u00e1nicos para labores de mantenimiento. <strong>Duraci\u00f3n:<\/strong> 8 horas o 12 horas (si se realiza el m\u00f3dulo de rescate de un trabajador accidentado) <strong>N\u00famero m\u00e1ximo de asistentes:<\/strong> 10 alumnos. <strong>Modalidad:<\/strong> Presencial te\u00f3rico-pr\u00e1ctico.<\/p>\n\t\t\t<a href=\"https:\/\/gamesystem.com\/wp-content\/uploads\/2018\/09\/Ficha-Formaci\u00f3n-Trabajos-en-Altura-en-Remontes-Mec\u00e1nicos1.pdf\" target=\"_self\" role=\"button\" rel=\"noopener\">\n\t\t\t\t\t\t\tDescarga la Ficha\n\t\t<\/a>\n\n","protected":false},"excerpt":{"rendered":"<p>SOLUCI\u00d3N PARA EVACUACI\u00d3N EN REMONTES MEC\u00c1NICOS Cuando un transporte por cable (telecabina o telef\u00e9rico) se bloquea en pleno uso es imprescindible evacuarlo lo antes posible. Los rescatadores deben poder acceder&hellip;<\/p>\n","protected":false},"author":7,"featured_media":0,"parent":0,"menu_order":0,"comment_status":"closed","ping_status":"open","template":"","meta":[],"_links":{"self":[{"href":"https:\/\/gamesystem.com\/es\/wp-json\/wp\/v2\/pages\/13547"}],"collection":[{"href":"https:\/\/gamesystem.com\/es\/wp-json\/wp\/v2\/pages"}],"about":[{"href":"https:\/\/gamesystem.com\/es\/wp-json\/wp\/v2\/types\/page"}],"author":[{"embeddable":true,"href":"https:\/\/gamesystem.com\/es\/wp-json\/wp\/v2\/users\/7"}],"replies":[{"embeddable":true,"href":"https:\/\/gamesystem.com\/es\/wp-json\/wp\/v2\/comments?post=13547"}],"version-history":[{"count":0,"href":"https:\/\/gamesystem.com\/es\/wp-json\/wp\/v2\/pages\/13547\/revisions"}],"wp:attachment":[{"href":"https:\/\/gamesystem.com\/es\/wp-json\/wp\/v2\/media?parent=13547"}],"curies":[{"name":"wp","href":"https:\/\/api.w.org\/{rel}","templated":true}]}}