{"id":13538,"date":"2018-01-30T09:09:09","date_gmt":"2018-01-30T09:09:09","guid":{"rendered":"https:\/\/preprod.gamesystem.com\/ingenierie\/"},"modified":"2020-12-16T16:16:31","modified_gmt":"2020-12-16T15:16:31","slug":"ingenieria","status":"publish","type":"page","link":"https:\/\/gamesystem.com\/es\/ingenieria\/","title":{"rendered":"Ingenier\u00eda"},"content":{"rendered":"\n\n\t\t\t<h1>INGENIER\u00cdA &#8211; Concepci\u00f3n de soluciones antica\u00eddas<\/h1>\t\t\t\n\t\t\t\t<p>Como cada uno de los proyectos de seguridad es espec\u00edfico, Gamesystem dise\u00f1a y desarrolla soluciones de protecci\u00f3n colectiva e individual, a medida o est\u00e1ndar, para optimizar la seguridad de las instalaciones<\/p>\n\t\t\t\t<img decoding=\"async\" loading=\"lazy\" src=\"https:\/\/gamesystem.com\/wp-content\/uploads\/2018\/07\/bureau-d\u00e9tudes-travail-en-hauteur.jpg\" alt=\"bureau d'\u00e9tudes travail en hauteur\" itemprop=\"image\" height=\"2808\" width=\"3232\" title=\"bureau d'\u00e9tudes travail en hauteur\" onerror=\"this.style.display='none'\"  \/>\n\t\t\t\t<img decoding=\"async\" loading=\"lazy\" src=\"https:\/\/gamesystem.com\/wp-content\/uploads\/2018\/07\/bureau-d\u00e9tudes-3d-Gamesystem-1.jpg\" alt=\"bureau d'\u00e9tudes 3d Gamesystem\" itemprop=\"image\" height=\"2808\" width=\"3232\" title=\"bureau d'\u00e9tudes 3d Gamesystem\" onerror=\"this.style.display='none'\"  \/>\n\t\t\t<h2>Nuestra metodolog\u00eda de trabajo<\/h2>\n\t\t<h3>An\u00e1lisis de contexto<\/h3>\t\t\t\n\t\t\t\t<p>Antes de cualquier proyecto, nuestros t\u00e9cnicos realizan un an\u00e1lisis de su entorno. Analizan las tareas realizadas por los trabajadores, as\u00ed como las \u00e1reas con riesgo de ca\u00edda, para poder elaborar un estudio espec\u00edfico.<\/p>\n\t\t<h3>Redacci\u00f3n de estudio espec\u00edfico<\/h3>\t\t\t\n\t\t\t\t<p>Siguiendo el an\u00e1lisis de contexto, se redacta un informe espec\u00edfico que define las protecciones colectivas y\/o individuales que se deben implementar para garantizar la seguridad del trabajo en altura en las intervenciones de los operarios.<\/p>\n\t\t<h3>Dise\u00f1o de la soluci\u00f3n<\/h3>\t\t\t\n\t\t\t\t<p>Sobre la base de estas especificaciones, nuestra oficina t\u00e9cnica dise\u00f1a, de acuerdo con las normas y regulaciones europeas, las soluciones personalizadas de protecci\u00f3n colectiva e individual.<\/p>\n\t\t\t<h2>Nuestra oficina de dise\u00f1o : <br \/> T\u00e9cnica y precisi\u00f3n<\/h2>\n\t\t\t\t<p>Para ofrecer una soluci\u00f3n antica\u00eddas \u00a0ergon\u00f3mica y adaptada a la situaci\u00f3n particular, Gamesystem integra una oficina que lleva a cabo dise\u00f1os complejos (nota de c\u00e1lculo, simulaci\u00f3n de elementos, modulado 3D virtual) que \u00a0garantiza instalaciones que cumplen con los est\u00e1ndares.<\/p>\n\t\t\t\t\n\t\t\t\t<a\n\t\t\thref=\"https:\/\/gamesystem.com\/wp-content\/uploads\/2018\/05\/sch\u00e9ma-dun-portique-qui-s\u00e9curise-les-interventions-sur-camion.jpg\"\n\t\t\t\t\t\tdata-fancybox=\"images\" \n\t\t\ttitle=\"sch\u00e9ma d&amp;#039;un portique qui s\u00e9curise les interventions sur camion\" \n\t\t\t\t\t\tdata-caption=\"Portique pour deux camions\"\n\t\t\t\t\t\tdata-description=\"croquis d'un double portique pour camion\" \n\t\t\titemprop=\"contentUrl\">\n\t\t<img decoding=\"async\" src=\"https:\/\/gamesystem.com\/wp-content\/uploads\/2018\/05\/sch\u00e9ma-dun-portique-qui-s\u00e9curise-les-interventions-sur-camion.jpg\" alt=\"sch\u00e9ma d'un portique pour camion\" data-no-lazy=\"1\" itemprop=\"thumbnail\" \/>\n\t\t\t<!-- Overlay Wrapper -->\n\t\t\t <!-- Overlay Wrapper Closed -->\n\t\t\t\t<\/a>\n\t\t\t\t\t\t\t<meta itemprop=\"width\" content=\"800\" \/>\n\t\t\t<meta itemprop=\"height\" content=\"600\" \/>\n\t\t\t\t<a\n\t\t\thref=\"https:\/\/gamesystem.com\/wp-content\/uploads\/2018\/07\/r\u00e9alisation-dun-rail-avec-platelage-en-3d-gamesystem.png\"\n\t\t\t\t\t\tdata-fancybox=\"images\" \n\t\t\ttitle=\"r\u00e9alisation d'un rail avec platelage en 3d gamesystem\" \n\t\t\t\t\t\tdata-caption=\"Rail et platelage sur machine\"\n\t\t\t\t\t\tdata-description=\"\" \n\t\t\titemprop=\"contentUrl\">\n\t\t<img decoding=\"async\" src=\"https:\/\/gamesystem.com\/wp-content\/uploads\/2018\/07\/r\u00e9alisation-dun-rail-avec-platelage-en-3d-gamesystem.png\" alt=\"bureau d'\u00e9tudes gamesystem\" data-no-lazy=\"1\" itemprop=\"thumbnail\" \/>\n\t\t\t<!-- Overlay Wrapper -->\n\t\t\t <!-- Overlay Wrapper Closed -->\n\t\t\t\t<\/a>\n\t\t\t\t\t\t\t<meta itemprop=\"width\" content=\"800\" \/>\n\t\t\t<meta itemprop=\"height\" content=\"600\" \/>\n\t\t\t\t<a\n\t\t\thref=\"https:\/\/gamesystem.com\/wp-content\/uploads\/2018\/05\/sch\u00e9ma-dun-portique-avec-un-rail-pour-s\u00e9curiser-le-chargement-dun-camion.jpg\"\n\t\t\t\t\t\tdata-fancybox=\"images\" \n\t\t\ttitle=\"sch\u00e9ma d&amp;#039;un portique avec un rail pour s\u00e9curiser le chargement d&amp;#039;un camion\" \n\t\t\t\t\t\tdata-caption=\"Portique sur fa\u00e7ade \"\n\t\t\t\t\t\tdata-description=\"\" \n\t\t\titemprop=\"contentUrl\">\n\t\t<img decoding=\"async\" src=\"https:\/\/gamesystem.com\/wp-content\/uploads\/2018\/05\/sch\u00e9ma-dun-portique-avec-un-rail-pour-s\u00e9curiser-le-chargement-dun-camion.jpg\" alt=\"portique de d\u00e9potage pour travail en hauteur\" data-no-lazy=\"1\" itemprop=\"thumbnail\" \/>\n\t\t\t<!-- Overlay Wrapper -->\n\t\t\t <!-- Overlay Wrapper Closed -->\n\t\t\t\t<\/a>\n\t\t\t\t\t\t\t<meta itemprop=\"width\" content=\"800\" \/>\n\t\t\t<meta itemprop=\"height\" content=\"600\" \/>\n\t\t\t\t<a\n\t\t\thref=\"https:\/\/gamesystem.com\/wp-content\/uploads\/2018\/07\/realisation-\u00e9chelle-\u00e0-crinoline-et-platelage-3d.png\"\n\t\t\t\t\t\tdata-fancybox=\"images\" \n\t\t\ttitle=\"realisation \u00e9chelle \u00e0 crinoline et platelage 3d\" \n\t\t\t\t\t\tdata-caption=\"\u00c9chelle crinoline et platelage\"\n\t\t\t\t\t\tdata-description=\"\" \n\t\t\titemprop=\"contentUrl\">\n\t\t<img decoding=\"async\" src=\"https:\/\/gamesystem.com\/wp-content\/uploads\/2018\/07\/realisation-\u00e9chelle-\u00e0-crinoline-et-platelage-3d.png\" alt=\"r\u00e9alisation 3d gamesystem\" data-no-lazy=\"1\" itemprop=\"thumbnail\" \/>\n\t\t\t<!-- Overlay Wrapper -->\n\t\t\t <!-- Overlay Wrapper Closed -->\n\t\t\t\t<\/a>\n\t\t\t\t\t\t\t<meta itemprop=\"width\" content=\"800\" \/>\n\t\t\t<meta itemprop=\"height\" content=\"600\" \/>\n\n","protected":false},"excerpt":{"rendered":"<p>INGENIER\u00cdA &#8211; Concepci\u00f3n de soluciones antica\u00eddas Como cada uno de los proyectos de seguridad es espec\u00edfico, Gamesystem dise\u00f1a y desarrolla soluciones de protecci\u00f3n colectiva e individual, a medida o est\u00e1ndar,&hellip;<\/p>\n","protected":false},"author":7,"featured_media":0,"parent":0,"menu_order":0,"comment_status":"closed","ping_status":"open","template":"","meta":[],"_links":{"self":[{"href":"https:\/\/gamesystem.com\/es\/wp-json\/wp\/v2\/pages\/13538"}],"collection":[{"href":"https:\/\/gamesystem.com\/es\/wp-json\/wp\/v2\/pages"}],"about":[{"href":"https:\/\/gamesystem.com\/es\/wp-json\/wp\/v2\/types\/page"}],"author":[{"embeddable":true,"href":"https:\/\/gamesystem.com\/es\/wp-json\/wp\/v2\/users\/7"}],"replies":[{"embeddable":true,"href":"https:\/\/gamesystem.com\/es\/wp-json\/wp\/v2\/comments?post=13538"}],"version-history":[{"count":0,"href":"https:\/\/gamesystem.com\/es\/wp-json\/wp\/v2\/pages\/13538\/revisions"}],"wp:attachment":[{"href":"https:\/\/gamesystem.com\/es\/wp-json\/wp\/v2\/media?parent=13538"}],"curies":[{"name":"wp","href":"https:\/\/api.w.org\/{rel}","templated":true}]}}