{"id":13519,"date":"2018-01-24T09:03:08","date_gmt":"2018-01-24T09:03:08","guid":{"rendered":"https:\/\/preprod.gamesystem.com\/produits\/"},"modified":"2021-11-10T10:20:53","modified_gmt":"2021-11-10T09:20:53","slug":"productos","status":"publish","type":"page","link":"https:\/\/gamesystem.com\/es\/productos\/","title":{"rendered":"Todos nuestros productos"},"content":{"rendered":"\n\n\t\t\t<h1>Todos nuestros productos<\/h1>\t\t\t\n<h2>\n\t\t<a href=\"https:\/\/gamesystem.com\/es\/proteccion-colectiva\/\" title=\"PROTECCI\u00d3N &lt;br&gt; COLECTIVA\" target=\"_self\" rel=\"noopener\">\n\t\tPROTECCI\u00d3N <br \/> COLECTIVA\n\t\t<\/a>\n\t<\/h2>\n\t\t\t\t\t\t\t\t<a href=\"https:\/\/gamesystem.com\/es\/proteccion-colectiva\/\" target=\"_self\" itemprop=\"url\" rel=\"noopener\">\n\t\t\t\t\t\t\t\t\t<img decoding=\"async\" src=\"https:\/\/gamesystem.com\/wp-content\/uploads\/2021\/11\/nos-produits-gamesystem_0004_DSC03513-min.jpg\" alt=\"protection collective\" itemprop=\"image\"  \/>\n\t\t\t\t\t\t\t\t\t\t\t\t\t<\/a>\n<h2>\n\t\t<a href=\"https:\/\/gamesystem.com\/es\/sistema-de-anclaje\/\" title=\"SISTEMAS &lt;br&gt;DE ANCLAJE\" target=\"_self\" rel=\"noopener\">\n\t\tSISTEMAS <br \/>DE ANCLAJE\n\t\t<\/a>\n\t<\/h2>\n\t\t\t\t\t\t\t\t<a href=\"https:\/\/gamesystem.com\/es\/sistema-de-anclaje\/\" target=\"_self\" itemprop=\"url\" rel=\"noopener\">\n\t\t\t\t\t\t\t\t\t<img decoding=\"async\" src=\"https:\/\/gamesystem.com\/wp-content\/uploads\/2021\/11\/nos-produits-gamesystem_0003_lv-pared-1-min.jpg\" alt=\"Syst\u00e8mes d'ancrage\" itemprop=\"image\"  \/>\n\t\t\t\t\t\t\t\t\t\t\t\t\t<\/a>\n<h2>\n\t\t<a href=\"https:\/\/gamesystem.com\/es\/equipos-proteccion-individual\/\" title=\"EQUIPOS DE &lt;br&gt; PROTECCI\u00d3N INDIVIDUAL\" target=\"_self\" rel=\"noopener\">\n\t\tEQUIPOS DE <br \/> PROTECCI\u00d3N INDIVIDUAL\n\t\t<\/a>\n\t<\/h2>\n\t\t\t\t\t\t\t\t<a href=\"https:\/\/gamesystem.com\/es\/equipos-proteccion-individual\/\" target=\"_self\" itemprop=\"url\" rel=\"noopener\">\n\t\t\t\t\t\t\t\t\t<img decoding=\"async\" src=\"https:\/\/gamesystem.com\/wp-content\/uploads\/2021\/11\/nos-produits-gamesystem_0002_IMG_5729-min.jpg\" alt=\"epi\" itemprop=\"image\"  \/>\n\t\t\t\t\t\t\t\t\t\t\t\t\t<\/a>\n<h2>\n\t\t<a href=\"https:\/\/gamesystem.com\/es\/acceso-ligero\/\" title=\"ACCESO LIGERO\" target=\"_self\" rel=\"noopener\">\n\t\tACCESO LIGERO\n\t\t<\/a>\n\t<\/h2>\n\t\t\t\t\t\t\t\t<a href=\"https:\/\/gamesystem.com\/es\/acceso-ligero\/\" target=\"_self\" itemprop=\"url\" rel=\"noopener\">\n\t\t\t\t\t\t\t\t\t<img decoding=\"async\" src=\"https:\/\/gamesystem.com\/wp-content\/uploads\/2021\/11\/nos-produits-gamesystem_0000_ECHELLES_GRS-TOUT-ALUMINIUM_SITU_2-min.jpg\" alt=\"acc\u00e8s l\u00e9ger\" itemprop=\"image\"  \/>\n\t\t\t\t\t\t\t\t\t\t\t\t\t<\/a>\n<h2>\n\t\t<a href=\"https:\/\/gamesystem.com\/es\/telecomunicaciones\/\" title=\"TELECOMUNICACIONES\" target=\"_self\" rel=\"noopener\">\n\t\tTELECOMUNICACIONES\n\t\t<\/a>\n\t<\/h2>\n\t\t\t\t\t\t\t\t<a href=\"https:\/\/gamesystem.com\/es\/telecomunicaciones\/\" target=\"_self\" itemprop=\"url\" rel=\"noopener\">\n\t\t\t\t\t\t\t\t\t<img decoding=\"async\" src=\"https:\/\/gamesystem.com\/wp-content\/uploads\/2021\/11\/nos-produits-gamesystem_0005_P3172987-min.jpg\" alt=\"t\u00e9l\u00e9com\" itemprop=\"image\"  \/>\n\t\t\t\t\t\t\t\t\t\t\t\t\t<\/a>\n<h2>\n\t\t<a href=\"https:\/\/gamesystem.com\/es\/remontes-mecanicos\/\" title=\"REMONTES MEC\u00c1NICOS\" target=\"_self\" rel=\"noopener\">\n\t\tREMONTES MEC\u00c1NICOS\n\t\t<\/a>\n\t<\/h2>\n\t\t\t\t\t\t\t\t<a href=\"https:\/\/gamesystem.com\/es\/remontes-mecanicos\/\" target=\"_self\" itemprop=\"url\" rel=\"noopener\">\n\t\t\t\t\t\t\t\t\t<img decoding=\"async\" src=\"https:\/\/gamesystem.com\/wp-content\/uploads\/2021\/11\/nos-produits-gamesystem_0001_2018-04-23-motorgame-4811-min.jpg\" alt=\"Remont\u00e9es m\u00e9caniques\" itemprop=\"image\"  \/>\n\t\t\t\t\t\t\t\t\t\t\t\t\t<\/a>\n\t\t\t\t<img decoding=\"async\" src=\"https:\/\/gamesystem.com\/wp-content\/uploads\/2021\/11\/Catalogue-Gamesystem-2021.png\" alt=\"Catalogue-Gamesystem-2021\" title=\"Catalogue-Gamesystem-2021\" itemprop=\"image\"\/>\n\t\t\t<h2>Nuevo: CAT\u00c1LOGO INTERACTIVO<\/h2>\t\t\t\n\t\t\t\t<p>Descubra todas nuestras soluciones y productos en nuestro cat\u00e1logo online.<\/p>\n\t\t\t<a href=\"https:\/\/online.gamesystem.com\/view\/437356703\/\" target=\"_blank\" rel=\"noopener\" role=\"button\" aria-label=\"Accede a nuestro catalogo\">\n\t\t\t\t\t\t\tAccede a nuestro catalogo\n\t\t<\/a>\n\n","protected":false},"excerpt":{"rendered":"<p>Todos nuestros productos PROTECCI\u00d3N COLECTIVA SISTEMAS DE ANCLAJE EQUIPOS DE PROTECCI\u00d3N INDIVIDUAL ACCESO LIGERO TELECOMUNICACIONES REMONTES MEC\u00c1NICOS Nuevo: CAT\u00c1LOGO INTERACTIVO Descubra todas nuestras soluciones y productos en nuestro cat\u00e1logo online.&hellip;<\/p>\n","protected":false},"author":7,"featured_media":0,"parent":0,"menu_order":0,"comment_status":"closed","ping_status":"open","template":"","meta":[],"_links":{"self":[{"href":"https:\/\/gamesystem.com\/es\/wp-json\/wp\/v2\/pages\/13519"}],"collection":[{"href":"https:\/\/gamesystem.com\/es\/wp-json\/wp\/v2\/pages"}],"about":[{"href":"https:\/\/gamesystem.com\/es\/wp-json\/wp\/v2\/types\/page"}],"author":[{"embeddable":true,"href":"https:\/\/gamesystem.com\/es\/wp-json\/wp\/v2\/users\/7"}],"replies":[{"embeddable":true,"href":"https:\/\/gamesystem.com\/es\/wp-json\/wp\/v2\/comments?post=13519"}],"version-history":[{"count":0,"href":"https:\/\/gamesystem.com\/es\/wp-json\/wp\/v2\/pages\/13519\/revisions"}],"wp:attachment":[{"href":"https:\/\/gamesystem.com\/es\/wp-json\/wp\/v2\/media?parent=13519"}],"curies":[{"name":"wp","href":"https:\/\/api.w.org\/{rel}","templated":true}]}}