{"id":13516,"date":"2018-02-20T15:24:34","date_gmt":"2018-02-20T15:24:34","guid":{"rendered":"https:\/\/preprod.gamesystem.com\/protection-individuelle\/"},"modified":"2019-02-12T15:20:21","modified_gmt":"2019-02-12T15:20:21","slug":"proteccion-individual","status":"publish","type":"page","link":"https:\/\/gamesystem.com\/es\/productos\/proteccion-individual\/","title":{"rendered":"Protecci\u00f3n individual"},"content":{"rendered":"\n\t\t\t<h1>Titre de la section<\/h1>\t\t\t\n\t\t\t\t\t\t\t\t\t\t\t<img decoding=\"async\" src=\"https:\/\/gamesystem.com\/wp-content\/uploads\/2018\/05\/Ligne-de-vie-cable-sur-toit-2.jpg\" alt=\"Acc\u00e9der au poste grace a la ligne de vie\">\n\t\t\t<a href=\"https:\/\/gamesystem.com\/es\/productos\/proteccion-individual\/linea-de-vida\/\" target=\"_self\"   role=\"button\">\n\t\t\t\t\t\t\tM\u00e1s informaci\u00f3n\n\t\t<\/a>\n\t\t\t\t\t\t<h3>\n\t\t\t\t\t\tL\u00ednea de vida\t\t<\/h3>\n\t\t\t\t\t\t\t\t\t\t\t<img decoding=\"async\" src=\"https:\/\/gamesystem.com\/wp-content\/uploads\/2018\/05\/rail-de-s\u00e9curit\u00e9-pour-travail-en-hauteur.jpg\" alt=\"chargement de wagon\">\n\t\t\t<a href=\"https:\/\/gamesystem.com\/es\/productos\/proteccion-individual\/rail-o-alu\/\" target=\"_blank\" rel=\"noopener\"  role=\"button\">\n\t\t\t\t\t\t\tM\u00e1s informaci\u00f3n \n\t\t<\/a>\n\t\t\t\t\t\t<h3>\n\t\t\t\t\t\tRa\u00edl \u03a9\t\t<\/h3>\n\t\t\t\t\t\t\t\t\t\t\t<img decoding=\"async\" src=\"https:\/\/gamesystem.com\/wp-content\/uploads\/2018\/05\/s\u00e9curisation-dun-camion-avec-une-potence-et-un-rail.jpg\" alt=\"portique pour s\u00e9curiser les interventions sur camions et le travail en hauteur\">\n\t\t\t\t\t\t<h3>\n\t\t\t\t\t\tCable de seguridad \t\t<\/h3>\n\t\t\t\t\t\t\t\t\t\t\t<img decoding=\"async\" src=\"https:\/\/gamesystem.com\/wp-content\/uploads\/2018\/06\/cable-de-s\u00e9curit\u00e9-pour-\u00e9voluer-en-hauteur-en-s\u00e9curit\u00e9.jpg\" alt=\"travail en hauteur avec cable\">\n\t\t\t<a href=\"https:\/\/gamesystem.com\/es\/productos\/proteccion-individual\/cable-de-seguridad-8-16\/\" target=\"_self\"   role=\"button\">\n\t\t\t\t\t\t\tM\u00e1s informaci\u00f3n \n\t\t<\/a>\n\t\t\t\t\t\t<h3>\n\t\t\t\t\t\tCarro 8\/16\t\t<\/h3>\n\t\t\t\t\t\t\t\t\t\t\t<img decoding=\"async\" src=\"https:\/\/gamesystem.com\/wp-content\/uploads\/2018\/05\/Echelle-pour-acces-en-toiture-1.jpg\" alt=\"echelle pour acc\u00e8s sur totiute plate\">\n\t\t\t<a href=\"https:\/\/gamesystem.com\/es\/productos\/proteccion-colectiva\/escalera-fija-y-de-gato\/\" target=\"_self\"   role=\"button\">\n\t\t\t\t\t\t\tM\u00e1s informaci\u00f3n\n\t\t<\/a>\n\t\t\t\t\t\t<h3>\n\t\t\t\t\t\tEscala fija\t\t<\/h3>\n\t\t\t\t\t\t\t\t\t\t\t<img decoding=\"async\" src=\"https:\/\/gamesystem.com\/wp-content\/uploads\/2018\/06\/ligne-de-vie-provisoire-pour-les-interventions-en-hauteur.jpg\" alt=\"installation d'une ligne de vie provisoire\">\n\t\t\t<a href=\"https:\/\/gamesystem.com\/es\/productos\/proteccion-individual\/linea-de-vida-temporal\/\" target=\"_self\"   role=\"button\">\n\t\t\t\t\t\t\tM\u00e1s informaci\u00f3n\n\t\t<\/a>\n\t\t\t\t\t\t<h3>\n\t\t\t\t\t\tL\u00ednea de vida tempora\t\t<\/h3>\n\t\t\t\t\t\t\t\t\t\t\t<img decoding=\"async\" src=\"https:\/\/gamesystem.com\/wp-content\/uploads\/2018\/06\/Cable-de-s\u00e9curit\u00e9-avec-biroulette-frein-1.jpg\" alt=\"ligne de vie cable avec systeme de s\u00e9curit\u00e9\">\n\t\t\t<a href=\"https:\/\/gamesystem.com\/es\/productos\/proteccion-individual\/carro-de-seguridad-biroulette-freno\/\" target=\"_self\"   role=\"button\">\n\t\t\t\t\t\t\tM\u00e1s informaci\u00f3n\n\t\t<\/a>\n\t\t\t\t\t\t<h3>\n\t\t\t\t\t\tCarro de seguridad biroulette freno\t\t<\/h3>\n\t\t\t\t\t\t\t\t\t\t\t<img decoding=\"async\" src=\"https:\/\/gamesystem.com\/wp-content\/uploads\/2018\/06\/Broche-coucou-pour-travail-en-hauteur.jpg\" alt=\"utilisation d'un systme anti chute\">\n\t\t\t<a href=\"https:\/\/gamesystem.com\/es\/productos\/proteccion-individual\/anclaje-extraible\/\" target=\"_self\"   role=\"button\">\n\t\t\t\t\t\t\tM\u00e1s informaci\u00f3n\n\t\t<\/a>\n\t\t\t\t\t\t<h3>\n\t\t\t\t\t\tAnclaje extra\u00edble\t\t<\/h3>\n\t\t\t\t\t\t\t\t\t\t\t<img decoding=\"async\" src=\"https:\/\/gamesystem.com\/wp-content\/uploads\/2018\/05\/tripode-pour-milieu-confin\u00e9.jpg\" alt=\"syst\u00e8me d\u2019\u00e9vacuation pour milieu confin\u00e9\">\n\t\t\t<a href=\"https:\/\/gamesystem.com\/es\/productos\/proteccion-individual\/el-tripode\/\" target=\"_self\"   role=\"button\">\n\t\t\t\t\t\t\tM\u00e1s informaci\u00f3n\n\t\t<\/a>\n\t\t\t\t\t\t<h3>\n\t\t\t\t\t\tTr\u00edpode\t\t<\/h3>\n\t\t\t\t\t\t\t\t\t\t\t<img decoding=\"async\" src=\"https:\/\/gamesystem.com\/wp-content\/uploads\/2018\/05\/point-dancrage-pour-toiture.jpg\" alt=\"point d'ancrage pour travaux en hauteur en s\u00e9curit\u00e9\">\n\t\t\t<a href=\"https:\/\/gamesystem.com\/es\/productos\/proteccion-individual\/plaqueta-de-anclaje\/\" target=\"_self\"   role=\"button\">\n\t\t\t\t\t\t\tM\u00e1s informaci\u00f3n\n\t\t<\/a>\n\t\t\t\t\t\t<h3>\n\t\t\t\t\t\tPlaqueta de anclaje\t\t<\/h3>\n\t\t\t\t\t\t\t\t\t\t\t<img decoding=\"async\" src=\"https:\/\/gamesystem.com\/wp-content\/uploads\/2018\/05\/solution-pour-s\u00e9curiser-les-interventions-dans-les-espaces-confin\u00e9s.jpg\" alt=\"potence pour acc\u00e8s en s\u00e9curit\u00e9 dans espace confin\u00e9\">\n\t\t\t<a href=\"https:\/\/gamesystem.com\/es\/productos\/proteccion-individual\/horca-para-espacios-confinados\/\" target=\"_self\"   role=\"button\">\n\t\t\t\t\t\t\tM\u00e1s informaci\u00f3n\n\t\t<\/a>\n\t\t\t\t\t\t<h3>\n\t\t\t\t\t\tHorca para espacios confinados  \t\t<\/h3>\n\t\t\t\t\t\t\t\t\t\t\t<img decoding=\"async\" src=\"https:\/\/gamesystem.com\/wp-content\/uploads\/2018\/05\/portique-sur-mesure-pour-acc\u00e8s-dans-un-espace-confin\u00e9.jpg\" alt=\"travailler dans un egoutier en s\u00e9curit\u00e9\">\n\t\t\t<a href=\"\/?page_id=13648\" target=\"_self\"   role=\"button\">\n\t\t\t\t\t\t\tM\u00e1s informaci\u00f3n\n\t\t<\/a>\n\t\t\t\t\t\t<h3>\n\t\t\t\t\t\tHorca o P\u00f3rtico \t\t<\/h3>\n","protected":false},"excerpt":{"rendered":"<p>Titre de la section M\u00e1s informaci\u00f3n L\u00ednea de vida M\u00e1s informaci\u00f3n Ra\u00edl \u03a9 Cable de seguridad M\u00e1s informaci\u00f3n Carro 8\/16 M\u00e1s informaci\u00f3n Escala fija M\u00e1s informaci\u00f3n L\u00ednea de vida tempora&hellip;<\/p>\n","protected":false},"author":7,"featured_media":13468,"parent":13519,"menu_order":0,"comment_status":"closed","ping_status":"open","template":"","meta":[],"_links":{"self":[{"href":"https:\/\/gamesystem.com\/es\/wp-json\/wp\/v2\/pages\/13516"}],"collection":[{"href":"https:\/\/gamesystem.com\/es\/wp-json\/wp\/v2\/pages"}],"about":[{"href":"https:\/\/gamesystem.com\/es\/wp-json\/wp\/v2\/types\/page"}],"author":[{"embeddable":true,"href":"https:\/\/gamesystem.com\/es\/wp-json\/wp\/v2\/users\/7"}],"replies":[{"embeddable":true,"href":"https:\/\/gamesystem.com\/es\/wp-json\/wp\/v2\/comments?post=13516"}],"version-history":[{"count":0,"href":"https:\/\/gamesystem.com\/es\/wp-json\/wp\/v2\/pages\/13516\/revisions"}],"up":[{"embeddable":true,"href":"https:\/\/gamesystem.com\/es\/wp-json\/wp\/v2\/pages\/13519"}],"wp:featuredmedia":[{"embeddable":true,"href":"https:\/\/gamesystem.com\/es\/wp-json\/wp\/v2\/media\/13468"}],"wp:attachment":[{"href":"https:\/\/gamesystem.com\/es\/wp-json\/wp\/v2\/media?parent=13516"}],"curies":[{"name":"wp","href":"https:\/\/api.w.org\/{rel}","templated":true}]}}