{"id":13513,"date":"2018-07-17T09:20:20","date_gmt":"2018-07-17T09:20:20","guid":{"rendered":"https:\/\/preprod.gamesystem.com\/potence-fixe-ou-rotative\/"},"modified":"2018-09-16T21:29:13","modified_gmt":"2018-09-16T21:29:13","slug":"horca-para-espacios-confinados","status":"publish","type":"page","link":"https:\/\/gamesystem.com\/es\/productos\/proteccion-individual\/horca-para-espacios-confinados\/","title":{"rendered":"Horca para espacios confinados"},"content":{"rendered":"<p>\t<a href=\"https:\/\/gamesystem.com\/es\/productos\/\" target=\"_self\" ><\/a><br \/>\n\t\t<strong> TODOS NUESTROS PRODUCTOS <\/strong><br \/>\n\t<a href=\"https:\/\/gamesystem.com\/es\/productos\/proteccion-individual\/\" target=\"_self\" ><\/a><br \/>\n\t\t<strong> Protecci\u00f3n individual <\/strong>\t\t\t<\/p>\n<h1>Horca para espacios confinados<\/h1>\n<p><strong>ESPECIACIONES :<\/strong> Las cubas, las galer\u00edas subterr\u00e1neas necesitan visitas peri\u00f3dicas para los controles y mantenimiento. La trampilla de entrada se sit\u00faa, generalmente en la parte superior de la instalaci\u00f3n. Es necesario que el operario pueda descender en esta cavidad, volver a ascender y, eventualmente, que la persona que est\u00e1 fuera pueda rescatarle.<\/p>\n<p>\t\t\t\t<a href=\"https:\/\/gamesystem.com\/wp-content\/uploads\/2018\/07\/potence-rotative-et-fixe-pour-point-daccroche-en-milieu-confine-1.png\" target=\"_self\" itemprop=\"url\"><br \/>\n\t\t\t\t<img decoding=\"async\" loading=\"lazy\" src=\"https:\/\/gamesystem.com\/wp-content\/uploads\/2018\/07\/potence-rotative-et-fixe-pour-point-daccroche-en-milieu-confine-1.png\" alt=\"potence pour acc\u00e8s en milieu confin\u00e9 en s\u00e9curit\u00e9\" itemprop=\"image\" height=\"600\" width=\"800\" title=\"potence-rotative-et-fixe-pour-point-d'accroche-en-milieu-confine\"  \/><br \/>\n\t\t\t\t<\/a><br \/>\n\t\t\t<a href=\"https:\/\/gamesystem.com\/wp-content\/uploads\/2018\/09\/Horca-espacios-confinadosc-Gamesystem.pdf\" target=\"_blank\" role=\"button\" rel=\"noopener\" ><br \/>\n\t\t\t\t\t\t\tFicha del producto<br \/>\n\t\t\t\t\t<\/a><\/p>\n<nav>\n<ul>\n<li data-index=\"0\">\n<h2>\n\t\t\t\t\t\t<a href=\"javascript:void(0);\">NUESTRO AN\u00c1LISIS<\/a><br \/>\n\t\t\t\t\t<\/h2>\n<\/li>\n<li data-index=\"1\">\n<h2>\n\t\t\t\t\t\t<a href=\"javascript:void(0);\">LA ESTRUCTURA<\/a><br \/>\n\t\t\t\t\t<\/h2>\n<\/li>\n<li data-index=\"2\">\n<h2>\n\t\t\t\t\t\t<a href=\"javascript:void(0);\">LAS NORMAS A RESPETAR <\/a><br \/>\n\t\t\t\t\t<\/h2>\n<\/li>\n<li data-index=\"3\">\n<h2>\n\t\t\t\t\t\t<a href=\"javascript:void(0);\">FORMACI\u00d3N<\/a><br \/>\n\t\t\t\t\t<\/h2>\n<\/li>\n<li data-index=\"4\">\n<h2>\n\t\t\t\t\t\t<a href=\"javascript:void(0);\">SE ACONSEJA LOS SIGUIENTES ELEMENTOS<\/a><br \/>\n\t\t\t\t\t<\/h2>\n<\/li>\n<\/ul>\n<\/nav>\n<h2>\n\t\t\t\t\t\t\t\t\t\t\t\tNUESTRO AN\u00c1LISIS<br \/>\n\t\t\t\t\t\t\t\t\t\t\t<\/h2>\n<p>Tenemos que asegurar la funci\u00f3n \u00abseguridad\u00bb o \u00abseguridad yo evacuaci\u00f3n\u00bb o \u00abacceso y seguridad y \/ o evacuaci\u00f3n\u00bb. Seguridad: si el medio de acceso existe hay que asegurar al operario en el momento de la bajada y en el momento de la subida. La seguridad se realizar\u00e1 con la ayuda de un dispositivo antica\u00edda retr\u00e1ctil, cuya longitud ser\u00e1 igual por lo menos, a la profundidad de la cuba.<\/p>\n<p>La extremidad del cable o de la cinta se conecta al anclaje dorsal del arn\u00e9s del operario. Seguridad yo evacuaci\u00f3n: ciertas cubas pueden presentar problemas de toxicidad para el operario, aunque se hayan tomado la precauci\u00f3n de ventilarlos.<\/p>\n<p>Para eliminar el riesgo recurrimos a un dispositivo antica\u00edda retr\u00e1ctil con recuperador. En este caso, es imperativo conectar el dispositivo antica\u00edda exclusivamente al anclaje dorsal del arn\u00e9s del operario con el fin de que en caso de evacuaci\u00f3n, sus 4 extremidades queden cerca del cuerpo y faciliten la salida.<\/p>\n<p>Acceso y seguridad y \/ o evacuaci\u00f3n: Si no existe acceso yo no puede permanecer de manera continua en la cuba. En este caso es posible colocar sobre la base de la horca un torno a cable (manual o el\u00e9ctrico) y posicionar al operario en un sill\u00edn de suspensi\u00f3n. En todos los casos nos plantearemos la cuesti\u00f3n de la necesidad de hacer o no girar la horca.<\/p>\n<h2>\n\t\t\t\t\t\t\t\t\t\t\t\tLA ESTRUCTURA<br \/>\n\t\t\t\t\t\t\t\t\t\t\t<\/h2>\n<p>Si la empresa posee s\u00f3lo una cuba, se instalar\u00e1 la horca de manera estable por soldadura de pletina y torniller\u00eda o por otro sistema mec\u00e1nico de fijaci\u00f3n seg\u00fan la naturaleza del material.<\/p>\n<p>En muchos casos, la empresa tiene varias cubas. Estudiaremos la posibilidad de realizar una horca \u00fanica que el operario transportar\u00e1 de una cuba a otra. En cada cuba se instalar\u00e1 una vaina de recepci\u00f3n.<\/p>\n<h2>\n\t\t\t\t\t\t\t\t\t\t\t\tLAS NORMAS A RESPETAR<br \/>\n\t\t\t\t\t\t\t\t\t\t\t<\/h2>\n<p>El dise\u00f1o de la horca debe permitir al operario situarse delante de la trampilla de acceso sin riesgo. Para ello, deber\u00e1 tener la posibilidad de conectarse a la extremidad del antica\u00edda.<\/p>\n<p>Podr\u00e1 entonces abrir la trampilla y comenzar el descenso. En el momento del ascenso, consciente o no, debe poder, s\u00f3lo o con ayuda, salir f\u00e1cilmente.<\/p>\n<p>Es necesario disponer de una cierta distancia entre la extremidad del antica\u00edda y el anclaje dorsal del arn\u00e9s. Conforme a la norma EN 795 tipo A, C o D, justificaci\u00f3n por nota de c\u00e1lculo de los soportes.<\/p>\n<h2>\n\t\t\t\t\t\t\t\t\t\t\t\tFORMACI\u00d3N<br \/>\n\t\t\t\t\t\t\t\t\t\t\t<\/h2>\n<p>\u201cIntervenci\u00f3n en espacio confinado\u201d, \u201cEvacuaci\u00f3n de una persona en espacio confinado\u201d<\/p>\n<h2>\n\t\t\t\t\t\t\t\t\t\t\t\tSE ACONSEJA LOS SIGUIENTES ELEMENTOS<br \/>\n\t\t\t\t\t\t\t\t\t\t\t<\/h2>\n<p>Arn\u00e9s: GH1<\/p>\n<p>Antica\u00eddas: Dispositivo antica\u00edda retr\u00e1ctil de capacidad suficiente, a cinta o cable.<\/p>\n<p>Evacuaci\u00f3n: Dispositivo retr\u00e1ctil con manivela de recuperaci\u00f3n de capacidad suficiente.<\/p>\n<p>\u00a0<\/p>\n<p>\t\t\t\t\t<!-- \/content --><br \/>\n\t<!-- \/tabs --><\/p>\n","protected":false},"excerpt":{"rendered":"<p>TODOS NUESTROS PRODUCTOS Protecci\u00f3n individual Horca para espacios confinados ESPECIACIONES : Las cubas, las galer\u00edas subterr\u00e1neas necesitan visitas peri\u00f3dicas para los controles y mantenimiento. La trampilla de entrada se sit\u00faa,&hellip;<\/p>\n","protected":false},"author":2,"featured_media":0,"parent":13516,"menu_order":0,"comment_status":"closed","ping_status":"open","template":"","meta":[],"_links":{"self":[{"href":"https:\/\/gamesystem.com\/es\/wp-json\/wp\/v2\/pages\/13513"}],"collection":[{"href":"https:\/\/gamesystem.com\/es\/wp-json\/wp\/v2\/pages"}],"about":[{"href":"https:\/\/gamesystem.com\/es\/wp-json\/wp\/v2\/types\/page"}],"author":[{"embeddable":true,"href":"https:\/\/gamesystem.com\/es\/wp-json\/wp\/v2\/users\/2"}],"replies":[{"embeddable":true,"href":"https:\/\/gamesystem.com\/es\/wp-json\/wp\/v2\/comments?post=13513"}],"version-history":[{"count":0,"href":"https:\/\/gamesystem.com\/es\/wp-json\/wp\/v2\/pages\/13513\/revisions"}],"up":[{"embeddable":true,"href":"https:\/\/gamesystem.com\/es\/wp-json\/wp\/v2\/pages\/13516"}],"wp:attachment":[{"href":"https:\/\/gamesystem.com\/es\/wp-json\/wp\/v2\/media?parent=13513"}],"curies":[{"name":"wp","href":"https:\/\/api.w.org\/{rel}","templated":true}]}}