{"id":13504,"date":"2018-02-21T14:15:33","date_gmt":"2018-02-21T14:15:33","guid":{"rendered":"https:\/\/preprod.gamesystem.com\/rail-de-securite\/"},"modified":"2019-02-12T13:56:13","modified_gmt":"2019-02-12T13:56:13","slug":"rail-o-alu","status":"publish","type":"page","link":"https:\/\/gamesystem.com\/es\/productos\/proteccion-individual\/rail-o-alu\/","title":{"rendered":"Ra\u00edl O alu"},"content":{"rendered":"\n\t<a href=\"https:\/\/gamesystem.com\/es\/productos\/\" target=\"_self\" ><\/a>\n\t\t<strong> TODOS NUESTROS PRODUCTOS <\/strong>\t\t\t\n\t<a href=\"https:\/\/gamesystem.com\/es\/productos\/proteccion-individual\/\" target=\"_self\" ><\/a>\n\t\t<strong> Protecci\u00f3n individual <\/strong>\t\t\t\n\t\t\t<h1>El ra\u00edl O alu<\/h1>\t\t\t\n\t\t\t\t<p>El ra\u00edl de seguridad \u201cO\u201d est\u00e1 fabricado en aluminio ofreciendo una perfecta y duradera superficie de desplazamiento. Los tramos del ra\u00edl, de hasta 6 m de longitud, est\u00e1n preparados para poder ensamblarlos a trav\u00e9s de una pieza puente interior que hace de uni\u00f3n, permitiendo de este modo la dilataci\u00f3n del ra\u00edl. Cada extremidad del ra\u00edl dispone de un tope que impide la salida del carro. El carro envuelve gran parte del di\u00e1metro del ra\u00edl y posee cuatro rodamientos protegidos para que el ra\u00edl no quede marcado durante su uso, asegurando adem\u00e1s as\u00ed un perfecto deslizamiento. Generalmente, mientras no se usa, el carro queda posicionado en un extremo del ra\u00edl. El carro se puede equipar con un antica\u00eddas retr\u00e1ctil. El usuario, con la ayuda de un cordino que cuelga del retr\u00e1ctil, puede hacer descender el conector del retr\u00e1ctil y unirlo, por ejemplo, alanclaje antica\u00eddas de su arn\u00e9s.<\/p>\n\t\t\t\t<a href=\"https:\/\/gamesystem.com\/wp-content\/uploads\/2018\/07\/Rail-de-securite.png\" target=\"_self\" itemprop=\"url\">\n\t\t\t\t<img decoding=\"async\" loading=\"lazy\" src=\"https:\/\/gamesystem.com\/wp-content\/uploads\/2018\/07\/Rail-de-securite.png\" alt=\"rail de s\u00e9curit\u00e9 pour travail en huateur\" itemprop=\"image\" height=\"600\" width=\"800\" title=\"Rail-de-securite\" onerror=\"this.style.display='none'\"  \/>\n\t\t\t\t<\/a>\n\t\t\t<a href=\"https:\/\/gamesystem.com\/wp-content\/uploads\/2018\/09\/Rail-de-Seguridad-Gamesystem.pdf\" target=\"_self\" rel=\"nofollow\">\n\t\t\t\t\t\t\t\tFicha del producto\n\t\t\t\t\t\t\t<\/a>\n\t\t\t<a href=\"https:\/\/gamesystem.com\/wp-content\/uploads\/2019\/02\/G1541-Rail-O-Alu-ES.pdf\" target=\"_self\" rel=\"nofollow\">\n\t\t\t\t\t\t\t\tInstrucciones de uso\n\t\t\t\t\t\t\t<\/a>\n\t\t<nav>\n\t\t\t<ul>\n\t\t\t\t\t\t\t\t<li data-index=\"0\">\n\t\t\t\t\t<h2>\n\t\t\t\t\t\t<a href=\"javascript:void(0);\">\u00bfCU\u00c1NDO UTILIZARLO? <\/a>\n\t\t\t\t\t<\/h2>\n\t\t\t\t<\/li>\n\t\t\t\t\t\t\t\t<li data-index=\"1\">\n\t\t\t\t\t<h2>\n\t\t\t\t\t\t<a href=\"javascript:void(0);\">SEGURIDAD<\/a>\n\t\t\t\t\t<\/h2>\n\t\t\t\t<\/li>\n\t\t\t\t\t\t\t\t<li data-index=\"2\">\n\t\t\t\t\t<h2>\n\t\t\t\t\t\t<a href=\"javascript:void(0);\">FORMACI\u00d3N<\/a>\n\t\t\t\t\t<\/h2>\n\t\t\t\t<\/li>\n\t\t\t\t\t\t\t\t<li data-index=\"3\">\n\t\t\t\t\t<h2>\n\t\t\t\t\t\t<a href=\"javascript:void(0);\">SE ACONSEJA LOS SIGUIENTES ELEMENTOS<\/a>\n\t\t\t\t\t<\/h2>\n\t\t\t\t<\/li>\n\t\t\t\t\t\t\t<\/ul>\n\t\t<\/nav>\n\t\t\t\t\t<h2>\n\t\t\t\t\t\t\t\t\t\t\t\t\u00bfCU\u00c1NDO UTILIZARLO? \n\t\t\t\t\t\t\t\t\t\t\t<\/h2>\n\t\t\t\t\t<p>Cuando est\u00e9n previstas intervenciones regulares y frecuentes con desplazamientos horizontales, especialmente cuando existe una distancia importante entre el usuario y el dispositivo de anclaje, ya que este sistema facilita el movimiento de los carros a pesar de esta distancia y del peso del sistema de conexi\u00f3n. Tambi\u00e9n se recomienda cuando la distancia de ca\u00edda es peque\u00f1a. Al tratarse de un sistema r\u00edgido, no est\u00e1 sometido a la flexi\u00f3n de un sistema a cable, disminuyendo de este modo la distancia de parada. El usuario conectar\u00e1 su antica\u00eddas al carro del ra\u00edl de seguridad \u201cO\u201d, tras revisar y comprobar el estado de la instalaci\u00f3n y verificar que los controles anuales han sido realizados<\/p>\n\t\t\t\t\t<h2>\n\t\t\t\t\t\t\t\t\t\t\t\tSEGURIDAD\n\t\t\t\t\t\t\t\t\t\t\t<\/h2>\n\t\t\t\t\t<p>Lo m\u00e1s habitual es utilizarlo junto a un dispositivo retr\u00e1ctil. Este dispositivo sigue los movimientos del usuario manteniendo la tensi\u00f3n en el cable o la cinta del retr\u00e1ctil. En caso de ca\u00edda, el dispositivo se bloquea.<\/p>\n\t\t\t\t\t<h2>\n\t\t\t\t\t\t\t\t\t\t\t\tFORMACI\u00d3N\n\t\t\t\t\t\t\t\t\t\t\t<\/h2>\n\t\t\t\t\t<p>M\u00f3dulos \u00ab Formaci\u00f3n de trabajos en altura: conceptos generales \u00bb.<\/p>\n\t\t\t\t\t<h2>\n\t\t\t\t\t\t\t\t\t\t\t\tSE ACONSEJA LOS SIGUIENTES ELEMENTOS\n\t\t\t\t\t\t\t\t\t\t\t<\/h2>\n\t\t\t\t\t<p>Para el usuario: Arn\u00e9s GH1 \u00f3 GH3.<br \/>Para el sistema de conexi\u00f3n antica\u00eddas: un dispositivo retr\u00e1ctil de cable o cinta<\/p>\n<p>\u00a0<\/p>\n\t\t\t\t\t<!-- \/content -->\n\t<!-- \/tabs -->\n","protected":false},"excerpt":{"rendered":"<p>TODOS NUESTROS PRODUCTOS Protecci\u00f3n individual El ra\u00edl O alu El ra\u00edl de seguridad \u201cO\u201d est\u00e1 fabricado en aluminio ofreciendo una perfecta y duradera superficie de desplazamiento. Los tramos del ra\u00edl,&hellip;<\/p>\n","protected":false},"author":7,"featured_media":13506,"parent":13516,"menu_order":0,"comment_status":"closed","ping_status":"open","template":"","meta":[],"_links":{"self":[{"href":"https:\/\/gamesystem.com\/es\/wp-json\/wp\/v2\/pages\/13504"}],"collection":[{"href":"https:\/\/gamesystem.com\/es\/wp-json\/wp\/v2\/pages"}],"about":[{"href":"https:\/\/gamesystem.com\/es\/wp-json\/wp\/v2\/types\/page"}],"author":[{"embeddable":true,"href":"https:\/\/gamesystem.com\/es\/wp-json\/wp\/v2\/users\/7"}],"replies":[{"embeddable":true,"href":"https:\/\/gamesystem.com\/es\/wp-json\/wp\/v2\/comments?post=13504"}],"version-history":[{"count":0,"href":"https:\/\/gamesystem.com\/es\/wp-json\/wp\/v2\/pages\/13504\/revisions"}],"up":[{"embeddable":true,"href":"https:\/\/gamesystem.com\/es\/wp-json\/wp\/v2\/pages\/13516"}],"wp:featuredmedia":[{"embeddable":true,"href":"https:\/\/gamesystem.com\/es\/wp-json\/wp\/v2\/media\/13506"}],"wp:attachment":[{"href":"https:\/\/gamesystem.com\/es\/wp-json\/wp\/v2\/media?parent=13504"}],"curies":[{"name":"wp","href":"https:\/\/api.w.org\/{rel}","templated":true}]}}