{"id":13498,"date":"2018-01-30T09:21:00","date_gmt":"2018-01-30T09:21:00","guid":{"rendered":"https:\/\/preprod.gamesystem.com\/fabrication-et-montage-d-antichute\/"},"modified":"2020-12-16T16:16:25","modified_gmt":"2020-12-16T15:16:25","slug":"fabricacion-y-montaje","status":"publish","type":"page","link":"https:\/\/gamesystem.com\/es\/fabricacion-y-montaje\/","title":{"rendered":"Fabricaci\u00f3n y Montaje"},"content":{"rendered":"\n\n\t\t\t<h1>FABRICANTE DE SISTEMAS ANTICA\u00cdDAS<\/h1>\t\t\t\n\t\t\t\t<p>Gamesystem dise\u00f1a y fabrica protecciones y sistemas antica\u00eddas: l\u00ednea de vida, barandilla, anclaje&#8230; as\u00ed como tambi\u00e9n EPI de seguridad relacionados con el trabajo en altura: arn\u00e9s antica\u00eddas, l\u00ednea de vida temporal, cable de seguridad, etc.<\/p>\n\t\t\t\t\n\t\t\t\t<img decoding=\"async\" src=\"https:\/\/gamesystem.com\/wp-content\/uploads\/2018\/01\/france180px.png\" alt=\"solution travail en hauteur made in france\" title=\"ligne de vie made in france\" itemprop=\"image\"\/>\n\t\t<h2>Fabricaci\u00f3n \u00ab Made in France \u00bb<\/h2>\n\t\t\t\t\n<p>Fabricados en Francia, los productos de Gamesystem est\u00e1n protegidos por patentes. Nuestro personal est\u00e1\u00a0 formado y habilitado para aplicar nuestros procedimientos espec\u00edficos de fabricaci\u00f3n y ensamblaje.\u00a0 El proceso productivo se controla por el sistema de gesti\u00f3n seg\u00fan la norma ISO 9001. Realizamos todos nuestros encargos con id\u00e9ntico nivel de exigencia para garantizar la soluci\u00f3n m\u00e1s adecuada a cada situaci\u00f3n y cliente.<\/p>\n\t\t\t<h1>INSTALACI\u00d3N DE SISTEMAS ANTICA\u00cdDAS<\/h1>\t\t\t\n\t\t\t\t<p>Experto en todos los campos de actividad, Gamesystem es su \u00fanico interlocutor.<\/p>\n\t\t<h2>Montaje e instalaci\u00f3n de sistemas antica\u00eddas<\/h2>\n\t\t\t\t<p>Una vez finalizada la instalaci\u00f3n realizamos una demostraci\u00f3n de funcionamiento del sistema y emitimos un certificado de conformidad con c\u00e1lculos justificativos asumiendo la responsabilidad de la instalaci\u00f3n, reforzando as\u00ed la colaboraci\u00f3n que nos une al cliente.<\/p>\n\n<p><strong>Su formaci\u00f3n incluye aspectos t\u00e9cnicos y preventivos como:<\/strong><br \/>-Trabajo en altura en todo tipo de situaciones.<br \/>-Rescate en trabajos en altura.<br \/>-Espacios confinados.<br \/>-Montaje, uso y desmontaje de andamios m\u00f3viles.<br \/>-T\u00e9cnicos de prevenci\u00f3n al menos con nivel b\u00e1sico.<br \/>-Manejo de plataformas elevadoras&#8230;.<\/p>\n\t\t\t\t\n\n","protected":false},"excerpt":{"rendered":"<p>FABRICANTE DE SISTEMAS ANTICA\u00cdDAS Gamesystem dise\u00f1a y fabrica protecciones y sistemas antica\u00eddas: l\u00ednea de vida, barandilla, anclaje&#8230; as\u00ed como tambi\u00e9n EPI de seguridad relacionados con el trabajo en altura: arn\u00e9s&hellip;<\/p>\n","protected":false},"author":7,"featured_media":0,"parent":0,"menu_order":0,"comment_status":"closed","ping_status":"open","template":"","meta":[],"_links":{"self":[{"href":"https:\/\/gamesystem.com\/es\/wp-json\/wp\/v2\/pages\/13498"}],"collection":[{"href":"https:\/\/gamesystem.com\/es\/wp-json\/wp\/v2\/pages"}],"about":[{"href":"https:\/\/gamesystem.com\/es\/wp-json\/wp\/v2\/types\/page"}],"author":[{"embeddable":true,"href":"https:\/\/gamesystem.com\/es\/wp-json\/wp\/v2\/users\/7"}],"replies":[{"embeddable":true,"href":"https:\/\/gamesystem.com\/es\/wp-json\/wp\/v2\/comments?post=13498"}],"version-history":[{"count":0,"href":"https:\/\/gamesystem.com\/es\/wp-json\/wp\/v2\/pages\/13498\/revisions"}],"wp:attachment":[{"href":"https:\/\/gamesystem.com\/es\/wp-json\/wp\/v2\/media?parent=13498"}],"curies":[{"name":"wp","href":"https:\/\/api.w.org\/{rel}","templated":true}]}}