{"id":13495,"date":"2018-02-21T14:32:28","date_gmt":"2018-02-21T14:32:28","guid":{"rendered":"https:\/\/preprod.gamesystem.com\/tripode\/"},"modified":"2018-09-16T21:29:01","modified_gmt":"2018-09-16T21:29:01","slug":"el-tripode","status":"publish","type":"page","link":"https:\/\/gamesystem.com\/es\/productos\/proteccion-individual\/el-tripode\/","title":{"rendered":"El tripode"},"content":{"rendered":"<p>\t<a href=\"https:\/\/gamesystem.com\/es\/productos\/\" target=\"_self\" ><\/a><br \/>\n\t\t<strong> TODOS NUESTROS PRODUCTOS <\/strong><br \/>\n\t<a href=\"https:\/\/gamesystem.com\/es\/productos\/proteccion-individual\/\" target=\"_self\" ><\/a><br \/>\n\t\t<strong> Protecci\u00f3n individual <\/strong>\t\t\t<\/p>\n<h1>Tripode<\/h1>\n<p>El TRIPODE se compone de una pletina de acero en la parte superior, equipado con 3 patas telesc\u00f3picas en perfil de aluminio. Un sistema de muelles las recoge para facilitar el transporte.<\/p>\n<p>Las patas telesc\u00f3picas se mantienen en reposo (L=1.40m) mediante unas cadenitas. Las patas desplegadas alcanzan una altura de 2.10m.<\/p>\n<p>Sus extremidades terminan en unos patines\/zapatas unidos por una cadena, impidiendo toda separaci\u00f3n imprevista cuando se produce una ca\u00edda.<\/p>\n<p>\t\t\t\t<a href=\"https:\/\/gamesystem.com\/wp-content\/uploads\/2018\/07\/Tripode.png\" target=\"_self\" itemprop=\"url\"><br \/>\n\t\t\t\t<img decoding=\"async\" loading=\"lazy\" src=\"https:\/\/gamesystem.com\/wp-content\/uploads\/2018\/07\/Tripode.png\" alt=\"tripode gamesystem pour acc\u00e8s en s\u00e9curit\u00e9 aux espaces confin\u00e9s\" itemprop=\"image\" height=\"600\" width=\"800\" title=\"Tripode\"  \/><br \/>\n\t\t\t\t<\/a><br \/>\n\t\t\t<a href=\"https:\/\/gamesystem.com\/wp-content\/uploads\/2018\/09\/Tr\u00edpode-Gamesystem.pdf\" target=\"_blank\" rel=\"noopener\"><br \/>\n\t\t\t\t\t\t\t\tFicha del producto<br \/>\n\t\t\t\t\t\t\t<\/a><br \/>\n\t\t\t<a href=\"https:\/\/gamesystem.com\/wp-content\/uploads\/2018\/09\/Notice-utilisation-C-Tripode.pdf\" target=\"_blank\" rel=\"noopener\"><br \/>\n\t\t\t\t\t\t\t\tInstrucciones de uso<br \/>\n\t\t\t\t\t\t\t<\/a><\/p>\n<nav>\n<ul>\n<li data-index=\"0\">\n<h2>\n\t\t\t\t\t\t<a href=\"javascript:void(0);\">\u00bfCU\u00c1NDO UTILIZARLO? <\/a><br \/>\n\t\t\t\t\t<\/h2>\n<\/li>\n<li data-index=\"1\">\n<h2>\n\t\t\t\t\t\t<a href=\"javascript:void(0);\">SEGURIDAD<\/a><br \/>\n\t\t\t\t\t<\/h2>\n<\/li>\n<li data-index=\"2\">\n<h2>\n\t\t\t\t\t\t<a href=\"javascript:void(0);\">FORMACI\u00d3N<\/a><br \/>\n\t\t\t\t\t<\/h2>\n<\/li>\n<\/ul>\n<\/nav>\n<h2>\n\t\t\t\t\t\t\t\t\t\t\t\t\u00bfCU\u00c1NDO UTILIZARLO?<br \/>\n\t\t\t\t\t\t\t\t\t\t\t<\/h2>\n<p>Cuando se trabaja en espacios confi nados y en la parte superior no existe ninguna estructura por ejemplo: una cuba, una alcantarilla, un dispositivo de anclaje como el TRIPODE es la soluci\u00f3n.<\/p>\n<p>Se instala por encima de la apertura, abriendo sus 3 montantes y asegurando un punto de anclaje temporal.<\/p>\n<p>El operario conecta su antica\u00edda deslizante o dispositivo retr\u00e1ctil en el punto de anclaje situado sobre la pletina del TRIPODE.<\/p>\n<p>En algunos casos, podemos fijar sobre uno de los montantes del TRIPODE un torno permitiendo al usuario realizar la bajada.<\/p>\n<h2>\n\t\t\t\t\t\t\t\t\t\t\t\tSEGURIDAD<br \/>\n\t\t\t\t\t\t\t\t\t\t\t<\/h2>\n<p>El antica\u00edda a utilizado deber\u00e1 necesariamente estar conforme a las normas, con el fi n de no desarrollar, cuando se produzca una ca\u00edda, un pico de fuerza superior a los 600daN autorizados. Una cuerda no es un dispositivo antica\u00edda.<\/p>\n<p>Con un TR\u00cdPODE recomendamos un dispositivo retr\u00e1ctil con sistema de recuperaci\u00f3n donde el cable o la cinta de anclaje est\u00e1 conectada a la anilla dorsal del operario.<\/p>\n<h2>\n\t\t\t\t\t\t\t\t\t\t\t\tFORMACI\u00d3N<br \/>\n\t\t\t\t\t\t\t\t\t\t\t<\/h2>\n<p>La Seguridad de trabajos en altura: \u00abConceptos generales\u00bb.<\/p>\n<p>\t\t\t\t\t<!-- \/content --><br \/>\n\t<!-- \/tabs --><\/p>\n","protected":false},"excerpt":{"rendered":"<p>TODOS NUESTROS PRODUCTOS Protecci\u00f3n individual Tripode El TRIPODE se compone de una pletina de acero en la parte superior, equipado con 3 patas telesc\u00f3picas en perfil de aluminio. Un sistema&hellip;<\/p>\n","protected":false},"author":7,"featured_media":0,"parent":13516,"menu_order":0,"comment_status":"closed","ping_status":"open","template":"","meta":[],"_links":{"self":[{"href":"https:\/\/gamesystem.com\/es\/wp-json\/wp\/v2\/pages\/13495"}],"collection":[{"href":"https:\/\/gamesystem.com\/es\/wp-json\/wp\/v2\/pages"}],"about":[{"href":"https:\/\/gamesystem.com\/es\/wp-json\/wp\/v2\/types\/page"}],"author":[{"embeddable":true,"href":"https:\/\/gamesystem.com\/es\/wp-json\/wp\/v2\/users\/7"}],"replies":[{"embeddable":true,"href":"https:\/\/gamesystem.com\/es\/wp-json\/wp\/v2\/comments?post=13495"}],"version-history":[{"count":0,"href":"https:\/\/gamesystem.com\/es\/wp-json\/wp\/v2\/pages\/13495\/revisions"}],"up":[{"embeddable":true,"href":"https:\/\/gamesystem.com\/es\/wp-json\/wp\/v2\/pages\/13516"}],"wp:attachment":[{"href":"https:\/\/gamesystem.com\/es\/wp-json\/wp\/v2\/media?parent=13495"}],"curies":[{"name":"wp","href":"https:\/\/api.w.org\/{rel}","templated":true}]}}