{"id":13472,"date":"2018-01-30T09:50:17","date_gmt":"2018-01-30T09:50:17","guid":{"rendered":"https:\/\/preprod.gamesystem.com\/controle-et-maintenance-des-systemes-anti-chute\/"},"modified":"2020-12-16T16:15:37","modified_gmt":"2020-12-16T15:15:37","slug":"control-y-mantenimiento-de-sistemas-anticaidas","status":"publish","type":"page","link":"https:\/\/gamesystem.com\/es\/control-y-mantenimiento-de-sistemas-anticaidas\/","title":{"rendered":"Control y mantenimiento"},"content":{"rendered":"\n\n\t\t\t<h1>CONTROL Y MANTENIMIENTO DE SISTEMAS ANTICA\u00cdDAS<\/h1>\t\t\t\n\t\t\t\t<p>Desde 1979, nuestra experiencia de fabricante e instalador nos lleva hoy a ofrecer un servicio que va m\u00e1s all\u00e1 del simple control legal. Nuestro servicio garantiza la fiabilidad e integridad de sus instalaciones.<\/p>\n\t\t\t<h2>Revisi\u00f3n de los sistemas de protecci\u00f3n :<\/h2>\t\t\t\n\t\t\t\t<p>Su objetivo es garantizar la efectividad de los sistemas. Tanto los EPI como el resto de dispositivos de anclaje se deben revisar por una persona competente cada 12 meses, o despu\u00e9s\u00a0 de cualquier circunstancia que indique la necesidad de esta revisi\u00f3n, como un uso intensivo, la detenci\u00f3n de una ca\u00edda&#8230;.Las revisiones se deben adem\u00e1s documentar. Gamesystem aplica toda su experiencia\u00a0 t\u00e9cnica a la comprobaci\u00f3n de los equipos, consiguiendo ir m\u00e1s all\u00e1 que una simple revisi\u00f3n anual\u00a0 y documentando sus conclusiones.<\/p>\n\t\t\t\t\n\t\t\t\t\n\t\t\t<h2>Mantenimiento :<\/h2>\t\t\t\n\t\t\t\t<p>Si en la revisi\u00f3n se encuentran defectos se debe intervenir para que los sistemas sean seguros. Corregimos los defectos detectados en la revisi\u00f3n solucion\u00e1ndolos, en muchas ocasiones, a la vez que se realiza la revisi\u00f3n.<\/p>\n\n","protected":false},"excerpt":{"rendered":"<p>CONTROL Y MANTENIMIENTO DE SISTEMAS ANTICA\u00cdDAS Desde 1979, nuestra experiencia de fabricante e instalador nos lleva hoy a ofrecer un servicio que va m\u00e1s all\u00e1 del simple control legal. Nuestro&hellip;<\/p>\n","protected":false},"author":7,"featured_media":0,"parent":0,"menu_order":0,"comment_status":"closed","ping_status":"open","template":"","meta":[],"_links":{"self":[{"href":"https:\/\/gamesystem.com\/es\/wp-json\/wp\/v2\/pages\/13472"}],"collection":[{"href":"https:\/\/gamesystem.com\/es\/wp-json\/wp\/v2\/pages"}],"about":[{"href":"https:\/\/gamesystem.com\/es\/wp-json\/wp\/v2\/types\/page"}],"author":[{"embeddable":true,"href":"https:\/\/gamesystem.com\/es\/wp-json\/wp\/v2\/users\/7"}],"replies":[{"embeddable":true,"href":"https:\/\/gamesystem.com\/es\/wp-json\/wp\/v2\/comments?post=13472"}],"version-history":[{"count":0,"href":"https:\/\/gamesystem.com\/es\/wp-json\/wp\/v2\/pages\/13472\/revisions"}],"wp:attachment":[{"href":"https:\/\/gamesystem.com\/es\/wp-json\/wp\/v2\/media?parent=13472"}],"curies":[{"name":"wp","href":"https:\/\/api.w.org\/{rel}","templated":true}]}}