{"id":13466,"date":"2018-02-20T17:14:52","date_gmt":"2018-02-20T17:14:52","guid":{"rendered":"https:\/\/preprod.gamesystem.com\/chariot-derrick\/"},"modified":"2018-02-20T17:14:52","modified_gmt":"2018-02-20T17:14:52","slug":"chariot-derrick","status":"publish","type":"page","link":"https:\/\/gamesystem.com\/es\/productos\/especificos\/chariot-derrick\/","title":{"rendered":"Chariot derrick"},"content":{"rendered":"<p>\t<a href=\"https:\/\/gamesystem.com\/produits\/\" target=\"_self\" ><\/a><\/p>\n<h3>TOUS NOS PRODUITS<\/h3>\n<p>\t<a href=\"https:\/\/gamesystem.com\/produits\/specifiques\/\" target=\"_self\" ><\/a><\/p>\n<h3>SP\u00c9CIFIQUES<\/h3>\n<h1><\/h1>\n<p>Le CHARIOT DERRICK se compose de deux e\u0301le\u0301ments, le chariot en lui-me\u0302me compose\u0301 de 2 asques me\u0301talliques, traverse\u0301s de 2 axes sur lesquels viennent 2 poulies. Au centre de ces asques se trouve un bras de levier avec, a\u0300 une extre\u0301mite\u0301, une perche me\u0301tallique avec une sellette et un repose pied et, a\u0300 l\u2019autre extre\u0301mite\u0301, un bras \u00ab homme mort \u00bb termine\u0301 par un patin coinceur. Sous l\u2019effet du poids de la perche, le patin coinceur bloque le syste\u0300me sur le ca\u0302ble.<\/p>\n<p>\t\t\t\t<img decoding=\"async\" src=\"https:\/\/gamesystem.com\/wp-content\/plugins\/bb-plugin\/img\/pixel.png\" alt=\"\" itemprop=\"image\"  \/><br \/>\n\t\t\t<a href=\"#\" target=\"_self\" ><br \/>\n\t\t\t\t\t\t\t\tT\u00e9l\u00e9charger  Plaquette<br \/>\n\t\t\t\t\t\t\t<\/a><br \/>\n\t\t\t<a href=\"#\" target=\"_self\" ><br \/>\n\t\t\t\t\t\t\t\tT\u00e9l\u00e9charger Notice<br \/>\n\t\t\t\t\t\t\t<\/a><\/p>\n<nav>\n<ul>\n<li data-index=\"0\">\n<h4>\n\t\t\t\t\t\t<a href=\"javascript:void(0);\">Description<\/a><br \/>\n\t\t\t\t\t<\/h4>\n<\/li>\n<li data-index=\"1\">\n<h4>\n\t\t\t\t\t\t<a href=\"javascript:void(0);\">S\u00e9curit\u00e9<\/a><br \/>\n\t\t\t\t\t<\/h4>\n<\/li>\n<li data-index=\"2\">\n<h4>\n\t\t\t\t\t\t<a href=\"javascript:void(0);\">Formation<\/a><br \/>\n\t\t\t\t\t<\/h4>\n<\/li>\n<\/ul>\n<\/nav>\n<h4>\n\t\t\t\t\t\t\t\t\t\t\t\tDescription<br \/>\n\t\t\t\t\t\t\t\t\t\t\t<\/h4>\n<p><em><strong>QUAND L\u2019UTILISER ?<br \/> <\/strong><\/em>Lorsqu\u2019un derrick prend feu, il faut pouvoir \u00e9vacuer tr\u00e8s rapidement les personnes se trouvant dans la structure. Dans certains cas, l\u2019\u00e9vacuation verticale n\u2019est pas possible. Il faut donc proc\u00e9der \u00e0 une \u00e9vacuation en biais de mani\u00e8re \u00e0 \u00e9loigner la personne du brasier.<br \/> D\u00e8s l\u2019\u00e9rection du derrick, le syst\u00e8me d\u2019\u00e9vacuation est mis en place. Il se compose de 2 c\u00e2bles porteurs, tendus en biais. Sur chacun d\u2019eux est positionn\u00e9 un CHARIOT DERRICK, l\u2019un au sommet l\u2019autre \u00e0 l\u2019extr\u00e9mit\u00e9 basse.<br \/> Les chariots sont fix\u00e9s aux extr\u00e9mit\u00e9s du c\u00e2ble du GEca 150 et assurent une descente \u00e0 vitesse constante.<br \/> En cas de feu, la personne d\u00e9bloque le GEca 150, s\u2019assoie sur la sellette du CHARIOT DERRICK, tire sur le bras \u00ab homme mort \u00bb, lib\u00e9rant ainsi le dispositif qui commence \u00e0 descendre. Lorsque le premier chariot arrive au sol, l\u2019autre est mont\u00e9 et se trouve pr\u00eat \u00e0 \u00eatre utilis\u00e9 par la personne suivante.<\/p>\n<h4>\n\t\t\t\t\t\t\t\t\t\t\t\tS\u00e9curit\u00e9<br \/>\n\t\t\t\t\t\t\t\t\t\t\t<\/h4>\n<p>De\u0300s que l\u2019utilisateur n\u2019exerce plus une traction sur le levier \u00ab homme mort \u00bb, l\u2019appareil se bloque. <br \/>Pour la pre\u0301hension du corps du sauveteur :\u00a0un harnais GH 3.<br \/> Pour sa se\u0301curite\u0301 antichute, un enrouleur a\u0300 sangle de 3,5 m, fixe\u0301 sur le ca\u0302ble porteur a\u0300 l\u2019aide d\u2019un crochet auto-verrouillable de diame\u0300tre 60mm.<\/p>\n<h4>\n\t\t\t\t\t\t\t\t\t\t\t\tFormation<br \/>\n\t\t\t\t\t\t\t\t\t\t\t<\/h4>\n<p>Module \u00ab e\u0301vacuation d\u2019un derrick \u00bb.<\/p>\n<p>\t\t\t\t\t<!-- \/content --><br \/>\n\t<!-- \/tabs --><\/p>\n<h3>Mise en situation du produit<\/h3>\n<p>\t\t\t\t\t\t<a href=\"https:\/\/gamesystem.com\/wp-content\/uploads\/2018\/01\/Homapage_realisationExemple1-1.jpg\"  rel=\"fancybox-button\"><br \/>\n\t\t\t<img decoding=\"async\" src=\"https:\/\/gamesystem.com\/wp-content\/uploads\/2018\/01\/Homapage_realisationExemple1-1.jpg\" alt=\"Echelle \u00e0 crinoline\" data-no-lazy=\"1\" \/><br \/>\n\t\t\t\t<!-- Overlay Wrapper --><br \/>\n\t\t\t\t <!-- Overlay Wrapper Closed --><br \/>\n\t\t\t\t\t\t<\/a><br \/>\n\t\t\t\tEchelle \u00e0 crinoline pour la s\u00e9curisation des toitures<br \/>\n\t\t\t\t\t\t<a href=\"https:\/\/gamesystem.com\/wp-content\/uploads\/2018\/01\/Homapage_realisationExemple2.jpg\"  rel=\"fancybox-button\"><br \/>\n\t\t\t<img decoding=\"async\" src=\"https:\/\/gamesystem.com\/wp-content\/uploads\/2018\/01\/Homapage_realisationExemple2.jpg\" alt=\"R\u00e9al 2\" data-no-lazy=\"1\" \/><br \/>\n\t\t\t\t<!-- Overlay Wrapper --><br \/>\n\t\t\t\t <!-- Overlay Wrapper Closed --><br \/>\n\t\t\t\t\t\t<\/a><br \/>\n\t\t\t\tR\u00e9al 2<br \/>\n\t\t\t\t\t\t<a href=\"https:\/\/gamesystem.com\/wp-content\/uploads\/2018\/01\/Homapage_realisationExemple3.jpg\"  rel=\"fancybox-button\"><br \/>\n\t\t\t<img decoding=\"async\" src=\"https:\/\/gamesystem.com\/wp-content\/uploads\/2018\/01\/Homapage_realisationExemple3.jpg\" alt=\"R\u00e9al 3\" data-no-lazy=\"1\" \/><br \/>\n\t\t\t\t<!-- Overlay Wrapper --><br \/>\n\t\t\t\t <!-- Overlay Wrapper Closed --><br \/>\n\t\t\t\t\t\t<\/a><br \/>\n\t\t\t\tR\u00e9al 3<br \/>\n\t\t\t\t\t\t<a href=\"https:\/\/gamesystem.com\/wp-content\/uploads\/2018\/01\/Homapage_realisationExemple4.jpg\"  rel=\"fancybox-button\"><br \/>\n\t\t\t<img decoding=\"async\" src=\"https:\/\/gamesystem.com\/wp-content\/uploads\/2018\/01\/Homapage_realisationExemple4.jpg\" alt=\"R\u00e9al 4\" data-no-lazy=\"1\" \/><br \/>\n\t\t\t\t<!-- Overlay Wrapper --><br \/>\n\t\t\t\t <!-- Overlay Wrapper Closed --><br \/>\n\t\t\t\t\t\t<\/a><br \/>\n\t\t\t\tR\u00e9al 4<\/p>\n","protected":false},"excerpt":{"rendered":"<p>TOUS NOS PRODUITS SP\u00c9CIFIQUES Le CHARIOT DERRICK se compose de deux e\u0301le\u0301ments, le chariot en lui-me\u0302me compose\u0301 de 2 asques me\u0301talliques, traverse\u0301s de 2 axes sur lesquels viennent 2 poulies.&hellip;<\/p>\n","protected":false},"author":7,"featured_media":13468,"parent":13477,"menu_order":0,"comment_status":"closed","ping_status":"open","template":"","meta":[],"_links":{"self":[{"href":"https:\/\/gamesystem.com\/es\/wp-json\/wp\/v2\/pages\/13466"}],"collection":[{"href":"https:\/\/gamesystem.com\/es\/wp-json\/wp\/v2\/pages"}],"about":[{"href":"https:\/\/gamesystem.com\/es\/wp-json\/wp\/v2\/types\/page"}],"author":[{"embeddable":true,"href":"https:\/\/gamesystem.com\/es\/wp-json\/wp\/v2\/users\/7"}],"replies":[{"embeddable":true,"href":"https:\/\/gamesystem.com\/es\/wp-json\/wp\/v2\/comments?post=13466"}],"version-history":[{"count":0,"href":"https:\/\/gamesystem.com\/es\/wp-json\/wp\/v2\/pages\/13466\/revisions"}],"up":[{"embeddable":true,"href":"https:\/\/gamesystem.com\/es\/wp-json\/wp\/v2\/pages\/13477"}],"wp:featuredmedia":[{"embeddable":true,"href":"https:\/\/gamesystem.com\/es\/wp-json\/wp\/v2\/media\/13468"}],"wp:attachment":[{"href":"https:\/\/gamesystem.com\/es\/wp-json\/wp\/v2\/media?parent=13466"}],"curies":[{"name":"wp","href":"https:\/\/api.w.org\/{rel}","templated":true}]}}