{"id":13457,"date":"2018-01-18T09:34:51","date_gmt":"2018-01-18T09:34:51","guid":{"rendered":"https:\/\/preprod.gamesystem.com\/certifications-et-engagement\/"},"modified":"2025-12-02T15:42:13","modified_gmt":"2025-12-02T14:42:13","slug":"certificados-de-calidad","status":"publish","type":"page","link":"https:\/\/gamesystem.com\/es\/certificados-de-calidad\/","title":{"rendered":"Certificados de calidad"},"content":{"rendered":"\n\n\t\t\t<h1>CERTIFICADOS CALIDAD <\/h1>\t\t\t\n\t\t\t<h2>\u00a1Gamesystem est\u00e1 comprometido con la calidad!<\/h2>\t\t\t\n\t\t\t\t<p>S\u00f3lo una soluci\u00f3n adaptada a las necesidades del cliente consigue la m\u00e1xima seguridad: hemos desarrollado un conjunto de soluciones que tienen en cuenta todos los factores de la instalaci\u00f3n a asegurar. Esto requiere analizar las necesidades, dise\u00f1ar, fabricar e instalar nuestras soluciones, sin dejar de lado la formaci\u00f3n de los operarios. Nos comprometemos a ofrecer un resultado acorde a su necesidad. Como miembros y expertos de la Comisi\u00f3n Europea, Gamesystem participa en la elaboraci\u00f3n de las normas.<\/p>\n\t\t\t\t<img decoding=\"async\" loading=\"lazy\" src=\"https:\/\/gamesystem.com\/wp-content\/uploads\/2020\/12\/Gamesystem_white_RVB.png\" alt=\"Gamesystem_white_RVB\" itemprop=\"image\" height=\"909\" width=\"4597\" title=\"Gamesystem_white_RVB\" onerror=\"this.style.display='none'\"  \/>\n\t\t\t<h2>ISO 9001<\/h2>\t\t\t\n\t\t\t\t<p>Gamesystem Espa\u00f1a dispone de un Sistema de gesti\u00f3n de calidad, certificado por AENOR, conforme con la Norma ISO 9001:2015 para las actividades: la venta, la instalaci\u00f3n y las prestaciones asociadas (conservaci\u00f3n y mantenimiento) de los equipos de protecci\u00f3n individual y colectiva para el trabajo en altura (prensi\u00f3n del cuerpo, sujeciones antica\u00eddas de salvamento o de evacuaci\u00f3n, puntos de anclaje y de trabajo).\u00a0La impartici\u00f3n de formaci\u00f3n de equipos de protecci\u00f3n individual y colectiva para el trabajo en altura y en seguridad del trabajo en altura y de formaci\u00f3n en seguridad en espacios confinados y frente al riesgo el\u00e9ctrico.<\/p>\n\t\t\t\t<img decoding=\"async\" src=\"https:\/\/gamesystem.com\/wp-content\/uploads\/2021\/01\/ISO-9001.png\" alt=\"ISO 9001\" title=\"ISO 9001\" itemprop=\"image\"\/>\n\t\t\t\t<p><strong>Certificado por AENOR, conforme con la Norma ISO 9001:2015<\/strong><\/p>\n\t\t\t<h2>ISO 14001<\/h2>\t\t\t\n\t\t\t\t<p>Gamesystem Espa\u00f1a dispone de un sistema de gesti\u00f3n ambiental, certificado por AENOR, conforme con la Norma ISO 14001:2015 para las actividades: La venta, instalaci\u00f3n y las prestaciones asociadas (conservaci\u00f3n y mantenimiento) de los equipos de protecci\u00f3n individual y colectiva para el trabajo en altura (prensi\u00f3n del cuerpo, sujeciones antica\u00eddas de salvamento o de evacuaci\u00f3n, puntos de anclaje y de trabajo).\u00a0La impartici\u00f3n de formaci\u00f3n de equipos de protecci\u00f3n individual y colectiva para el trabajo en altura y en seguridad del trabajo en altura y de formaci\u00f3n en seguridad en espacios confinados y frente al riesgo el\u00e9ctrico.<\/p>\n\t\t\t\t<img decoding=\"async\" src=\"https:\/\/gamesystem.com\/wp-content\/uploads\/2021\/01\/ISO-14001.png\" alt=\"ISO 14001\" title=\"ISO 14001\" itemprop=\"image\"\/>\n\t\t\t\t<p><strong>Certificado por AENOR, conforme con la Norma ISO 14001:2015<\/strong><\/p>\n\t\t\t<h2>ISO 50001 <\/h2>\t\t\t\n\t\t\t\t<p>Gamesystem Espa\u00f1a dispone de un Sistema de gesti\u00f3n de calidad, certificado por AENOR, conforme con la Norma ISO 50001:2018 para las actividades: la venta, la instalaci\u00f3n y las prestaciones asociadas (conservaci\u00f3n y mantenimiento) de los equipos de protecci\u00f3n individual y colectiva para el trabajo en altura (prensi\u00f3n del cuerpo, sujeciones antica\u00eddas de salvamento o de evacuaci\u00f3n, puntos de anclaje y de trabajo).\u00a0La impartici\u00f3n de formaci\u00f3n de equipos de protecci\u00f3n individual y colectiva para el trabajo en altura y en seguridad del trabajo en altura y de formaci\u00f3n en seguridad en espacios confinados, protecci\u00f3n frente al riesgo el\u00e9ctrico, operador de carretillas de manutenci\u00f3n hasta 10.00 kg, operador de plataformas elevadoras m\u00f3viles de personal, primeros auxilios y extinci\u00f3n de incendios.&#8221;<\/p>\n\t\t\t\t<img decoding=\"async\" src=\"https:\/\/gamesystem.com\/wp-content\/uploads\/2022\/12\/Sello-ISO-50001.jpg\" alt=\"Sello ISO 50001\" title=\"Sello ISO 50001\" itemprop=\"image\"\/>\n\t\t\t\t<p><strong>Certificado por AENOR, conforme con la Norma ISO 50001:2018<\/strong><\/p>\n\t\t\t<h2>TELCO<\/h2>\t\t\t\n\t\t\t\t<p>Una vez superado el proceso de certificaci\u00f3n, Gamesystem Espa\u00f1a ya est\u00e1 acreditado como centro devformaci\u00f3n conforme con el Est\u00e1ndar Formativo TELCO. Actualmente nos hemos acreditado para impartir los siguientes programas formativos:<\/p>\n<ul>\n<li>ALTURAS TELCO I<\/li>\n<li>ALTURAS TELCO II<\/li>\n<li>RIESGO EL\u00c9CTRICO TELCO<\/li>\n<li>ESPACIOS CONFINADOS TELCO<\/li>\n<\/ul>\n\t\t\t\t<img decoding=\"async\" src=\"https:\/\/gamesystem.com\/wp-content\/uploads\/2018\/10\/Est\u00e1ndar-Formativo-TELCO..png\" alt=\"Est\u00e1ndar Formativo TELCO.\" title=\"Est\u00e1ndar Formativo TELCO.\" itemprop=\"image\"\/>\n\t\t\t\t<p><strong>Certificado por AENOR, conforme con el Est\u00e1ndar Formativo TELCO<\/strong><\/p>\n\t\t\t<h2>UNE 58923:2020<\/h2>\t\t\t\n\t\t\t\t<p>Para conceder este certificado, AENOR ha comprobado el servicio prestado, el control sobre la administraci\u00f3n y el programa formativo desarrollado en el marco de la norma. AENOR realiza estas actividades peri\u00f3dicamente mientras el Certificado no haya sido anulado, seg\u00fan se establece en el Reglamento Particular RP B53.01<\/p>\n\t\t\t\t<img decoding=\"async\" src=\"https:\/\/gamesystem.com\/wp-content\/uploads\/2022\/04\/UNE58923.png\" alt=\"UNE58923_logo\" title=\"UNE58923\" itemprop=\"image\"\/>\n\t\t\t\t<p><strong><b>Entidad Formadora de Operadores de Plataformas Elevadoras M\u00f3viles de Personal (PEMP)<\/b><\/strong><\/p>\n\t\t\t<h2>UNE 58451:2016<\/h2>\t\t\t\n\t\t\t\t<p>Para conceder este certificado, AENOR ha comprobado el servicio prestado, el control sobre la administraci\u00f3n y el programa formativo desarrollado en el marco de la norma. AENOR realiza estas actividades periodicamente mientras el Certificado no haya sido anulado, seg\u00fan se establece en el Reglamento Particular RP B53.02<\/p>\n\t\t\t\t<img decoding=\"async\" src=\"https:\/\/gamesystem.com\/wp-content\/uploads\/2022\/04\/UNE58451.png\" alt=\"UNE58451_logo\" title=\"UNE58451\" itemprop=\"image\"\/>\n\t\t\t\t<p><strong><b>Entidad Formadora de Operadores de Carretillas de Manutenci\u00f3n hasta 10.000 Kg.<\/b><\/strong><\/p>\n\t\t\t<h2>AELEC <\/h2>\t\t\t\n\t\t\t\t<p>Una vez superado el proceso de certificaci\u00f3n, Gamesystem Espa\u00f1a ya est\u00e1 acreditado como centro de formaci\u00f3n conforme con el Est\u00e1ndar Formativo AELEC. Actualmente nos hemos acreditado para impartir los siguientes programas formativos:<\/p>\n<p>En nuestras instalaciones:<\/p>\n<ul>\n<li>ESPACIOS CONFINADOS AELEC<\/li>\n<li>ALTURAS I AELEC<\/li>\n<li>LUCHA CONTRA INCENDIOS AELEC<\/li>\n<li>PRIMEROS AUXILIOS AELEC<\/li>\n<li>ALTURAS II AELEC<\/li>\n<\/ul>\n<p>Unidad m\u00f3vil de formaci\u00f3n:<\/p>\n<ul>\n<li>ESPACIOS CONFINADOS AELEC<\/li>\n<li>ALTURAS I AELEC<\/li>\n<\/ul>\n\t\t\t\t<img decoding=\"async\" src=\"https:\/\/gamesystem.com\/wp-content\/uploads\/2024\/03\/alec.jpg\" alt=\"alec\" title=\"alec\" itemprop=\"image\"\/>\n\t\t\t\t<p><strong>CERTIFICADO POR AUDELCO, conforme con el Est\u00e1ndar Formativo AELEC.<\/strong><\/p>\n\t\t\t<h2>Fondos Next Generation para Paneles Solares en Gamesystem<\/h2>\t\t\t\n\t\t\t\t<p>Los <strong><em>Fondos Next Generation o Plan de Recuperaci\u00f3n, Transformaci\u00f3n y Resiliencia<\/em><\/strong> concede a Gamesystem la ayuda econ\u00f3mica para la inversi\u00f3n del proyecto de instalaci\u00f3n de paneles solares, con el objetivo de sumarse al desarrollo de las energ\u00edas renovables<\/p>\n\t<a href=\"https:\/\/gamesystem.com\/wp-content\/uploads\/2024\/01\/energia.jpg\" target=\"_self\" aria-label=\"Go to https:\/\/gamesystem.com\/wp-content\/uploads\/2024\/01\/energia.jpg\" rel=\"noopener\"><\/a>\n\t\t\t\t<img decoding=\"async\" src=\"https:\/\/gamesystem.com\/wp-content\/uploads\/2024\/01\/energia.jpg\" alt=\"energia\" title=\"energia\" itemprop=\"image\"\/>\n\n","protected":false},"excerpt":{"rendered":"<p>CERTIFICADOS CALIDAD \u00a1Gamesystem est\u00e1 comprometido con la calidad! S\u00f3lo una soluci\u00f3n adaptada a las necesidades del cliente consigue la m\u00e1xima seguridad: hemos desarrollado un conjunto de soluciones que tienen en&hellip;<\/p>\n","protected":false},"author":7,"featured_media":0,"parent":0,"menu_order":0,"comment_status":"closed","ping_status":"open","template":"","meta":[],"_links":{"self":[{"href":"https:\/\/gamesystem.com\/es\/wp-json\/wp\/v2\/pages\/13457"}],"collection":[{"href":"https:\/\/gamesystem.com\/es\/wp-json\/wp\/v2\/pages"}],"about":[{"href":"https:\/\/gamesystem.com\/es\/wp-json\/wp\/v2\/types\/page"}],"author":[{"embeddable":true,"href":"https:\/\/gamesystem.com\/es\/wp-json\/wp\/v2\/users\/7"}],"replies":[{"embeddable":true,"href":"https:\/\/gamesystem.com\/es\/wp-json\/wp\/v2\/comments?post=13457"}],"version-history":[{"count":7,"href":"https:\/\/gamesystem.com\/es\/wp-json\/wp\/v2\/pages\/13457\/revisions"}],"predecessor-version":[{"id":39215,"href":"https:\/\/gamesystem.com\/es\/wp-json\/wp\/v2\/pages\/13457\/revisions\/39215"}],"wp:attachment":[{"href":"https:\/\/gamesystem.com\/es\/wp-json\/wp\/v2\/media?parent=13457"}],"curies":[{"name":"wp","href":"https:\/\/api.w.org\/{rel}","templated":true}]}}