{"id":13450,"date":"2018-02-20T17:23:24","date_gmt":"2018-02-20T17:23:24","guid":{"rendered":"https:\/\/preprod.gamesystem.com\/choucas\/"},"modified":"2018-09-24T12:24:48","modified_gmt":"2018-09-24T12:24:48","slug":"choucas","status":"publish","type":"page","link":"https:\/\/gamesystem.com\/es\/productos\/especificos\/choucas\/","title":{"rendered":"Choucas"},"content":{"rendered":"<p><strong> TODOS NUESTROS PRODUCTOS <\/strong><\/p>\n<p><strong>Espec\u00edficos <\/strong><\/p>\n<h1>Choucas<\/h1>\n<p>En un CHOUCAS, hay que distinguir 2 partes: La parte \u201cmotor\u201d y la parte \u201cfrenado\u201d. La parte \u201cmotor\u201d se compone de una polea alrededor de la cual fi guran 2 rodillos y una cuerda espec\u00edfi ca de 10 mm. Todos los componentes se encuentran en el interior de un c\u00e1rter de color rojo.<\/p>\n<p>La parte \u201cfrenado\u201d se encuentra alojada en un c\u00e1rter en aleaci\u00f3n de aluminio compuesto de un juego de engranaje cuya funci\u00f3n es desmultiplicar la velocidad de rotaci\u00f3n de un volante en el que est\u00e1 fi jado una mordaza con 2 ferodos. En este volante se sit\u00faan unas aletas que bracean el aire y proceden a la refrigeraci\u00f3n. Debido a la fuerza centr\u00edfuga, la mordaza se separa y los revestimientos rozan sobre una anilla en bronce garantizando un perfecto frenado cualquiera que sea el peso de la persona o de la temperatura. Una tapadera con orifi cios para la circulaci\u00f3n del aire, cierra el c\u00e1rter.<\/p>\n<p><a href=\"https:\/\/gamesystem.com\/wp-content\/uploads\/2018\/09\/Choucas-Gamesystem-ESP.pdf\" target=\"_blank\" rel=\"noopener\"><br \/>\nChoucas S<br \/>\n<\/a><br \/>\n<a href=\"https:\/\/gamesystem.com\/wp-content\/uploads\/2018\/09\/Notice-utilisation-I-Descendeur-Choucas.pdf\" target=\"_blank\" rel=\"noopener\"><br \/>\nInstrucciones de uso<br \/>\n<\/a><br \/>\n<a role=\"button\" href=\"https:\/\/gamesystem.com\/wp-content\/uploads\/2018\/09\/Choucas-HM-Gamesystem-ESP.pdf\" target=\"_blank\" rel=\"noopener\"><br \/>\nChoucas HM<br \/>\n<\/a><\/p>\n<nav>\n<ul>\n<li data-index=\"0\">\n<h2><a>\u00bfCU\u00c1NDO UTILIZARLO? <\/a><\/h2>\n<\/li>\n<li data-index=\"1\">\n<h2><a>SEGURIDAD<\/a><\/h2>\n<\/li>\n<li data-index=\"2\">\n<h2><a>FORMACI\u00d3N<\/a><\/h2>\n<\/li>\n<li data-index=\"3\">\n<h2><a>SE ACONSEJA LOS SIGUIENTES ELEMENTOS<\/a><\/h2>\n<\/li>\n<\/ul>\n<\/nav>\n<h2>\u00bfCU\u00c1NDO UTILIZARLO?<\/h2>\n<p>EL CHOUCAS es un descensor, funciona en \u201cida y vuelta\u201d sirve para evacuar una o m\u00e1s personas. La velocidad de descenso es auto-regulada en funci\u00f3n del peso de la persona seg\u00fan el margen utilizado por la norma: 0,60 a 2m\/s. Este descensor ser\u00e1 utilizado por el operario del puente-gr\u00faa para auto-evacuarse en caso de urgencia (CHOUCAS S).<\/p>\n<p>En caso de aver\u00eda en los remontes mec\u00e1nicos, se utilizar\u00e1 el (CHOUCAS HM) para la evacuaci\u00f3n de las personas. Para la evacuaci\u00f3n desde una estructura de una persona herida se utilizar\u00e1 el (CHOUCAS E).<\/p>\n<h2>SEGURIDAD<\/h2>\n<p>Ha sido ensayado para evacuar alternativamente 50 personas en una altura de 100 m. La cuerda no pierde resistencia por el calor ya que en ning\u00fan momento est\u00e1 en contacto con la parte \u201cfrenado\u201d. El CHOUCAS HM incorpora un \u201cfreno de mano\u201d y permite al evacuador controlar el descenso del operario.<\/p>\n<p>El CHOUCAS E dispone de un volante que realiza funci\u00f3n de torno, permitiendo la subida sin esfuerzo de la persona accidentada.<\/p>\n<h2>FORMACI\u00d3N<\/h2>\n<p>La Seguridad de trabajos en altura: \u00abRescate\u00bb.<\/p>\n<h2>SE ACONSEJA LOS SIGUIENTES ELEMENTOS<\/h2>\n<p>Para la seguridad antica\u00edda: un dispositivo retr\u00e1ctil conectado a la anilla dorsal o un dispositivo deslizante sobre soporte de aseguramiento conectado en la anilla esternal.<\/p>\n<p>Para el dispositivo de anclaje: se colocar\u00e1 por encima de la cabeza del operario.<\/p>\n<p><!-- \/content --><br \/>\n<!-- \/tabs --><\/p>\n","protected":false},"excerpt":{"rendered":"<p>TODOS NUESTROS PRODUCTOS Espec\u00edficos Choucas En un CHOUCAS, hay que distinguir 2 partes: La parte \u201cmotor\u201d y la parte \u201cfrenado\u201d. La parte \u201cmotor\u201d se compone de una polea alrededor de&hellip;<\/p>\n","protected":false},"author":7,"featured_media":0,"parent":13477,"menu_order":0,"comment_status":"closed","ping_status":"open","template":"","meta":[],"_links":{"self":[{"href":"https:\/\/gamesystem.com\/es\/wp-json\/wp\/v2\/pages\/13450"}],"collection":[{"href":"https:\/\/gamesystem.com\/es\/wp-json\/wp\/v2\/pages"}],"about":[{"href":"https:\/\/gamesystem.com\/es\/wp-json\/wp\/v2\/types\/page"}],"author":[{"embeddable":true,"href":"https:\/\/gamesystem.com\/es\/wp-json\/wp\/v2\/users\/7"}],"replies":[{"embeddable":true,"href":"https:\/\/gamesystem.com\/es\/wp-json\/wp\/v2\/comments?post=13450"}],"version-history":[{"count":0,"href":"https:\/\/gamesystem.com\/es\/wp-json\/wp\/v2\/pages\/13450\/revisions"}],"up":[{"embeddable":true,"href":"https:\/\/gamesystem.com\/es\/wp-json\/wp\/v2\/pages\/13477"}],"wp:attachment":[{"href":"https:\/\/gamesystem.com\/es\/wp-json\/wp\/v2\/media?parent=13450"}],"curies":[{"name":"wp","href":"https:\/\/api.w.org\/{rel}","templated":true}]}}