{"id":13446,"date":"2018-01-18T09:22:51","date_gmt":"2018-01-18T09:22:51","guid":{"rendered":"https:\/\/preprod.gamesystem.com\/audit-accompagnement-travaux-en-hauteur\/"},"modified":"2020-12-16T16:17:39","modified_gmt":"2020-12-16T15:17:39","slug":"auditoria-y-asesoria","status":"publish","type":"page","link":"https:\/\/gamesystem.com\/es\/auditoria-y-asesoria\/","title":{"rendered":"Auditor\u00eda y Asesor\u00eda"},"content":{"rendered":"\n\n\t\t\t<h1>AUDITOR\u00cdA &#8211; Seguridad de trabajo en alturas<\/h1>\t\t\t\n\t\t\t\t<p>Gamesystem, experto en trabajos en altura, le ayuda en su proceso de evaluaci\u00f3n preventiva mediante la identificaci\u00f3n de situaciones con riesgo de ca\u00eddas. Un asesor estudiar\u00e1 cada zona de trabajo para determinar el problema y aportar las posibles soluciones.<\/p>\n\t\t\t<h2>Definici\u00f3n de la auditor\u00eda<\/h2>\n\t\t\t\t<p>Una auditor\u00eda de riesgos de ca\u00edda en altura es el examen de una persona competente e imparcial; de este examen se extrae una opini\u00f3n especializada sobre la situaci\u00f3n en la que se encuentra el emplazamiento y unas propuestas de mejora. Nuestro conocimiento ha sido adquirido durante m\u00e1s de 35 a\u00f1os de experiencia dise\u00f1ando, fabricando e instalando sistemas contra ca\u00eddas as\u00ed como ense\u00f1ando a utilizar miles de sistemas y soluciones.<\/p>\n\t\t<h2>El documento final<\/h2>\t\t\t\n\t\t\t\t<p>La auditor\u00eda de las situaciones con riesgo de ca\u00edda en altura de las instalaciones del cliente est\u00e1 basada en:<\/p>\n<p>&#8211; An\u00e1lisis del lugar.<\/p>\n<p>&#8211; Estudio de soluciones existentes o posibles.<\/p>\n<p>&#8211; Propuestas de mejora con orden de prioridades.<\/p>\n\t\t<h2>Una auditor\u00eda de calidad<\/h2>\t\t\t\n\t\t\t\t<p>Ponemos todo nuestro conocimiento a su servicio.<\/p>\n<p>Nuestros t\u00e9cnicos le acompa\u00f1ar\u00e1n al lugar de trabajo para hacer un an\u00e1lisis exhaustivo de las diferentes situaciones y poder dar una soluci\u00f3n precisa, proponer una mejora o ratificarle en la soluci\u00f3n ya implantada.<\/p>\n\t\t\tPARA SU POL\u00cdTICA DE SEGURIDAD DE TRABAJOS EN ALTURA\t\t\t\n\t\t\t<h1>ASESOR\u00cdA<\/h1>\t\t\t\n\t\t\t\t<p>Frente al riesgo de ca\u00edda en altura, busca especialistas que creen el procidimiento correcto para\u00a0 trabajar en altura.<\/p>\n\t\t<h2>\u00bfProblemas con la seguridad en altura?<\/h2>\t\t\t\n\t\t\t\t<p>Su empresa puede enfrentarse a una o m\u00e1s\u00a0<strong>preguntas relacionadas con el trabajo en altura<\/strong>. En esta situaci\u00f3n, es posible que se encuentre frente a una\u00a0<strong>multitud de preguntas<\/strong>, que no son parte de su vida diaria:<\/p>\n<p>&#8211; \u00bfCu\u00e1les son las leyes que rigen estos trabajos?<\/p>\n<p>&#8211; Que normas deben cumplir los productos?<\/p>\n<p>&#8211; \u00bfC\u00f3mo analizar los riesgos?<\/p>\n<p>&#8211; \u00bfC\u00f3mo encontrar soluciones?<\/p>\n\n<p>Como parte de nuestra filosof\u00eda de compromiso, podemos realizar esta misi\u00f3n para acompa\u00f1ar las obras de seguridad en altura.<\/p>\n\t\t<h2>Gamesystem acompa\u00f1a !<\/h2>\t\t\t\n\t\t\t\t<p><strong>Le<\/strong>\u00a0<strong>apoyamos en la definici\u00f3n y elaboraci\u00f3n de\u00a0procedimientos detallados, as\u00ed como en la redacci\u00f3n\u00a0de planes de prevenci\u00f3n<\/strong>.<\/p>\n<p><strong>Reflexionamos<\/strong>\u00a0con usted en el\u00a0<strong>desarrollo de indicadores<\/strong>\u00a0tales como, entre otras cosas, la formaci\u00f3n de los empleados internos y externos o la inspecci\u00f3n peri\u00f3dica de los anclajes y sistemas antica\u00eddas.<\/p>\n<p>Podemos colaborar en\u00a0las intervenciones\u00a0de empresas externas,\u00a0gui\u00e1ndolas\u00a0en las preguntas y los documentos requeridos para su beneficio.<\/p>\n<p>Ponemos a su disposici\u00f3n la<strong>\u00a0habilidad y experiencia<\/strong>\u00a0de nuestros empleados adquirida en los\u00a0<strong>m\u00e1s de 35 a\u00f1os<\/strong>\u00a0de experiencia:<\/p>\n<p>&#8211; Instalamos dispositivos de protecci\u00f3n en empresas de todos los tama\u00f1os y en todos los sectores.<\/p>\n<p>&#8211; Asegurando desde 1988, la formaci\u00f3n adaptada al entorno del cliente.<\/p>\n<p>-Conocimiento\u00a0de la normativa y legislaci\u00f3n m\u00e1s actualizada.<\/p>\n<p>&#8211; Le ofrecemos una visi\u00f3n externa y objetiva.<\/p>\n\n","protected":false},"excerpt":{"rendered":"<p>AUDITOR\u00cdA &#8211; Seguridad de trabajo en alturas Gamesystem, experto en trabajos en altura, le ayuda en su proceso de evaluaci\u00f3n preventiva mediante la identificaci\u00f3n de situaciones con riesgo de ca\u00eddas.&hellip;<\/p>\n","protected":false},"author":7,"featured_media":0,"parent":0,"menu_order":0,"comment_status":"closed","ping_status":"open","template":"","meta":[],"_links":{"self":[{"href":"https:\/\/gamesystem.com\/es\/wp-json\/wp\/v2\/pages\/13446"}],"collection":[{"href":"https:\/\/gamesystem.com\/es\/wp-json\/wp\/v2\/pages"}],"about":[{"href":"https:\/\/gamesystem.com\/es\/wp-json\/wp\/v2\/types\/page"}],"author":[{"embeddable":true,"href":"https:\/\/gamesystem.com\/es\/wp-json\/wp\/v2\/users\/7"}],"replies":[{"embeddable":true,"href":"https:\/\/gamesystem.com\/es\/wp-json\/wp\/v2\/comments?post=13446"}],"version-history":[{"count":0,"href":"https:\/\/gamesystem.com\/es\/wp-json\/wp\/v2\/pages\/13446\/revisions"}],"wp:attachment":[{"href":"https:\/\/gamesystem.com\/es\/wp-json\/wp\/v2\/media?parent=13446"}],"curies":[{"name":"wp","href":"https:\/\/api.w.org\/{rel}","templated":true}]}}