{"id":13444,"date":"2018-02-20T17:20:24","date_gmt":"2018-02-20T17:20:24","guid":{"rendered":"https:\/\/preprod.gamesystem.com\/evacuateur-geca-150\/"},"modified":"2018-09-16T21:22:51","modified_gmt":"2018-09-16T21:22:51","slug":"evacuacion-geca-150","status":"publish","type":"page","link":"https:\/\/gamesystem.com\/es\/productos\/especificos\/evacuacion-geca-150\/","title":{"rendered":"Evacuacion GEca 150"},"content":{"rendered":"<p>\t<a href=\"https:\/\/gamesystem.com\/es\/productos\/\" target=\"_self\" ><\/a><br \/>\n\t\t<strong> TODOS NUESTROS PRODUCTOS <\/strong><br \/>\n\t<a href=\"https:\/\/gamesystem.com\/es\/productos\/especificos\/\" target=\"_self\" ><\/a><br \/>\n\t\t<strong>Espec\u00edficos <\/strong>\t\t\t<\/p>\n<h1>GEca 150<\/h1>\n<p>En un Geca 150, hay que distinguir 2 partes: La parte \u201cmotor\u201d y la parte \u201cfrenado\u201d. La parte \u201cmotor\u201d se compone de una polea alrededor de la cual figuran 2 rodillos y un cable de 4,8mm. Todos los componentes se encuentran en el interior de un c\u00e1rter.<\/p>\n<p>La parte \u201cfrenado\u201d se encuentra alojada en un c\u00e1rter en fundici\u00f3n gris compuesto de un juego de engranaje cuya funci\u00f3n es desmultiplicar la velocidad de rotaci\u00f3n de un volante arrastrando 2 mordazas que contienen un juego de freno. Debido a la fuerza centr\u00edfuga, la mordaza se separa y los revestimientos rozan sobre el tambor de fundici\u00f3n garantizando un perfecto frenado cualquiera que sea el peso de la persona o de la temperatura. Un pu\u00f1o permite bloquear el sistema. Su apertura permite el descenso.<\/p>\n<p>\t\t\t\t<a href=\"https:\/\/gamesystem.com\/wp-content\/uploads\/2018\/05\/Geca-150.png\" target=\"_self\" itemprop=\"url\"><br \/>\n\t\t\t\t<img decoding=\"async\" loading=\"lazy\" src=\"https:\/\/gamesystem.com\/wp-content\/uploads\/2018\/05\/Geca-150.png\" alt=\"solution d'\u00e9vacuation de personne suspendue\" itemprop=\"image\" height=\"600\" width=\"800\" title=\"Geca 150\"  \/><br \/>\n\t\t\t\t<\/a><br \/>\n\t\t\t<a href=\"https:\/\/gamesystem.com\/wp-content\/uploads\/2018\/09\/GEca-150-Gamesystem-ESP.pdf\" target=\"_blank\" rel=\"noopener\"><br \/>\n\t\t\t\t\t\t\t\tFicha del producto<br \/>\n\t\t\t\t\t\t\t<\/a><br \/>\n\t\t\t<a href=\"https:\/\/gamesystem.com\/wp-content\/uploads\/2018\/09\/Notice-utilisation-B-Descendeur-GECa-150.pdf\" target=\"_blank\" rel=\"noopener\"><br \/>\n\t\t\t\t\t\t\t\tInstrucciones de uso<br \/>\n\t\t\t\t\t\t\t<\/a><\/p>\n<nav>\n<ul>\n<li data-index=\"0\">\n<h2>\n\t\t\t\t\t\t<a href=\"javascript:void(0);\">\u00bfCU\u00c1NDO UTILIZARLO? <\/a><br \/>\n\t\t\t\t\t<\/h2>\n<\/li>\n<li data-index=\"1\">\n<h2>\n\t\t\t\t\t\t<a href=\"javascript:void(0);\">SEGURIDAD<\/a><br \/>\n\t\t\t\t\t<\/h2>\n<\/li>\n<li data-index=\"2\">\n<h2>\n\t\t\t\t\t\t<a href=\"javascript:void(0);\">FORMACI\u00d3N<\/a><br \/>\n\t\t\t\t\t<\/h2>\n<\/li>\n<li data-index=\"3\">\n<h2>\n\t\t\t\t\t\t<a href=\"javascript:void(0);\">SE ACONSEJA LOS SIGUIENTES ELEMENTOS<\/a><br \/>\n\t\t\t\t\t<\/h2>\n<\/li>\n<\/ul>\n<\/nav>\n<h2>\n\t\t\t\t\t\t\t\t\t\t\t\t\u00bfCU\u00c1NDO UTILIZARLO?<br \/>\n\t\t\t\t\t\t\t\t\t\t\t<\/h2>\n<p>El Geca 150 es un descensor, funciona en \u201cida y vuelta\u201d sirve para evacuar una o m\u00e1s personas. La velocidad de descenso es auto-regulada en funci\u00f3n del peso de la persona seg\u00fan el margen utilizado por la norma: 0,60 a 2m\/s.<\/p>\n<p>Este descensor es utilizado en los remontes mec\u00e1nicos para evacuar a viajeros bloqueados. En cabinas de gran capacidad y con alturas importantes, o en el caso de la evacuaci\u00f3n de personas de un derrick ardiendo en la vertical o un plano inclinado.<\/p>\n<h2>\n\t\t\t\t\t\t\t\t\t\t\t\tSEGURIDAD<br \/>\n\t\t\t\t\t\t\t\t\t\t\t<\/h2>\n<p>Ha sido ensayado para evacuar alternativamente 100 personas en una altura de 100 m.<\/p>\n<p>Cada extremidad de cable est\u00e1 provista de un eslab\u00f3n giratorio para evitar una autorrotaci\u00f3n de la persona evacuada debida \u00ab al nervio \u00ab del cable al pasar por la polea principal<\/p>\n<h2>\n\t\t\t\t\t\t\t\t\t\t\t\tFORMACI\u00d3N<br \/>\n\t\t\t\t\t\t\t\t\t\t\t<\/h2>\n<p>Modulos \u00ab evacuaci\u00f3n en un remonte mec\u00e1nico \u00bb, \u00ab evacuaci\u00f3n de un derrick\u00bb.<\/p>\n<h2>\n\t\t\t\t\t\t\t\t\t\t\t\tSE ACONSEJA LOS SIGUIENTES ELEMENTOS<br \/>\n\t\t\t\t\t\t\t\t\t\t\t<\/h2>\n<p>Un gancho autobloqueo para su fijaci\u00f3n al punto de anclaje y dos conectores. Una cuerda para \u00abseparar\u00bb el tramo de subida y el tramo de bajada (corre peligro de enredarse y bloquear).<\/p>\n<p>\u00a0<\/p>\n<p>\t\t\t\t\t<!-- \/content --><br \/>\n\t<!-- \/tabs --><\/p>\n","protected":false},"excerpt":{"rendered":"<p>TODOS NUESTROS PRODUCTOS Espec\u00edficos GEca 150 En un Geca 150, hay que distinguir 2 partes: La parte \u201cmotor\u201d y la parte \u201cfrenado\u201d. La parte \u201cmotor\u201d se compone de una polea&hellip;<\/p>\n","protected":false},"author":7,"featured_media":0,"parent":13477,"menu_order":0,"comment_status":"closed","ping_status":"open","template":"","meta":[],"_links":{"self":[{"href":"https:\/\/gamesystem.com\/es\/wp-json\/wp\/v2\/pages\/13444"}],"collection":[{"href":"https:\/\/gamesystem.com\/es\/wp-json\/wp\/v2\/pages"}],"about":[{"href":"https:\/\/gamesystem.com\/es\/wp-json\/wp\/v2\/types\/page"}],"author":[{"embeddable":true,"href":"https:\/\/gamesystem.com\/es\/wp-json\/wp\/v2\/users\/7"}],"replies":[{"embeddable":true,"href":"https:\/\/gamesystem.com\/es\/wp-json\/wp\/v2\/comments?post=13444"}],"version-history":[{"count":0,"href":"https:\/\/gamesystem.com\/es\/wp-json\/wp\/v2\/pages\/13444\/revisions"}],"up":[{"embeddable":true,"href":"https:\/\/gamesystem.com\/es\/wp-json\/wp\/v2\/pages\/13477"}],"wp:attachment":[{"href":"https:\/\/gamesystem.com\/es\/wp-json\/wp\/v2\/media?parent=13444"}],"curies":[{"name":"wp","href":"https:\/\/api.w.org\/{rel}","templated":true}]}}