{"id":13432,"date":"2018-02-21T13:51:01","date_gmt":"2018-02-21T13:51:01","guid":{"rendered":"https:\/\/preprod.gamesystem.com\/sellette-toucan\/"},"modified":"2018-09-16T21:22:19","modified_gmt":"2018-09-16T21:22:19","slug":"la-silla-toucan","status":"publish","type":"page","link":"https:\/\/gamesystem.com\/es\/productos\/especificos\/la-silla-toucan\/","title":{"rendered":"La silla toucan"},"content":{"rendered":"<p>\t<a href=\"https:\/\/gamesystem.com\/es\/productos\/\" target=\"_self\" ><\/a><br \/>\n\t\t<strong> TODOS NUESTROS PRODUCTOS <\/strong><br \/>\n\t<a href=\"https:\/\/gamesystem.com\/es\/productos\/especificos\/\" target=\"_self\" ><\/a><br \/>\n\t\t<strong>Espec\u00edficos <\/strong>\t\t\t<\/p>\n<h1>La silla toucan<\/h1>\n<p><strong>La silla TOUCAN se compone de 2 partes: <\/strong><\/p>\n<p>&#8211; El conjunto de la silla con su suspensi\u00f3n, su asiento y sus 2 poleas gu\u00edas del cable.<\/p>\n<p>&#8211; El torno con carcasa contiene en el interior las 2 poleas \u201cmotrices\u201d con garganta en \u201cV\u201d instaladas sobre unos engranajes y todo ello oculto por una tapa con tuerca fi ja. Las manivelas instaladas sobre un eje, permiten el movimiento de las poleas. Dispone de un mecanismo de bloqueo por sobre-velocidad que permite, en caso que la palanca del freno no est\u00e9 bloqueada, frenar el conjunto mediante un sistema de trinquetes.<\/p>\n<p>\t\t\t\t<a href=\"https:\/\/gamesystem.com\/wp-content\/uploads\/2018\/05\/Toucan.png\" target=\"_self\" itemprop=\"url\"><br \/>\n\t\t\t\t<img decoding=\"async\" loading=\"lazy\" src=\"https:\/\/gamesystem.com\/wp-content\/uploads\/2018\/05\/Toucan.png\" alt=\"selette toucan pour travail en hauteur\" itemprop=\"image\" height=\"600\" width=\"800\" title=\"Toucan Gamesystem\"  \/><br \/>\n\t\t\t\t<\/a><br \/>\n\t\t\t<a href=\"https:\/\/gamesystem.com\/wp-content\/uploads\/2018\/09\/Silla-Toucan-Gamesystem-ESP.pdf\" target=\"_blank\" rel=\"noopener\"><br \/>\n\t\t\t\t\t\t\t\tFicha del producto<br \/>\n\t\t\t\t\t\t\t<\/a><br \/>\n\t\t\t<a href=\"https:\/\/gamesystem.com\/wp-content\/uploads\/2018\/09\/Notice-utilisation-F-Sellette-Toucan.pdf\" target=\"_blank\" rel=\"noopener\"><br \/>\n\t\t\t\t\t\t\t\tInstrucciones de uso<br \/>\n\t\t\t\t\t\t\t<\/a><\/p>\n<nav>\n<ul>\n<li data-index=\"0\">\n<h2>\n\t\t\t\t\t\t<a href=\"javascript:void(0);\">\u00bfCU\u00c1NDO UTILIZARLO? <\/a><br \/>\n\t\t\t\t\t<\/h2>\n<\/li>\n<li data-index=\"1\">\n<h2>\n\t\t\t\t\t\t<a href=\"javascript:void(0);\">SEGURIDAD<\/a><br \/>\n\t\t\t\t\t<\/h2>\n<\/li>\n<li data-index=\"2\">\n<h2>\n\t\t\t\t\t\t<a href=\"javascript:void(0);\">FORMACI\u00d3N<\/a><br \/>\n\t\t\t\t\t<\/h2>\n<\/li>\n<\/ul>\n<\/nav>\n<h2>\n\t\t\t\t\t\t\t\t\t\t\t\t\u00bfCU\u00c1NDO UTILIZARLO?<br \/>\n\t\t\t\t\t\t\t\t\t\t\t<\/h2>\n<p>El TOUCAN es una silla individual que permite cualquier intervenci\u00f3n en todos los puntos o en la totalidad de una superfi cie vertical, sin posibilidad de acceso. Una vez colocado el cable de trabajo sobre el dispositivo de anclaje, el operario adapta su silla, abre la puerta del mecanismo, posiciona el cable alrededor de las poleas y comprueba el cierre de la palanca de freno.<\/p>\n<p>Estar\u00e1 equipado de un arn\u00e9s antica\u00edda y de un dispositivo antica\u00edda a cable. Se instalar\u00e1 en su silla de trabajo y activar\u00e1 las manivelas para subir o bajar con un ritmo regular.<\/p>\n<h2>\n\t\t\t\t\t\t\t\t\t\t\t\tSEGURIDAD<br \/>\n\t\t\t\t\t\t\t\t\t\t\t<\/h2>\n<p>La silla TOUCAN debe ser utilizada con un dispositivo antica\u00edda fl exible con cable conforme a la EN 353-2 tipo PAPILLON. El cable es espec\u00edfi co de 5mm de di\u00e1metro nominal. Para la prensi\u00f3n del cuerpo del operario: un arn\u00e9s GH3.<\/p>\n<h2>\n\t\t\t\t\t\t\t\t\t\t\t\tFORMACI\u00d3N<br \/>\n\t\t\t\t\t\t\t\t\t\t\t<\/h2>\n<p>La Seguridad de trabajos en altura: \u00abTrabajo en fachadas\u00bb, \u00abtrabajo en espacios confi nados\u00bb.<\/p>\n<p>\t\t\t\t\t<!-- \/content --><br \/>\n\t<!-- \/tabs --><\/p>\n","protected":false},"excerpt":{"rendered":"<p>TODOS NUESTROS PRODUCTOS Espec\u00edficos La silla toucan La silla TOUCAN se compone de 2 partes: &#8211; El conjunto de la silla con su suspensi\u00f3n, su asiento y sus 2 poleas&hellip;<\/p>\n","protected":false},"author":7,"featured_media":13433,"parent":13477,"menu_order":0,"comment_status":"closed","ping_status":"open","template":"","meta":[],"_links":{"self":[{"href":"https:\/\/gamesystem.com\/es\/wp-json\/wp\/v2\/pages\/13432"}],"collection":[{"href":"https:\/\/gamesystem.com\/es\/wp-json\/wp\/v2\/pages"}],"about":[{"href":"https:\/\/gamesystem.com\/es\/wp-json\/wp\/v2\/types\/page"}],"author":[{"embeddable":true,"href":"https:\/\/gamesystem.com\/es\/wp-json\/wp\/v2\/users\/7"}],"replies":[{"embeddable":true,"href":"https:\/\/gamesystem.com\/es\/wp-json\/wp\/v2\/comments?post=13432"}],"version-history":[{"count":0,"href":"https:\/\/gamesystem.com\/es\/wp-json\/wp\/v2\/pages\/13432\/revisions"}],"up":[{"embeddable":true,"href":"https:\/\/gamesystem.com\/es\/wp-json\/wp\/v2\/pages\/13477"}],"wp:featuredmedia":[{"embeddable":true,"href":"https:\/\/gamesystem.com\/es\/wp-json\/wp\/v2\/media\/13433"}],"wp:attachment":[{"href":"https:\/\/gamesystem.com\/es\/wp-json\/wp\/v2\/media?parent=13432"}],"curies":[{"name":"wp","href":"https:\/\/api.w.org\/{rel}","templated":true}]}}