{"id":13429,"date":"2018-01-30T10:10:59","date_gmt":"2018-01-30T10:10:59","guid":{"rendered":"https:\/\/preprod.gamesystem.com\/verification-des-epi-antichute\/"},"modified":"2020-12-16T16:15:26","modified_gmt":"2020-12-16T15:15:26","slug":"verificacion-y-revision-del-epi-anticaidas","status":"publish","type":"page","link":"https:\/\/gamesystem.com\/es\/verificacion-y-revision-del-epi-anticaidas\/","title":{"rendered":"Revisi\u00f3n de EPI"},"content":{"rendered":"\n\n\t\t\t<h1>VERIFICACI\u00d3N Y CONTROL DEL EPI ANTICA\u00cdDAS<\/h1>\t\t\t\n\t\t\t\t<p>Gamesystem verifica y controla los EPI antica\u00eddas para proporcionar a sus operarios herramientas de trabajo fiables y compatibles. En general, los equipos de protecci\u00f3n individual se deben revisar e inspeccionar al menos cada 12 meses.<\/p>\n\t\t\t\t\n\t\t\t<h2>Revisi\u00f3n de Equipo de Protecci\u00f3n Individual<\/h2>\n\t\t\t\t<p>Para garantizar que los EPI est\u00e1n en perfecto estado se debe realizar al menos una revisi\u00f3n anual (EN 365- Equipo de protecci\u00f3n individual contra las ca\u00eddas de altura. Requisitos generales para las instrucciones de uso, mantenimiento, revisi\u00f3n peri\u00f3dica, reparaci\u00f3n, marcado y embalaje).<\/p>\n<p>Gamesystem\u00a0 dispone del servicio de revisi\u00f3n ofreciendo todo su conocimiento y experiencia para realizar una revisi\u00f3n profunda y documentada.<\/p>\n<p>El departamento de formaci\u00f3n imparte a qui\u00e9n lo solicite cursos para aprender a \u00a0revisar estos equipos.<\/p>\n<p>\u00a0<\/p>\n\n","protected":false},"excerpt":{"rendered":"<p>VERIFICACI\u00d3N Y CONTROL DEL EPI ANTICA\u00cdDAS Gamesystem verifica y controla los EPI antica\u00eddas para proporcionar a sus operarios herramientas de trabajo fiables y compatibles. En general, los equipos de protecci\u00f3n&hellip;<\/p>\n","protected":false},"author":7,"featured_media":0,"parent":0,"menu_order":0,"comment_status":"closed","ping_status":"open","template":"","meta":[],"_links":{"self":[{"href":"https:\/\/gamesystem.com\/es\/wp-json\/wp\/v2\/pages\/13429"}],"collection":[{"href":"https:\/\/gamesystem.com\/es\/wp-json\/wp\/v2\/pages"}],"about":[{"href":"https:\/\/gamesystem.com\/es\/wp-json\/wp\/v2\/types\/page"}],"author":[{"embeddable":true,"href":"https:\/\/gamesystem.com\/es\/wp-json\/wp\/v2\/users\/7"}],"replies":[{"embeddable":true,"href":"https:\/\/gamesystem.com\/es\/wp-json\/wp\/v2\/comments?post=13429"}],"version-history":[{"count":0,"href":"https:\/\/gamesystem.com\/es\/wp-json\/wp\/v2\/pages\/13429\/revisions"}],"wp:attachment":[{"href":"https:\/\/gamesystem.com\/es\/wp-json\/wp\/v2\/media?parent=13429"}],"curies":[{"name":"wp","href":"https:\/\/api.w.org\/{rel}","templated":true}]}}