{"id":13386,"date":"2018-01-12T10:39:41","date_gmt":"2018-01-12T10:39:41","guid":{"rendered":"https:\/\/preprod.gamesystem.com\/accueil\/"},"modified":"2021-11-10T11:39:51","modified_gmt":"2021-11-10T10:39:51","slug":"accueil","status":"publish","type":"page","link":"https:\/\/gamesystem.com\/es\/","title":{"rendered":"P\u00c1GINA PRINCIPAL"},"content":{"rendered":"\n\n\t\t\t<h1><strong> Gamesystem, <\/strong> especialistas en seguridad para trabajos en altura<\/h1>\t\t\t\n\t\t\t<p>Transformamos los riesgos de ca\u00edda en altura en situaciones completamente seguras :<\/p>\t\t\t\n\t\t\t\t\n<p><strong>Desde 1978<\/strong>, Gamesystem aporta <strong>soluciones globales a cada situaci\u00f3n de riesgo de ca\u00edda en altura.<\/strong> <strong>Dise\u00f1a, fabrica, instala y forma<\/strong> de manera independiente desde su sede en Alcorc\u00f3n (Madrid).<\/p>\n\n\t\t\t\t\t\t\t<a href=\"https:\/\/gamesystem.com\/es\/auditoria-y-asesoria\/\" target=\"_self\" rel=\"noopener\">\n\t\t\t\t\t\t\t\t\t\t<h3>AUDITOR\u00cdA y ASESOR\u00cdA<\/h3>\n\t\t\t\t\t\t\t\t\t<\/a>\n\t\t\t\t\t\t\t<a href=\"https:\/\/gamesystem.com\/es\/ingenieria\/\" target=\"_self\" rel=\"noopener\">\n\t\t\t\t\t\t\t\t\t\t<h3>INGENIER\u00cdA<\/h3>\n\t\t\t\t\t\t\t\t\t<\/a>\n\t\t\t\t\t\t\t<a href=\"https:\/\/gamesystem.com\/es\/fabricacion-y-montaje\/\" target=\"_self\" rel=\"noopener\">\n\t\t\t\t\t\t\t\t\t\t<h3>FABRICACI\u00d3N Y MONTAJE<\/h3>\n\t\t\t\t\t\t\t\t\t<\/a>\n\t\t\t\t\t\t\t<a href=\"https:\/\/gamesystem.com\/es\/fabricacion-y-montaje\/\" target=\"_self\" rel=\"noopener\">\n\t\t\t\t\t\t\t\t\t\t<h3>MONTAJE<\/h3>\n\t\t\t\t\t\t\t\t\t<\/a>\n\t\t\t\t\t\t\t<a href=\"https:\/\/gamesystem.com\/es\/control-y-mantenimiento-de-sistemas-anticaidas\/\" target=\"_self\" rel=\"noopener\">\n\t\t\t\t\t\t\t\t\t\t<h3>CONTROL Y MANTENIMIENTO<\/h3>\n\t\t\t\t\t\t\t\t\t<\/a>\n\t\t\t\t\t\t\t<a href=\"https:\/\/gamesystem.com\/es\/servicio-formacion\/\" target=\"_self\" rel=\"noopener\">\n\t\t\t\t\t\t\t\t\t\t<h3>FORMACIONES<\/h3>\n\t\t\t\t\t\t\t\t\t<\/a>\n\t\t\t<h2><b>Soluciones est\u00e1ndar y a medida <\/b> <br \/> para proteger el trabajo en altura<\/h2>\t\t\t\n<h2>\n\t\t<a href=\"https:\/\/gamesystem.com\/es\/proteccion-colectiva\/\" title=\"PROTECCI\u00d3N &lt;br&gt; COLECTIVA\" target=\"_self\" rel=\"noopener\">\n\t\tPROTECCI\u00d3N <br \/> COLECTIVA\n\t\t<\/a>\n\t<\/h2>\n\t\t\t\t\t\t\t\t<a href=\"https:\/\/gamesystem.com\/es\/proteccion-colectiva\/\" target=\"_self\" itemprop=\"url\" rel=\"noopener\">\n\t\t\t\t\t\t\t\t\t<img decoding=\"async\" src=\"https:\/\/gamesystem.com\/wp-content\/uploads\/2021\/11\/nos-produits-gamesystem_0004_DSC03513-min.jpg\" alt=\"protection collective\" itemprop=\"image\"  \/>\n\t\t\t\t\t\t\t\t\t\t\t\t\t<\/a>\n\t\t\t\t\t\t\t\t<a href=\"https:\/\/gamesystem.com\/es\/sistema-de-anclaje\/\" target=\"_self\" itemprop=\"url\" rel=\"noopener\">\n\t\t\t\t\t\t\t\t\t<img decoding=\"async\" src=\"https:\/\/gamesystem.com\/wp-content\/uploads\/2021\/11\/nos-produits-gamesystem_0003_lv-pared-1-min.jpg\" alt=\"Syst\u00e8mes d'ancrage\" itemprop=\"image\"  \/>\n\t\t\t\t\t\t\t\t\t\t\t\t\t<\/a>\n<h2>\n\t\t<a href=\"https:\/\/gamesystem.com\/es\/sistema-de-anclaje\/\" title=\"SISTEMAS &lt;br&gt;DE ANCLAJE\" target=\"_self\" rel=\"noopener\">\n\t\tSISTEMAS <br \/>DE ANCLAJE\n\t\t<\/a>\n\t<\/h2>\n<h2>\n\t\t<a href=\"https:\/\/gamesystem.com\/es\/equipos-proteccion-individual\/\" title=\"EQUIPOS DE &lt;br&gt; PROTECCI\u00d3N INDIVIDUAL\" target=\"_self\" rel=\"noopener\">\n\t\tEQUIPOS DE <br \/> PROTECCI\u00d3N INDIVIDUAL\n\t\t<\/a>\n\t<\/h2>\n\t\t\t\t\t\t\t\t<a href=\"https:\/\/gamesystem.com\/es\/equipos-proteccion-individual\/\" target=\"_self\" itemprop=\"url\" rel=\"noopener\">\n\t\t\t\t\t\t\t\t\t<img decoding=\"async\" src=\"https:\/\/gamesystem.com\/wp-content\/uploads\/2021\/11\/nos-produits-gamesystem_0002_IMG_5729-min.jpg\" alt=\"epi\" itemprop=\"image\"  \/>\n\t\t\t\t\t\t\t\t\t\t\t\t\t<\/a>\n<h2>\n\t\t<a href=\"https:\/\/gamesystem.com\/es\/acceso-ligero\/\" title=\"ACCESO LIGERO\" target=\"_self\" rel=\"noopener\">\n\t\tACCESO LIGERO\n\t\t<\/a>\n\t<\/h2>\n\t\t\t\t\t\t\t\t<a href=\"https:\/\/gamesystem.com\/es\/acceso-ligero\/\" target=\"_self\" itemprop=\"url\" rel=\"noopener\">\n\t\t\t\t\t\t\t\t\t<img decoding=\"async\" src=\"https:\/\/gamesystem.com\/wp-content\/uploads\/2021\/11\/nos-produits-gamesystem_0000_ECHELLES_GRS-TOUT-ALUMINIUM_SITU_2-min.jpg\" alt=\"acc\u00e8s l\u00e9ger\" itemprop=\"image\"  \/>\n\t\t\t\t\t\t\t\t\t\t\t\t\t<\/a>\n\t\t\t\t\t\t\t\t<a href=\"https:\/\/gamesystem.com\/es\/telecomunicaciones\/\" target=\"_self\" itemprop=\"url\" rel=\"noopener\">\n\t\t\t\t\t\t\t\t\t<img decoding=\"async\" src=\"https:\/\/gamesystem.com\/wp-content\/uploads\/2021\/11\/nos-produits-gamesystem_0005_P3172987-min.jpg\" alt=\"t\u00e9l\u00e9com\" itemprop=\"image\"  \/>\n\t\t\t\t\t\t\t\t\t\t\t\t\t<\/a>\n<h2>\n\t\t<a href=\"https:\/\/gamesystem.com\/es\/telecomunicaciones\/\" title=\"TELECOMUNICACIONES\" target=\"_self\" rel=\"noopener\">\n\t\tTELECOMUNICACIONES\n\t\t<\/a>\n\t<\/h2>\n<h2>\n\t\t<a href=\"https:\/\/gamesystem.com\/es\/remontes-mecanicos\/\" title=\"REMONTES MEC\u00c1NICOS\" target=\"_self\" rel=\"noopener\">\n\t\tREMONTES MEC\u00c1NICOS\n\t\t<\/a>\n\t<\/h2>\n\t\t\t\t\t\t\t\t<a href=\"https:\/\/gamesystem.com\/es\/remontes-mecanicos\/\" target=\"_self\" itemprop=\"url\" rel=\"noopener\">\n\t\t\t\t\t\t\t\t\t<img decoding=\"async\" src=\"https:\/\/gamesystem.com\/wp-content\/uploads\/2021\/11\/nos-produits-gamesystem_0001_2018-04-23-motorgame-4811-min.jpg\" alt=\"Remont\u00e9es m\u00e9caniques\" itemprop=\"image\"  \/>\n\t\t\t\t\t\t\t\t\t\t\t\t\t<\/a>\n\t\t\t<h2>4 razones para elegirnos<\/h2>\t\t\t\n\t\t\t\t<img decoding=\"async\" src=\"https:\/\/gamesystem.com\/wp-content\/uploads\/2018\/01\/ruban180px.png\" alt=\"expert travail en hauteur\" title=\"travaux en hauteur gamesystem\" itemprop=\"image\"\/>\n\t\t<h3>Nuestra experiencia <\/h3>\t\t\t\n\t\t\t\t<p>llevamos apostando por la vida desde 1978.<\/p>\n\t<a href=\"https:\/\/gamesystem.com\/fabrication-montage\/\" target=\"_self\" rel=\"noopener\"><\/a> \n\t\t\t\t<img decoding=\"async\" src=\"https:\/\/gamesystem.com\/wp-content\/uploads\/2018\/01\/france180px.png\" alt=\"solution travail en hauteur made in france\" title=\"ligne de vie made in france\" itemprop=\"image\"\/>\n\t\t<h3>Fabricaci\u00f3n \u00ab Made in France \u00bb<\/h3>\t\t\t\n\t\t\t\t<p>Calidad y fiabilidad para aportar soluciones seguras.<\/p>\n\t<a href=\"https:\/\/gamesystem.com\/ingenierie\/\" target=\"_self\" rel=\"noopener\"><\/a> \n\t\t\t\t<img decoding=\"async\" src=\"https:\/\/gamesystem.com\/wp-content\/uploads\/2018\/01\/metre180px.png\" alt=\"travail en hauteur sur mesure\" title=\"ligne de vie sur mesure\" itemprop=\"image\"\/>\n\t\t<h3>Soluciones a medida<\/h3>\t\t\t\n\t\t\t\t<p>Dise\u00f1amos las soluciones que mejor se adaptan a cada riesgo.<\/p>\n\t\t\t\t<img decoding=\"async\" src=\"https:\/\/gamesystem.com\/wp-content\/uploads\/2018\/01\/podium180px.png\" alt=\"podium180px\" title=\"podium180px\" itemprop=\"image\"\/>\n\t\t<h3>Proyectos &#8220;llave en mano&#8221;<\/h3>\t\t\t\n\t\t\t\t<p>Dise\u00f1o &#8211; Fabricaci\u00f3n &#8211; Instalaci\u00f3n &#8211; Formaci\u00f3n &#8211; Mantenimiento.<\/p>\n\t\t\t<h2><strong> Nuestros proyectos <\/strong>&#8211; Seguridad para trabajos en altura<\/h2>\t\t\t\n\t\t\t\t<a\n\t\t\thref=\"https:\/\/gamesystem.com\/wp-content\/uploads\/2018\/05\/S\u00e9curisation-de-la-gare-du-nord-avec-du-garde-corps-gamesystem-et-\u00e9chelle-\u00e0-crinoline.jpg\"\n\t\t\t\t\t\tdata-fancybox=\"images\" \n\t\t\ttitle=\"S\u00e9curisation de la gare du nord avec du garde corps gamesystem et \u00e9chelle \u00e0 crinoline\" \n\t\t\t\t\t\tdata-caption=\"Garde corps - Gare du Nord\"\n\t\t\t\t\t\tdata-description=\"garde corps sur toiture pente pour faciliter le d\u00e9placement du personnel \" \n\t\t\titemprop=\"contentUrl\">\n\t\t<img decoding=\"async\" loading=\"lazy\" src=\"https:\/\/gamesystem.com\/wp-content\/uploads\/2018\/05\/S\u00e9curisation-de-la-gare-du-nord-avec-du-garde-corps-gamesystem-et-\u00e9chelle-\u00e0-crinoline.jpg\" alt=\"installation de garde corp sur le toit de la gare du nord \u00e0 paris pour travail en hauteur en s\u00e9curit\u00e9\" data-no-lazy=\"1\" itemprop=\"thumbnail\" width=\"800\" height=\"600\" \/>\n\t\t\t<!-- Overlay Wrapper -->\n\t\t\t <!-- Overlay Wrapper Closed -->\n\t\t\t\t<\/a>\n\t\t\t\t\t\t\t<meta itemprop=\"width\" content=\"800\" \/>\n\t\t\t<meta itemprop=\"height\" content=\"600\" \/>\n\t\t\t\t<a\n\t\t\thref=\"https:\/\/gamesystem.com\/wp-content\/uploads\/2018\/05\/Echelle-a-crinoline-sur-cuve.png\"\n\t\t\t\t\t\tdata-fancybox=\"images\" \n\t\t\ttitle=\"Echelle-a-crinoline-sur-cuve\" \n\t\t\t\t\t\tdata-caption=\"Echelle \u00e0 crinoline sur cuve\"\n\t\t\t\t\t\tdata-description=\"echelle a crinoline pour acc\u00e8s en hauteur sur citerne\" \n\t\t\titemprop=\"contentUrl\">\n\t\t<img decoding=\"async\" loading=\"lazy\" src=\"https:\/\/gamesystem.com\/wp-content\/uploads\/2018\/05\/Echelle-a-crinoline-sur-cuve.png\" alt=\"echelle crinoline pour acc\u00e8s en hauteur\" data-no-lazy=\"1\" itemprop=\"thumbnail\" width=\"800\" height=\"600\" \/>\n\t\t\t<!-- Overlay Wrapper -->\n\t\t\t <!-- Overlay Wrapper Closed -->\n\t\t\t\t<\/a>\n\t\t\t\t\t\t\t<meta itemprop=\"width\" content=\"800\" \/>\n\t\t\t<meta itemprop=\"height\" content=\"600\" \/>\n\t\t\t\t<a\n\t\t\thref=\"https:\/\/gamesystem.com\/wp-content\/uploads\/2018\/05\/Quai-de-d\u00e9potage-pour-les-interventions-en-hauteur.jpg\"\n\t\t\t\t\t\tdata-fancybox=\"images\" \n\t\t\ttitle=\"Quai de d\u00e9potage pour les interventions en hauteur\" \n\t\t\t\t\t\tdata-caption=\"S\u00e9curisation d'un quai de d\u00e9potage\"\n\t\t\t\t\t\tdata-description=\"s\u00e9curisation d'un quai de d\u00e9potage et des interventions en hauteur avec un harnais\" \n\t\t\titemprop=\"contentUrl\">\n\t\t<img decoding=\"async\" src=\"https:\/\/gamesystem.com\/wp-content\/uploads\/2018\/05\/Quai-de-d\u00e9potage-pour-les-interventions-en-hauteur.jpg\" alt=\"s\u00e9curisation des interventions sur camion\" data-no-lazy=\"1\" itemprop=\"thumbnail\" \/>\n\t\t\t<!-- Overlay Wrapper -->\n\t\t\t <!-- Overlay Wrapper Closed -->\n\t\t\t\t<\/a>\n\t\t\t\t<a\n\t\t\thref=\"https:\/\/gamesystem.com\/wp-content\/uploads\/2018\/05\/Garde-corps-alu-pour-toiture-terrasse.jpg\"\n\t\t\t\t\t\tdata-fancybox=\"images\" \n\t\t\ttitle=\"Garde corps alu pour toiture terrasse\" \n\t\t\t\t\t\tdata-caption=\"Garde corps sur toit d'un b\u00e2timent\"\n\t\t\t\t\t\tdata-description=\"installation de garde corps \" \n\t\t\titemprop=\"contentUrl\">\n\t\t<img decoding=\"async\" loading=\"lazy\" src=\"https:\/\/gamesystem.com\/wp-content\/uploads\/2018\/05\/Garde-corps-alu-pour-toiture-terrasse.jpg\" alt=\"Garde corps et rembarde en aluminium sur toit\" data-no-lazy=\"1\" itemprop=\"thumbnail\" width=\"800\" height=\"600\" \/>\n\t\t\t<!-- Overlay Wrapper -->\n\t\t\t <!-- Overlay Wrapper Closed -->\n\t\t\t\t<\/a>\n\t\t\t\t\t\t\t<meta itemprop=\"width\" content=\"800\" \/>\n\t\t\t<meta itemprop=\"height\" content=\"600\" \/>\n\t\t\t\t<a\n\t\t\thref=\"https:\/\/gamesystem.com\/wp-content\/uploads\/2018\/05\/Echelle-et-passerelle-pour-s\u00e9curiser-les-interventions-en-hauteur-sur-machine.jpg\"\n\t\t\t\t\t\tdata-fancybox=\"images\" \n\t\t\ttitle=\"Echelle et passerelle pour s\u00e9curiser les interventions en hauteur sur machine\" \n\t\t\t\t\t\tdata-caption=\"Echelle et passerelle\"\n\t\t\t\t\t\tdata-description=\"s\u00e9curisation d'un environnement \u00e0 risque\" \n\t\t\titemprop=\"contentUrl\">\n\t\t<img decoding=\"async\" loading=\"lazy\" src=\"https:\/\/gamesystem.com\/wp-content\/uploads\/2018\/05\/Echelle-et-passerelle-pour-s\u00e9curiser-les-interventions-en-hauteur-sur-machine.jpg\" alt=\"S\u00e9curisation des acc\u00e8s et du travail en hauteur avec une echelle et une passerelle\" data-no-lazy=\"1\" itemprop=\"thumbnail\" width=\"800\" height=\"600\" \/>\n\t\t\t<!-- Overlay Wrapper -->\n\t\t\t <!-- Overlay Wrapper Closed -->\n\t\t\t\t<\/a>\n\t\t\t\t\t\t\t<meta itemprop=\"width\" content=\"800\" \/>\n\t\t\t<meta itemprop=\"height\" content=\"600\" \/>\n\t\t\t\t<a\n\t\t\thref=\"https:\/\/gamesystem.com\/wp-content\/uploads\/2018\/05\/S\u00e9curisation-du-travail-en-hauteur-avec-une-ligne-de-vie-cable.jpg\"\n\t\t\t\t\t\tdata-fancybox=\"images\" \n\t\t\ttitle=\"S\u00e9curisation du travail en hauteur avec une ligne de vie cable\" \n\t\t\t\t\t\tdata-caption=\"Ligne de vie sur mesure\"\n\t\t\t\t\t\tdata-description=\"op\u00e9rateur avec un harnais antichute prot\u00e9ger gr\u00e2ce \u00e0 une protection individuelle\" \n\t\t\titemprop=\"contentUrl\">\n\t\t<img decoding=\"async\" loading=\"lazy\" src=\"https:\/\/gamesystem.com\/wp-content\/uploads\/2018\/05\/S\u00e9curisation-du-travail-en-hauteur-avec-une-ligne-de-vie-cable.jpg\" alt=\"s\u00e9curisation des travaux en hauteur \u00e0 l'aide d'une ligne de vie pour s\u00e9curit\u00e9 en hauteur\" data-no-lazy=\"1\" itemprop=\"thumbnail\" width=\"800\" height=\"600\" \/>\n\t\t\t<!-- Overlay Wrapper -->\n\t\t\t <!-- Overlay Wrapper Closed -->\n\t\t\t\t<\/a>\n\t\t\t\t\t\t\t<meta itemprop=\"width\" content=\"800\" \/>\n\t\t\t<meta itemprop=\"height\" content=\"600\" \/>\n\t\t\t\t<a\n\t\t\thref=\"https:\/\/gamesystem.com\/wp-content\/uploads\/2018\/05\/installation-dune-ligne-de-vie-cable-sur-toiture-terrasse.jpg\"\n\t\t\t\t\t\tdata-fancybox=\"images\" \n\t\t\ttitle=\"installation d&amp;#039;une ligne de vie cable sur toiture terrasse\" \n\t\t\t\t\t\tdata-caption=\"Ligne de vie avec potelet\"\n\t\t\t\t\t\tdata-description=\"pose de potelet ligne de \" \n\t\t\titemprop=\"contentUrl\">\n\t\t<img decoding=\"async\" loading=\"lazy\" src=\"https:\/\/gamesystem.com\/wp-content\/uploads\/2018\/05\/installation-dune-ligne-de-vie-cable-sur-toiture-terrasse.jpg\" alt=\"Ligne de vie cable sur toiture terrasse\" data-no-lazy=\"1\" itemprop=\"thumbnail\" width=\"800\" height=\"600\" \/>\n\t\t\t<!-- Overlay Wrapper -->\n\t\t\t <!-- Overlay Wrapper Closed -->\n\t\t\t\t<\/a>\n\t\t\t\t\t\t\t<meta itemprop=\"width\" content=\"800\" \/>\n\t\t\t<meta itemprop=\"height\" content=\"600\" \/>\n\t\t\t\t<a\n\t\t\thref=\"https:\/\/gamesystem.com\/wp-content\/uploads\/2018\/08\/IMG_0019-1-1-1024x768.jpg\"\n\t\t\t\t\t\tdata-fancybox=\"images\" \n\t\t\ttitle=\"S\u00e9curisation d'une toiture terrasse\" \n\t\t\t\t\t\tdata-caption=\"Garde-corps sur toiture terrasse\"\n\t\t\t\t\t\tdata-description=\"Garde-corps de s\u00e9curit\u00e9 pour les techniciens\" \n\t\t\titemprop=\"contentUrl\">\n\t\t<img decoding=\"async\" loading=\"lazy\" src=\"https:\/\/gamesystem.com\/wp-content\/uploads\/2018\/08\/IMG_0019-1-1-1024x768.jpg\" alt=\"travail en hauteur sur toiture sans risque de chute\" data-no-lazy=\"1\" itemprop=\"thumbnail\" width=\"1024\" height=\"768\" \/>\n\t\t\t<!-- Overlay Wrapper -->\n\t\t\t <!-- Overlay Wrapper Closed -->\n\t\t\t\t<\/a>\n\t\t\t\t\t\t\t<meta itemprop=\"width\" content=\"1024\" \/>\n\t\t\t<meta itemprop=\"height\" content=\"768\" \/>\n\t\t\t\n\t\t\t\t<a href=\"https:\/\/gamesystem.com\/es\/nuestros-proyectos\/\" target=\"_self\" role=\"button\" aria-label=\"Descubrir m\u00e1s realizaciones\" rel=\"noopener\">\n\t\t\t\t\t\t\tDescubrir m\u00e1s realizaciones\n\t\t<\/a>\n\t\t\t\n\t\t\t<h2><strong> La actualidad <\/strong> del trabajo en altura<\/h2>\t\t\t\n\t<meta itemscope itemprop=\"mainEntityOfPage\" itemtype=\"https:\/\/schema.org\/WebPage\" itemid=\"https:\/\/gamesystem.com\/es\/consejos-para-desinfectar-los-epi-gamesystem-covid-19\/\" content=\"CONSEJOS PARA DESINFECTAR LOS EPI GAMESYSTEM COVID-19\" \/><meta itemprop=\"datePublished\" content=\"2020-10-16\" \/><meta itemprop=\"dateModified\" content=\"2020-10-16\" \/><meta itemprop=\"name\" content=\"Gamesystem\"\/><meta itemprop=\"url\" content=\"https:\/\/gamesystem.com\/es\/author\/e-castano\/\" \/><meta itemprop=\"name\" content=\"Elena Castano\" \/><meta itemprop=\"url\" content=\"https:\/\/gamesystem.com\/wp-content\/uploads\/2020\/10\/1Mesa-de-trabajo-1.png\" \/><meta itemprop=\"width\" content=\"506\" \/><meta itemprop=\"height\" content=\"359\" \/><meta itemprop=\"interactionType\" content=\"https:\/\/schema.org\/CommentAction\" \/><meta itemprop=\"userInteractionCount\" content=\"0\" \/>\n\t\t\t\t\t<a href=\"https:\/\/gamesystem.com\/es\/consejos-para-desinfectar-los-epi-gamesystem-covid-19\/\" title=\"CONSEJOS PARA DESINFECTAR LOS EPI GAMESYSTEM COVID-19\"><\/a>\n\t\t\t\t<img decoding=\"async\" loading=\"lazy\" src=\"https:\/\/gamesystem.com\/wp-content\/uploads\/bb-plugin\/cache\/1Mesa-de-trabajo-1-landscape.png\" alt=\"Desinfecci\u00f3n de EPI\" itemprop=\"image\" data-no-lazy=\"1\" height=\"359\" width=\"506\" title=\"Desinfecci\u00f3n de EPI\" onerror=\"this.style.display='none'\"  \/>\n\t\t\t\t\t\t\tOct\n\t\t\t\t16\n\t\t\t\t\t\t\t\t\t<h3 itemprop=\"headline\">\n\t\t\t\t\t\t\t\t\t\t\t\t\t\tCONSEJOS PARA DESINFECTAR LOS EPI GAMESYSTEM COVID-19\t\t\t\t\t\t\t\t\t\t\t<\/h3>\n    Para limpiar los EPI de Gamesystem es necesario seguir estrictamente las advertencias presentes en las instrucciones de uso de cada producto. No deben utilizarse sustancias qu\u00edmicas no probadas sobre los&#8230;\n\t<meta itemscope itemprop=\"mainEntityOfPage\" itemtype=\"https:\/\/schema.org\/WebPage\" itemid=\"https:\/\/gamesystem.com\/es\/gamesystem-entra-en-el-grupo-frenehard-michaux\/\" content=\"Gamesystem entra en el grupo Fr\u00e9n\u00e9hard &#038; Michaux\" \/><meta itemprop=\"datePublished\" content=\"2020-07-10\" \/><meta itemprop=\"dateModified\" content=\"2020-07-10\" \/><meta itemprop=\"name\" content=\"Gamesystem\"\/><meta itemprop=\"url\" content=\"https:\/\/gamesystem.com\/es\/author\/r-allard\/\" \/><meta itemprop=\"name\" content=\"r.allard\" \/><meta itemprop=\"url\" content=\"https:\/\/gamesystem.com\/wp-content\/uploads\/2020\/07\/Gamesystem-respagna-fm.jpg\" \/><meta itemprop=\"width\" content=\"1000\" \/><meta itemprop=\"height\" content=\"1000\" \/><meta itemprop=\"interactionType\" content=\"https:\/\/schema.org\/CommentAction\" \/><meta itemprop=\"userInteractionCount\" content=\"0\" \/>\n\t\t\t\t\t<a href=\"https:\/\/gamesystem.com\/es\/gamesystem-entra-en-el-grupo-frenehard-michaux\/\" title=\"Gamesystem entra en el grupo Fr\u00e9n\u00e9hard &#038; Michaux\"><\/a>\n\t\t\t\t<img decoding=\"async\" loading=\"lazy\" src=\"https:\/\/gamesystem.com\/wp-content\/uploads\/bb-plugin\/cache\/Gamesystem-respagna-fm-landscape.jpg\" alt=\"gamesystem et f&amp;m\" itemprop=\"image\" data-no-lazy=\"1\" height=\"1000\" width=\"1000\" title=\"Gamesystem-respagna-f&amp;m\" onerror=\"this.style.display='none'\"  \/>\n\t\t\t\t\t\t\tJul\n\t\t\t\t10\n\t\t\t\t\t\t\t\t\t<h3 itemprop=\"headline\">\n\t\t\t\t\t\t\t\t\t\t\t\t\t\tGamesystem entra en el grupo Fr\u00e9n\u00e9hard &#038; Michaux\t\t\t\t\t\t\t\t\t\t\t<\/h3>\n    El grupo industrial Fr\u00e9n\u00e9hard &amp; Michaux, especialistas en la fabricaci\u00f3n de accesorios para cubiertas y canalones y de soluciones en accesos y en el trabajo en altura, adquiere una participaci\u00f3n&#8230;\n\t<meta itemscope itemprop=\"mainEntityOfPage\" itemtype=\"https:\/\/schema.org\/WebPage\" itemid=\"https:\/\/gamesystem.com\/es\/gamesystem-la-proyeccion-reflejada-en-imagen\/\" content=\"Gamesystem, la proyecci\u00f3n reflejada en imagen.\" \/><meta itemprop=\"datePublished\" content=\"2019-04-17\" \/><meta itemprop=\"dateModified\" content=\"2019-05-06\" \/><meta itemprop=\"name\" content=\"Gamesystem\"\/><meta itemprop=\"url\" content=\"https:\/\/gamesystem.com\/es\/author\/e-castano\/\" \/><meta itemprop=\"name\" content=\"Elena Castano\" \/><meta itemprop=\"url\" content=\"https:\/\/gamesystem.com\/wp-content\/uploads\/2019\/05\/Proyeccion-reflejada-imagen.png\" \/><meta itemprop=\"width\" content=\"460\" \/><meta itemprop=\"height\" content=\"345\" \/><meta itemprop=\"interactionType\" content=\"https:\/\/schema.org\/CommentAction\" \/><meta itemprop=\"userInteractionCount\" content=\"0\" \/>\n\t\t\t\t\t<a href=\"https:\/\/gamesystem.com\/es\/gamesystem-la-proyeccion-reflejada-en-imagen\/\" title=\"Gamesystem, la proyecci\u00f3n reflejada en imagen.\"><\/a>\n\t\t\t\t<img decoding=\"async\" loading=\"lazy\" src=\"https:\/\/gamesystem.com\/wp-content\/uploads\/bb-plugin\/cache\/Proyeccion-reflejada-imagen-landscape.png\" alt=\"Poyeccion reflejada en imagen\" itemprop=\"image\" data-no-lazy=\"1\" height=\"345\" width=\"460\" title=\"proyeccion-reflejada-imagen\" onerror=\"this.style.display='none'\"  \/>\n\t\t\t\t\t\t\tApr\n\t\t\t\t17\n\t\t\t\t\t\t\t\t\t<h3 itemprop=\"headline\">\n\t\t\t\t\t\t\t\t\t\t\t\t\t\tGamesystem, la proyecci\u00f3n reflejada en imagen.\t\t\t\t\t\t\t\t\t\t\t<\/h3>\n    En un mundo en el que la sensibilidad por la seguridad en el trabajo aumenta cada d\u00eda, es importante estar presente de la mejor forma que sabemos. Todos nos preguntamos&#8230;\n\t\t<!-- .pp-content-posts -->\n\n","protected":false},"excerpt":{"rendered":"<p>Gamesystem, especialistas en seguridad para trabajos en altura Transformamos los riesgos de ca\u00edda en altura en situaciones completamente seguras : Desde 1978, Gamesystem aporta soluciones globales a cada situaci\u00f3n de&hellip;<\/p>\n","protected":false},"author":7,"featured_media":0,"parent":0,"menu_order":0,"comment_status":"closed","ping_status":"open","template":"","meta":[],"_links":{"self":[{"href":"https:\/\/gamesystem.com\/es\/wp-json\/wp\/v2\/pages\/13386"}],"collection":[{"href":"https:\/\/gamesystem.com\/es\/wp-json\/wp\/v2\/pages"}],"about":[{"href":"https:\/\/gamesystem.com\/es\/wp-json\/wp\/v2\/types\/page"}],"author":[{"embeddable":true,"href":"https:\/\/gamesystem.com\/es\/wp-json\/wp\/v2\/users\/7"}],"replies":[{"embeddable":true,"href":"https:\/\/gamesystem.com\/es\/wp-json\/wp\/v2\/comments?post=13386"}],"version-history":[{"count":0,"href":"https:\/\/gamesystem.com\/es\/wp-json\/wp\/v2\/pages\/13386\/revisions"}],"wp:attachment":[{"href":"https:\/\/gamesystem.com\/es\/wp-json\/wp\/v2\/media?parent=13386"}],"curies":[{"name":"wp","href":"https:\/\/api.w.org\/{rel}","templated":true}]}}