{"id":37314,"date":"2023-07-04T14:18:26","date_gmt":"2023-07-04T12:18:26","guid":{"rendered":"https:\/\/gamesystem.com\/?page_id=37314"},"modified":"2023-07-04T14:19:15","modified_gmt":"2023-07-04T12:19:15","slug":"instalacion-de-una-linea-de-vida","status":"publish","type":"page","link":"https:\/\/gamesystem.com\/en\/instalacion-de-una-linea-de-vida\/","title":{"rendered":"INSTALACI\u00d3N DE UNA L\u00cdNEA DE VIDA"},"content":{"rendered":"\r\n<h1>INSTALLATION d&#8217;une LIGNE DE VIE<\/h1>\r\nLa ligne de vie constitue un syst\u00e8me de protection individuelle sp\u00e9cialement con\u00e7u pour les d\u00e9placements et les circulations en hauteur. Ce syst\u00e8me antichute procure le moyen \u00e0 un op\u00e9rateur de r\u00e9aliser sa mission en toute s\u00e9curit\u00e9 et en toute s\u00e9r\u00e9nit\u00e9 dans une zone sans protection o\u00f9 il existe incontestablement un risque de chute accidentelle. Que ce soit un bac \u00e9tanch\u00e9, une charpente en bois, une charpente m\u00e9tallique ou un b\u00e9ton, un bac acier ou autre, la ligne de vie \u00e0 c\u00e2ble s&#8217;agit d&#8217;un dispositif d&#8217;ancrage qui s&#8217;adapte \u00e0 tous les types de support. Pour \u00eatre op\u00e9rationnel, performant et surtout fiable, l&#8217;installation de ce syst\u00e8me antichute doit se faire dans les r\u00e8gles. C&#8217;est la raison pour laquelle il est important que la pose de ce dispositif de s\u00e9curit\u00e9 n\u00e9cessite l&#8217;intervention d&#8217;un expert dans ce domaine. Qui plus est, ce syst\u00e8me de protection doit r\u00e9pondre aux exigences de la norme en vigueur.\r\n<h2>L&#8217;essentiel \u00e0 savoir sur l&#8217;installation d&#8217;une ligne de vie c\u00e2ble<\/h2>\r\nL&#8217;on compte deux solutions de ligne de vie \u00e0 savoir la ligne de vie horizontale ou \u00e0 c\u00e2ble et celle qui est verticale. Ces 2 syst\u00e8mes antichute sont tr\u00e8s diff\u00e9rents pour la seule raison qu&#8217;ils s&#8217;utilisent est se posent de fa\u00e7on distincte.\r\n\r\nLe syst\u00e8me antichute \u00e0 c\u00e2ble s&#8217;agit d&#8217;un support quasi horizontal ayant une pente inf\u00e9rieure \u00e0 15\u00b0. Il peut \u00eatre \u00e9galement vertical, le long d&#8217;une \u00e9chelle par exemple. La ligne de vie est form\u00e9e d&#8217;un c\u00e2ble d&#8217;assurage flexible. Ce c\u00e2ble, maintenu \u00e0 des ancres fixes, est le point d&#8217;attache de l&#8217;EPI et procure une garantie \u00e0 l&#8217;op\u00e9rateur pour se d\u00e9placer en toute s\u00e9curit\u00e9.\r\n\r\nLa ligne de vie \u00e0 c\u00e2ble est r\u00e9alis\u00e9e \u00e0 partir de diverses mati\u00e8res de qualit\u00e9, dont un c\u00e2ble en acier inoxydable avec un diam\u00e8tre de 8 ou de 10mm. Il se compose \u00e9galement d&#8217;ancrage d&#8217;extr\u00e9mit\u00e9 et d&#8217;interm\u00e9diaire qui diff\u00e8rent selon le support d&#8217;accueil. Outre cela, ce dispositif de s\u00e9curit\u00e9 est aussi con\u00e7u avec un syst\u00e8me de passage des points d&#8217;ancrage interm\u00e9diaires sans pour autant se d\u00e9crocher. Et dans l&#8217;id\u00e9e de minimiser l&#8217;effet les forces-chocs sur le syst\u00e8me en cas de chute, la ligne de vie est de m\u00eame munie d&#8217;absorbeurs d&#8217;\u00e9nergie. Et enfin, dans la mesure o\u00f9 c&#8217;est une ligne de vie horizontale, celle-ci est aussi form\u00e9e d&#8217;une pi\u00e8ce nomm\u00e9e mousqueton ou coulisseau selon le syst\u00e8me, qui garantit la jonction entre le syst\u00e8me antichute et la personne. Le coulisseau est autobloquant pour ce qui concerne la ligne de vie verticale.\r\n<h2>La pose de la ligne de vie : recourir \u00e0 des experts pour l&#8217;installation<\/h2>\r\nL&#8217;installation d&#8217;une ligne de vie est un proc\u00e9d\u00e9 assez dangereux notamment en raison d&#8217;un \u00e9norme risque de chute en hauteur. Puisque la s\u00e9curit\u00e9 d&#8217;un op\u00e9rateur, qui travaille en hauteur est en jeu, cet assemblage ne doit gu\u00e8re \u00eatre pris \u00e0 la l\u00e9g\u00e8re ni \u00eatre effectu\u00e9 par des amateurs. Ce proc\u00e9d\u00e9 d&#8217;installation requiert de la pr\u00e9cision, de la rigueur et de l&#8217;exp\u00e9rience. D&#8217;o\u00f9 la n\u00e9cessit\u00e9 de confier cette mission entre les mains d&#8217;un professionnel.\r\n\r\nNous r\u00e9alisons l&#8217;installation de la ligne de vie conform\u00e9ment aux r\u00e8gles de l&#8217;art. D&#8217;autant plus que la pose de ce syst\u00e8me antichute \u00e0 c\u00e2ble n\u00e9cessite la connaissance du produit faisant l&#8217;objet de l&#8217;installation. Nous mettons \u00e0 votre disposition une \u00e9quipe form\u00e9e, qualifi\u00e9e et habilit\u00e9e dans le domaine du travail en hauteur afin de r\u00e9aliser la pose de la ligne de vie c\u00e2ble dans les conditions de s\u00e9curit\u00e9s optimales.\r\nQuel que soit le type de support boulonnage, par scellements chimiques, per\u00e7age, crapautage, bridage, le processus de fixation d&#8217;une ligne de vie est choisi et s&#8217;accorde en fonction de la structure d&#8217;accueil. Toit pente, toit plat, pont roulant ou autre, ce syst\u00e8me antichute s&#8217;adapte sans difficult\u00e9 \u00e0 tous les environnements de travail.\r\n<h2>Un syst\u00e8me antichute qui r\u00e9pond aux normes<\/h2>\r\nLa ligne de vie horizontale est un dispositif antichute qui r\u00e9pond aux exigences de la norme europ\u00e9enne EN 795 de type C. Autrement dit, conform\u00e9ment \u00e0 la r\u00e9glementation, ce syst\u00e8me antichute est constitu\u00e9 avec un support flexible \u00e0 savoir le c\u00e2ble afin d&#8217;assurer une enti\u00e8re fiabilit\u00e9. Pour la ligne de vie verticale, celle-ci r\u00e9pond aux conditions de la norme EN 353-1. Qui plus est, nous r\u00e9alisons l&#8217;installation de la ligne de vie c\u00e2ble, suivant \u00e0 la lettre la recommandation R 430 ainsi que les exigences en mati\u00e8re de pose et d&#8217;installation de la ligne de vie.\r\n\r\nDemandez\r\nun devis Une question ?\r\nContactez-nous\r\n\r\n","protected":false},"excerpt":{"rendered":"<p>INSTALLATION d&#8217;une LIGNE DE VIE La ligne de vie constitue un syst\u00e8me de protection individuelle sp\u00e9cialement con\u00e7u pour les d\u00e9placements et les circulations en hauteur. Ce syst\u00e8me antichute procure le&hellip;<\/p>\n","protected":false},"author":2,"featured_media":0,"parent":0,"menu_order":0,"comment_status":"closed","ping_status":"closed","template":"","meta":[],"_links":{"self":[{"href":"https:\/\/gamesystem.com\/en\/wp-json\/wp\/v2\/pages\/37314"}],"collection":[{"href":"https:\/\/gamesystem.com\/en\/wp-json\/wp\/v2\/pages"}],"about":[{"href":"https:\/\/gamesystem.com\/en\/wp-json\/wp\/v2\/types\/page"}],"author":[{"embeddable":true,"href":"https:\/\/gamesystem.com\/en\/wp-json\/wp\/v2\/users\/2"}],"replies":[{"embeddable":true,"href":"https:\/\/gamesystem.com\/en\/wp-json\/wp\/v2\/comments?post=37314"}],"version-history":[{"count":0,"href":"https:\/\/gamesystem.com\/en\/wp-json\/wp\/v2\/pages\/37314\/revisions"}],"wp:attachment":[{"href":"https:\/\/gamesystem.com\/en\/wp-json\/wp\/v2\/media?parent=37314"}],"curies":[{"name":"wp","href":"https:\/\/api.w.org\/{rel}","templated":true}]}}