{"id":13921,"date":"2018-02-21T16:00:01","date_gmt":"2018-02-21T16:00:01","guid":{"rendered":"https:\/\/preprod.gamesystem.com\/produits\/harnais-de-securite\/harnais-gh5\/"},"modified":"2018-12-21T08:00:05","modified_gmt":"2018-12-21T08:00:05","slug":"harnais-gh5","status":"publish","type":"page","link":"https:\/\/gamesystem.com\/en\/products\/safety-harness\/harnais-gh5\/","title":{"rendered":"Harnais GH5"},"content":{"rendered":"\n\t<a href=\"https:\/\/gamesystem.com\/en\/products\/\" target=\"_self\" ><\/a>\n\t\t<strong> TOUS NOS PRODUITS <\/strong>\t\t\t\n\t<a href=\"https:\/\/gamesystem.com\/en\/products\/safety-harness\/\" target=\"_self\" ><\/a>\n\t\t<strong> HARNAIS DE S\u00c9CURIT\u00c9 <\/strong>\t\t\t\n\t\t\t<h1>Harnais s\u00e9curit\u00e9 GH5<\/h1>\t\t\t\n\t\t\t\t<p>Le harnais GH5 apporte une parfaite pr\u00e9hension ergonomique du corps. Il est bicolore : jaune et noir. Les sangles noires, passent par un anneau dorsal, puis sur les \u00e9paules, enveloppent le thorax de la personne pour se r\u00e9gler au niveau du sternum. Les sangles jaunes enveloppent la taille et les cuisses et se r\u00e8glent \u00e0 leur niveau. Une ceinture en sangle jaune maintient un dosseret ergonomique de part et d\u2019autre duquel se situent 2 anneaux de maintien au travail et 2 ganses permettant d\u2019accrocher des outils. Les sangles jaunes enserrant les cuisses b\u00e9n\u00e9\ufb01cient de renforts en mousse destin\u00e9s \u00e0 r\u00e9duire au maximum la pression f\u00e9morale.<\/p>\n\t\t\t\t<a href=\"https:\/\/gamesystem.com\/wp-content\/uploads\/2018\/06\/Harnais-de-s\u00e9curit\u00e9-GH5-pour-travail-en-hauteur.png\" target=\"_self\" itemprop=\"url\">\n\t\t\t\t<img decoding=\"async\" loading=\"lazy\" src=\"https:\/\/gamesystem.com\/wp-content\/uploads\/2018\/06\/Harnais-de-s\u00e9curit\u00e9-GH5-pour-travail-en-hauteur.png\" alt=\"harnais de s\u00e9curit\u00e9 gamesystem\" itemprop=\"image\" height=\"600\" width=\"800\" title=\"Harnais-de-s\u00e9curit\u00e9-GH5-pour-travail-en-hauteur\"  \/>\n\t\t\t\t<\/a>\n\t\t\t<a href=\"https:\/\/gamesystem.com\/wp-content\/uploads\/2018\/09\/Harnais-GH5-Gamesystem.pdf\" target=\"_blank\" rel=\"noopener\">\n\t\t\t\t\t\t\t\tFiche produit\n\t\t\t\t\t\t\t<\/a>\n\t\t\t<a href=\"https:\/\/gamesystem.com\/wp-content\/uploads\/2018\/09\/Notice-utilisation-F-Harnais-GH5.pdf\" target=\"_blank\" rel=\"noopener\">\n\t\t\t\t\t\t\t\tNotice d&#8217;utilisation\n\t\t\t\t\t\t\t<\/a>\n\t\t<nav>\n\t\t\t<ul>\n\t\t\t\t\t\t\t\t<li data-index=\"0\">\n\t\t\t\t\t<h2>\n\t\t\t\t\t\t<a href=\"javascript:void(0);\">Quand l&#8217;utliser ? <\/a>\n\t\t\t\t\t<\/h2>\n\t\t\t\t<\/li>\n\t\t\t\t\t\t\t\t<li data-index=\"1\">\n\t\t\t\t\t<h2>\n\t\t\t\t\t\t<a href=\"javascript:void(0);\">S\u00e9curit\u00e9<\/a>\n\t\t\t\t\t<\/h2>\n\t\t\t\t<\/li>\n\t\t\t\t\t\t\t\t<li data-index=\"2\">\n\t\t\t\t\t<h2>\n\t\t\t\t\t\t<a href=\"javascript:void(0);\">Formation<\/a>\n\t\t\t\t\t<\/h2>\n\t\t\t\t<\/li>\n\t\t\t\t\t\t\t\t<li data-index=\"3\">\n\t\t\t\t\t<h2>\n\t\t\t\t\t\t<a href=\"javascript:void(0);\">Accessoires<\/a>\n\t\t\t\t\t<\/h2>\n\t\t\t\t<\/li>\n\t\t\t\t\t\t\t<\/ul>\n\t\t<\/nav>\n\t\t\t\t\t<h2>\n\t\t\t\t\t\t\t\t\t\t\t\tQuand l&#8217;utliser ? \n\t\t\t\t\t\t\t\t\t\t\t<\/h2>\n\t\t\t\t\t<p>Le harnais GH5 est tout d\u2019abord un \u00e9l\u00e9ment de pr\u00e9hension du corps permettant \u00e0 celui qui le porte de travailler, m\u00eame en suspension dans le vide, sans risque de compression des art\u00e8res f\u00e9morales. Lors d\u2019une chute de la personne, il sert \u00e0 r\u00e9partir le choc sur l\u2019ensemble du corps. Le harnais GH5, destin\u00e9 aux professionnels de la hauteur, est con\u00e7u pour assurer les d\u00e9placements et les travaux \u00e0 postes, l\u2019utilisateur \u00e9tant compl\u00e8tement dans le vide. Il s\u2019adapte \u00e0 tous types de morphologie. Il a un ancrage dorsal (s\u00e9curit\u00e9), sternal \u00ab A \u00bb (s\u00e9curit\u00e9 et travail) et ventral (maintien au travail).<\/p>\n\t\t\t\t\t<h2>\n\t\t\t\t\t\t\t\t\t\t\t\tS\u00e9curit\u00e9\n\t\t\t\t\t\t\t\t\t\t\t<\/h2>\n\t\t\t\t\t<p>Un harnais doit, durant son utilisation, toujours rester pr\u00e8s du corps. Pour cela, la bouclerie choisie est tr\u00e8s importante. Ces 6 points de r\u00e9glage facilitent cette op\u00e9ration. La plaque dorsale qui permet de positionner l\u2019anneau d\u2019accrochage a un r\u00f4le essentiel \u00e0 jouer lors d\u2019une chute, participant, par sa d\u00e9formation et son d\u00e9placement, \u00e0 absorber le choc. Le bon positionnement des sangles cuissardes est extr\u00eamement important, pour ne pas comprimer les art\u00e8res f\u00e9morales.<\/p>\n\t\t\t\t\t<h2>\n\t\t\t\t\t\t\t\t\t\t\t\tFormation\n\t\t\t\t\t\t\t\t\t\t\t<\/h2>\n\t\t\t\t\t<p>Modules \u00ab port du harnais\u00bb, \u00ab gestes et posture travaux en hauteur \u00bb.<\/p>\n\t\t\t\t\t<h2>\n\t\t\t\t\t\t\t\t\t\t\t\tAccessoires\n\t\t\t\t\t\t\t\t\t\t\t<\/h2>\n\t\t\t\t\t<p>Pour la s\u00e9curit\u00e9 antichute : par exemple, un enrouleur connect\u00e9 \u00e0 l\u2019anneau dorsal ou un coulisseau sur support d\u2019assurage connect\u00e9 \u00e0 l\u2019anneau sternal.<\/p>\n<p>Pour le dispositif d\u2019ancrage : le choisir au-dessus de la t\u00eate de l\u2019intervenant.<\/p>\n\t\t\t\t\t<!-- \/content -->\n\t<!-- \/tabs -->\n","protected":false},"excerpt":{"rendered":"<p>TOUS NOS PRODUITS HARNAIS DE S\u00c9CURIT\u00c9 Harnais s\u00e9curit\u00e9 GH5 Le harnais GH5 apporte une parfaite pr\u00e9hension ergonomique du corps. Il est bicolore : jaune et noir. Les sangles noires, passent&hellip;<\/p>\n","protected":false},"author":7,"featured_media":13922,"parent":13766,"menu_order":0,"comment_status":"closed","ping_status":"open","template":"","meta":[],"_links":{"self":[{"href":"https:\/\/gamesystem.com\/en\/wp-json\/wp\/v2\/pages\/13921"}],"collection":[{"href":"https:\/\/gamesystem.com\/en\/wp-json\/wp\/v2\/pages"}],"about":[{"href":"https:\/\/gamesystem.com\/en\/wp-json\/wp\/v2\/types\/page"}],"author":[{"embeddable":true,"href":"https:\/\/gamesystem.com\/en\/wp-json\/wp\/v2\/users\/7"}],"replies":[{"embeddable":true,"href":"https:\/\/gamesystem.com\/en\/wp-json\/wp\/v2\/comments?post=13921"}],"version-history":[{"count":0,"href":"https:\/\/gamesystem.com\/en\/wp-json\/wp\/v2\/pages\/13921\/revisions"}],"up":[{"embeddable":true,"href":"https:\/\/gamesystem.com\/en\/wp-json\/wp\/v2\/pages\/13766"}],"wp:featuredmedia":[{"embeddable":true,"href":"https:\/\/gamesystem.com\/en\/wp-json\/wp\/v2\/media\/13922"}],"wp:attachment":[{"href":"https:\/\/gamesystem.com\/en\/wp-json\/wp\/v2\/media?parent=13921"}],"curies":[{"name":"wp","href":"https:\/\/api.w.org\/{rel}","templated":true}]}}