{"id":13879,"date":"2018-02-21T16:15:16","date_gmt":"2018-02-21T16:15:16","guid":{"rendered":"https:\/\/preprod.gamesystem.com\/produits\/harnais-de-securite\/harnais-gh3\/"},"modified":"2018-09-24T08:42:39","modified_gmt":"2018-09-24T08:42:39","slug":"harnais-gh3","status":"publish","type":"page","link":"https:\/\/gamesystem.com\/en\/products\/safety-harness\/harnais-gh3\/","title":{"rendered":"Harnais GH3"},"content":{"rendered":"<p>\t<a href=\"https:\/\/gamesystem.com\/en\/products\/\" target=\"_self\" ><\/a><br \/>\n\t\t<strong> TOUS NOS PRODUITS <\/strong><br \/>\n\t<a href=\"https:\/\/gamesystem.com\/en\/products\/safety-harness\/\" target=\"_self\" ><\/a><br \/>\n\t\t<strong> HARNAIS DE S\u00c9CURIT\u00c9 <\/strong>\t\t\t<\/p>\n<h1>Harnais s\u00e9curit\u00e9 GH3<\/h1>\n<p>Le harnais GH3 apporte une parfaite pr\u00e9hension ergonomique du corps. Il est bicolore : jaune et noir. Les sangles jaunes, passent par un anneau dorsal, puis sur les \u00e9paules, enveloppent le thorax de la personne pour se r\u00e9gler au niveau du sternum. Les sangles noires enveloppent le bassin et les cuisses et se r\u00e8glent \u00e0 leur niveau ; elles remontent vers le sternum pour se terminer par 2 anneaux, qu\u2019un mousqueton vient relier.<\/p>\n<p>\t\t\t\t<a href=\"https:\/\/gamesystem.com\/wp-content\/uploads\/2018\/06\/Harnais-de-securite-GH3.png\" target=\"_self\" itemprop=\"url\"><br \/>\n\t\t\t\t<img decoding=\"async\" loading=\"lazy\" src=\"https:\/\/gamesystem.com\/wp-content\/uploads\/2018\/06\/Harnais-de-securite-GH3.png\" alt=\"harnais s\u00e9curit\u00e9 pour travailleur en hauteur\" itemprop=\"image\" height=\"600\" width=\"800\" title=\"Harnais-de-securite-GH3\"  \/><br \/>\n\t\t\t\t<\/a><br \/>\n\t\t\t<a href=\"https:\/\/gamesystem.com\/wp-content\/uploads\/2018\/09\/Harnais-GH3-Gamesystem.pdf\" target=\"_blank\" rel=\"noopener\"><br \/>\n\t\t\t\t\t\t\t\tFiche produit<br \/>\n\t\t\t\t\t\t\t<\/a><br \/>\n\t\t\t<a href=\"https:\/\/gamesystem.com\/wp-content\/uploads\/2018\/09\/Notice-dutilisation-K-Harnais-GH3.pdf\" target=\"_blank\" rel=\"noopener\"><br \/>\n\t\t\t\t\t\t\t\tNotice d&#8217;utilisation<br \/>\n\t\t\t\t\t\t\t<\/a><\/p>\n<nav>\n<ul>\n<li data-index=\"0\">\n<h2>\n\t\t\t\t\t\t<a href=\"javascript:void(0);\">Quand l&#8217;utliser ? <\/a><br \/>\n\t\t\t\t\t<\/h2>\n<\/li>\n<li data-index=\"1\">\n<h2>\n\t\t\t\t\t\t<a href=\"javascript:void(0);\">S\u00e9curit\u00e9<\/a><br \/>\n\t\t\t\t\t<\/h2>\n<\/li>\n<li data-index=\"2\">\n<h2>\n\t\t\t\t\t\t<a href=\"javascript:void(0);\">Formation<\/a><br \/>\n\t\t\t\t\t<\/h2>\n<\/li>\n<li data-index=\"3\">\n<h2>\n\t\t\t\t\t\t<a href=\"javascript:void(0);\">Accessoires<\/a><br \/>\n\t\t\t\t\t<\/h2>\n<\/li>\n<\/ul>\n<\/nav>\n<h2>\n\t\t\t\t\t\t\t\t\t\t\t\tQuand l&#8217;utliser ?<br \/>\n\t\t\t\t\t\t\t\t\t\t\t<\/h2>\n<p>Le harnais GH3, sert \u00e0 r\u00e9partir, sur l\u2019ensemble du corps de celui qui le porte, le choc d\u2019une chute \u00e9ventuelle. Pour plus de confort, il est possible de lui ajouter une ceinture avec dosseret (GH 4) un coussin sous fessier (GH4 Confort) ou une sellette. Le harnais GH3, destin\u00e9 \u00e0 des utilisateurs avertis, est con\u00e7u pour assurer les d\u00e9placements \u00e0 risque ainsi que les travaux \u00e0 postes, les 2 pieds sur la structure. Il s\u2019adapte \u00e0 tous types de morphologie. Il a un ancrage dorsal (s\u00e9curit\u00e9) et sternal (s\u00e9curit\u00e9 et travail).<\/p>\n<h2>\n\t\t\t\t\t\t\t\t\t\t\t\tS\u00e9curit\u00e9<br \/>\n\t\t\t\t\t\t\t\t\t\t\t<\/h2>\n<p>Un harnais doit, durant son utilisation, toujours rester pr\u00e8s du corps. Pour cela, la bouclerie choisie est tr\u00e8s importante. Ces 4 points de r\u00e9glage facilitent cette op\u00e9ration. La plaque dorsale qui permet de positionner l\u2019anneau d\u2019accrochage a un r\u00f4le essentiel \u00e0 jouer lors d\u2019une chute, participant, par sa d\u00e9formation et son d\u00e9placement, \u00e0 absorber le choc. Elle doit se positionner \u00e0 l\u2019intersection d\u2019une verticale qui est la colonne vert\u00e9brale et une horizontale passant par les aisselles. Le bon positionnement de la sangle sous fessi\u00e8re, au niveau du pli de la fesse, est extr\u00eamement important car en cas de chute le choc est renvoy\u00e9, majoritairement \u00e0 ce niveau-l\u00e0.<\/p>\n<h2>\n\t\t\t\t\t\t\t\t\t\t\t\tFormation<br \/>\n\t\t\t\t\t\t\t\t\t\t\t<\/h2>\n<p>Modules \u00ab port du harnais\u00bb, \u00ab gestes et posture travaux en hauteur \u00bb.<\/p>\n<h2>\n\t\t\t\t\t\t\t\t\t\t\t\tAccessoires<br \/>\n\t\t\t\t\t\t\t\t\t\t\t<\/h2>\n<p>Pour la s\u00e9curit\u00e9 antichute : par exemple, un enrouleur connect\u00e9 \u00e0 l\u2019anneau dorsal ou un coulisseau sur support d\u2019assurage connect\u00e9 aux anneaux sternaux. Pour le dispositif d\u2019ancrage : le choisir au-dessus de la t\u00eate de l\u2019intervenant.<\/p>\n<p>\u00a0<\/p>\n<p>\t\t\t\t\t<!-- \/content --><br \/>\n\t<!-- \/tabs --><\/p>\n","protected":false},"excerpt":{"rendered":"<p>TOUS NOS PRODUITS HARNAIS DE S\u00c9CURIT\u00c9 Harnais s\u00e9curit\u00e9 GH3 Le harnais GH3 apporte une parfaite pr\u00e9hension ergonomique du corps. Il est bicolore : jaune et noir. Les sangles jaunes, passent&hellip;<\/p>\n","protected":false},"author":7,"featured_media":0,"parent":13766,"menu_order":0,"comment_status":"closed","ping_status":"open","template":"","meta":[],"_links":{"self":[{"href":"https:\/\/gamesystem.com\/en\/wp-json\/wp\/v2\/pages\/13879"}],"collection":[{"href":"https:\/\/gamesystem.com\/en\/wp-json\/wp\/v2\/pages"}],"about":[{"href":"https:\/\/gamesystem.com\/en\/wp-json\/wp\/v2\/types\/page"}],"author":[{"embeddable":true,"href":"https:\/\/gamesystem.com\/en\/wp-json\/wp\/v2\/users\/7"}],"replies":[{"embeddable":true,"href":"https:\/\/gamesystem.com\/en\/wp-json\/wp\/v2\/comments?post=13879"}],"version-history":[{"count":0,"href":"https:\/\/gamesystem.com\/en\/wp-json\/wp\/v2\/pages\/13879\/revisions"}],"up":[{"embeddable":true,"href":"https:\/\/gamesystem.com\/en\/wp-json\/wp\/v2\/pages\/13766"}],"wp:attachment":[{"href":"https:\/\/gamesystem.com\/en\/wp-json\/wp\/v2\/media?parent=13879"}],"curies":[{"name":"wp","href":"https:\/\/api.w.org\/{rel}","templated":true}]}}