{"id":13795,"date":"2018-01-30T10:39:48","date_gmt":"2018-01-30T10:39:48","guid":{"rendered":"https:\/\/preprod.gamesystem.com\/service-formation\/"},"modified":"2021-01-05T11:38:41","modified_gmt":"2021-01-05T10:38:41","slug":"working-at-height-training-organisation","status":"publish","type":"page","link":"https:\/\/gamesystem.com\/en\/working-at-height-training-organisation\/","title":{"rendered":"Working at height training organisation"},"content":{"rendered":"\n\n\t\t\t<h1>Working at height training organisation<\/h1>\t\t\t\n\t\t\t\t<p>The Gamesystem Training and Audit Department (formerly Gamestream training) was established in 1988. Is is the fist training establishment to have been created in France that is entirely dedicated to the prevention of risks related to falling from height.<\/p>\n<p>With the aim of ensuring trainees are able to work safely at height according to their missions, Gamesystem implements a teaching approach to prepare participants from both a theoretical and practical point of view.<\/p>\n\t\t\t<p>More than 20 training programmes dedicated to working at height<\/p>\t\t\t\n\t\t\t\n\t\t\t\t<a href=\"\" target=\"_blank\" rel=\"noopener\" role=\"button\">\n\t\t\t\t\t\t\tDOWNLOAD OUR CATALOGUE\n\t\t<\/a>\n\t\t\t\n\t\t\t<h2>3 reasons to choose our working at height safety training programmes: <\/h2>\t\t\t\n\t\t<h3>Working at height training<\/h3>\t\t\t\n\t\t\t\t<p>Initial or refresher training,<br \/>Open or in-company courses,<br \/>Standard or custom programmes.<\/p>\n\t\t<h2>0%<\/h2>\n\t\t\t<h3>Customer  satisfaction rate<\/h3>\t\t\t\n\t\t\t\t<p>&#8220;Practitioner&#8221; instructors in working at height<br \/>experienced employees (consistency of the educational content and coordination).<\/p>\n\t\t<h3>Professional training<\/h3>\t\t\t\n\t\t\t\t<p>An aptitude certificate enabling the employer to assign clearance in working at height is issued after the training.<\/p>\n\t\t\t<h2>Choose the location of your training:<\/h2>\t\t\t\n\t\t<h3>at your place of work<\/h3>\t\t\t\n\t\t<h3>on + 150 sites  in France<\/h3>\t\t\t\n\t\t<h3>in our training centre<\/h3>\t\t\t\n\t\t<h3>in France or abroad<\/h3>\t\t\t\n\t\t<h2>Need a specific working at height programme?<\/h2>\t\t\t\n\t\t\t\n\t\t\t\t<a href=\"\" target=\"_blank\" rel=\"noopener\" role=\"button\">\n\t\t\t\t\t\t\tContact us\n\t\t<\/a>\n\t\t\t\n\t\t\t<h2>Our training centre in Grenoble:<\/h2>\t\t\t\n\t<iframe loading=\"lazy\" width=\"560\" height=\"315\" src=\"https:\/\/www.youtube.com\/embed\/TY7w8uRVVcQ?rel=0\" frameborder=\"0\" allow=\"autoplay; encrypted-media\" allowfullscreen><\/iframe>\n\t\t\t\t<ul>\n<li>2 training rooms,<\/li>\n<li>1 test tower,<\/li>\n<li>1 Telecoms mast,<\/li>\n<li>1 EHV mast,<\/li>\n<li>2 wood\/concrete poles,<\/li>\n<li>Secured rooftops,<\/li>\n<li>Fall from height tester,<\/li>\n<li>Fixed and mobile scaffold towers,<\/li>\n<li>1 presentation room.<\/li>\n<\/ul>\n\t\t\t\t<img decoding=\"async\" src=\"https:\/\/gamesystem.com\/wp-content\/uploads\/2018\/04\/83ca7d48-827a-45ab-a03b-6fd7edff889e-original.png\" alt=\"formation travail en hauteur grenoble lyon paris lille strasbourg\" title=\"centre de formation travail en hauteur grenoble, lyon, rhone alpes\" itemprop=\"image\"\/>\n\t\t\t\t\n\t\t\t<h2>Gamesystem training, a real expert in working at height<\/h2>\t\t\t\n<p>These many years of experience give Gamesystem training significant expertise in analysing the needs of its customers and proposing relevant solutions to them for their working at height training projects (training in harness wearing, scaffold tower assembly, evacuation, creating temporary anchors, etc.).<\/p>\n<p>With the aim of ensuring that trainees are able to carry out their operations at height safely, Gamesystem training provides a pedagogical approach that prepares participants from both a theoretical (working at height regulations, impact force and fall factors, assessing means of access for working at height, etc.) and practical (working at height exercises, securing ladders, rope work, working on rooftops, masts, etc.) point of view..<\/p>\n\t\t\t<h2>Slide show of our working at height training courses:<\/h2>\t\t\t\n\t\t\t\t<a\n\t\t\thref=\"https:\/\/gamesystem.com\/wp-content\/uploads\/2018\/07\/formation-travail-en-hauteur-sur-pylone.png\"\n\t\t\t\t\t\tdata-fancybox=\"images\" \n\t\t\ttitle=\"formation-travail-en-hauteur-sur-pylone\" \n\t\t\t\t\t\tdata-caption=\"Formation travail sur corde\"\n\t\t\t\t\t\tdata-description=\"\" \n\t\t\titemprop=\"contentUrl\">\n\t\t<img decoding=\"async\" src=\"https:\/\/gamesystem.com\/wp-content\/uploads\/2018\/07\/formation-travail-en-hauteur-sur-pylone.png\" alt=\"formation travaux en hauteur grenoble et lyon\" data-no-lazy=\"1\" itemprop=\"thumbnail\" \/>\n\t\t\t<!-- Overlay Wrapper -->\n\t\t\t <!-- Overlay Wrapper Closed -->\n\t\t\t\t<\/a>\n\t\t\t\t\t\t\t<meta itemprop=\"width\" content=\"800\" \/>\n\t\t\t<meta itemprop=\"height\" content=\"600\" \/>\n\t\t\t\t<a\n\t\t\thref=\"https:\/\/gamesystem.com\/wp-content\/uploads\/2018\/07\/formation-pose-dancrage-provisoires.png\"\n\t\t\t\t\t\tdata-fancybox=\"images\" \n\t\t\ttitle=\"formation-pose-d'ancrage-provisoires\" \n\t\t\t\t\t\tdata-caption=\"Utilisation sangle d'ancrage provisoire\"\n\t\t\t\t\t\tdata-description=\"\" \n\t\t\titemprop=\"contentUrl\">\n\t\t<img decoding=\"async\" src=\"https:\/\/gamesystem.com\/wp-content\/uploads\/2018\/07\/formation-pose-dancrage-provisoires.png\" alt=\"formation ancrage provisoires sur pylone de remont\u00e9e m\u00e9canique\" data-no-lazy=\"1\" itemprop=\"thumbnail\" \/>\n\t\t\t<!-- Overlay Wrapper -->\n\t\t\t <!-- Overlay Wrapper Closed -->\n\t\t\t\t<\/a>\n\t\t\t\t\t\t\t<meta itemprop=\"width\" content=\"800\" \/>\n\t\t\t<meta itemprop=\"height\" content=\"600\" \/>\n\t\t\t\t<a\n\t\t\thref=\"https:\/\/gamesystem.com\/wp-content\/uploads\/2018\/07\/formation-S\u00e9curit\u00e9-du-travail-en-hauteur-sur-toiture-pente.png\"\n\t\t\t\t\t\tdata-fancybox=\"images\" \n\t\t\ttitle=\"formation-S\u00e9curit\u00e9-du-travail-en-hauteur-sur-toiture-pente\" \n\t\t\t\t\t\tdata-caption=\"Formation ligne de vie sur toiture pente\"\n\t\t\t\t\t\tdata-description=\"\" \n\t\t\titemprop=\"contentUrl\">\n\t\t<img decoding=\"async\" src=\"https:\/\/gamesystem.com\/wp-content\/uploads\/2018\/07\/formation-S\u00e9curit\u00e9-du-travail-en-hauteur-sur-toiture-pente.png\" alt=\"Formation travaux en hauteur\" data-no-lazy=\"1\" itemprop=\"thumbnail\" \/>\n\t\t\t<!-- Overlay Wrapper -->\n\t\t\t <!-- Overlay Wrapper Closed -->\n\t\t\t\t<\/a>\n\t\t\t\t\t\t\t<meta itemprop=\"width\" content=\"800\" \/>\n\t\t\t<meta itemprop=\"height\" content=\"600\" \/>\n\t\t\t\t<a\n\t\t\thref=\"https:\/\/gamesystem.com\/wp-content\/uploads\/2018\/07\/formation-\u00e9vacuation-en-espace-confin\u00e9.png\"\n\t\t\t\t\t\tdata-fancybox=\"images\" \n\t\t\ttitle=\"formation-\u00e9vacuation-en-espace-confin\u00e9\" \n\t\t\t\t\t\tdata-caption=\"Formation \u00c9vacuation en espace confin\u00e9\"\n\t\t\t\t\t\tdata-description=\"\" \n\t\t\titemprop=\"contentUrl\">\n\t\t<img decoding=\"async\" src=\"https:\/\/gamesystem.com\/wp-content\/uploads\/2018\/07\/formation-\u00e9vacuation-en-espace-confin\u00e9.png\" alt=\"formation travail en hauteur pour espace confin\u00e9\" data-no-lazy=\"1\" itemprop=\"thumbnail\" \/>\n\t\t\t<!-- Overlay Wrapper -->\n\t\t\t <!-- Overlay Wrapper Closed -->\n\t\t\t\t<\/a>\n\t\t\t\t\t\t\t<meta itemprop=\"width\" content=\"800\" \/>\n\t\t\t<meta itemprop=\"height\" content=\"600\" \/>\n\t\t\t\t<a\n\t\t\thref=\"https:\/\/gamesystem.com\/wp-content\/uploads\/2018\/07\/formation-\u00e9vacuation-sur-remont\u00e9e-m\u00e9canique.png\"\n\t\t\t\t\t\tdata-fancybox=\"images\" \n\t\t\ttitle=\"formation-\u00e9vacuation-sur-remont\u00e9e-m\u00e9canique\" \n\t\t\t\t\t\tdata-caption=\"\u00c9vacuation au dessus d'un lac\"\n\t\t\t\t\t\tdata-description=\"\" \n\t\t\titemprop=\"contentUrl\">\n\t\t<img decoding=\"async\" src=\"https:\/\/gamesystem.com\/wp-content\/uploads\/2018\/07\/formation-\u00e9vacuation-sur-remont\u00e9e-m\u00e9canique.png\" alt=\"formation travail en hauteur - \u00e9vacuation au dessus d'un lac\" data-no-lazy=\"1\" itemprop=\"thumbnail\" \/>\n\t\t\t<!-- Overlay Wrapper -->\n\t\t\t <!-- Overlay Wrapper Closed -->\n\t\t\t\t<\/a>\n\t\t\t\t\t\t\t<meta itemprop=\"width\" content=\"800\" \/>\n\t\t\t<meta itemprop=\"height\" content=\"600\" \/>\n\t\t\t\t<a\n\t\t\thref=\"https:\/\/gamesystem.com\/wp-content\/uploads\/2018\/07\/formation-\u00e0-la-Montage-d\u00e9montage-r\u00e9ception-et-conformit\u00e9-d'un-\u00e9chafaudage-\ufb01xe.jpg\"\n\t\t\t\t\t\tdata-fancybox=\"images\" \n\t\t\ttitle=\"formation \u00e0 la Montage, d\u00e9montage, r\u00e9ception et conformit\u00e9 d'un \u00e9chafaudage \ufb01xe\" \n\t\t\t\t\t\tdata-caption=\"Formation \u00e9chafaudage fixe\"\n\t\t\t\t\t\tdata-description=\"\" \n\t\t\titemprop=\"contentUrl\">\n\t\t<img decoding=\"async\" src=\"https:\/\/gamesystem.com\/wp-content\/uploads\/2018\/07\/formation-\u00e0-la-Montage-d\u00e9montage-r\u00e9ception-et-conformit\u00e9-d'un-\u00e9chafaudage-\ufb01xe.jpg\" alt=\"formation echafaudage fixe\" data-no-lazy=\"1\" itemprop=\"thumbnail\" \/>\n\t\t\t<!-- Overlay Wrapper -->\n\t\t\t <!-- Overlay Wrapper Closed -->\n\t\t\t\t<\/a>\n\t\t\t\t\t\t\t<meta itemprop=\"width\" content=\"800\" \/>\n\t\t\t<meta itemprop=\"height\" content=\"600\" \/>\n\t\t\t\t<a\n\t\t\thref=\"https:\/\/gamesystem.com\/wp-content\/uploads\/2018\/07\/formation-ligne-de-vie-fixe-gamesystem.png\"\n\t\t\t\t\t\tdata-fancybox=\"images\" \n\t\t\ttitle=\"formation-ligne-de-vie-fixe-gamesystem\" \n\t\t\t\t\t\tdata-caption=\"Formation utilisation ligne de vie\"\n\t\t\t\t\t\tdata-description=\"\" \n\t\t\titemprop=\"contentUrl\">\n\t\t<img decoding=\"async\" src=\"https:\/\/gamesystem.com\/wp-content\/uploads\/2018\/07\/formation-ligne-de-vie-fixe-gamesystem.png\" alt=\"formation utilisation ligne de vie\" data-no-lazy=\"1\" itemprop=\"thumbnail\" \/>\n\t\t\t<!-- Overlay Wrapper -->\n\t\t\t <!-- Overlay Wrapper Closed -->\n\t\t\t\t<\/a>\n\t\t\t\t\t\t\t<meta itemprop=\"width\" content=\"800\" \/>\n\t\t\t<meta itemprop=\"height\" content=\"600\" \/>\n\t\t\t\t<a\n\t\t\thref=\"https:\/\/gamesystem.com\/wp-content\/uploads\/2018\/07\/formation-\u00e0-la-S\u00e9curit\u00e9-du-travail-en-hauteur-sur-pyl\u00f4ne-t\u00e9l\u00e9com.jpg\"\n\t\t\t\t\t\tdata-fancybox=\"images\" \n\t\t\ttitle=\"formation \u00e0 la S\u00e9curit\u00e9 du travail en hauteur sur pyl\u00f4ne t\u00e9l\u00e9com\" \n\t\t\t\t\t\tdata-caption=\"Formation pyl\u00f4ne t\u00e9l\u00e9com\"\n\t\t\t\t\t\tdata-description=\"\" \n\t\t\titemprop=\"contentUrl\">\n\t\t<img decoding=\"async\" src=\"https:\/\/gamesystem.com\/wp-content\/uploads\/2018\/07\/formation-\u00e0-la-S\u00e9curit\u00e9-du-travail-en-hauteur-sur-pyl\u00f4ne-t\u00e9l\u00e9com.jpg\" alt=\"formation travail en hauteur sur pylone de t\u00e9l\u00e9com\" data-no-lazy=\"1\" itemprop=\"thumbnail\" \/>\n\t\t\t<!-- Overlay Wrapper -->\n\t\t\t <!-- Overlay Wrapper Closed -->\n\t\t\t\t<\/a>\n\t\t\t\t\t\t\t<meta itemprop=\"width\" content=\"800\" \/>\n\t\t\t<meta itemprop=\"height\" content=\"600\" \/>\n\t\t\t\t<a\n\t\t\thref=\"https:\/\/gamesystem.com\/wp-content\/uploads\/2018\/07\/formation-\u00e9vacuation-dune-personne-suspendue-dans-le-vide.png\"\n\t\t\t\t\t\tdata-fancybox=\"images\" \n\t\t\ttitle=\"formation-\u00e9vacuation-d'une-personne-suspendue-dans-le-vide\" \n\t\t\t\t\t\tdata-caption=\"Formation \u00c9vacuation personne suspendue\"\n\t\t\t\t\t\tdata-description=\"\" \n\t\t\titemprop=\"contentUrl\">\n\t\t<img decoding=\"async\" src=\"https:\/\/gamesystem.com\/wp-content\/uploads\/2018\/07\/formation-\u00e9vacuation-dune-personne-suspendue-dans-le-vide.png\" alt=\"formation travail en hauteur et \u00e9vacuation\" data-no-lazy=\"1\" itemprop=\"thumbnail\" \/>\n\t\t\t<!-- Overlay Wrapper -->\n\t\t\t <!-- Overlay Wrapper Closed -->\n\t\t\t\t<\/a>\n\t\t\t\t\t\t\t<meta itemprop=\"width\" content=\"800\" \/>\n\t\t\t<meta itemprop=\"height\" content=\"600\" \/>\n\t\t\t\t<a\n\t\t\thref=\"https:\/\/gamesystem.com\/wp-content\/uploads\/2018\/07\/formation-port-du-harnais-et-travail-en-hauteur.png\"\n\t\t\t\t\t\tdata-fancybox=\"images\" \n\t\t\ttitle=\"formation-port-du-harnais-et-travail-en-hauteur\" \n\t\t\t\t\t\tdata-caption=\"Formation au port du harnais\"\n\t\t\t\t\t\tdata-description=\"\" \n\t\t\titemprop=\"contentUrl\">\n\t\t<img decoding=\"async\" src=\"https:\/\/gamesystem.com\/wp-content\/uploads\/2018\/07\/formation-port-du-harnais-et-travail-en-hauteur.png\" alt=\"formation port du harnais et liaison antichute\" data-no-lazy=\"1\" itemprop=\"thumbnail\" \/>\n\t\t\t<!-- Overlay Wrapper -->\n\t\t\t <!-- Overlay Wrapper Closed -->\n\t\t\t\t<\/a>\n\t\t\t\t\t\t\t<meta itemprop=\"width\" content=\"800\" \/>\n\t\t\t<meta itemprop=\"height\" content=\"600\" \/>\n\t\t\t\t<a\n\t\t\thref=\"https:\/\/gamesystem.com\/wp-content\/uploads\/2018\/07\/Interventions-sur-les-remont\u00e9es-m\u00e9caniques-et-\u00e9vacuation-de-t\u00e9l\u00e9port\u00e9.jpg\"\n\t\t\t\t\t\tdata-fancybox=\"images\" \n\t\t\ttitle=\"Interventions sur les remont\u00e9es m\u00e9caniques et \u00e9vacuation de t\u00e9l\u00e9port\u00e9\" \n\t\t\t\t\t\tdata-caption=\"Formation sur remont\u00e9e m\u00e9canique\"\n\t\t\t\t\t\tdata-description=\"\" \n\t\t\titemprop=\"contentUrl\">\n\t\t<img decoding=\"async\" src=\"https:\/\/gamesystem.com\/wp-content\/uploads\/2018\/07\/Interventions-sur-les-remont\u00e9es-m\u00e9caniques-et-\u00e9vacuation-de-t\u00e9l\u00e9port\u00e9.jpg\" alt=\"formation travaux en hauteur et interventions sur remont\u00e9e m\u00e9canique\" data-no-lazy=\"1\" itemprop=\"thumbnail\" \/>\n\t\t\t<!-- Overlay Wrapper -->\n\t\t\t <!-- Overlay Wrapper Closed -->\n\t\t\t\t<\/a>\n\t\t\t\t\t\t\t<meta itemprop=\"width\" content=\"800\" \/>\n\t\t\t<meta itemprop=\"height\" content=\"600\" \/>\n\t\t\t\t<a\n\t\t\thref=\"https:\/\/gamesystem.com\/wp-content\/uploads\/2018\/07\/formation-\u00e0-la-Montage-et-d\u00e9montage-d'un-\u00e9chafaudage-\ufb01-xe.png\"\n\t\t\t\t\t\tdata-fancybox=\"images\" \n\t\t\ttitle=\"formation-\u00e0-la-Montage-et-d\u00e9montage-d'un-\u00e9chafaudage-\ufb01-xe\" \n\t\t\t\t\t\tdata-caption=\"Formation \u00e9chafaudage roulant\"\n\t\t\t\t\t\tdata-description=\"\" \n\t\t\titemprop=\"contentUrl\">\n\t\t<img decoding=\"async\" src=\"https:\/\/gamesystem.com\/wp-content\/uploads\/2018\/07\/formation-\u00e0-la-Montage-et-d\u00e9montage-d'un-\u00e9chafaudage-\ufb01-xe.png\" alt=\"formation echafaudage montage utilisation d\u00e9montage\" data-no-lazy=\"1\" itemprop=\"thumbnail\" \/>\n\t\t\t<!-- Overlay Wrapper -->\n\t\t\t <!-- Overlay Wrapper Closed -->\n\t\t\t\t<\/a>\n\t\t\t\t\t\t\t<meta itemprop=\"width\" content=\"800\" \/>\n\t\t\t<meta itemprop=\"height\" content=\"600\" \/>\n\t\t\t\t<a\n\t\t\thref=\"https:\/\/gamesystem.com\/wp-content\/uploads\/2018\/07\/formation-\u00e0-la-S\u00e9curit\u00e9-du-travail-en-hauteur-sur-poteau-bois-et-b\u00e9ton.jpg\"\n\t\t\t\t\t\tdata-fancybox=\"images\" \n\t\t\ttitle=\"formation \u00e0 la S\u00e9curit\u00e9 du travail en hauteur sur poteau bois et b\u00e9ton\" \n\t\t\t\t\t\tdata-caption=\"Formation poteau bois\"\n\t\t\t\t\t\tdata-description=\"\" \n\t\t\titemprop=\"contentUrl\">\n\t\t<img decoding=\"async\" src=\"https:\/\/gamesystem.com\/wp-content\/uploads\/2018\/07\/formation-\u00e0-la-S\u00e9curit\u00e9-du-travail-en-hauteur-sur-poteau-bois-et-b\u00e9ton.jpg\" alt=\"formation travail sur poteau bois et b\u00e9ton en s\u00e9curit\u00e9\" data-no-lazy=\"1\" itemprop=\"thumbnail\" \/>\n\t\t\t<!-- Overlay Wrapper -->\n\t\t\t <!-- Overlay Wrapper Closed -->\n\t\t\t\t<\/a>\n\t\t\t\t\t\t\t<meta itemprop=\"width\" content=\"800\" \/>\n\t\t\t<meta itemprop=\"height\" content=\"600\" \/>\n\t\t\t\t<a\n\t\t\thref=\"https:\/\/gamesystem.com\/wp-content\/uploads\/2018\/07\/formation-port-du-harnais-sur-un-port.png\"\n\t\t\t\t\t\tdata-fancybox=\"images\" \n\t\t\ttitle=\"formation-port-du-harnais-sur-un-port\" \n\t\t\t\t\t\tdata-caption=\"Formation utilisation d'un harnais\"\n\t\t\t\t\t\tdata-description=\"\" \n\t\t\titemprop=\"contentUrl\">\n\t\t<img decoding=\"async\" src=\"https:\/\/gamesystem.com\/wp-content\/uploads\/2018\/07\/formation-port-du-harnais-sur-un-port.png\" alt=\"port du harnais et formation s\u00e9curit\u00e9\" data-no-lazy=\"1\" itemprop=\"thumbnail\" \/>\n\t\t\t<!-- Overlay Wrapper -->\n\t\t\t <!-- Overlay Wrapper Closed -->\n\t\t\t\t<\/a>\n\t\t\t\t\t\t\t<meta itemprop=\"width\" content=\"800\" \/>\n\t\t\t<meta itemprop=\"height\" content=\"600\" \/>\n\t\t\t\t<a\n\t\t\thref=\"https:\/\/gamesystem.com\/wp-content\/uploads\/2018\/07\/formation-travail-en-hauteur-sur-remont\u00e9e-m\u00e9canique-de-brest.png\"\n\t\t\t\t\t\tdata-fancybox=\"images\" \n\t\t\ttitle=\"formation-travail-en-hauteur-sur-remont\u00e9e-m\u00e9canique-de-brest\" \n\t\t\t\t\t\tdata-caption=\"Formation travail en hauteur \u00e0 Brest\"\n\t\t\t\t\t\tdata-description=\"\" \n\t\t\titemprop=\"contentUrl\">\n\t\t<img decoding=\"async\" src=\"https:\/\/gamesystem.com\/wp-content\/uploads\/2018\/07\/formation-travail-en-hauteur-sur-remont\u00e9e-m\u00e9canique-de-brest.png\" alt=\"formation travail en hauteur brest\" data-no-lazy=\"1\" itemprop=\"thumbnail\" \/>\n\t\t\t<!-- Overlay Wrapper -->\n\t\t\t <!-- Overlay Wrapper Closed -->\n\t\t\t\t<\/a>\n\t\t\t\t\t\t\t<meta itemprop=\"width\" content=\"800\" \/>\n\t\t\t<meta itemprop=\"height\" content=\"600\" \/>\n\t\t\t\t<a\n\t\t\thref=\"https:\/\/gamesystem.com\/wp-content\/uploads\/2018\/07\/formation-port-du-harnais-pour-des-pompiers-gamesystem.png\"\n\t\t\t\t\t\tdata-fancybox=\"images\" \n\t\t\ttitle=\"formation-port-du-harnais-pour-des-pompiers---gamesystem\" \n\t\t\t\t\t\tdata-caption=\"Formation port du harnais pour pompiers\"\n\t\t\t\t\t\tdata-description=\"\" \n\t\t\titemprop=\"contentUrl\">\n\t\t<img decoding=\"async\" src=\"https:\/\/gamesystem.com\/wp-content\/uploads\/2018\/07\/formation-port-du-harnais-pour-des-pompiers-gamesystem.png\" alt=\"formation travail en hauteur pour pompier harnais de s\u00e9curit\u00e9\" data-no-lazy=\"1\" itemprop=\"thumbnail\" \/>\n\t\t\t<!-- Overlay Wrapper -->\n\t\t\t <!-- Overlay Wrapper Closed -->\n\t\t\t\t<\/a>\n\t\t\t\t\t\t\t<meta itemprop=\"width\" content=\"800\" \/>\n\t\t\t<meta itemprop=\"height\" content=\"600\" \/>\n\t\n","protected":false},"excerpt":{"rendered":"<p>Working at height training organisation The Gamesystem Training and Audit Department (formerly Gamestream training) was established in 1988. Is is the fist training establishment to have been created in France&hellip;<\/p>\n","protected":false},"author":7,"featured_media":0,"parent":0,"menu_order":0,"comment_status":"closed","ping_status":"open","template":"","meta":[],"_links":{"self":[{"href":"https:\/\/gamesystem.com\/en\/wp-json\/wp\/v2\/pages\/13795"}],"collection":[{"href":"https:\/\/gamesystem.com\/en\/wp-json\/wp\/v2\/pages"}],"about":[{"href":"https:\/\/gamesystem.com\/en\/wp-json\/wp\/v2\/types\/page"}],"author":[{"embeddable":true,"href":"https:\/\/gamesystem.com\/en\/wp-json\/wp\/v2\/users\/7"}],"replies":[{"embeddable":true,"href":"https:\/\/gamesystem.com\/en\/wp-json\/wp\/v2\/comments?post=13795"}],"version-history":[{"count":0,"href":"https:\/\/gamesystem.com\/en\/wp-json\/wp\/v2\/pages\/13795\/revisions"}],"wp:attachment":[{"href":"https:\/\/gamesystem.com\/en\/wp-json\/wp\/v2\/media?parent=13795"}],"curies":[{"name":"wp","href":"https:\/\/api.w.org\/{rel}","templated":true}]}}