{"id":13761,"date":"2018-01-12T10:41:03","date_gmt":"2018-01-12T10:41:03","guid":{"rendered":"https:\/\/preprod.gamesystem.com\/nous-contacter\/"},"modified":"2026-02-19T15:49:19","modified_gmt":"2026-02-19T14:49:19","slug":"contact-us","status":"publish","type":"page","link":"https:\/\/gamesystem.com\/en\/contact-us\/","title":{"rendered":"Contact us"},"content":{"rendered":"\n\n\t<a href=\"#\" id=\"trigger-\" data-modal=\"\" data-node=\"\">\n\t\t\t\t\t\t\tDisplay phone number\n\t\t\t\t\t\t\t\t\t\t\t\t<\/a>\n\t\t\t\t\t\tPreview\n\t\t\tmodal-\n\t\t\t\t\t\t\t\t\t\t\t<h4 id=\"modal-title-\">GAMESYSTEM FRANCE<\/h4>\t\t\t\t\t\t\t\t\t\t\t\t\t\t\t\t\n\t\t\t\t\t\t<p><strong>+33 (0)4 76 04 16 15<\/strong><\/p>\n\t\t\t\t<p><strong>GAMESYTEM FRANCE<\/strong><br \/>450 avenue de l&#8217;Europe &#8211; Inovall\u00e9e<br \/>38 334 Montbonnot Saint-Martin<br \/><strong><a href=\"mailto:contact@gamesystem.com\">contact@gamesystem.com<\/a><\/strong><\/p>\n\t\t\t\t<p><em><strong>GAMESYSTEM ESPA\u00d1A<br \/><\/strong>C\/ Alfarer\u00eda,<\/em><br \/><em>2, 28933 M\u00f3stoles (Madrid)<\/em><br \/><em><strong>T\u00e9l :<\/strong> (34) 91 644 07 55<\/em><\/p>\n<p><em><strong>GAMESYSTEM ITALIA<\/strong><\/em><br \/><em>Via Sirtori 13\/B, <\/em><br \/><em>Passirana di Rho (MI) <\/em><br \/><em><strong>T\u00e9l :<\/strong> (39) 02 33576551<\/em><\/p>\n\t\t\t<h2>  A demand ? A quick answer !  <\/h2>\t\t\t\n\t<iframe loading=\"lazy\" src=\"https:\/\/www.google.com\/maps\/embed?pb=!1m18!1m12!1m3!1d2810.5845919020967!2d5.804783951834201!3d45.215740978996195!2m3!1f0!2f0!3f0!3m2!1i1024!2i768!4f13.1!3m3!1m2!1s0x478a5f59979ccd0f%3A0xde0ee0b3e0a3b8d2!2sGamesystem!5e0!3m2!1sfr!2sfr!4v1517393808551\" width=\"1920\" height=\"400\" frameborder=\"0\" allowfullscreen><\/iframe>\n\n","protected":false},"excerpt":{"rendered":"<p>Display phone number Preview modal- GAMESYSTEM FRANCE +33 (0)4 76 04 16 15 GAMESYTEM FRANCE450 avenue de l&#8217;Europe &#8211; Inovall\u00e9e38 334 Montbonnot Saint-Martincontact@gamesystem.com GAMESYSTEM ESPA\u00d1AC\/ Alfarer\u00eda,2, 28933 M\u00f3stoles (Madrid)T\u00e9l :&hellip;<\/p>\n","protected":false},"author":7,"featured_media":0,"parent":0,"menu_order":0,"comment_status":"closed","ping_status":"open","template":"","meta":[],"_links":{"self":[{"href":"https:\/\/gamesystem.com\/en\/wp-json\/wp\/v2\/pages\/13761"}],"collection":[{"href":"https:\/\/gamesystem.com\/en\/wp-json\/wp\/v2\/pages"}],"about":[{"href":"https:\/\/gamesystem.com\/en\/wp-json\/wp\/v2\/types\/page"}],"author":[{"embeddable":true,"href":"https:\/\/gamesystem.com\/en\/wp-json\/wp\/v2\/users\/7"}],"replies":[{"embeddable":true,"href":"https:\/\/gamesystem.com\/en\/wp-json\/wp\/v2\/comments?post=13761"}],"version-history":[{"count":2,"href":"https:\/\/gamesystem.com\/en\/wp-json\/wp\/v2\/pages\/13761\/revisions"}],"predecessor-version":[{"id":39293,"href":"https:\/\/gamesystem.com\/en\/wp-json\/wp\/v2\/pages\/13761\/revisions\/39293"}],"wp:attachment":[{"href":"https:\/\/gamesystem.com\/en\/wp-json\/wp\/v2\/media?parent=13761"}],"curies":[{"name":"wp","href":"https:\/\/api.w.org\/{rel}","templated":true}]}}