{"id":13740,"date":"2018-02-21T14:57:55","date_gmt":"2018-02-21T14:57:55","guid":{"rendered":"https:\/\/preprod.gamesystem.com\/papillon\/"},"modified":"2020-01-28T07:32:40","modified_gmt":"2020-01-28T07:32:40","slug":"papillon","status":"publish","type":"page","link":"https:\/\/gamesystem.com\/en\/products\/fall-protection-connectors\/papillon\/","title":{"rendered":"Papillon"},"content":{"rendered":"\n\t<a href=\"https:\/\/gamesystem.com\/produits\/\" target=\"_self\" rel=\"noopener noreferrer\"><\/a>\n\t\t<strong> TOUS NOS PRODUITS <\/strong>\t\t\t\n\t<a href=\"\/?page_id=10455\" target=\"_self\" rel=\"noopener noreferrer\"><\/a>\n\t\t<strong> LIAISONS ANTICHUTE <\/strong>\t\t\t\n\t\t\t<h1>Papillon<\/h1>\t\t\t\n\t\t\t\t<p>Il se compose de 2 \ufb02asques, en aluminium, reli\u00e9s par une charni\u00e8re. Sur le \ufb02asque m\u00e2le on trouve 2 poulies folles et une poulie principale qui obligent le c\u00e2ble \u00e0 s\u2019enrouler, pour partie, autour d\u2019elles.<\/p>\n<p>Leurs gorges ont un pro\ufb01l sp\u00e9cial. La poulie principale est munie de cliquets qui, par sur-vitesse, vont la bloquer en cas de chute. C\u2019est la p\u00e9n\u00e9tration et le glissement du c\u00e2ble dans les gorges des poulies qui absorbent le pic de force d\u00fb \u00e0 l\u2019impact de l\u2019arr\u00eat de la chute.<\/p>\n<p>Le deuxi\u00e8me \ufb02asque comporte le loquet de verrouillage des 2 \ufb02asques ensembles.<\/p>\n\t\t\t\t<a href=\"https:\/\/gamesystem.com\/wp-content\/uploads\/2018\/09\/Systeme-papillon-pour-travaux-en-hauteur300x400.png\" target=\"_self\" itemprop=\"url\" rel=\"noopener noreferrer\">\n\t\t\t\t<img decoding=\"async\" loading=\"lazy\" src=\"https:\/\/gamesystem.com\/wp-content\/uploads\/2018\/09\/Systeme-papillon-pour-travaux-en-hauteur300x400.png\" alt=\"system de protection vertcial papillon gamesystem\" itemprop=\"image\" height=\"300\" width=\"400\" title=\"Systeme-papillon-pour-travaux-en-hauteur\" onerror=\"this.style.display='none'\"  \/>\n\t\t\t\t<\/a>\n\t\t\t<a href=\"https:\/\/gamesystem.com\/wp-content\/uploads\/2019\/05\/Papillon-Gamesystem.pdf\" target=\"_blank\" rel=\"noopener noreferrer\">\n\t\t\t\t\t\t\t\tFiche produit\n\t\t\t\t\t\t\t<\/a>\n\t\t\t<a href=\"https:\/\/gamesystem.com\/wp-content\/uploads\/2018\/09\/Notice-utilisation-Papillon-II.pdf\" target=\"_blank\" rel=\"noopener noreferrer\">\n\t\t\t\t\t\t\t\tNotice d&#8217;utilisation\n\t\t\t\t\t\t\t<\/a>\n\t\t<nav>\n\t\t\t<ul>\n\t\t\t\t\t\t\t\t<li data-index=\"0\">\n\t\t\t\t\t<h2>\n\t\t\t\t\t\t<a href=\"javascript:void(0);\">Quand l&#8217;utliser ? <\/a>\n\t\t\t\t\t<\/h2>\n\t\t\t\t<\/li>\n\t\t\t\t\t\t\t\t<li data-index=\"1\">\n\t\t\t\t\t<h2>\n\t\t\t\t\t\t<a href=\"javascript:void(0);\">S\u00e9curit\u00e9<\/a>\n\t\t\t\t\t<\/h2>\n\t\t\t\t<\/li>\n\t\t\t\t\t\t\t\t<li data-index=\"2\">\n\t\t\t\t\t<h2>\n\t\t\t\t\t\t<a href=\"javascript:void(0);\">Formation<\/a>\n\t\t\t\t\t<\/h2>\n\t\t\t\t<\/li>\n\t\t\t\t\t\t\t\t<li data-index=\"3\">\n\t\t\t\t\t<h2>\n\t\t\t\t\t\t<a href=\"javascript:void(0);\">Accessoires<\/a>\n\t\t\t\t\t<\/h2>\n\t\t\t\t<\/li>\n\t\t\t\t\t\t\t<\/ul>\n\t\t<\/nav>\n\t\t\t\t\t<h2>\n\t\t\t\t\t\t\t\t\t\t\t\tQuand l&#8217;utliser ? \n\t\t\t\t\t\t\t\t\t\t\t<\/h2>\n\t\t\t\t\t<p>L\u2019acc\u00e8s en hauteur se fait tr\u00e8s souvent par une \u00e9chelle verticale install\u00e9e \u00e0 demeure, souvent \u00e9quip\u00e9e d\u2019une crinoline. L\u2019intervenant, lors de l\u2019ascension, peut \u00eatre sujet \u00e0 un malaise, un \u00e9tourdissement, \u00e0 une fatigue qui vont engendrer la chute.<\/p>\n<p>Le Papillon est un antichute \u00e0 coulisseau \u00e0 c\u00e2ble, install\u00e9 \u00e0 demeure, qui se bloque, emp\u00eachant ainsi la chute. L\u2019utilisateur vient avec son antichute Papillon, l\u2019ouvre, positionne le c\u00e2ble autour des poulies, referme et verrouille les 2 \ufb02asques en mettant son mousqueton dans l\u2019ori\ufb01ce pr\u00e9vu.<\/p>\n<p>Il connecte l\u2019ensemble au point sternal d\u2019accrochage de son harnais. L\u2019utilisateur peut alors se d\u00e9placer sans contrainte, le Papillon le suivant librement en roulant sur le c\u00e2ble<\/p>\n\t\t\t\t\t<h2>\n\t\t\t\t\t\t\t\t\t\t\t\tS\u00e9curit\u00e9\n\t\t\t\t\t\t\t\t\t\t\t<\/h2>\n\t\t\t\t\t<p>Le Papillon, travaillant dans les deux sens, il n\u2019y a aucun risque de mauvais positionnement sur le c\u00e2ble. Par son principe de d\u00e9clenchement du blocage par sur-vitesse, il autorise tout d\u00e9placement vertical et lat\u00e9ral et m\u00eame horizontal. Il peut \u00eatre bloqu\u00e9 manuellement. La hauteur de chute \u00e9tant tr\u00e8s faible, entre 0,30 et 0,50 m, celle-ci devient \u00ab un non-\u00e9v\u00e9nement \u00bb.<\/p>\n\t\t\t\t\t<h2>\n\t\t\t\t\t\t\t\t\t\t\t\tFormation\n\t\t\t\t\t\t\t\t\t\t\t<\/h2>\n\t\t\t\t\t<p>Module \u00ab travail sur pyl\u00f4ne \u00bb.<\/p>\n\t\t\t\t\t<h2>\n\t\t\t\t\t\t\t\t\t\t\t\tAccessoires\n\t\t\t\t\t\t\t\t\t\t\t<\/h2>\n\t\t\t\t\t<p>Pour la pr\u00e9hension du corps de l\u2019utilisateur : un harnais GH3 ou GH5.<\/p>\n\t\t\t\t\t<!-- \/content -->\n\t<!-- \/tabs -->\n","protected":false},"excerpt":{"rendered":"<p>TOUS NOS PRODUITS LIAISONS ANTICHUTE Papillon Il se compose de 2 \ufb02asques, en aluminium, reli\u00e9s par une charni\u00e8re. Sur le \ufb02asque m\u00e2le on trouve 2 poulies folles et une poulie&hellip;<\/p>\n","protected":false},"author":7,"featured_media":0,"parent":13760,"menu_order":0,"comment_status":"closed","ping_status":"open","template":"","meta":[],"_links":{"self":[{"href":"https:\/\/gamesystem.com\/en\/wp-json\/wp\/v2\/pages\/13740"}],"collection":[{"href":"https:\/\/gamesystem.com\/en\/wp-json\/wp\/v2\/pages"}],"about":[{"href":"https:\/\/gamesystem.com\/en\/wp-json\/wp\/v2\/types\/page"}],"author":[{"embeddable":true,"href":"https:\/\/gamesystem.com\/en\/wp-json\/wp\/v2\/users\/7"}],"replies":[{"embeddable":true,"href":"https:\/\/gamesystem.com\/en\/wp-json\/wp\/v2\/comments?post=13740"}],"version-history":[{"count":0,"href":"https:\/\/gamesystem.com\/en\/wp-json\/wp\/v2\/pages\/13740\/revisions"}],"up":[{"embeddable":true,"href":"https:\/\/gamesystem.com\/en\/wp-json\/wp\/v2\/pages\/13760"}],"wp:attachment":[{"href":"https:\/\/gamesystem.com\/en\/wp-json\/wp\/v2\/media?parent=13740"}],"curies":[{"name":"wp","href":"https:\/\/api.w.org\/{rel}","templated":true}]}}