{"id":13737,"date":"2018-02-21T13:54:56","date_gmt":"2018-02-21T13:54:56","guid":{"rendered":"https:\/\/preprod.gamesystem.com\/perche-telescopique\/"},"modified":"2018-10-04T11:19:25","modified_gmt":"2018-10-04T11:19:25","slug":"perche-telescopique","status":"publish","type":"page","link":"https:\/\/gamesystem.com\/en\/products\/fall-protection-connectors\/perche-telescopique\/","title":{"rendered":"Perche t\u00e9lescopique"},"content":{"rendered":"<p>\t<a href=\"https:\/\/gamesystem.com\/en\/products\/\" target=\"_self\" ><\/a><br \/>\n\t\t<strong> TOUS NOS PRODUITS <\/strong><br \/>\n\t<a href=\"https:\/\/gamesystem.com\/en\/products\/fall-protection-connectors\/\" target=\"_self\" ><\/a><br \/>\n\t\t<strong> LIAISONS ANTICHUTE <\/strong>\t\t\t<\/p>\n<h1>Perche t\u00e9lescopique<\/h1>\n<p><b>Perches t\u00e9lescopiques\u00a0\u00ab\ufb01xes\u00bb<\/b> : Le crochet est solidaire de la perche et il est constamment en positon normalement ferm\u00e9e. L\u2019ouverture du crochet est command\u00e9e par une drisse. La perche reste en place lors de la phase de travail. Le crochet de 60 mm de diam\u00e8tre est inclus dans la r\u00e9f\u00e9rence du produit. Livrable pour des longueurs de 3m et 5m.<\/p>\n<p><b>Perches t\u00e9lescopiques\u00a0\u00abd\u00e9pose-crochet\u00bb<\/b> : Le crochet est pos\u00e9 en bout de perche et en position normalement ouvert sur la perche. Il se met en position normalement ferm\u00e9 une fois sur son ancrage gr\u00e2ce au poids de l\u2019enrouleur. La perche est retir\u00e9e lors de la phase de travail. Le crochet n\u2019est pas inclus dans la r\u00e9f\u00e9rence du produit, car il est possible de choisir entre un crochet de 60 mm et 95 mm. Livrable pour des longueurs de 3m, 5m, 8m et 9m.<\/p>\n<p>\t\t\t\t<a href=\"https:\/\/gamesystem.com\/wp-content\/uploads\/2018\/05\/Perche-t\u00e9l\u00e9scopique.png\" target=\"_self\" itemprop=\"url\"><br \/>\n\t\t\t\t<img decoding=\"async\" loading=\"lazy\" src=\"https:\/\/gamesystem.com\/wp-content\/uploads\/2018\/05\/Perche-t\u00e9l\u00e9scopique.png\" alt=\"perche pour travail en hauteur\" itemprop=\"image\" height=\"600\" width=\"800\" title=\"Perche t\u00e9l\u00e9scopique\"  \/><br \/>\n\t\t\t\t<\/a><br \/>\n\t\t\t<a href=\"https:\/\/gamesystem.com\/wp-content\/uploads\/2018\/09\/Perche-t\u00e9lescopique-Gamesystem.pdf\" target=\"_blank\" role=\"button\" rel=\"noopener\" ><br \/>\n\t\t\t\t\t\t\tFiche produit<br \/>\n\t\t\t\t\t<\/a><\/p>\n<nav>\n<ul>\n<li data-index=\"0\">\n<h2>\n\t\t\t\t\t\t<a href=\"javascript:void(0);\">Quand l&#8217;utliser ? <\/a><br \/>\n\t\t\t\t\t<\/h2>\n<\/li>\n<li data-index=\"1\">\n<h2>\n\t\t\t\t\t\t<a href=\"javascript:void(0);\">S\u00e9curit\u00e9<\/a><br \/>\n\t\t\t\t\t<\/h2>\n<\/li>\n<\/ul>\n<\/nav>\n<h2>\n\t\t\t\t\t\t\t\t\t\t\t\tQuand l&#8217;utliser ?<br \/>\n\t\t\t\t\t\t\t\t\t\t\t<\/h2>\n<p>Quand il est impossible de positionner ou de rabaisser un dispositif d\u2019ancrage a\ufb01n que l\u2019utilisateur puisse connecter ais\u00e9ment son syst\u00e8me antichute, la solution est de disposer d\u2019une perche t\u00e9lescopique.<\/p>\n<h2>\n\t\t\t\t\t\t\t\t\t\t\t\tS\u00e9curit\u00e9<br \/>\n\t\t\t\t\t\t\t\t\t\t\t<\/h2>\n<p>Pour sa s\u00e9curit\u00e9 antichute, on \ufb01xe au crochet auto-verrouillable de diam\u00e8tre 60 mm, soit un syst\u00e8me \u00e0 coulisseau, soit un enrouleur \u00e0 sangle de longueur ad\u00e9quate. Le crochet continue \u00e0 n\u00e9cessiter une double action pour son ouverture.<\/p>\n<p>\t\t\t\t\t<!-- \/content --><br \/>\n\t<!-- \/tabs --><\/p>\n","protected":false},"excerpt":{"rendered":"<p>TOUS NOS PRODUITS LIAISONS ANTICHUTE Perche t\u00e9lescopique Perches t\u00e9lescopiques\u00a0\u00ab\ufb01xes\u00bb : Le crochet est solidaire de la perche et il est constamment en positon normalement ferm\u00e9e. L\u2019ouverture du crochet est command\u00e9e&hellip;<\/p>\n","protected":false},"author":7,"featured_media":0,"parent":13760,"menu_order":0,"comment_status":"closed","ping_status":"open","template":"","meta":[],"_links":{"self":[{"href":"https:\/\/gamesystem.com\/en\/wp-json\/wp\/v2\/pages\/13737"}],"collection":[{"href":"https:\/\/gamesystem.com\/en\/wp-json\/wp\/v2\/pages"}],"about":[{"href":"https:\/\/gamesystem.com\/en\/wp-json\/wp\/v2\/types\/page"}],"author":[{"embeddable":true,"href":"https:\/\/gamesystem.com\/en\/wp-json\/wp\/v2\/users\/7"}],"replies":[{"embeddable":true,"href":"https:\/\/gamesystem.com\/en\/wp-json\/wp\/v2\/comments?post=13737"}],"version-history":[{"count":0,"href":"https:\/\/gamesystem.com\/en\/wp-json\/wp\/v2\/pages\/13737\/revisions"}],"up":[{"embeddable":true,"href":"https:\/\/gamesystem.com\/en\/wp-json\/wp\/v2\/pages\/13760"}],"wp:attachment":[{"href":"https:\/\/gamesystem.com\/en\/wp-json\/wp\/v2\/media?parent=13737"}],"curies":[{"name":"wp","href":"https:\/\/api.w.org\/{rel}","templated":true}]}}