{"id":13731,"date":"2018-03-09T16:07:33","date_gmt":"2018-03-09T16:07:33","guid":{"rendered":"https:\/\/preprod.gamesystem.com\/produits\/protection-collective\/"},"modified":"2019-01-16T15:27:30","modified_gmt":"2019-01-16T15:27:30","slug":"collective-protection","status":"publish","type":"page","link":"https:\/\/gamesystem.com\/en\/products\/collective-protection\/","title":{"rendered":"Collective protection"},"content":{"rendered":"\n\t\t\t<h1>Titre de la section<\/h1>\t\t\t\n\t\t\t\t\t\t\t\t\t\t\t<img decoding=\"async\" src=\"https:\/\/gamesystem.com\/wp-content\/uploads\/2018\/05\/Garde-corp-amovible-pour-exterieur-et-toit-terasse.jpg\" alt=\"garde corps exterieur toiture terrasse\">\n\t\t\t\t\t\t<h4>\n\t\t\t\t\t\tGuardrail  \t\t<\/h4>\n\t\t\t\t\t\t\t\t\t\t\t<img decoding=\"async\" src=\"https:\/\/gamesystem.com\/wp-content\/uploads\/2018\/05\/Escalier-en-milieu-industriel.png\" alt=\"escalier avec garde corps\">\n\t\t\t\t\t\t<h4>\n\t\t\t\t\t\tStairs\t\t<\/h4>\n\t\t\t\t\t\t\t\t\t\t\t<img decoding=\"async\" src=\"https:\/\/gamesystem.com\/wp-content\/uploads\/2018\/05\/Echelle-a-crinoline-pour-acc\u00e8der-sur-une-toiture-en-s\u00e9curit\u00e9.jpg\" alt=\"echelle a crinoline permettant d'\u00e9voluer en s\u00e9curit\u00e9 en hauteur\">\n\t\t\t\t\t\t<h4>\n\t\t\t\t\t\tCage ladder\t\t<\/h4>\n\t\t\t\t\t\t\t\t\t\t\t<img decoding=\"async\" src=\"https:\/\/gamesystem.com\/wp-content\/uploads\/2018\/05\/balisage-de-toiture-et-chemin-de-circulation.jpg\" alt=\"chemin d'acc\u00e8s pour travailleur sur toitute\">\n\t\t\t\t\t\t<h4>\n\t\t\t\t\t\tWalkway\t\t<\/h4>\n\t\t\t\t\t\t\t\t\t\t\t<img decoding=\"async\" src=\"https:\/\/gamesystem.com\/wp-content\/uploads\/2018\/09\/Passerelle-pour-s\u00e9curiser-les-acc\u00e8s.jpg\" alt=\"Passerelle permettant de s\u00e9curis\u00e9 le travail en hauteur\">\n\t\t\t\t\t\t<h4>\n\t\t\t\t\t\tTravelling gantry\t\t<\/h4>\n\t\t\t\t\t\t\t\t\t\t\t<img decoding=\"async\" src=\"https:\/\/gamesystem.com\/wp-content\/uploads\/2018\/05\/Saut-de-loup-sur-toiture-plate.jpg\" alt=\"solution antichute pour acc\u00e8s en s\u00e9curit\u00e9 sur toit et travailler en hauteur\">\n\t\t\t\t\t\t<h4>\n\t\t\t\t\t\tCrossover\t\t<\/h4>\n","protected":false},"excerpt":{"rendered":"<p>Titre de la section Guardrail Stairs Cage ladder Walkway Travelling gantry Crossover<\/p>\n","protected":false},"author":7,"featured_media":13476,"parent":13523,"menu_order":0,"comment_status":"closed","ping_status":"open","template":"","meta":[],"_links":{"self":[{"href":"https:\/\/gamesystem.com\/en\/wp-json\/wp\/v2\/pages\/13731"}],"collection":[{"href":"https:\/\/gamesystem.com\/en\/wp-json\/wp\/v2\/pages"}],"about":[{"href":"https:\/\/gamesystem.com\/en\/wp-json\/wp\/v2\/types\/page"}],"author":[{"embeddable":true,"href":"https:\/\/gamesystem.com\/en\/wp-json\/wp\/v2\/users\/7"}],"replies":[{"embeddable":true,"href":"https:\/\/gamesystem.com\/en\/wp-json\/wp\/v2\/comments?post=13731"}],"version-history":[{"count":0,"href":"https:\/\/gamesystem.com\/en\/wp-json\/wp\/v2\/pages\/13731\/revisions"}],"up":[{"embeddable":true,"href":"https:\/\/gamesystem.com\/en\/wp-json\/wp\/v2\/pages\/13523"}],"wp:featuredmedia":[{"embeddable":true,"href":"https:\/\/gamesystem.com\/en\/wp-json\/wp\/v2\/media\/13476"}],"wp:attachment":[{"href":"https:\/\/gamesystem.com\/en\/wp-json\/wp\/v2\/media?parent=13731"}],"curies":[{"name":"wp","href":"https:\/\/api.w.org\/{rel}","templated":true}]}}