{"id":13704,"date":"2018-01-18T09:33:24","date_gmt":"2018-01-18T09:33:24","guid":{"rendered":"https:\/\/preprod.gamesystem.com\/nos-formations-travail-en-hauteur\/"},"modified":"2020-12-21T16:15:48","modified_gmt":"2020-12-21T15:15:48","slug":"working-at-height-training","status":"publish","type":"page","link":"https:\/\/gamesystem.com\/en\/working-at-height-training\/","title":{"rendered":"Working At Height Training"},"content":{"rendered":"\n\n\t\t\t<h1>WORKING AT HEIGHT TRAINING<\/h1>\n\t\t\t\t\t<ul id=\"menu-formations-anglais\"><li id=\"menu-item-14252\"><a href=\"#portDuHarnais\">HARNESS WEARING<\/a><\/li>\n<li id=\"menu-item-14253\"><a href=\"#toitures\">ROOFTOPS<\/a><\/li>\n<li id=\"menu-item-14254\"><a href=\"#pylonesEtPoteaux\">MASTS AND POLES<\/a><\/li>\n<li id=\"menu-item-14255\"><a href=\"#echafaudages\">SCAFFOLD TOWERS<\/a><\/li>\n<li id=\"menu-item-14256\"><a href=\"#evacuation\">EVACUATION<\/a><\/li>\n<li id=\"menu-item-14257\"><a href=\"#verificationDesEpi\">PPE VERIFICATION<\/a><\/li>\n<li id=\"menu-item-14258\"><a href=\"#specifiques\">SPECIFIC<\/a><\/li>\n<li id=\"menu-item-14259\"><a href=\"#remonteesMecaniques\">ROPEWAY<\/a><\/li>\n<li id=\"menu-item-14260\"><a href=\"#formationDeFormateur\">INSTRUCTOR TRAINING<\/a><\/li>\n<\/ul>\t\n\t\t\t<h2>HARNESS WEARING TRAINING<\/h2>\t\t\t\n\t\t\t\t<img decoding=\"async\" src=\"https:\/\/gamesystem.com\/wp-content\/uploads\/2018\/07\/Journ\u00e9-pr\u00e9ventive-\u00e0-la-s\u00e9curit\u00e9-du-travail-en-hauteur.png\" alt=\"sensibiliser vos collaborateurs au travail en hauteur\" title=\"Journ\u00e9-pr\u00e9ventive-\u00e0-la-s\u00e9curit\u00e9-du-travail-en-hauteur\" itemprop=\"image\"\/>\n\t\t\t<h3>Preventive day  <br \/>  Duration : 1 day<\/h3>\t\t\t\n\t\t\t\t<p>&#8220;One day for learning working at height safety&#8221;<\/p>\n\t\t\t<a href=\"https:\/\/gamesystem.com\/en\/contact-us\/\" target=\"_blank\" rel=\"noopener\" role=\"button\">\n\t\t\t\t\t\t\tContact us\n\t\t<\/a>\n\t\t\t\t<img decoding=\"async\" src=\"https:\/\/gamesystem.com\/wp-content\/uploads\/2018\/07\/formation-port-du-harnais-s\u00e9curisation-des-acc\u00e8s-et-des-interventions-en-hauteur.jpg\" alt=\"Travail \u00e0 l&#039;aide d&#039;une ligne de vie c\u00e2ble\" title=\"formation port du harnais, s\u00e9curisation des acc\u00e8s et des interventions en hauteur\" itemprop=\"image\"\/>\n\t\t\t<h3>Harness wearing, safe access and interventions at height  <br \/>  Duration : 0.5 to 1 day<\/h3>\t\t\t\n\t\t\t\t<p>&#8220;Using PPE for working at height safely&#8221;<\/p>\n\t\t\t<a href=\"https:\/\/gamesystem.com\/en\/contact-us\/\" target=\"_blank\" rel=\"noopener\" role=\"button\">\n\t\t\t\t\t\t\tContact us\n\t\t<\/a>\n\t\t\t<h2>ROOFTOP TRAINING<\/h2>\t\t\t\n\t\t\t\t<img decoding=\"async\" src=\"https:\/\/gamesystem.com\/wp-content\/uploads\/2018\/07\/formation-S\u00e9curit\u00e9-du-travail-en-hauteur-sur-toiture-pente.png\" alt=\"Formation travaux en hauteur\" title=\"formation-S\u00e9curit\u00e9-du-travail-en-hauteur-sur-toiture-pente\" itemprop=\"image\"\/>\n\t\t\t<h3> Working safely at height on a sloping rooftop. <br \/>  Duration : 1 to 1.5 days<\/h3>\t\t\t\n\t\t\t\t<p>&#8220;Working safely at height on a sloping rooftop&#8221;<\/p>\n\t\t\t<a href=\"https:\/\/gamesystem.com\/en\/contact-us\/\" target=\"_blank\" rel=\"noopener\" role=\"button\">\n\t\t\t\t\t\t\tContact us\n\t\t<\/a>\n\t\t\t\t<img decoding=\"async\" src=\"https:\/\/gamesystem.com\/wp-content\/uploads\/2018\/07\/formation-\u00e0-la-S\u00e9curit\u00e9-du-travail-en-hauteur-sur-toiture-terrasse.png\" alt=\"Formation sur toiture plate l&#039;utilisation d&#039;une ligne de vie\" title=\"formation-\u00e0-la-S\u00e9curit\u00e9-du-travail-en-hauteur-sur-toiture-terrasse\" itemprop=\"image\"\/>\n\t\t\t<h3>Working safety at height on a flat rooftop. <br \/>  Duration : 1 day<\/h3>\t\t\t\n\t\t\t\t<p>&#8220;Working safely at height on a flat rooftop&#8221;<\/p>\n\t\t\t<a href=\"https:\/\/gamesystem.com\/en\/contact-us\/\" target=\"_blank\" rel=\"noopener\" role=\"button\">\n\t\t\t\t\t\t\tContact us\n\t\t<\/a>\n\t\t\t<h2>MAST AND POLE TRAINING<\/h2>\t\t\t\n\t\t\t\t<img decoding=\"async\" src=\"https:\/\/gamesystem.com\/wp-content\/uploads\/2018\/07\/formation-\u00e0-la-S\u00e9curit\u00e9-du-travail-en-hauteur-sur-pyl\u00f4ne-t\u00e9l\u00e9com.jpg\" alt=\"formation travail en hauteur sur pylone de t\u00e9l\u00e9com\" title=\"formation \u00e0 la S\u00e9curit\u00e9 du travail en hauteur sur pyl\u00f4ne t\u00e9l\u00e9com\" itemprop=\"image\"\/>\n\t\t\t<h3>Working safely at height on a telecoms mast. <br \/> Duration : 1 to 1.5 days<\/h3>\t\t\t\n\t\t\t\t<p>&#8220;Working safely at height on a telecoms mast&#8221;<\/p>\n\t\t\t<a href=\"https:\/\/gamesystem.com\/en\/contact-us\/\" target=\"_blank\" rel=\"noopener\" role=\"button\">\n\t\t\t\t\t\t\tContact us\n\t\t<\/a>\n\t\t\t\t<img decoding=\"async\" src=\"https:\/\/gamesystem.com\/wp-content\/uploads\/2018\/07\/formation-\u00e0-la-S\u00e9curit\u00e9-du-travail-en-hauteur-sur-poteau-bois-et-b\u00e9ton.jpg\" alt=\"formation travail sur poteau bois et b\u00e9ton en s\u00e9curit\u00e9\" title=\"formation \u00e0 la S\u00e9curit\u00e9 du travail en hauteur sur poteau bois et b\u00e9ton\" itemprop=\"image\"\/>\n\t\t\t<h3>Working safely at height on a pole (wood\/concrete). <br \/>  Duration :  1 day<\/h3>\t\t\t\n\t\t\t\t<p>&#8220;Working safely on wood and\/or concrete poles&#8221;<\/p>\n\t\t\t<a href=\"https:\/\/gamesystem.com\/en\/contact-us\/\" target=\"_blank\" rel=\"noopener\" role=\"button\">\n\t\t\t\t\t\t\tContact us\n\t\t<\/a>\n\t\t\t<h2>FIXED AND MOBILE SCAFFOLD TOWER TRAINING<\/h2>\t\t\t\n\t\t\t\t<img decoding=\"async\" src=\"https:\/\/gamesystem.com\/wp-content\/uploads\/2018\/07\/formation-\u00e0-la-Montage-et-d\u00e9montage-d'un-\u00e9chafaudage-\ufb01-xe.png\" alt=\"formation echafaudage montage utilisation d\u00e9montage\" title=\"formation-\u00e0-la-Montage-et-d\u00e9montage-d'un-\u00e9chafaudage-\ufb01-xe\" itemprop=\"image\"\/>\n\t\t\t<h4>Assembling and dismantling a fixed scaffold tower. <br \/>  Duration : 1.5 to 2 days<\/h4>\t\t\t\n\t\t\t\t<p>&#8220;Working safely during the assembly and dismantling of scaffolding&#8221;<\/p>\n\t\t\t<a href=\"https:\/\/gamesystem.com\/en\/contact-us\/\" target=\"_blank\" rel=\"noopener\" role=\"button\">\n\t\t\t\t\t\t\tContact us\n\t\t<\/a>\n\t\t\t\t<img decoding=\"async\" src=\"https:\/\/gamesystem.com\/wp-content\/uploads\/2018\/07\/Montage-d\u00e9montage-v\u00e9ri\ufb01-cation-et-utilisation-d'un-\u00e9chafaudage-roulant.png\" alt=\"formation echafaudage roulant\" title=\"Montage,-d\u00e9montage,-v\u00e9ri\ufb01-cation-et-utilisation-d'un-\u00e9chafaudage-roulant\" itemprop=\"image\"\/>\n\t\t\t<h4>Using fixed scaffoldin. <br \/> Duration : 1 to 1.5 days <\/h4>\t\t\t\n\t\t\t\t<p>&#8220;Using PPE against falls from height for working on scaffolding safely&#8221;<\/p>\n\t\t\t<a href=\"https:\/\/gamesystem.com\/en\/contact-us\/\" target=\"_blank\" rel=\"noopener\" role=\"button\">\n\t\t\t\t\t\t\tContact us\n\t\t<\/a>\n\t\t\t<h2>EVACUATION TRAINING<\/h2>\t\t\t\n\t\t\t\t<img decoding=\"async\" src=\"https:\/\/gamesystem.com\/wp-content\/uploads\/2018\/07\/Evacuation-d'une-personne-suspendu.jpg\" alt=\"formation evcauation de personne\" title=\"Evacuation d'une personne suspendu\" itemprop=\"image\"\/>\n\t\t\t<h3>Evacuation of a suspended person. <br \/>Duration :  0.5 to 2 days<\/h3>\t\t\t\n\t\t\t\t<p>&#8220;Evacuate a suspended person safely.&#8221;<\/p>\n\t\t\t<a href=\"https:\/\/gamesystem.com\/en\/contact-us\/\" target=\"_blank\" rel=\"noopener\" role=\"button\">\n\t\t\t\t\t\t\tContact us\n\t\t<\/a>\n\t\t\t<h2>PPE VERIFICATION TRAINING<\/h2>\t\t\t\n\t\t\t\t<img decoding=\"async\" src=\"https:\/\/gamesystem.com\/wp-content\/uploads\/2018\/07\/V\u00e9ri\ufb01-cation-des-EPI-contre-les-chutes-de-hauteur.jpg\" alt=\"formation v\u00e9rification des epi antichute\" title=\"V\u00e9ri\ufb01cation des EPI contre les chutes de hauteur\" itemprop=\"image\"\/>\n\t\t\t<h3>Verification of PPE against falls from height. <br \/> Duration : 1 to 2 days<\/h3>\t\t\t\n\t\t\t\t<p>&#8220;Conduct the annual verification of PPE and update the safety register&#8221;<\/p>\n\t\t\t<a href=\"https:\/\/gamesystem.com\/en\/contact-us\/\" target=\"_blank\" rel=\"noopener\" role=\"button\">\n\t\t\t\t\t\t\tContact us\n\t\t<\/a>\n\t\t\t<h2>SKI LIFTS<\/h2>\t\t\t\n\t\t\t\t<img decoding=\"async\" src=\"https:\/\/gamesystem.com\/wp-content\/uploads\/2018\/07\/Interventions-sur-les-remont\u00e9es-m\u00e9caniques-et-\u00e9vacuation-de-t\u00e9l\u00e9port\u00e9.jpg\" alt=\"formation travaux en hauteur et interventions sur remont\u00e9e m\u00e9canique\" title=\"Interventions sur les remont\u00e9es m\u00e9caniques et \u00e9vacuation de t\u00e9l\u00e9port\u00e9\" itemprop=\"image\"\/>\n\t\t\t<h3>Interventions on ski lifts and aerial lift rescue <br \/>   Duration : 1 to 3 days <\/h3>\t\t\t\n\t\t\t\t<p>Intervention and safe rescue on ski lifts<\/p>\n\t\t\t<a href=\"https:\/\/gamesystem.com\/en\/contact-us\/\" target=\"_blank\" rel=\"noopener\" role=\"button\">\n\t\t\t\t\t\t\tContact us\n\t\t<\/a>\n\t\t\t<h2>INSTRUCTOR TRAINING<\/h2>\t\t\t\n\t\t\t\t<img decoding=\"async\" src=\"https:\/\/gamesystem.com\/wp-content\/uploads\/2018\/07\/Formation-de-formateur-\u00e0-la-s\u00e9curit\u00e9-du-travail-en-hauteur.jpg\" alt=\"formation de formateur travail en hauteur\" title=\"Formation de formateur \u00e0 la s\u00e9curit\u00e9 du travail en hauteur\" itemprop=\"image\"\/>\n\t\t\t<h3>Working at height instructor training. <br \/> Duration : 3 to 5 days<\/h3>\t\t\t\n\t\t\t\t<p>&#8220;Run theoretical and practical training courses&#8221;<\/p>\n\t\t\t<a href=\"https:\/\/gamesystem.com\/en\/contact-us\/\" target=\"_blank\" rel=\"noopener\" role=\"button\">\n\t\t\t\t\t\t\tContact us\n\t\t<\/a>\n\n","protected":false},"excerpt":{"rendered":"<p>WORKING AT HEIGHT TRAINING HARNESS WEARING ROOFTOPS MASTS AND POLES SCAFFOLD TOWERS EVACUATION PPE VERIFICATION SPECIFIC ROPEWAY INSTRUCTOR TRAINING HARNESS WEARING TRAINING Preventive day Duration : 1 day &#8220;One day&hellip;<\/p>\n","protected":false},"author":7,"featured_media":0,"parent":0,"menu_order":0,"comment_status":"closed","ping_status":"open","template":"","meta":[],"_links":{"self":[{"href":"https:\/\/gamesystem.com\/en\/wp-json\/wp\/v2\/pages\/13704"}],"collection":[{"href":"https:\/\/gamesystem.com\/en\/wp-json\/wp\/v2\/pages"}],"about":[{"href":"https:\/\/gamesystem.com\/en\/wp-json\/wp\/v2\/types\/page"}],"author":[{"embeddable":true,"href":"https:\/\/gamesystem.com\/en\/wp-json\/wp\/v2\/users\/7"}],"replies":[{"embeddable":true,"href":"https:\/\/gamesystem.com\/en\/wp-json\/wp\/v2\/comments?post=13704"}],"version-history":[{"count":0,"href":"https:\/\/gamesystem.com\/en\/wp-json\/wp\/v2\/pages\/13704\/revisions"}],"wp:attachment":[{"href":"https:\/\/gamesystem.com\/en\/wp-json\/wp\/v2\/media?parent=13704"}],"curies":[{"name":"wp","href":"https:\/\/api.w.org\/{rel}","templated":true}]}}