{"id":13698,"date":"2018-02-20T16:14:31","date_gmt":"2018-02-20T16:14:31","guid":{"rendered":"https:\/\/preprod.gamesystem.com\/produits\/protection-individuelle\/cable-de-securite-8-16\/"},"modified":"2018-10-04T11:10:35","modified_gmt":"2018-10-04T11:10:35","slug":"cable-de-securite-8-16","status":"publish","type":"page","link":"https:\/\/gamesystem.com\/en\/products\/personal-protection\/cable-de-securite-8-16\/","title":{"rendered":"C\u00e2ble de s\u00e9curit\u00e9 8\/16"},"content":{"rendered":"<p>\t<a href=\"https:\/\/gamesystem.com\/en\/products\/\" target=\"_self\" ><\/a><br \/>\n\t\t<strong> TOUS NOS PRODUITS <\/strong><br \/>\n\t<a href=\"https:\/\/gamesystem.com\/en\/products\/personal-protection\/\" target=\"_self\" ><\/a><br \/>\n\t\t<strong> PROTECTION INDIVIDUELLE <\/strong>\t\t\t<\/p>\n<h1>C\u00e2ble de s\u00e9curit\u00e9 8\/16<\/h1>\n<p>Le\u00a0c\u00e2ble de s\u00e9curit\u00e9 8\/16 n\u00e9cessite des ancres structurelles sur lesquelles sont \ufb01x\u00e9es les pi\u00e8ces d\u2019extr\u00e9mit\u00e9 auxquelles sont \ufb01x\u00e9es les terminaisons du c\u00e2ble. Ce dernier, en fonction du nombre d\u2019intervenants et des efforts pourra \u00eatre en inox ou acier, de 8 mm \u00e0 16 mm. Les terminaisons de c\u00e2ble se font par sertissage, soit \u00e0 un embout \u00e0 sertir, lui-m\u00eame reli\u00e9 au corps de ridoir, soit \u00e0 un embout \u00e0 \u0153il. Un absorbeur d\u2019\u00e9nergie avec pr\u00e9-r\u00e9gleur permet, \u00e0 l\u2019utilisateur, de s\u2019assurer de la bonne tension du c\u00e2ble.<\/p>\n<p>Le charriot 8\/16 se compose de 2 \ufb02 asques pivotants, reli\u00e9s par un axe serti ins\u00e9rant un patin. Le chariot se d\u00e9place par glissement sur le c\u00e2ble. En cas de chute, sa longueur et sa forme lui interdisent tout d\u00e9placement \u00e9vitant que l\u2019intervenant soit confront\u00e9 au risque de pendulage . Lors d\u2019une chute, par sa d\u00e9formation, l\u2019ensemble du dispositif participe \u00e0 l\u2019absorption d\u2019\u00e9nergie, r\u00e9duisant ainsi les efforts transmis \u00e0 la structure.<\/p>\n<p>\t\t\t\t<a href=\"https:\/\/gamesystem.com\/wp-content\/uploads\/2018\/07\/cable-de-securite-8-6-pour-travail-en-s\u00e9curit\u00e9.png\" target=\"_self\" itemprop=\"url\"><br \/>\n\t\t\t\t<img decoding=\"async\" loading=\"lazy\" src=\"https:\/\/gamesystem.com\/wp-content\/uploads\/2018\/07\/cable-de-securite-8-6-pour-travail-en-s\u00e9curit\u00e9.png\" alt=\"cable de s\u00e9curit\u00e9 pour travail en hauteur et protectiion des salari\u00e9s\" itemprop=\"image\" height=\"600\" width=\"800\" title=\"cable-de-securite-8---6-pour-travail-en-s\u00e9curit\u00e9\"  \/><br \/>\n\t\t\t\t<\/a><br \/>\n\t\t\t<a href=\"https:\/\/gamesystem.com\/wp-content\/uploads\/2018\/09\/Cable-de-s\u00e9curit\u00e9-Gamesystem.pdf\" target=\"_blank\" rel=\"noopener\"><br \/>\n\t\t\t\t\t\t\t\tFiche produit<br \/>\n\t\t\t\t\t\t\t<\/a><br \/>\n\t\t\t<a href=\"https:\/\/gamesystem.com\/wp-content\/uploads\/2018\/09\/Notice-utilisation-Chariot-ligne-de-vie-8-16-Gamesystem.pdf\" target=\"_blank\" rel=\"noopener\"><br \/>\n\t\t\t\t\t\t\t\tNotice d&#8217;utilisation<br \/>\n\t\t\t\t\t\t\t<\/a><\/p>\n<nav>\n<ul>\n<li data-index=\"0\">\n<h2>\n\t\t\t\t\t\t<a href=\"javascript:void(0);\">Quand l&#8217;utliser ? <\/a><br \/>\n\t\t\t\t\t<\/h2>\n<\/li>\n<li data-index=\"1\">\n<h2>\n\t\t\t\t\t\t<a href=\"javascript:void(0);\">S\u00e9curit\u00e9<\/a><br \/>\n\t\t\t\t\t<\/h2>\n<\/li>\n<li data-index=\"2\">\n<h2>\n\t\t\t\t\t\t<a href=\"javascript:void(0);\">Formation<\/a><br \/>\n\t\t\t\t\t<\/h2>\n<\/li>\n<\/ul>\n<\/nav>\n<h2>\n\t\t\t\t\t\t\t\t\t\t\t\tQuand l&#8217;utliser ?<br \/>\n\t\t\t\t\t\t\t\t\t\t\t<\/h2>\n<p>Lorsqu\u2019on doit intervenir de fa\u00e7on r\u00e9guli\u00e8re n\u00e9cessitant de faibles d\u00e9placements horizontaux (&lt;10m), par exemple pont roulant, tr\u00e9mies, un dispositif d\u2019ancrage tel que le cable de s\u00e9curit\u00e9 8\/16 est la solution. Il sera install\u00e9 \u00e0 demeure soit \u00e0 l\u2019aide d\u2019une ancre structurelle, soit avec une interface de bridage, si possible de 0,40 \u00e0 0,60 m au-dessus du point d\u2019accrochage du harnais. L\u2019utilisateur connecte son antichute \u00e0 coulisseau ou enrouleur au chariot 8\/16, apr\u00e8s avoir contr\u00f4l\u00e9 la qualit\u00e9 de l\u2019installation et v\u00e9ri\ufb01\u00e9 que les contr\u00f4les annuels aient \u00e9t\u00e9 r\u00e9alis\u00e9s.<\/p>\n<h2>\n\t\t\t\t\t\t\t\t\t\t\t\tS\u00e9curit\u00e9<br \/>\n\t\t\t\t\t\t\t\t\t\t\t<\/h2>\n<p>L\u2019anti chute utilis\u00e9 doit \u00eatre imp\u00e9rativement conforme aux normes a\ufb01n de ne pas d\u00e9velopper, lors d\u2019une chute, un pic de force sup\u00e9rieure aux 600 daN autoris\u00e9s. Une longe n\u2019est pas un dispositif anti chute.<\/p>\n<h2>\n\t\t\t\t\t\t\t\t\t\t\t\tFormation<br \/>\n\t\t\t\t\t\t\t\t\t\t\t<\/h2>\n<p>Modules \u00ab pose et contr\u00f4le des dispositifs d\u2019ancrage\u00bb, \u00ab s\u00e9curit\u00e9 des laveurs de vitres\u00bb .<\/p>\n<p>\t\t\t\t\t<!-- \/content --><br \/>\n\t<!-- \/tabs --><\/p>\n","protected":false},"excerpt":{"rendered":"<p>TOUS NOS PRODUITS PROTECTION INDIVIDUELLE C\u00e2ble de s\u00e9curit\u00e9 8\/16 Le\u00a0c\u00e2ble de s\u00e9curit\u00e9 8\/16 n\u00e9cessite des ancres structurelles sur lesquelles sont \ufb01x\u00e9es les pi\u00e8ces d\u2019extr\u00e9mit\u00e9 auxquelles sont \ufb01x\u00e9es les terminaisons du&hellip;<\/p>\n","protected":false},"author":7,"featured_media":13476,"parent":13518,"menu_order":0,"comment_status":"closed","ping_status":"open","template":"","meta":[],"_links":{"self":[{"href":"https:\/\/gamesystem.com\/en\/wp-json\/wp\/v2\/pages\/13698"}],"collection":[{"href":"https:\/\/gamesystem.com\/en\/wp-json\/wp\/v2\/pages"}],"about":[{"href":"https:\/\/gamesystem.com\/en\/wp-json\/wp\/v2\/types\/page"}],"author":[{"embeddable":true,"href":"https:\/\/gamesystem.com\/en\/wp-json\/wp\/v2\/users\/7"}],"replies":[{"embeddable":true,"href":"https:\/\/gamesystem.com\/en\/wp-json\/wp\/v2\/comments?post=13698"}],"version-history":[{"count":0,"href":"https:\/\/gamesystem.com\/en\/wp-json\/wp\/v2\/pages\/13698\/revisions"}],"up":[{"embeddable":true,"href":"https:\/\/gamesystem.com\/en\/wp-json\/wp\/v2\/pages\/13518"}],"wp:featuredmedia":[{"embeddable":true,"href":"https:\/\/gamesystem.com\/en\/wp-json\/wp\/v2\/media\/13476"}],"wp:attachment":[{"href":"https:\/\/gamesystem.com\/en\/wp-json\/wp\/v2\/media?parent=13698"}],"curies":[{"name":"wp","href":"https:\/\/api.w.org\/{rel}","templated":true}]}}