{"id":13687,"date":"2018-01-18T09:08:52","date_gmt":"2018-01-18T09:08:52","guid":{"rendered":"https:\/\/preprod.gamesystem.com\/securisation-des-toitures\/"},"modified":"2019-01-17T07:41:29","modified_gmt":"2019-01-17T07:41:29","slug":"rooftop-safety","status":"publish","type":"page","link":"https:\/\/gamesystem.com\/en\/rooftop-safety\/","title":{"rendered":"Rooftop Safety"},"content":{"rendered":"\n\t\t\t<h1>ROOFTOP SAFETY<\/h1>\n\t\t\t\t<p>Gamesystem offers standard and customised fall arrest systems that ensure the safety of your operators during interventions on rooftops. Whatever the type of rooftop (flat or sloping) and the work being carried out, they are protected against falls from height. Discover all our collective protection and personal protection solutions on this page for the safety of your flat or sloping rooftops.<\/p>\n\t\t\t\t<img decoding=\"async\" src=\"https:\/\/gamesystem.com\/wp-content\/uploads\/2018\/05\/echelle-a-crinoline-pour-acc\u00e8s-toiture-terrasse.jpg\" alt=\"acc\u00e8s s\u00e9curis\u00e9 avec une \u00e9chelle crinoline\">\n\t\t\t<p>ROOF ACCESS<\/p>\n\t\t\t\t<img decoding=\"async\" src=\"https:\/\/gamesystem.com\/wp-content\/uploads\/2018\/05\/travail-en-hauteur-sur-toiture-pente.jpg\" alt=\"ligne de vie cable pour travail en hauteur sur toiture pente\">\n\t\t\t<p>SLOPING ROOF<\/p>\n\t\t\t\t<img decoding=\"async\" src=\"https:\/\/gamesystem.com\/wp-content\/uploads\/2018\/05\/travail-en-hauteur-avec-une-ligne-de-vie-sur-toiture-terrasse.jpg\" alt=\"ligne de vie cable sur toit plat\">\n\t\t\t<p>FLAT ROOF<\/p>\n\t\t\t<h2>FALL ARREST SYSTEM FOR ROOFTOPS<\/h2>\t\t\t\n\t\t\t<h3>Collective protection<\/h3>\n\t\t\t\t\t\t\t\t\t\t\t<img decoding=\"async\" src=\"https:\/\/gamesystem.com\/wp-content\/uploads\/2018\/05\/Garde-corp-amovible-pour-exterieur-et-toit-terasse.jpg\" alt=\"garde corps exterieur toiture terrasse\">\n\t\t\t\t\t\t<h4>\n\t\t\t\t\t\tGuardrail  \t\t<\/h4>\n\t\t\t\t\t\t\t\t\t\t\t<img decoding=\"async\" src=\"https:\/\/gamesystem.com\/wp-content\/uploads\/2018\/05\/plateforme-et-patelage-pour-s\u00e9curiser-une-toiture-pente.jpg\" alt=\"patelage sur toiture pour s\u00e9curiser les interventions en hauteur\">\n\t\t\t\t\t\t<h4>\n\t\t\t\t\t\tCage ladder \t\t<\/h4>\n\t\t\t\t\t\t\t\t\t\t\t<img decoding=\"async\" src=\"https:\/\/gamesystem.com\/wp-content\/uploads\/2018\/05\/Echelle-a-crinoline-pour-acc\u00e8der-sur-une-toiture-en-s\u00e9curit\u00e9.jpg\" alt=\"echelle a crinoline permettant d'\u00e9voluer en s\u00e9curit\u00e9 en hauteur\">\n\t\t\t\t\t\t<h4>\n\t\t\t\t\t\tCage ladder\t\t<\/h4>\n\t\t\t\t\t\t\t\t\t\t\t<img decoding=\"async\" src=\"https:\/\/gamesystem.com\/wp-content\/uploads\/2018\/05\/Saut-de-loup-sur-toiture-plate.jpg\" alt=\"solution antichute pour acc\u00e8s en s\u00e9curit\u00e9 sur toit et travailler en hauteur\">\n\t\t\t\t\t\t<h4>\n\t\t\t\t\t\tCrossover\t\t<\/h4>\n\t\t\t\t\t\t\t\t\t\t\t<img decoding=\"async\" src=\"https:\/\/gamesystem.com\/wp-content\/uploads\/2018\/05\/balisage-de-toiture-et-chemin-de-circulation.jpg\" alt=\"chemin d'acc\u00e8s pour travailleur sur toitute\">\n\t\t\t\t\t\t<h4>\n\t\t\t\t\t\tWalkway\t\t<\/h4>\n\t<p>Whether they are flat or sloping, you must equip your rooftops with suitable systems to protect your operators from the risk of falling from height. Gamesystem, has developed a wide range of collective protective equipment that meets your rooftop safety requirements: self-supporting guardrail, fixed guardrail, cage ladder, travelling gantry, crossover, walkway.<\/p>\n\t\t\t<h3>Personal protection<\/h3>\n\t\t\t\t\t\t\t\t\t\t\t<img decoding=\"async\" src=\"https:\/\/gamesystem.com\/wp-content\/uploads\/2018\/05\/Ligne-de-vie-sur-toiture-pente-avec-un-op\u00e9rateur-s\u00e9curis\u00e9.jpg\" alt=\"travail en hauteur sur toit avec une solution de protection individuelle\">\n\t\t\t\t\t\t<h4>\n\t\t\t\t\t\tLifeline\t\t<\/h4>\n\t\t\t\t\t\t\t\t\t\t\t<img decoding=\"async\" src=\"https:\/\/gamesystem.com\/wp-content\/uploads\/2018\/05\/point-dancrage-pour-toiture.jpg\" alt=\"point d'ancrage pour travaux en hauteur en s\u00e9curit\u00e9\">\n\t\t\t\t\t\t<h4>\n\t\t\t\t\t\t Anchor point\t\t<\/h4>\n\t<p>If collective protection is not suitable for the work situations encountered by your operators, personal protective equipment becomes essential: cables lifeline and anchor point.These systems allow your operators to work safely on flat or sloping rooftops without the fear of falling from height.<\/p>\n\t\t\t<h2>PERSONAL PROTECTIVE EQUIPMENT FOR ROOFTOPS<\/h2>\t\t\t\n\t\t\t<h3>Fall protection PPE specific to rooftops<\/h3>\n\t\t\t\t\t\t\t\t\t\t\t<img decoding=\"async\" src=\"https:\/\/gamesystem.com\/wp-content\/uploads\/2018\/05\/Ligne-de-vie-provisoire-pour-travail-en-hauteur.png\" alt=\"installation ligne de vie temporaire\">\n\t\t\t\t\t\t<h4>\n\t\t\t\t\t\tTemporary lifeline\t\t<\/h4>\n\t\t\t\t\t\t\t\t\t\t\t<img decoding=\"async\" src=\"https:\/\/gamesystem.com\/wp-content\/uploads\/2018\/07\/enrouleur-\u00e0-rappel-automatique-stop-chute.png\" alt=\"enrouleur pour travail en hauteur\">\n\t\t\t\t\t\t<h4>\n\t\t\t\t\t\tAutomatic fall prevention device\t\t<\/h4>\n\t\t\t\t\t\t\t\t\t\t\t<img decoding=\"async\" src=\"https:\/\/gamesystem.com\/wp-content\/uploads\/2018\/05\/Moduleur-corde-pour-toiture-plate-ou-pente.png\" alt=\"evoluer en s\u00e9curit\u00e9 en toiture\">\n\t\t\t\t\t\t<h4>\n\t\t\t\t\t\tModulator\t\t<\/h4>\n\t\t\t\t\t\t\t\t\t\t\t<img decoding=\"async\" src=\"https:\/\/gamesystem.com\/wp-content\/uploads\/2018\/06\/Harnais-de-securite-GH3.png\" alt=\"harnais s\u00e9curit\u00e9 pour travailleur en hauteur\">\n\t\t\t\t\t\t<h4>\n\t\t\t\t\t\tSafety harness Gh3\t\t<\/h4>\n\t\t\t\t\t\t\t\t\t\t\t<img decoding=\"async\" src=\"https:\/\/gamesystem.com\/wp-content\/uploads\/2018\/05\/Sangle-dancrage-pour-travaux-en-hauteur.png\" alt=\"sangle d'ancrage sp\u00e9cifique au travaux en hauteur et aux interventions en s\u00e9curit\u00e9\">\n\t\t\t\t\t\t<h4>\n\t\t\t\t\t\tAnchor strap\t\t<\/h4>\n\t\t\t\t\t\t\t\t\t\t\t<img decoding=\"async\" src=\"https:\/\/gamesystem.com\/wp-content\/uploads\/2018\/06\/Harnais-de-s\u00e9curit\u00e9-GH5-pour-travail-en-hauteur.png\" alt=\"harnais de s\u00e9curit\u00e9 gamesystem\">\n\t\t\t\t\t\t<h4>\n\t\t\t\t\t\tSafety harness Gh5\t\t<\/h4>\n\t\t\t\t\t\t\t\t\t\t\t<img decoding=\"async\" src=\"https:\/\/gamesystem.com\/wp-content\/uploads\/2018\/05\/Longe-double-pour-travaux-en-hauteur.png\" alt=\"longe double pour interventions en hauteur\">\n\t\t\t\t\t\t<h4>\n\t\t\t\t\t\tDouble lanyard\t\t<\/h4>\n\t\t\t\t\t\t\t\t\t\t\t<img decoding=\"async\" src=\"https:\/\/gamesystem.com\/wp-content\/uploads\/2018\/06\/dispositif-pour-travailleurs-isol\u00e9s-et-en-hauteuur-pti-dati.png\" alt=\"dispositif anti chute\">\n\t\t\t\t\t\t<h4>\n\t\t\t\t\t\tFall detector\t\t<\/h4>\n\t<p>According to the regulations, if the chosen solution is personal protection (e.g. roof lifeline) then your operators must be provided with fall protection PPE. To provide an overall solution, Gamesystem offers personal protective equipment suitable for interventions at height on rooftops (safety harness, shock absorber, single or double lanyard, etc.)<\/p>\n\t\t\t<h2>OUR ACHIEVEMENTS &#8211; ROOFTOP SAFETY<\/h2>\t\t\t\n\t\t\t\t<a\n\t\t\thref=\"https:\/\/gamesystem.com\/wp-content\/uploads\/2018\/05\/travail-en-hauteur-laide-d-une-ligne-de-vie.jpg\"\n\t\t\t\t\t\trel=\"nofollow\" data-fancybox=\"images\" \n\t\t\ttitle=\"travail-en-hauteur--l&amp;#039;aide-d-une-ligne-de-vie\" \n\t\t\tdata-description=\"travail en hauteur \u00e0 l'aide d'une ligne de vie gamesystem\" \n\t\t\titemprop=\"contentUrl\"\n\t\t>\n\t\t<img decoding=\"async\" src=\"https:\/\/gamesystem.com\/wp-content\/uploads\/2018\/05\/travail-en-hauteur-laide-d-une-ligne-de-vie.jpg\" alt=\"Ligne de vie cable sur toit\" data-no-lazy=\"1\" itemprop=\"thumbnail\" \/>\n\t\t\t<!-- Overlay Wrapper -->\n\t\t\t <!-- Overlay Wrapper Closed -->\n\t\t\t\t<\/a>\n\t\t\t\t\t\t\t<meta itemprop=\"width\" content=\"800\" \/>\n\t\t\t<meta itemprop=\"height\" content=\"600\" \/>\n\t\t\t\t<a\n\t\t\thref=\"https:\/\/gamesystem.com\/wp-content\/uploads\/2018\/05\/balisage-sur-toiture-plate.jpg\"\n\t\t\t\t\t\trel=\"nofollow\" data-fancybox=\"images\" \n\t\t\ttitle=\"balisage-sur-toiture-plate\" \n\t\t\tdata-description=\"travail en s\u00e9curit\u00e9 sur le toit \" \n\t\t\titemprop=\"contentUrl\"\n\t\t>\n\t\t<img decoding=\"async\" src=\"https:\/\/gamesystem.com\/wp-content\/uploads\/2018\/05\/balisage-sur-toiture-plate.jpg\" alt=\"balisage d'un toiture pour assurer la s\u00e9curit\u00e9 des op\u00e9rateurs \u00e9voluant sur toiture\" data-no-lazy=\"1\" itemprop=\"thumbnail\" \/>\n\t\t\t<!-- Overlay Wrapper -->\n\t\t\t <!-- Overlay Wrapper Closed -->\n\t\t\t\t<\/a>\n\t\t\t\t\t\t\t<meta itemprop=\"width\" content=\"800\" \/>\n\t\t\t<meta itemprop=\"height\" content=\"600\" \/>\n\t\t\t\t<a\n\t\t\thref=\"https:\/\/gamesystem.com\/wp-content\/uploads\/2018\/05\/ligne-de-vie-sur-toiture-avec-son-utilisation.jpg\"\n\t\t\t\t\t\trel=\"nofollow\" data-fancybox=\"images\" \n\t\t\ttitle=\"ligne-de-vie-sur-toiture-avec-son-utilisation\" \n\t\t\tdata-description=\"installation d'une ligne de vie sur les toitures de madrid\" \n\t\t\titemprop=\"contentUrl\"\n\t\t>\n\t\t<img decoding=\"async\" src=\"https:\/\/gamesystem.com\/wp-content\/uploads\/2018\/05\/ligne-de-vie-sur-toiture-avec-son-utilisation.jpg\" alt=\"Pose de d'une ligne de vie cable sur toiture\" data-no-lazy=\"1\" itemprop=\"thumbnail\" \/>\n\t\t\t<!-- Overlay Wrapper -->\n\t\t\t <!-- Overlay Wrapper Closed -->\n\t\t\t\t<\/a>\n\t\t\t\t\t\t\t<meta itemprop=\"width\" content=\"800\" \/>\n\t\t\t<meta itemprop=\"height\" content=\"600\" \/>\n\t\t\t\t<a\n\t\t\thref=\"https:\/\/gamesystem.com\/wp-content\/uploads\/2018\/05\/installation-de-Patelage-sur-toiture.jpg\"\n\t\t\t\t\t\trel=\"nofollow\" data-fancybox=\"images\" \n\t\t\ttitle=\"installation de Patelage sur toiture\" \n\t\t\tdata-description=\"pose de patelage par gamesystem\" \n\t\t\titemprop=\"contentUrl\"\n\t\t>\n\t\t<img decoding=\"async\" src=\"https:\/\/gamesystem.com\/wp-content\/uploads\/2018\/05\/installation-de-Patelage-sur-toiture.jpg\" alt=\"patelage sur toiture pour faciliter le d\u00e9placement des op\u00e9rateurs\" data-no-lazy=\"1\" itemprop=\"thumbnail\" \/>\n\t\t\t<!-- Overlay Wrapper -->\n\t\t\t <!-- Overlay Wrapper Closed -->\n\t\t\t\t<\/a>\n\t\t\t\t\t\t\t<meta itemprop=\"width\" content=\"800\" \/>\n\t\t\t<meta itemprop=\"height\" content=\"600\" \/>\n\t\t\t\t<a\n\t\t\thref=\"https:\/\/gamesystem.com\/wp-content\/uploads\/2018\/05\/Garde-corps-sur-toiture-plate-permettant-de-s\u00e9curiser-le-personnel.jpg\"\n\t\t\t\t\t\trel=\"nofollow\" data-fancybox=\"images\" \n\t\t\ttitle=\"Garde corps sur toiture plate permettant de s\u00e9curiser le personnel\" \n\t\t\tdata-description=\"le garde corps est une protection collective qui s\u00e9curise les interventions sur toitures\" \n\t\t\titemprop=\"contentUrl\"\n\t\t>\n\t\t<img decoding=\"async\" src=\"https:\/\/gamesystem.com\/wp-content\/uploads\/2018\/05\/Garde-corps-sur-toiture-plate-permettant-de-s\u00e9curiser-le-personnel.jpg\" alt=\"garde corps pour travail en hauteur sur toit en s\u00e9curit\u00e9\" data-no-lazy=\"1\" itemprop=\"thumbnail\" \/>\n\t\t\t<!-- Overlay Wrapper -->\n\t\t\t <!-- Overlay Wrapper Closed -->\n\t\t\t\t<\/a>\n\t\t\t\t\t\t\t<meta itemprop=\"width\" content=\"800\" \/>\n\t\t\t<meta itemprop=\"height\" content=\"600\" \/>\n\t\t\t\t<a\n\t\t\thref=\"https:\/\/gamesystem.com\/wp-content\/uploads\/2018\/05\/installation-ligne-de-vie-sur-toiture-pente.jpg\"\n\t\t\t\t\t\trel=\"nofollow\" data-fancybox=\"images\" \n\t\t\ttitle=\"installation-ligne-de-vie-sur-toiture-pente\" \n\t\t\tdata-description=\"ligne de vie cable install\u00e9\" \n\t\t\titemprop=\"contentUrl\"\n\t\t>\n\t\t<img decoding=\"async\" src=\"https:\/\/gamesystem.com\/wp-content\/uploads\/2018\/05\/installation-ligne-de-vie-sur-toiture-pente.jpg\" alt=\"\u00c9viter les chutes de hauteur avec une ligne de vie\" data-no-lazy=\"1\" itemprop=\"thumbnail\" \/>\n\t\t\t<!-- Overlay Wrapper -->\n\t\t\t <!-- Overlay Wrapper Closed -->\n\t\t\t\t<\/a>\n\t\t\t\t\t\t\t<meta itemprop=\"width\" content=\"800\" \/>\n\t\t\t<meta itemprop=\"height\" content=\"600\" \/>\n\t\t\t\t<a\n\t\t\thref=\"https:\/\/gamesystem.com\/wp-content\/uploads\/2018\/05\/installation-dun-patelage-sur-toiture.jpg\"\n\t\t\t\t\t\trel=\"nofollow\" data-fancybox=\"images\" \n\t\t\ttitle=\"installation d&amp;#039;un patelage sur toiture\" \n\t\t\tdata-description=\"patelage sur une toiture pour la s\u00e9curiser\" \n\t\t\titemprop=\"contentUrl\"\n\t\t>\n\t\t<img decoding=\"async\" src=\"https:\/\/gamesystem.com\/wp-content\/uploads\/2018\/05\/installation-dun-patelage-sur-toiture.jpg\" alt=\"patelage de s\u00e9curit\u00e9 sur toiture pente\" data-no-lazy=\"1\" itemprop=\"thumbnail\" \/>\n\t\t\t<!-- Overlay Wrapper -->\n\t\t\t <!-- Overlay Wrapper Closed -->\n\t\t\t\t<\/a>\n\t\t\t\t\t\t\t<meta itemprop=\"width\" content=\"800\" \/>\n\t\t\t<meta itemprop=\"height\" content=\"600\" \/>\n\t\t\t\t<a\n\t\t\thref=\"https:\/\/gamesystem.com\/wp-content\/uploads\/2018\/07\/point-dancrage-sur-toiture-pente.jpg\"\n\t\t\t\t\t\trel=\"nofollow\" data-fancybox=\"images\" \n\t\t\ttitle=\"point d'ancrage sur toiture pente\" \n\t\t\tdata-description=\"travail en hauteur sur toiture\" \n\t\t\titemprop=\"contentUrl\"\n\t\t>\n\t\t<img decoding=\"async\" src=\"https:\/\/gamesystem.com\/wp-content\/uploads\/2018\/07\/point-dancrage-sur-toiture-pente.jpg\" alt=\"ligne de vie cable sur toit plat\" data-no-lazy=\"1\" itemprop=\"thumbnail\" \/>\n\t\t\t<!-- Overlay Wrapper -->\n\t\t\t <!-- Overlay Wrapper Closed -->\n\t\t\t\t<\/a>\n\t\t\t\t\t\t\t<meta itemprop=\"width\" content=\"800\" \/>\n\t\t\t<meta itemprop=\"height\" content=\"600\" \/>\n","protected":false},"excerpt":{"rendered":"<p>ROOFTOP SAFETY Gamesystem offers standard and customised fall arrest systems that ensure the safety of your operators during interventions on rooftops. Whatever the type of rooftop (flat or sloping) and&hellip;<\/p>\n","protected":false},"author":7,"featured_media":0,"parent":0,"menu_order":0,"comment_status":"closed","ping_status":"open","template":"","meta":[],"_links":{"self":[{"href":"https:\/\/gamesystem.com\/en\/wp-json\/wp\/v2\/pages\/13687"}],"collection":[{"href":"https:\/\/gamesystem.com\/en\/wp-json\/wp\/v2\/pages"}],"about":[{"href":"https:\/\/gamesystem.com\/en\/wp-json\/wp\/v2\/types\/page"}],"author":[{"embeddable":true,"href":"https:\/\/gamesystem.com\/en\/wp-json\/wp\/v2\/users\/7"}],"replies":[{"embeddable":true,"href":"https:\/\/gamesystem.com\/en\/wp-json\/wp\/v2\/comments?post=13687"}],"version-history":[{"count":0,"href":"https:\/\/gamesystem.com\/en\/wp-json\/wp\/v2\/pages\/13687\/revisions"}],"wp:attachment":[{"href":"https:\/\/gamesystem.com\/en\/wp-json\/wp\/v2\/media?parent=13687"}],"curies":[{"name":"wp","href":"https:\/\/api.w.org\/{rel}","templated":true}]}}