{"id":13686,"date":"2018-02-20T15:51:33","date_gmt":"2018-02-20T15:51:33","guid":{"rendered":"https:\/\/preprod.gamesystem.com\/produits\/protection-individuelle\/cable-de-securite-biroulette-frein\/"},"modified":"2018-10-04T11:10:56","modified_gmt":"2018-10-04T11:10:56","slug":"cable-de-securite-biroulette-frein","status":"publish","type":"page","link":"https:\/\/gamesystem.com\/en\/products\/personal-protection\/cable-de-securite-biroulette-frein\/","title":{"rendered":"C\u00e2ble de s\u00e9curit\u00e9 biroulette frein"},"content":{"rendered":"<p>\t<a href=\"https:\/\/gamesystem.com\/en\/products\/\" target=\"_self\" ><\/a><br \/>\n\t\t<strong> TOUS NOS PRODUITS <\/strong><br \/>\n\t<a href=\"https:\/\/gamesystem.com\/en\/products\/personal-protection\/\" target=\"_self\" ><\/a><br \/>\n\t\t<strong> Protection individuelle <\/strong>\t\t\t<\/p>\n<h1>C\u00e2ble de s\u00e9curit\u00e9 biroulette frein<\/h1>\n<p>Le c\u00e2ble de s\u00e9curit\u00e9 biroulette frein n\u00e9cessite des ancres structurelles sur lesquelles sont \ufb01 x\u00e9es les pi\u00e8ces d\u2019extr\u00e9mit\u00e9s auxquelles sont \ufb01x\u00e9es les terminaisons du c\u00e2ble. Ce dernier sera en acier galvanis\u00e9 de 16 mm. Une terminaison de c\u00e2ble sera sertie par manchonnage, l\u2019autre passera dans une \u00ab mordache \u00bb dont le serrage sera tar\u00e9 de mani\u00e8re \u00e0 obtenir un glissement \u00e0 partir d\u2019une certaine sollicitation, elle-m\u00eame reli\u00e9e au corps de ridoir, permettant, \u00e0 l\u2019utilisateur, de s\u2019assurer de la bonne tension du c\u00e2ble. <\/p>\n<p>La biroulette frein est compos\u00e9e d\u2019un boggie de 2 galets au centre duquel viennent se positionner 2 bras d\u2019accroche mont\u00e9s sur ressort, eux- m\u00eames enserrant un patin. ; 2 rondelles m\u00e9talliques viennent prot\u00e9ger le syst\u00e8me de dissipation des \ufb02 asques.<br \/>En cas de chute de l\u2019intervenant, son poids am\u00e8ne le patin au contact du c\u00e2ble, annulant le roulement des galets, d\u2019une part, \u00e9vitant ainsi un risque de d\u00e9placement de celui-ci et, pour l\u2019intervenant un risque de pendulage, d\u2019autre part, le choc du \u00e0 la chute fait que l\u2019axe va se d\u00e9placer dans un logement oblong \u00e0 ailette. La d\u00e9formation puis le laminage de ces derni\u00e8res participent \u00e0 la dissipation de l\u2019\u00e9nergie r\u00e9duisant le pic de force de 900 daN de 35%. Un t\u00e9moin de chute apparait obligeant \u00e0 une remise en \u00e9tat.<\/p>\n<p>Lors d\u2019une chute, par le glissement du c\u00e2ble dans le \u00ab mordache \u00bb, l\u2019ensemble du dispositif participe \u00e0 l\u2019absorption d\u2019\u00e9nergie, r\u00e9duisant ainsi les efforts transmis \u00e0 la structure.<\/p>\n<p>\t\t\t\t<a href=\"https:\/\/gamesystem.com\/wp-content\/uploads\/2018\/06\/charriot-biroulette-frein.png\" target=\"_self\" itemprop=\"url\"><br \/>\n\t\t\t\t<img decoding=\"async\" loading=\"lazy\" src=\"https:\/\/gamesystem.com\/wp-content\/uploads\/2018\/06\/charriot-biroulette-frein.png\" alt=\"cable de s\u00e9curit\u00e9 avec charriot\" itemprop=\"image\" height=\"600\" width=\"800\" title=\"charriot biroulette frein\"  \/><br \/>\n\t\t\t\t<\/a><br \/>\n\t\t\t<a href=\"https:\/\/gamesystem.com\/wp-content\/uploads\/2018\/09\/C\u00e2ble-de-s\u00e9curit\u00e9-biroulette-frein-Gamesystem.pdf\" target=\"_blank\" rel=\"noopener\"><br \/>\n\t\t\t\t\t\t\t\tFiche produit<br \/>\n\t\t\t\t\t\t\t<\/a><br \/>\n\t\t\t<a href=\"https:\/\/gamesystem.com\/wp-content\/uploads\/2018\/09\/Notice-utilisation-Chariot-ligne-de-vie-biroulette-frein-Gameystem.pdf\" target=\"_blank\" rel=\"noopener\"><br \/>\n\t\t\t\t\t\t\t\tNotice d&#8217;utilisation<br \/>\n\t\t\t\t\t\t\t<\/a><\/p>\n<nav>\n<ul>\n<li data-index=\"0\">\n<h2>\n\t\t\t\t\t\t<a href=\"javascript:void(0);\">Quand l&#8217;utliser ? <\/a><br \/>\n\t\t\t\t\t<\/h2>\n<\/li>\n<li data-index=\"1\">\n<h2>\n\t\t\t\t\t\t<a href=\"javascript:void(0);\">S\u00e9curit\u00e9<\/a><br \/>\n\t\t\t\t\t<\/h2>\n<\/li>\n<li data-index=\"2\">\n<h2>\n\t\t\t\t\t\t<a href=\"javascript:void(0);\">Formation<\/a><br \/>\n\t\t\t\t\t<\/h2>\n<\/li>\n<\/ul>\n<\/nav>\n<h2>\n\t\t\t\t\t\t\t\t\t\t\t\tQuand l&#8217;utliser ?<br \/>\n\t\t\t\t\t\t\t\t\t\t\t<\/h2>\n<p>Lorsqu\u2019on doit intervenir de fa\u00e7on r\u00e9guli\u00e8re n\u00e9cessitant des d\u00e9placements horizontaux (&gt;10 m et &lt; 80 m), sans structure interm\u00e9diaire par exemple pont roulant, four de ciment, un dispositif d\u2019ancrage tel que le c\u00e2ble de s\u00e9curit\u00e9 biroulette freinest la solution.<\/p>\n<p>Il sera install\u00e9 \u00e0 demeure soit \u00e0 l\u2019aide d\u2019une ancre structurelle, soit avec une interface de bridage, si possible de 2 ,40 \u00e0 3 m au-dessus du point d\u2019accrochage du harnais. L\u2019utilisateur connecte son antichute \u00e0 coulisseau ou enrouleur \u00e0 la biroulette frein, apr\u00e8s avoir contr\u00f4l\u00e9 la qualit\u00e9 de l\u2019installation et v\u00e9ri\ufb01\u00e9 que les contr\u00f4les annuels aient \u00e9t\u00e9 r\u00e9alis\u00e9s.<\/p>\n<h2>\n\t\t\t\t\t\t\t\t\t\t\t\tS\u00e9curit\u00e9<br \/>\n\t\t\t\t\t\t\t\t\t\t\t<\/h2>\n<p>L\u2019antichute utilis\u00e9 doit \u00eatre imp\u00e9rativement conforme aux normes a\ufb01n de ne pas d\u00e9velopper, lors d\u2019une chute, un pic de force sup\u00e9rieur aux 600 daN autoris\u00e9s. Une longe n\u2019est pas un dispositif antichute \u00e0 moins qu\u2019il n\u2019y ait qu\u2019un risque de glissade.<\/p>\n<h2>\n\t\t\t\t\t\t\t\t\t\t\t\tFormation<br \/>\n\t\t\t\t\t\t\t\t\t\t\t<\/h2>\n<p>Modules \u00ab pose et contr\u00f4le des dispositifs d\u2019ancrage\u00bb, \u00ab travail sur pont et chemin de pont roulant \u00bb.<\/p>\n<p>\t\t\t\t\t<!-- \/content --><br \/>\n\t<!-- \/tabs --><\/p>\n","protected":false},"excerpt":{"rendered":"<p>TOUS NOS PRODUITS Protection individuelle C\u00e2ble de s\u00e9curit\u00e9 biroulette frein Le c\u00e2ble de s\u00e9curit\u00e9 biroulette frein n\u00e9cessite des ancres structurelles sur lesquelles sont \ufb01 x\u00e9es les pi\u00e8ces d\u2019extr\u00e9mit\u00e9s auxquelles sont&hellip;<\/p>\n","protected":false},"author":7,"featured_media":13476,"parent":13518,"menu_order":0,"comment_status":"closed","ping_status":"open","template":"","meta":[],"_links":{"self":[{"href":"https:\/\/gamesystem.com\/en\/wp-json\/wp\/v2\/pages\/13686"}],"collection":[{"href":"https:\/\/gamesystem.com\/en\/wp-json\/wp\/v2\/pages"}],"about":[{"href":"https:\/\/gamesystem.com\/en\/wp-json\/wp\/v2\/types\/page"}],"author":[{"embeddable":true,"href":"https:\/\/gamesystem.com\/en\/wp-json\/wp\/v2\/users\/7"}],"replies":[{"embeddable":true,"href":"https:\/\/gamesystem.com\/en\/wp-json\/wp\/v2\/comments?post=13686"}],"version-history":[{"count":0,"href":"https:\/\/gamesystem.com\/en\/wp-json\/wp\/v2\/pages\/13686\/revisions"}],"up":[{"embeddable":true,"href":"https:\/\/gamesystem.com\/en\/wp-json\/wp\/v2\/pages\/13518"}],"wp:featuredmedia":[{"embeddable":true,"href":"https:\/\/gamesystem.com\/en\/wp-json\/wp\/v2\/media\/13476"}],"wp:attachment":[{"href":"https:\/\/gamesystem.com\/en\/wp-json\/wp\/v2\/media?parent=13686"}],"curies":[{"name":"wp","href":"https:\/\/api.w.org\/{rel}","templated":true}]}}