{"id":13644,"date":"2018-07-17T11:19:43","date_gmt":"2018-07-17T11:19:43","guid":{"rendered":"https:\/\/preprod.gamesystem.com\/produits\/protection-individuelle\/poteau-dancrage-amovible\/"},"modified":"2019-07-08T08:30:05","modified_gmt":"2019-07-08T08:30:05","slug":"poteau-dancrage-amovible","status":"publish","type":"page","link":"https:\/\/gamesystem.com\/en\/products\/personal-protection\/poteau-dancrage-amovible\/","title":{"rendered":"Poteau d&#8217;ancrage amovible"},"content":{"rendered":"\n\t<a href=\"https:\/\/gamesystem.com\/produits\/\" target=\"_self\"  rel=\"noopener noreferrer\"><\/a>\n\t\t<strong> TOUS NOS PRODUITS <\/strong>\t\t\t\n\t<a href=\"https:\/\/gamesystem.com\/produits\/protection-individuelle\/\" target=\"_self\"  rel=\"noopener noreferrer\"><\/a>\n\t\t<strong> PROTECTION INDIVIDUELLE <\/strong>\t\t\t\n\t\t\t<h1>Poteau d&#8217;ancrage amovible<\/h1>\t\t\t\n\t\t\t\t<p>La potence amovible, est compos\u00e9e de deux \u00e9l\u00e9ments dissociables. Une embase inox qui se \ufb01 xe soit m\u00e9caniquement, soit par soudure et de la potence en elle-m\u00eame. L\u2019embase est pourvue de 4 trous a\ufb01 n qu\u2019un op\u00e9rateur travaillant sous le point d\u2019ancrage puisse s\u2019y connecter, alors que la potence d\u2019une hauteur totale de 1,2m est munie de deux points d\u2019ancrage de type A rotatifs pour une utilisation simultan\u00e9e de 2 personnes. auto-verrouillable de 60 mm. Lors d\u2019une chute, par sa d\u00e9formation, elle participe \u00e0 l\u2019absorption d\u2019\u00e9nergie, r\u00e9duisant ainsi les efforts transmis \u00e0 la structure.<\/p>\n\t\t\t\t<a href=\"https:\/\/gamesystem.com\/wp-content\/uploads\/2018\/06\/mat-dancrage-pour-s\u00e9curiser-les-interventions-en-hauteur.png\" target=\"_self\" itemprop=\"url\" rel=\"noopener noreferrer\">\n\t\t\t\t<img decoding=\"async\" loading=\"lazy\" src=\"https:\/\/gamesystem.com\/wp-content\/uploads\/2018\/06\/mat-dancrage-pour-s\u00e9curiser-les-interventions-en-hauteur.png\" alt=\"point ancrage sur un mat\" itemprop=\"image\" height=\"600\" width=\"800\" title=\"mat d&amp;#039;ancrage pour s\u00e9curiser les interventions en hauteur\" onerror=\"this.style.display='none'\"  \/>\n\t\t\t\t<\/a>\n\t\t\t<a href=\"https:\/\/gamesystem.com\/wp-content\/uploads\/2018\/09\/Poteau-dancrage-amovible-Gamesystem.pdf\" target=\"_blank\" role=\"button\" rel=\"noopener noreferrer\" >\n\t\t\t\t\t\t\tFiche produit\n\t\t\t\t\t<\/a>\n\t\t<nav>\n\t\t\t<ul>\n\t\t\t\t\t\t\t\t<li data-index=\"0\">\n\t\t\t\t\t<h2>\n\t\t\t\t\t\t<a href=\"javascript:void(0);\">Quand l&#8217;utliser ? <\/a>\n\t\t\t\t\t<\/h2>\n\t\t\t\t<\/li>\n\t\t\t\t\t\t\t\t<li data-index=\"1\">\n\t\t\t\t\t<h2>\n\t\t\t\t\t\t<a href=\"javascript:void(0);\">S\u00e9curit\u00e9<\/a>\n\t\t\t\t\t<\/h2>\n\t\t\t\t<\/li>\n\t\t\t\t\t\t\t\t<li data-index=\"2\">\n\t\t\t\t\t<h2>\n\t\t\t\t\t\t<a href=\"javascript:void(0);\">Formation<\/a>\n\t\t\t\t\t<\/h2>\n\t\t\t\t<\/li>\n\t\t\t\t\t\t\t<\/ul>\n\t\t<\/nav>\n\t\t\t\t\t<h2>\n\t\t\t\t\t\t\t\t\t\t\t\tQuand l&#8217;utliser ? \n\t\t\t\t\t\t\t\t\t\t\t<\/h2>\n\t\t\t\t\t<p>Lorsqu\u2019on doit intervenir de fa\u00e7on r\u00e9guli\u00e8re, en un point, ne n\u00e9cessitant pas de d\u00e9placement horizontaux g\u00e9n\u00e9rant un angle de chute sup\u00e9rieur \u00e0 85\u00b0. La POTENCE AMOVIBLE est id\u00e9ale lorsqu\u2019il y a une multitude de zones identiques o\u00f9 seules les embases inox restent en place, accueillant la potence amovible transport\u00e9e par l\u2019utilisateur (poids 17 kg). Sa hauteur permet \u00e0 l\u2019utilisateur de travailler en facteur de chute 0 ou 1, sur la p\u00e9riph\u00e9rie. L\u2019utilisateur connecte son antichute aux divers points d\u2019ancrage, apr\u00e8s avoir v\u00e9ri\ufb01\u00e9 la qualit\u00e9 de l\u2019installation et que les contr\u00f4les annuels aient \u00e9t\u00e9 r\u00e9alis\u00e9s.<\/p>\n\t\t\t\t\t<h2>\n\t\t\t\t\t\t\t\t\t\t\t\tS\u00e9curit\u00e9\n\t\t\t\t\t\t\t\t\t\t\t<\/h2>\n\t\t\t\t\t<p>L\u2019antichute utilis\u00e9 doit \u00eatre imp\u00e9rativement conforme aux normes a\ufb01n de ne pas d\u00e9velopper, lors d\u2019une chute, un pic de force sup\u00e9rieur aux 600 daN autoris\u00e9s. Utiliser un syst\u00e8me antichute conforme aux Normes EN 353-2, EN 355, EN 360.<\/p>\n\t\t\t\t\t<h2>\n\t\t\t\t\t\t\t\t\t\t\t\tFormation\n\t\t\t\t\t\t\t\t\t\t\t<\/h2>\n\t\t\t\t\t<p>Module \u00ab Port du harnais et ancrage provisoires \u00bb.<\/p>\n\t\t\t\t\t<!-- \/content -->\n\t<!-- \/tabs -->\n","protected":false},"excerpt":{"rendered":"<p>TOUS NOS PRODUITS PROTECTION INDIVIDUELLE Poteau d&#8217;ancrage amovible La potence amovible, est compos\u00e9e de deux \u00e9l\u00e9ments dissociables. Une embase inox qui se \ufb01 xe soit m\u00e9caniquement, soit par soudure et&hellip;<\/p>\n","protected":false},"author":2,"featured_media":0,"parent":13518,"menu_order":0,"comment_status":"closed","ping_status":"open","template":"","meta":[],"_links":{"self":[{"href":"https:\/\/gamesystem.com\/en\/wp-json\/wp\/v2\/pages\/13644"}],"collection":[{"href":"https:\/\/gamesystem.com\/en\/wp-json\/wp\/v2\/pages"}],"about":[{"href":"https:\/\/gamesystem.com\/en\/wp-json\/wp\/v2\/types\/page"}],"author":[{"embeddable":true,"href":"https:\/\/gamesystem.com\/en\/wp-json\/wp\/v2\/users\/2"}],"replies":[{"embeddable":true,"href":"https:\/\/gamesystem.com\/en\/wp-json\/wp\/v2\/comments?post=13644"}],"version-history":[{"count":0,"href":"https:\/\/gamesystem.com\/en\/wp-json\/wp\/v2\/pages\/13644\/revisions"}],"up":[{"embeddable":true,"href":"https:\/\/gamesystem.com\/en\/wp-json\/wp\/v2\/pages\/13518"}],"wp:attachment":[{"href":"https:\/\/gamesystem.com\/en\/wp-json\/wp\/v2\/media?parent=13644"}],"curies":[{"name":"wp","href":"https:\/\/api.w.org\/{rel}","templated":true}]}}