{"id":13639,"date":"2018-01-18T09:21:29","date_gmt":"2018-01-18T09:21:29","guid":{"rendered":"https:\/\/preprod.gamesystem.com\/securisation-des-outils-de-production\/"},"modified":"2019-01-17T07:39:21","modified_gmt":"2019-01-17T07:39:21","slug":"safety-of-working-stations","status":"publish","type":"page","link":"https:\/\/gamesystem.com\/en\/safety-of-working-stations\/","title":{"rendered":"Safety Of Working Stations"},"content":{"rendered":"\n\t\t\t<h1>SAFETY OF WORKING STATIONS<\/h1>\n\t\t\t\t<p>Engineers are regularly required to gain access and work at height on industrial installations to carry out maintenance work, servicing or measurements. To carry out this work, the workers involved leave their safe space and risk falling. To prevent accidents, Gamesystem provides collection and personal protective systems adapted to all your structures: unloading platform, machine, overhead crane, automated storage and retrieval system and access. Discover how our solutions ensure safe access and enable operators to work safely around your industrial installations.<\/p>\n\t\t\t\t<img decoding=\"async\" src=\"https:\/\/gamesystem.com\/wp-content\/uploads\/2018\/05\/quai-de-d\u00e9potage-pour-camion.jpg\" alt=\"effectuer des op\u00e9rations en s\u00e9curit\u00e9 sur camion\">\n\t\t\t<p>UNLOADING PLATFORM<\/p>\n\t\t\t\t<img decoding=\"async\" src=\"https:\/\/gamesystem.com\/wp-content\/uploads\/2018\/05\/s\u00e9curisation-machine-de-production-avec-echelle-et-rail-pour-travaux-en-hauteur.jpg\" alt=\"machine s\u00e9curi\u00e9e grace \u00e0 un rail de s\u00e9curit\u00e9\">\n\t\t\t<p>MACHINE<\/p>\n\t\t\t\t<img decoding=\"async\" src=\"https:\/\/gamesystem.com\/wp-content\/uploads\/2018\/05\/s\u00e9curiser-un-pont-roulant-pour-op\u00e9ration-de-maintenance.jpg\" alt=\"s\u00e9curisation d'un pont roulant\">\n\t\t\t<p>OVERHEAD CRANE<\/p>\n\t\t\t\t<img decoding=\"async\" src=\"https:\/\/gamesystem.com\/wp-content\/uploads\/2018\/05\/travail-en-hauteur-sur-transstocker.jpg\" alt=\"travail sur transstockeur\">\n\t\t\t<p>AUTOMATED STORAGE AND RETRIEVAL SYSTEM<\/p>\n\t\t\t<h2>GAMESYSTEM FALL ARREST SYSTEM<\/h2>\t\t\t\n\t\t\t<h3>Collective protection<\/h3>\n\t\t\t\t\t\t\t\t\t\t\t<img decoding=\"async\" src=\"https:\/\/gamesystem.com\/wp-content\/uploads\/2018\/05\/passerelle-pour-s\u00e9curiser-une-machine.jpg\" alt=\"passerelle pour acc\u00e8der a la machine\">\n\t\t\t\t\t\t<h4>\n\t\t\t\t\t\tWalkway\t\t<\/h4>\n\t\t\t\t\t\t\t\t\t\t\t<img decoding=\"async\" src=\"https:\/\/gamesystem.com\/wp-content\/uploads\/2018\/05\/garde-corps-sur-machine-pour-\u00e9viter-les-chutes.jpg\" alt=\"Garde corps pour machine\">\n\t\t\t\t\t\t<h4>\n\t\t\t\t\t\t Guardrail\t\t<\/h4>\n\t\t\t\t\t\t\t\t\t\t\t<img decoding=\"async\" src=\"https:\/\/gamesystem.com\/wp-content\/uploads\/2018\/05\/echelle-pour-s\u00e9curiser-lacc\u00e8s-a-une-machine-.jpg\" alt=\"installation d'\u00e9chelle sur machine\">\n\t\t\t\t\t\t<h4>\n\t\t\t\t\t\tCage ladder\t\t<\/h4>\n\t<p>If your structure allows for the installation of collective protection (guardrail, travelling gantry or cage ladder), then this solution should be used over personal protection. Your engineers will be able to work at height safely without having to use fall protection PPE.<\/p>\n\t\t\t<h3>Personal protection<\/h3>\n\t\t\t\t\t\t\t\t\t\t\t<img decoding=\"async\" src=\"https:\/\/gamesystem.com\/wp-content\/uploads\/2018\/05\/s\u00e9curisation-dun-camion-avec-une-potence-et-un-rail.jpg\" alt=\"portique pour s\u00e9curiser les interventions sur camions et le travail en hauteur\">\n\t\t\t\t\t\t<h4>\n\t\t\t\t\t\tGantry\t\t<\/h4>\n\t\t\t\t\t\t\t\t\t\t\t<img decoding=\"async\" src=\"https:\/\/gamesystem.com\/wp-content\/uploads\/2018\/05\/ligne-de-vie-cable-sur-machine-pour-s\u00e9curiser-les-interventions-en-hauteur.jpg\" alt=\"ligne de vie pour travail en hauteur sur machine et outils de production\">\n\t\t\t\t\t\t<h4>\n\t\t\t\t\t\tLifeline\t\t<\/h4>\n\t\t\t\t\t\t\t\t\t\t\t<img decoding=\"async\" src=\"https:\/\/gamesystem.com\/wp-content\/uploads\/2018\/05\/rail-de-s\u00e9curit\u00e9-pour-travail-en-hauteur.jpg\" alt=\"chargement de wagon\">\n\t\t\t\t\t\t<h4>\n\t\t\t\t\t\tRail\t\t<\/h4>\n\t\t\t\t\t\t\t\t\t\t\t<img decoding=\"async\" src=\"https:\/\/gamesystem.com\/wp-content\/uploads\/2018\/05\/point-dancrage-pour-toiture.jpg\" alt=\"point d'ancrage pour travaux en hauteur en s\u00e9curit\u00e9\">\n\t\t\t\t\t\t<h4>\n\t\t\t\t\t\t Anchor point\t\t<\/h4>\n\t<p>So that your operators can move about safely on your working stations and high risk areas, personal protective equipment can be installed: anchor point, lifeline, gantry or rail. The operator is connected to the devices and can move freely without the risk of falling.<\/p>\n\t\t\t<h2>PERSONAL PROTECTIVE EQUIPMENT<\/h2>\t\t\t\n\t\t\t<h3>Fall protection PPE<\/h3>\n\t\t\t\t\t\t\t\t\t\t\t<img decoding=\"async\" src=\"https:\/\/gamesystem.com\/wp-content\/uploads\/2018\/05\/Moduleur-corde-pour-toiture-plate-ou-pente.png\" alt=\"evoluer en s\u00e9curit\u00e9 en toiture\">\n\t\t\t\t\t\t<h4>\n\t\t\t\t\t\tModulator\t\t<\/h4>\n\t\t\t\t\t\t\t\t\t\t\t<img decoding=\"async\" src=\"https:\/\/gamesystem.com\/wp-content\/uploads\/2018\/05\/Ligne-de-vie-provisoire-pour-travail-en-hauteur.png\" alt=\"installation ligne de vie temporaire\">\n\t\t\t\t\t\t<h4>\n\t\t\t\t\t\tTemporary lifeline\t\t<\/h4>\n\t\t\t\t\t\t\t\t\t\t\t<img decoding=\"async\" src=\"https:\/\/gamesystem.com\/wp-content\/uploads\/2018\/06\/harnais-Gh1.png\" alt=\"harnais de travail gamesystem\">\n\t\t\t\t\t\t<h4>\n\t\t\t\t\t\tSafety harness GH1\t\t<\/h4>\n\t\t\t\t\t\t\t\t\t\t\t<img decoding=\"async\" src=\"https:\/\/gamesystem.com\/wp-content\/uploads\/2018\/05\/Longe-double-pour-travaux-en-hauteur.png\" alt=\"longe double pour interventions en hauteur\">\n\t\t\t\t\t\t<h4>\n\t\t\t\t\t\tDouble lanyard\t\t<\/h4>\n\t\t\t\t\t\t\t\t\t\t\t<img decoding=\"async\" src=\"https:\/\/gamesystem.com\/wp-content\/uploads\/2018\/05\/Geca-150.png\" alt=\"solution d'\u00e9vacuation de personne suspendue\">\n\t\t\t<a href=\"\/?page_id=10147\" target=\"_self\"   role=\"button\">\n\t\t\t\t\t\t\tEn savoir +\n\t\t<\/a>\n\t\t\t\t\t\t<h4>\n\t\t\t\t\t\tGEca 150 Evacuator\t\t<\/h4>\n\t\t\t\t\t\t\t\t\t\t\t<img decoding=\"async\" src=\"https:\/\/gamesystem.com\/wp-content\/uploads\/2018\/06\/Harnais-de-securite-GH3.png\" alt=\"harnais s\u00e9curit\u00e9 pour travailleur en hauteur\">\n\t\t\t\t\t\t<h4>\n\t\t\t\t\t\tSafety harness Gh3\t\t<\/h4>\n\t\t\t\t\t\t\t\t\t\t\t<img decoding=\"async\" src=\"https:\/\/gamesystem.com\/wp-content\/uploads\/2018\/05\/Sangle-dancrage-pour-travaux-en-hauteur.png\" alt=\"sangle d'ancrage sp\u00e9cifique au travaux en hauteur et aux interventions en s\u00e9curit\u00e9\">\n\t\t\t\t\t\t<h4>\n\t\t\t\t\t\tAnchor strap\t\t<\/h4>\n\t\t\t\t\t\t\t\t\t\t\t<img decoding=\"async\" src=\"https:\/\/gamesystem.com\/wp-content\/uploads\/2018\/07\/evcauateur-choucas-pour-personne-suspendue.png\" alt=\"syst\u00e8me permettant l\u2019\u00e9vacuation d'une personne\">\n\t\t\t\t\t\t<h4>\n\t\t\t\t\t\tChoucas Evacuator\t\t<\/h4>\n\t\t\t\t\t\t\t\t\t\t\t<img decoding=\"async\" src=\"https:\/\/gamesystem.com\/wp-content\/uploads\/2018\/06\/Harnais-de-s\u00e9curit\u00e9-GH5-pour-travail-en-hauteur.png\" alt=\"harnais de s\u00e9curit\u00e9 gamesystem\">\n\t\t\t\t\t\t<h4>\n\t\t\t\t\t\tSafety harness Gh5\t\t<\/h4>\n\t\t\t\t\t\t\t\t\t\t\t<img decoding=\"async\" src=\"https:\/\/gamesystem.com\/wp-content\/uploads\/2018\/05\/Perche-t\u00e9l\u00e9scopique.png\" alt=\"perche pour travail en hauteur\">\n\t\t\t\t\t\t<h4>\n\t\t\t\t\t\tTelescopic pole\t\t<\/h4>\n\t\t\t\t\t\t\t\t\t\t\t<img decoding=\"async\" src=\"https:\/\/gamesystem.com\/wp-content\/uploads\/2018\/06\/Harnais-s\u00e9curit\u00e9-GHS-pour-travaux-en-hauteur.png\" alt=\"harnais de s\u00e9curit\u00e9 pour le travail en hauteur\">\n\t\t\t\t\t\t<h4>\n\t\t\t\t\t\tSafety harness GHS\t\t<\/h4>\n\t\t\t\t\t\t\t\t\t\t\t<img decoding=\"async\" src=\"https:\/\/gamesystem.com\/wp-content\/uploads\/2018\/06\/dispositif-pour-travailleurs-isol\u00e9s-et-en-hauteuur-pti-dati.png\" alt=\"dispositif anti chute\">\n\t\t\t\t\t\t<h4>\n\t\t\t\t\t\tLWSh Device \t\t<\/h4>\n\t<p>For every work situation, we provide appropriate fall protection PPE. To ensure the safety of your operators, Gamesystem (French manufacturer of personal protective equipment) is able to offer you an extensive range of products that meet regulation requirements.<\/p>\n\t\t\t<h2>VIDEO &#8211; SAFE INTERVENTIONS ON TRUCKS<\/h2>\t\t\t\n\t<iframe loading=\"lazy\" width=\"560\" height=\"315\" src=\"https:\/\/www.youtube.com\/embed\/V1RW-ao0P7o?rel=0\" frameborder=\"0\" allow=\"autoplay; encrypted-media\" allowfullscreen><\/iframe>\n\t<p>This video showcases several fall protection systems for safe interventions on trucks. Thanks to our solutions, the risk of falling from a truck becomes a non-event. Operators are protected and can carry out their loading and unloading operations safely.<\/p>\n\t\t\t<h2>OUR ACHIEVEMENTS &#8211; SAFETY OF WORKING STATIONS<\/h2>\t\t\t\n\t\t\t\t<a\n\t\t\thref=\"https:\/\/gamesystem.com\/wp-content\/uploads\/2018\/05\/installation-dun-portique-pour-la-s\u00e9curit\u00e9-et-le-chargement-dun-camion.jpg\"\n\t\t\t\t\t\trel=\"nofollow\" data-fancybox=\"images\" \n\t\t\ttitle=\"installation d&amp;#039;un portique pour la s\u00e9curit\u00e9 et le chargement d&amp;#039;un camion\" \n\t\t\tdata-description=\"utilisation et pose de portique dans divers environnements \" \n\t\t\titemprop=\"contentUrl\"\n\t\t>\n\t\t<img decoding=\"async\" src=\"https:\/\/gamesystem.com\/wp-content\/uploads\/2018\/05\/installation-dun-portique-pour-la-s\u00e9curit\u00e9-et-le-chargement-dun-camion.jpg\" alt=\"portique pour quai de d\u00e9potage\" data-no-lazy=\"1\" itemprop=\"thumbnail\" \/>\n\t\t\t<!-- Overlay Wrapper -->\n\t\t\t <!-- Overlay Wrapper Closed -->\n\t\t\t\t<\/a>\n\t\t\t\t\t\t\t<meta itemprop=\"width\" content=\"800\" \/>\n\t\t\t<meta itemprop=\"height\" content=\"600\" \/>\n\t\t\t\t<a\n\t\t\thref=\"https:\/\/gamesystem.com\/wp-content\/uploads\/2018\/07\/rail-de-s\u00e9curit\u00e9-sur-pont-roulant.jpg\"\n\t\t\t\t\t\trel=\"nofollow\" data-fancybox=\"images\" \n\t\t\ttitle=\"rail de s\u00e9curit\u00e9 sur pont roulant\" \n\t\t\tdata-description=\"rail de s\u00e9curit\u00e9 gamesystem\" \n\t\t\titemprop=\"contentUrl\"\n\t\t>\n\t\t<img decoding=\"async\" src=\"https:\/\/gamesystem.com\/wp-content\/uploads\/2018\/07\/rail-de-s\u00e9curit\u00e9-sur-pont-roulant.jpg\" alt=\"\" data-no-lazy=\"1\" itemprop=\"thumbnail\" \/>\n\t\t\t<!-- Overlay Wrapper -->\n\t\t\t <!-- Overlay Wrapper Closed -->\n\t\t\t\t<\/a>\n\t\t\t\t\t\t\t<meta itemprop=\"width\" content=\"800\" \/>\n\t\t\t<meta itemprop=\"height\" content=\"600\" \/>\n\t\t\t\t<a\n\t\t\thref=\"https:\/\/gamesystem.com\/wp-content\/uploads\/2018\/05\/travail-en-hauteur-sur-machine.jpg\"\n\t\t\t\t\t\trel=\"nofollow\" data-fancybox=\"images\" \n\t\t\ttitle=\"travail en hauteur sur machine\" \n\t\t\tdata-description=\"s\u00e9curit\u00e9 des interventions gr\u00e2ce a la ligne de vie\" \n\t\t\titemprop=\"contentUrl\"\n\t\t>\n\t\t<img decoding=\"async\" src=\"https:\/\/gamesystem.com\/wp-content\/uploads\/2018\/05\/travail-en-hauteur-sur-machine.jpg\" alt=\"Ligne de vie cable sur machine pour s\u00e9curit\u00e9\" data-no-lazy=\"1\" itemprop=\"thumbnail\" \/>\n\t\t\t<!-- Overlay Wrapper -->\n\t\t\t <!-- Overlay Wrapper Closed -->\n\t\t\t\t<\/a>\n\t\t\t\t\t\t\t<meta itemprop=\"width\" content=\"800\" \/>\n\t\t\t<meta itemprop=\"height\" content=\"600\" \/>\n\t\t\t\t<a\n\t\t\thref=\"https:\/\/gamesystem.com\/wp-content\/uploads\/2018\/05\/S\u00e9curisation-des-interventions-en-hauteur-sur-pont-roulant-avec-une-ligne-de-vie-cable-1.jpg\"\n\t\t\t\t\t\trel=\"nofollow\" data-fancybox=\"images\" \n\t\t\ttitle=\"S\u00e9curisation des interventions en hauteur sur pont roulant avec une ligne de vie cable\" \n\t\t\tdata-description=\"ligne de vie gamesystem sur pont roulant\" \n\t\t\titemprop=\"contentUrl\"\n\t\t>\n\t\t<img decoding=\"async\" src=\"https:\/\/gamesystem.com\/wp-content\/uploads\/2018\/05\/S\u00e9curisation-des-interventions-en-hauteur-sur-pont-roulant-avec-une-ligne-de-vie-cable-1.jpg\" alt=\"technicien \u00e9voluant en s\u00e9curit\u00e9 sur pont roulant\" data-no-lazy=\"1\" itemprop=\"thumbnail\" \/>\n\t\t\t<!-- Overlay Wrapper -->\n\t\t\t <!-- Overlay Wrapper Closed -->\n\t\t\t\t<\/a>\n\t\t\t\t\t\t\t<meta itemprop=\"width\" content=\"800\" \/>\n\t\t\t<meta itemprop=\"height\" content=\"600\" \/>\n\t\t\t\t<a\n\t\t\thref=\"https:\/\/gamesystem.com\/wp-content\/uploads\/2018\/05\/S\u00e9curisation-du-personnel-travaillent-en-hauteur-avec-une-solution-antichute-1.jpg\"\n\t\t\t\t\t\trel=\"nofollow\" data-fancybox=\"images\" \n\t\t\ttitle=\"S\u00e9curisation du personnel travaillent en hauteur avec une solution antichute\" \n\t\t\tdata-description=\"operation de maintenance et s\u00e9curisation avec une ligne de vie\" \n\t\t\titemprop=\"contentUrl\"\n\t\t>\n\t\t<img decoding=\"async\" src=\"https:\/\/gamesystem.com\/wp-content\/uploads\/2018\/05\/S\u00e9curisation-du-personnel-travaillent-en-hauteur-avec-une-solution-antichute-1.jpg\" alt=\"Ligne de vie pour faciliter d\u00e9placement\" data-no-lazy=\"1\" itemprop=\"thumbnail\" \/>\n\t\t\t<!-- Overlay Wrapper -->\n\t\t\t <!-- Overlay Wrapper Closed -->\n\t\t\t\t<\/a>\n\t\t\t\t\t\t\t<meta itemprop=\"width\" content=\"800\" \/>\n\t\t\t<meta itemprop=\"height\" content=\"600\" \/>\n\t\t\t\t<a\n\t\t\thref=\"https:\/\/gamesystem.com\/wp-content\/uploads\/2018\/07\/s\u00e9curisation-des-cuves.jpg\"\n\t\t\t\t\t\trel=\"nofollow\" data-fancybox=\"images\" \n\t\t\ttitle=\"s\u00e9curisation des cuves\" \n\t\t\tdata-description=\"\" \n\t\t\titemprop=\"contentUrl\"\n\t\t>\n\t\t<img decoding=\"async\" src=\"https:\/\/gamesystem.com\/wp-content\/uploads\/2018\/07\/s\u00e9curisation-des-cuves.jpg\" alt=\"s\u00e9curisation de machin avec l'aide de syst\u00e8me antichute\" data-no-lazy=\"1\" itemprop=\"thumbnail\" \/>\n\t\t\t<!-- Overlay Wrapper -->\n\t\t\t <!-- Overlay Wrapper Closed -->\n\t\t\t\t<\/a>\n\t\t\t\t\t\t\t<meta itemprop=\"width\" content=\"800\" \/>\n\t\t\t<meta itemprop=\"height\" content=\"600\" \/>\n\t\t\t\t<a\n\t\t\thref=\"https:\/\/gamesystem.com\/wp-content\/uploads\/2018\/05\/s\u00e9curisation-dun-pont-roulant-avec-ligne-de-vie.jpg\"\n\t\t\t\t\t\trel=\"nofollow\" data-fancybox=\"images\" \n\t\t\ttitle=\"s\u00e9curisation d&amp;#039;un pont roulant avec ligne de vie\" \n\t\t\tdata-description=\"deux op\u00e9rateurs \u00e9voluant en hauteur sur un pont roulant\" \n\t\t\titemprop=\"contentUrl\"\n\t\t>\n\t\t<img decoding=\"async\" src=\"https:\/\/gamesystem.com\/wp-content\/uploads\/2018\/05\/s\u00e9curisation-dun-pont-roulant-avec-ligne-de-vie.jpg\" alt=\"travail sur pont roulant avec une ligne de vie et un harnais de s\u00e9curit\u00e9\" data-no-lazy=\"1\" itemprop=\"thumbnail\" \/>\n\t\t\t<!-- Overlay Wrapper -->\n\t\t\t <!-- Overlay Wrapper Closed -->\n\t\t\t\t<\/a>\n\t\t\t\t\t\t\t<meta itemprop=\"width\" content=\"800\" \/>\n\t\t\t<meta itemprop=\"height\" content=\"600\" \/>\n\t\t\t\t<a\n\t\t\thref=\"https:\/\/gamesystem.com\/wp-content\/uploads\/2018\/05\/portique-pour-la-s\u00e9curit\u00e9-des-interventions-et-pour-chargement-de-camion.jpg\"\n\t\t\t\t\t\trel=\"nofollow\" data-fancybox=\"images\" \n\t\t\ttitle=\"portique pour la s\u00e9curit\u00e9 des interventions et pour chargement de camion\" \n\t\t\tdata-description=\"portique avec un rail et systeme anti chute\" \n\t\t\titemprop=\"contentUrl\"\n\t\t>\n\t\t<img decoding=\"async\" src=\"https:\/\/gamesystem.com\/wp-content\/uploads\/2018\/05\/portique-pour-la-s\u00e9curit\u00e9-des-interventions-et-pour-chargement-de-camion.jpg\" alt=\"quai de d\u00e9potage avec portique\" data-no-lazy=\"1\" itemprop=\"thumbnail\" \/>\n\t\t\t<!-- Overlay Wrapper -->\n\t\t\t <!-- Overlay Wrapper Closed -->\n\t\t\t\t<\/a>\n\t\t\t\t\t\t\t<meta itemprop=\"width\" content=\"800\" \/>\n\t\t\t<meta itemprop=\"height\" content=\"600\" \/>\n","protected":false},"excerpt":{"rendered":"<p>SAFETY OF WORKING STATIONS Engineers are regularly required to gain access and work at height on industrial installations to carry out maintenance work, servicing or measurements. To carry out this&hellip;<\/p>\n","protected":false},"author":7,"featured_media":0,"parent":0,"menu_order":0,"comment_status":"closed","ping_status":"open","template":"","meta":[],"_links":{"self":[{"href":"https:\/\/gamesystem.com\/en\/wp-json\/wp\/v2\/pages\/13639"}],"collection":[{"href":"https:\/\/gamesystem.com\/en\/wp-json\/wp\/v2\/pages"}],"about":[{"href":"https:\/\/gamesystem.com\/en\/wp-json\/wp\/v2\/types\/page"}],"author":[{"embeddable":true,"href":"https:\/\/gamesystem.com\/en\/wp-json\/wp\/v2\/users\/7"}],"replies":[{"embeddable":true,"href":"https:\/\/gamesystem.com\/en\/wp-json\/wp\/v2\/comments?post=13639"}],"version-history":[{"count":0,"href":"https:\/\/gamesystem.com\/en\/wp-json\/wp\/v2\/pages\/13639\/revisions"}],"wp:attachment":[{"href":"https:\/\/gamesystem.com\/en\/wp-json\/wp\/v2\/media?parent=13639"}],"curies":[{"name":"wp","href":"https:\/\/api.w.org\/{rel}","templated":true}]}}