{"id":13627,"date":"2018-01-18T09:22:04","date_gmt":"2018-01-18T09:22:04","guid":{"rendered":"https:\/\/preprod.gamesystem.com\/securisation-des-espaces-confines\/"},"modified":"2025-06-02T09:49:43","modified_gmt":"2025-06-02T07:49:43","slug":"safety-in-confined-spaces","status":"publish","type":"page","link":"https:\/\/gamesystem.com\/en\/safety-in-confined-spaces\/","title":{"rendered":"Safety in Confined Spaces"},"content":{"rendered":"\n\n\t\t\t<h1>SAFETY IN CONFINED SPACES<\/h1>\n\t\t\t\t<p>Confined spaces are one of the mos risky environments for the health and safety of workers. In this context, it is vital that fall protection systems are installed in order to protect your operators working in confined spaces: pits, tanks and sewers. Problems related to confined spaces usually occur in the chemical, water treatment and food processing industries.<\/p>\n\t\t\t\t<img decoding=\"async\" src=\"https:\/\/gamesystem.com\/wp-content\/uploads\/2018\/05\/acc\u00e8s-dans-un-espace-confin\u00e9.jpg\" alt=\"op\u00e9ration dans un espace confin\u00e9\"\/>\n\t\t\t<p>ACCESS<\/p>\n\t\t\t\t<img decoding=\"async\" src=\"https:\/\/gamesystem.com\/wp-content\/uploads\/2018\/05\/acc\u00e8s-dans-une-cuve-en-s\u00e9curit\u00e9.jpg\" alt=\"technique pour acc\u00e9der a une cuve\"\/>\n\t\t\t<p>TANK<\/p>\n\t\t\t\t<img decoding=\"async\" src=\"https:\/\/gamesystem.com\/wp-content\/uploads\/2018\/05\/acc\u00e8s-dans-une-fosse-s\u00e9curis\u00e9.jpg\" alt=\"acc\u00e9der a une fosse en s\u00e9curit\u00e9\"\/>\n\t\t\t<p>PIT<\/p>\n\t\t\t\t<img decoding=\"async\" src=\"https:\/\/gamesystem.com\/wp-content\/uploads\/2018\/05\/acc\u00e8s-dans-un-egoutier.jpg\" alt=\"travail en espace confin\u00e9 dans un \u00e9goutier\"\/>\n\t\t\t<p>SEWER<\/p>\n\t\t\t<h2>FALL ARREST SYSTEM FOR CONFINED SPACES<\/h2>\t\t\t\n\t\t\t<h3>Personal and collective protective equipment for confined spaces<\/h3>\n\t\t\t\t\t\t\t\t\t\t\t<img decoding=\"async\" src=\"https:\/\/gamesystem.com\/wp-content\/uploads\/2018\/05\/solution-pour-s\u00e9curiser-les-interventions-dans-les-espaces-confin\u00e9s.jpg\" alt=\"potence pour acc\u00e8s en s\u00e9curit\u00e9 dans espace confin\u00e9\"\/>\n\t\t\t\t\t\t<h4>\n\t\t\t\t\t\tJib crane\t\t<\/h4>\n\t\t\t\t\t\t\t\t\t\t\t<img decoding=\"async\" src=\"https:\/\/gamesystem.com\/wp-content\/uploads\/2018\/05\/tripode-pour-milieu-confin\u00e9.jpg\" alt=\"syst\u00e8me d'\u00e9vacuation pour milieu confin\u00e9\"\/>\n\t\t\t\t\t\t<h4>\n\t\t\t\t\t\t Tripod\t\t<\/h4>\n\t\t\t\t\t\t\t\t\t\t\t<img decoding=\"async\" src=\"https:\/\/gamesystem.com\/wp-content\/uploads\/2018\/05\/echelle-pour-descendre-dans-un-espace-confin\u00e9.jpg\" alt=\"s\u00e9curisation d&#039;un acc\u00e8s a un espace confin\u00e9\"\/>\n\t\t\t\t\t\t<h4>\n\t\t\t\t\t\tLadder\t\t<\/h4>\n\t\t\t\t\t\t\t\t\t\t\t<img decoding=\"async\" src=\"https:\/\/gamesystem.com\/wp-content\/uploads\/2018\/06\/mat-dancrage-pour-travail-en-s\u00e9curit\u00e9.jpg\" alt=\"point d&#039;ancrage sur un mat\"\/>\n\t\t\t\t\t\t<h4>\n\t\t\t\t\t\tAnchor Mast\t\t<\/h4>\n\t\t\t\t\t\t\t\t\t\t\t<img decoding=\"async\" src=\"https:\/\/gamesystem.com\/wp-content\/uploads\/2018\/05\/Garde-corps-sur-mesure-pour-espace-confin\u00e9.jpg\" alt=\"s\u00e9curiser vos espaces confin\u00e9s avec un garde corps\"\/>\n\t\t\t\t\t\t<h4>\n\t\t\t\t\t\tGuardrail\t\t<\/h4>\n\t<p>Gamesystem assists you with your project and offers you a wide range of personal and collective protective equipment so operations can be performed safely. Your operator will be able to carry out their work without the risk of falling. Confined spaces must be accessible and safe by means of vertical and\/or horizontal systems.<\/p>\n\t\t\t<h2>PERSONAL PROTECTIVE EQUIPMENT FOR CONFINED SPACES<\/h2>\t\t\t\n\t\t\t<h3>PPE for confined spaces<\/h3>\n\t\t\t\t\t\t\t\t\t\t\t<img decoding=\"async\" src=\"https:\/\/gamesystem.com\/wp-content\/uploads\/2018\/05\/Longe-double-pour-travaux-en-hauteur.png\" alt=\"longe double pour interventions en hauteur\"\/>\n\t\t\t\t\t\t<h4>\n\t\t\t\t\t\tDouble lanyard\t\t<\/h4>\n\t\t\t\t\t\t\t\t\t\t\t<img decoding=\"async\" src=\"https:\/\/gamesystem.com\/wp-content\/uploads\/2018\/06\/Harnais-de-securite-GH3.png\" alt=\"harnais s\u00e9curit\u00e9 pour travailleur en hauteur\"\/>\n\t\t\t\t\t\t<h4>\n\t\t\t\t\t\tSafety harness Gh3\t\t<\/h4>\n\t\t\t\t\t\t\t\t\t\t\t<img decoding=\"async\" src=\"https:\/\/gamesystem.com\/wp-content\/uploads\/2018\/07\/enrouleur-\u00e0-rappel-automatique-stop-chute.png\" alt=\"enrouleur pour travail en hauteur\"\/>\n\t\t\t\t\t\t<h4>\n\t\t\t\t\t\tAutomatic fall prevention device\t\t<\/h4>\n\t\t\t\t\t\t\t\t\t\t\t<img decoding=\"async\" src=\"https:\/\/gamesystem.com\/wp-content\/uploads\/2018\/06\/Harnais-de-s\u00e9curit\u00e9-GH5-pour-travail-en-hauteur.png\" alt=\"harnais de s\u00e9curit\u00e9 gamesystem\"\/>\n\t\t\t\t\t\t<h4>\n\t\t\t\t\t\tSafety harness Gh5\t\t<\/h4>\n\t\t\t\t\t\t\t\t\t\t\t<img decoding=\"async\" src=\"https:\/\/gamesystem.com\/wp-content\/uploads\/2018\/05\/Sangle-dancrage-pour-travaux-en-hauteur.png\" alt=\"sangle d&#039;ancrage sp\u00e9cifique au travaux en hauteur et aux interventions en s\u00e9curit\u00e9\"\/>\n\t\t\t\t\t\t<h4>\n\t\t\t\t\t\tAnchor strap\t\t<\/h4>\n\t\t\t\t\t\t\t\t\t\t\t<img decoding=\"async\" src=\"https:\/\/gamesystem.com\/wp-content\/uploads\/2018\/06\/dispositif-pour-travailleurs-isol\u00e9s-et-en-hauteuur-pti-dati.png\" alt=\"dispositif anti chute\"\/>\n\t\t\t\t\t\t<h4>\n\t\t\t\t\t\tLWSh Device \t\t<\/h4>\n\t\t\t\t\t\t\t\t\t\t\t<img decoding=\"async\" src=\"https:\/\/gamesystem.com\/wp-content\/uploads\/2018\/05\/Toucan.png\" alt=\"selette toucan pour travail en hauteur\"\/>\n\t\t\t\t\t\t<h4>\n\t\t\t\t\t\tToucan cradle\t\t<\/h4>\n\t<p>To reduce the risks of falling in confined spaces, persons trained to enter confined spaces must have appropriate personal protective equipment. The access area to confined spaces must be safe and a structure must be in place to enable the quick rescue of the worker.<\/p>\n\t\t\t<h2>OUR ACHIEVEMENTS &#8211; SAFETY IN CONFINED SPACES<\/h2>\t\t\t\n\t\t\t\t<a\n\t\t\thref=\"https:\/\/gamesystem.com\/wp-content\/uploads\/2018\/07\/s\u00e9curisation-des-espaces-confin\u00e9s.jpg\"\n\t\t\t\t\t\tdata-fancybox=\"images\" \n\t\t\ttitle=\"s\u00e9curisation des espaces confin\u00e9s\" \n\t\t\t\t\t\tdata-caption=\"S\u00e9curisation d'une cuve\"\n\t\t\t\t\t\tdata-description=\"\" \n\t\t\titemprop=\"contentUrl\">\n\t\t\t<img decoding=\"async\" loading=\"lazy\" src=\"https:\/\/gamesystem.com\/wp-content\/uploads\/2018\/07\/s\u00e9curisation-des-espaces-confin\u00e9s.jpg\" alt=\"\" data-no-lazy=\"1\" itemprop=\"thumbnail\" width=\"800\" height=\"600\" \/>\n\t\t\t<!-- Overlay Wrapper -->\n\t\t\t <!-- Overlay Wrapper Closed -->\n\t\t\t\t<\/a>\n\t\t\t\t\t\t\t<meta itemprop=\"width\" content=\"800\" \/>\n\t\t\t<meta itemprop=\"height\" content=\"600\" \/>\n\t\t\t\t<a\n\t\t\thref=\"https:\/\/gamesystem.com\/wp-content\/uploads\/2018\/07\/potence-pour-acc\u00e8s-dans-une-cuve.jpg\"\n\t\t\t\t\t\tdata-fancybox=\"images\" \n\t\t\ttitle=\"potence pour acc\u00e8s dans une cuve\" \n\t\t\t\t\t\tdata-caption=\"Potence rotative pour cuve\"\n\t\t\t\t\t\tdata-description=\"\" \n\t\t\titemprop=\"contentUrl\">\n\t\t\t<img decoding=\"async\" loading=\"lazy\" src=\"https:\/\/gamesystem.com\/wp-content\/uploads\/2018\/07\/potence-pour-acc\u00e8s-dans-une-cuve.jpg\" alt=\"\" data-no-lazy=\"1\" itemprop=\"thumbnail\" width=\"800\" height=\"600\" \/>\n\t\t\t<!-- Overlay Wrapper -->\n\t\t\t <!-- Overlay Wrapper Closed -->\n\t\t\t\t<\/a>\n\t\t\t\t\t\t\t<meta itemprop=\"width\" content=\"800\" \/>\n\t\t\t<meta itemprop=\"height\" content=\"600\" \/>\n\t\t\t\t<a\n\t\t\thref=\"https:\/\/gamesystem.com\/wp-content\/uploads\/2018\/07\/mise-en-place-dune-\u00e9chelle-pour-espace-confin\u00e9.jpg\"\n\t\t\t\t\t\tdata-fancybox=\"images\" \n\t\t\ttitle=\"mise en place d'une \u00e9chelle pour espace confin\u00e9\" \n\t\t\t\t\t\tdata-caption=\"\u00c9chelle dans un espace confin\u00e9\"\n\t\t\t\t\t\tdata-description=\"\" \n\t\t\titemprop=\"contentUrl\">\n\t\t\t<img decoding=\"async\" loading=\"lazy\" src=\"https:\/\/gamesystem.com\/wp-content\/uploads\/2018\/07\/mise-en-place-dune-\u00e9chelle-pour-espace-confin\u00e9.jpg\" alt=\"\" data-no-lazy=\"1\" itemprop=\"thumbnail\" width=\"800\" height=\"600\" \/>\n\t\t\t<!-- Overlay Wrapper -->\n\t\t\t <!-- Overlay Wrapper Closed -->\n\t\t\t\t<\/a>\n\t\t\t\t\t\t\t<meta itemprop=\"width\" content=\"800\" \/>\n\t\t\t<meta itemprop=\"height\" content=\"600\" \/>\n\t\t\t\t<a\n\t\t\thref=\"https:\/\/gamesystem.com\/wp-content\/uploads\/2018\/07\/evacuation-espaces-confin\u00e9s.jpg\"\n\t\t\t\t\t\tdata-fancybox=\"images\" \n\t\t\ttitle=\"evacuation espaces confin\u00e9s\" \n\t\t\t\t\t\tdata-caption=\"Syst\u00e8me Tripode Gamesystem\"\n\t\t\t\t\t\tdata-description=\"\" \n\t\t\titemprop=\"contentUrl\">\n\t\t\t<img decoding=\"async\" loading=\"lazy\" src=\"https:\/\/gamesystem.com\/wp-content\/uploads\/2018\/07\/evacuation-espaces-confin\u00e9s.jpg\" alt=\"\" data-no-lazy=\"1\" itemprop=\"thumbnail\" width=\"800\" height=\"600\" \/>\n\t\t\t<!-- Overlay Wrapper -->\n\t\t\t <!-- Overlay Wrapper Closed -->\n\t\t\t\t<\/a>\n\t\t\t\t\t\t\t<meta itemprop=\"width\" content=\"800\" \/>\n\t\t\t<meta itemprop=\"height\" content=\"600\" \/>\n\t\n","protected":false},"excerpt":{"rendered":"<p>SAFETY IN CONFINED SPACES Confined spaces are one of the mos risky environments for the health and safety of workers. In this context, it is vital that fall protection systems&hellip;<\/p>\n","protected":false},"author":7,"featured_media":0,"parent":0,"menu_order":0,"comment_status":"closed","ping_status":"open","template":"","meta":[],"_links":{"self":[{"href":"https:\/\/gamesystem.com\/en\/wp-json\/wp\/v2\/pages\/13627"}],"collection":[{"href":"https:\/\/gamesystem.com\/en\/wp-json\/wp\/v2\/pages"}],"about":[{"href":"https:\/\/gamesystem.com\/en\/wp-json\/wp\/v2\/types\/page"}],"author":[{"embeddable":true,"href":"https:\/\/gamesystem.com\/en\/wp-json\/wp\/v2\/users\/7"}],"replies":[{"embeddable":true,"href":"https:\/\/gamesystem.com\/en\/wp-json\/wp\/v2\/comments?post=13627"}],"version-history":[{"count":3,"href":"https:\/\/gamesystem.com\/en\/wp-json\/wp\/v2\/pages\/13627\/revisions"}],"predecessor-version":[{"id":38762,"href":"https:\/\/gamesystem.com\/en\/wp-json\/wp\/v2\/pages\/13627\/revisions\/38762"}],"wp:attachment":[{"href":"https:\/\/gamesystem.com\/en\/wp-json\/wp\/v2\/media?parent=13627"}],"curies":[{"name":"wp","href":"https:\/\/api.w.org\/{rel}","templated":true}]}}