{"id":13597,"date":"2018-01-18T09:21:09","date_gmt":"2018-01-18T09:21:09","guid":{"rendered":"https:\/\/preprod.gamesystem.com\/securisation-des-deplacements-verticaux\/"},"modified":"2019-01-17T07:40:41","modified_gmt":"2019-01-17T07:40:41","slug":"vertical-mobility-safety","status":"publish","type":"page","link":"https:\/\/gamesystem.com\/en\/vertical-mobility-safety\/","title":{"rendered":"Vertical Mobility Safety"},"content":{"rendered":"\n\t\t\t<h1>VERTICAL MOBILITY SAFETY<\/h1>\n\t\t\t\t<p>We provide solutions to ensure the safety of your operators and their work during vertical operations. Gamesystem offers you numerous fall protection systems. Our collective and personal protective systems are adapted and installed on ladders, fa\u00e7ades and pylons.<\/p>\n\t\t\t\t<img decoding=\"async\" src=\"https:\/\/gamesystem.com\/wp-content\/uploads\/2018\/05\/acc\u00e8s-a-la-toiture-via-la-facade.jpg\" alt=\"s\u00e9curisation des acc\u00e8s via facade\">\n\t\t\t<p>FACADE<\/p>\n\t\t\t\t<img decoding=\"async\" src=\"https:\/\/gamesystem.com\/wp-content\/uploads\/2018\/05\/s\u00e9curisation-d-echelle-sur-divers-structures.jpg\" alt=\"r\u00e9glementation s\u00e9curisation \u00e9chelle\">\n\t\t\t<p>PYLON<\/p>\n\t\t\t\t<img decoding=\"async\" src=\"https:\/\/gamesystem.com\/wp-content\/uploads\/2018\/05\/Travail-en-hauteur-sur-pylone-de-telecommunication.png\" alt=\"travail sur pylone telecom\">\n\t\t\t<p>LADDER<\/p>\n\t\t\t<h2>FALL PROTECTION SYSTEM FOR VERTICAL MOBILITY<\/h2>\t\t\t\n\t\t\t<h3>Personal and collective protection<\/h3>\n\t\t\t\t\t\t\t\t\t\t\t<img decoding=\"async\" src=\"https:\/\/gamesystem.com\/wp-content\/uploads\/2018\/05\/systeme-papillon-pour-\u00e9voluer-sur-un-pylone.jpg\" alt=\"travail sur pylone en s\u00e9curit\u00e9\">\n\t\t\t\t\t\t<h4>\n\t\t\t\t\t\tPapillon system\t\t<\/h4>\n\t\t\t\t\t\t\t\t\t\t\t<img decoding=\"async\" src=\"https:\/\/gamesystem.com\/wp-content\/uploads\/2018\/05\/Echelle-pour-acces-en-toiture.jpg\" alt=\"echelle crinoline en alu pour acc\u00e9der en hauteur\">\n\t\t\t\t\t\t<h4>\n\t\t\t\t\t\t Ladder\t\t<\/h4>\n\t\t\t\t\t\t\t\t\t\t\t<img decoding=\"async\" src=\"https:\/\/gamesystem.com\/wp-content\/uploads\/2018\/05\/Echelle-a-crinoline-pour-acc\u00e8der-sur-une-toiture-en-s\u00e9curit\u00e9.jpg\" alt=\"echelle a crinoline permettant d'\u00e9voluer en s\u00e9curit\u00e9 en hauteur\">\n\t\t\t\t\t\t<h4>\n\t\t\t\t\t\tCage ladder\t\t<\/h4>\n\t<p>When an operator is carrying out vertical operations, the Papillon system in a fixed ladder is often the preferred option. The installation of a cage ladder (collective protection) may appear to be the ideal solution in certain situations. Thanks to fall protection devices and PPE, the user can move safely at height and move vertically without having to disconnect from the structure.<\/p>\n\t\t\t<h2>PERSONAL PROTECTIVE EQUIPMENT FOR VERTICAL MOBILITY<\/h2>\t\t\t\n\t\t\t<h3>PPE specific to vertical work<\/h3>\n\t\t\t\t\t\t\t\t\t\t\t<img decoding=\"async\" src=\"https:\/\/gamesystem.com\/wp-content\/uploads\/2018\/05\/Systeme-papillon-pour-travaux-en-hauteur.png\" alt=\"system de protection vertcial papillon gamesystem\">\n\t\t\t\t\t\t<h4>\n\t\t\t\t\t\tSystem Papillon\t\t<\/h4>\n\t\t\t\t\t\t\t\t\t\t\t<img decoding=\"async\" src=\"https:\/\/gamesystem.com\/wp-content\/uploads\/2018\/05\/ceinture-de-maintien-pour-le-travail-en-hauteur.png\" alt=\"ceinture de maintien pour les op\u00e9rateurs travaillant en hauteur\">\n\t\t\t\t\t\t<h4>\n\t\t\t\t\t\t Safety belt\t\t<\/h4>\n\t\t\t\t\t\t\t\t\t\t\t<img decoding=\"async\" src=\"https:\/\/gamesystem.com\/wp-content\/uploads\/2018\/05\/Longe-double-pour-travaux-en-hauteur.png\" alt=\"longe double pour interventions en hauteur\">\n\t\t\t\t\t\t<h4>\n\t\t\t\t\t\tDouble lanyard\t\t<\/h4>\n\t\t\t\t\t\t\t\t\t\t\t<img decoding=\"async\" src=\"https:\/\/gamesystem.com\/wp-content\/uploads\/2018\/06\/Harnais-de-securite-GH3.png\" alt=\"harnais s\u00e9curit\u00e9 pour travailleur en hauteur\">\n\t\t\t\t\t\t<h4>\n\t\t\t\t\t\tSafety harness Gh3\t\t<\/h4>\n\t\t\t\t\t\t\t\t\t\t\t<img decoding=\"async\" src=\"https:\/\/gamesystem.com\/wp-content\/uploads\/2018\/05\/Sangle-dancrage-pour-travaux-en-hauteur.png\" alt=\"sangle d'ancrage sp\u00e9cifique au travaux en hauteur et aux interventions en s\u00e9curit\u00e9\">\n\t\t\t\t\t\t<h4>\n\t\t\t\t\t\tAnchor strap\t\t<\/h4>\n\t\t\t\t\t\t\t\t\t\t\t<img decoding=\"async\" src=\"https:\/\/gamesystem.com\/wp-content\/uploads\/2018\/06\/Harnais-de-s\u00e9curit\u00e9-GH5-pour-travail-en-hauteur.png\" alt=\"harnais de s\u00e9curit\u00e9 gamesystem\">\n\t\t\t\t\t\t<h4>\n\t\t\t\t\t\tSafety harness Gh5\t\t<\/h4>\n\t\t\t\t\t\t\t\t\t\t\t<img decoding=\"async\" src=\"https:\/\/gamesystem.com\/wp-content\/uploads\/2018\/07\/connecteurs-Gamesystem.png\" alt=\"connceteurs : crochets et mousqueton pour travail en hauteur\">\n\t\t\t\t\t\t<h4>\n\t\t\t\t\t\t Connectors\t\t<\/h4>\n\t\t\t\t\t\t\t\t\t\t\t<img decoding=\"async\" src=\"https:\/\/gamesystem.com\/wp-content\/uploads\/2018\/06\/dispositif-pour-travailleurs-isol\u00e9s-et-en-hauteuur-pti-dati.png\" alt=\"dispositif anti chute\">\n\t\t\t<a href=\"\/?page_id=10466\" target=\"_self\"   role=\"button\">\n\t\t\t\t\t\t\tEn savoir +\n\t\t<\/a>\n\t\t\t\t\t\t<h4>\n\t\t\t\t\t\tLWSh Device \t\t<\/h4>\n\t<p>During vertical operations, the operator is required to wear fall protection PPE as this is considered a work at height situation. This vital equipment protects your operators from falls. Gamesystem offers personal protective equipment specifically for vertical movements (Papillon System, double lanyard, safety harness, etc.)<\/p>\n\t\t\t<h2>VIDEO &#8211; VERTICAL WORK AT HEIGHT<\/h2>\t\t\t\n\t<iframe loading=\"lazy\" width=\"560\" height=\"315\" src=\"https:\/\/www.youtube.com\/embed\/qGhGfYp6JCc?rel=0\" frameborder=\"0\" allow=\"autoplay; encrypted-media\" allowfullscreen><\/iframe>\n\t<p>\u00a0Exclusive to Gamesystem, the Papillon system enables workers to move about safely at height in vertical contexts (EHV and telecoms pylons, fa\u00e7ades, ladders, cage ladders, etc.). Watch this video and discover the features and advantages of our Papillon.<\/p>\n\t\t\t<h2>OUR ACHIEVEMENTS &#8211; VERTICAL MOBILITY SAFETY<\/h2>\t\t\t\n\t\t\t\t<a\n\t\t\thref=\"https:\/\/gamesystem.com\/wp-content\/uploads\/2018\/07\/\u00e9chelle-\u00e0-crinoline-pour-acc\u00e8s-en-hauteur.jpg\"\n\t\t\t\t\t\trel=\"nofollow\" data-fancybox=\"images\" \n\t\t\ttitle=\"\u00e9chelle \u00e0 crinoline pour acc\u00e8s en hauteur\" \n\t\t\tdata-description=\"\" \n\t\t\titemprop=\"contentUrl\"\n\t\t>\n\t\t<img decoding=\"async\" src=\"https:\/\/gamesystem.com\/wp-content\/uploads\/2018\/07\/\u00e9chelle-\u00e0-crinoline-pour-acc\u00e8s-en-hauteur.jpg\" alt=\"echelle crinoline pour acc\u00e8s en hauteur \u00e0 la toiture plate\" data-no-lazy=\"1\" itemprop=\"thumbnail\" \/>\n\t\t\t<!-- Overlay Wrapper -->\n\t\t\t <!-- Overlay Wrapper Closed -->\n\t\t\t\t<\/a>\n\t\t\t\t\t\t\t<meta itemprop=\"width\" content=\"800\" \/>\n\t\t\t<meta itemprop=\"height\" content=\"600\" \/>\n\t\t\t\t<a\n\t\t\thref=\"https:\/\/gamesystem.com\/wp-content\/uploads\/2018\/05\/s\u00e9curisation-des-interventions-sur-pylone-telecommunication.jpg\"\n\t\t\t\t\t\trel=\"nofollow\" data-fancybox=\"images\" \n\t\t\ttitle=\"s\u00e9curisation des interventions sur pylone telecommunication\" \n\t\t\tdata-description=\"travail sur pylone avec un systeme papillon gamesystem\" \n\t\t\titemprop=\"contentUrl\"\n\t\t>\n\t\t<img decoding=\"async\" src=\"https:\/\/gamesystem.com\/wp-content\/uploads\/2018\/05\/s\u00e9curisation-des-interventions-sur-pylone-telecommunication.jpg\" alt=\"travail sur pyl\u00f4ne de t\u00e9l\u00e9communication en s\u00e9curit\u00e9 avec le papillon\" data-no-lazy=\"1\" itemprop=\"thumbnail\" \/>\n\t\t\t<!-- Overlay Wrapper -->\n\t\t\t <!-- Overlay Wrapper Closed -->\n\t\t\t\t<\/a>\n\t\t\t\t\t\t\t<meta itemprop=\"width\" content=\"800\" \/>\n\t\t\t<meta itemprop=\"height\" content=\"600\" \/>\n\t\t\t\t<a\n\t\t\thref=\"https:\/\/gamesystem.com\/wp-content\/uploads\/2018\/05\/s\u00e9curisation-dune-echelle-sur-un-pylone-telecom.jpg\"\n\t\t\t\t\t\trel=\"nofollow\" data-fancybox=\"images\" \n\t\t\ttitle=\"s\u00e9curisation d&amp;#039;une echelle sur un pylone telecom\" \n\t\t\tdata-description=\"echelle s\u00e9curis\u00e9e et install\u00e9e par gamesystem\" \n\t\t\titemprop=\"contentUrl\"\n\t\t>\n\t\t<img decoding=\"async\" src=\"https:\/\/gamesystem.com\/wp-content\/uploads\/2018\/05\/s\u00e9curisation-dune-echelle-sur-un-pylone-telecom.jpg\" alt=\"echelle pour travail en hauteur en s\u00e9curit\u00e9\" data-no-lazy=\"1\" itemprop=\"thumbnail\" \/>\n\t\t\t<!-- Overlay Wrapper -->\n\t\t\t <!-- Overlay Wrapper Closed -->\n\t\t\t\t<\/a>\n\t\t\t\t\t\t\t<meta itemprop=\"width\" content=\"800\" \/>\n\t\t\t<meta itemprop=\"height\" content=\"600\" \/>\n\t\t\t\t<a\n\t\t\thref=\"https:\/\/gamesystem.com\/wp-content\/uploads\/2018\/07\/proc\u00e9dure-d\u00e9vacuation-sur-pylone-tht.jpg\"\n\t\t\t\t\t\trel=\"nofollow\" data-fancybox=\"images\" \n\t\t\ttitle=\"proc\u00e9dure d'\u00e9vacuation sur pylone tht\" \n\t\t\tdata-description=\"\" \n\t\t\titemprop=\"contentUrl\"\n\t\t>\n\t\t<img decoding=\"async\" src=\"https:\/\/gamesystem.com\/wp-content\/uploads\/2018\/07\/proc\u00e9dure-d\u00e9vacuation-sur-pylone-tht.jpg\" alt=\"pylone tht\" data-no-lazy=\"1\" itemprop=\"thumbnail\" \/>\n\t\t\t<!-- Overlay Wrapper -->\n\t\t\t <!-- Overlay Wrapper Closed -->\n\t\t\t\t<\/a>\n\t\t\t\t\t\t\t<meta itemprop=\"width\" content=\"800\" \/>\n\t\t\t<meta itemprop=\"height\" content=\"600\" \/>\n\t\t\t\t<a\n\t\t\thref=\"https:\/\/gamesystem.com\/wp-content\/uploads\/2018\/05\/echelle-a-crinoline-sur-pylone-telecom-pour-travaux-en-hauteur.jpg\"\n\t\t\t\t\t\trel=\"nofollow\" data-fancybox=\"images\" \n\t\t\ttitle=\"echelle a crinoline sur pylone telecom pour travaux en hauteur\" \n\t\t\tdata-description=\"reglementation et hauteur d'une \u00e9chelle a crinoline\" \n\t\t\titemprop=\"contentUrl\"\n\t\t>\n\t\t<img decoding=\"async\" src=\"https:\/\/gamesystem.com\/wp-content\/uploads\/2018\/05\/echelle-a-crinoline-sur-pylone-telecom-pour-travaux-en-hauteur.jpg\" alt=\"utilisation d'une echelle a crinoline\" data-no-lazy=\"1\" itemprop=\"thumbnail\" \/>\n\t\t\t<!-- Overlay Wrapper -->\n\t\t\t <!-- Overlay Wrapper Closed -->\n\t\t\t\t<\/a>\n\t\t\t\t\t\t\t<meta itemprop=\"width\" content=\"800\" \/>\n\t\t\t<meta itemprop=\"height\" content=\"600\" \/>\n\t\t\t\t<a\n\t\t\thref=\"https:\/\/gamesystem.com\/wp-content\/uploads\/2018\/07\/s\u00e9curisation-dun-pylone-t\u00e9l\u00e9com.jpg\"\n\t\t\t\t\t\trel=\"nofollow\" data-fancybox=\"images\" \n\t\t\ttitle=\"s\u00e9curisation d'un pylone t\u00e9l\u00e9com\" \n\t\t\tdata-description=\"\" \n\t\t\titemprop=\"contentUrl\"\n\t\t>\n\t\t<img decoding=\"async\" src=\"https:\/\/gamesystem.com\/wp-content\/uploads\/2018\/07\/s\u00e9curisation-dun-pylone-t\u00e9l\u00e9com.jpg\" alt=\"travail sur pylone tht\" data-no-lazy=\"1\" itemprop=\"thumbnail\" \/>\n\t\t\t<!-- Overlay Wrapper -->\n\t\t\t <!-- Overlay Wrapper Closed -->\n\t\t\t\t<\/a>\n\t\t\t\t\t\t\t<meta itemprop=\"width\" content=\"800\" \/>\n\t\t\t<meta itemprop=\"height\" content=\"600\" \/>\n\t\t\t\t<a\n\t\t\thref=\"https:\/\/gamesystem.com\/wp-content\/uploads\/2018\/05\/UTILISATION-DU-SYSTEME-PAPILLON-SUR-UN-PYLONE-DE-TELECOMMUNICATION.jpg\"\n\t\t\t\t\t\trel=\"nofollow\" data-fancybox=\"images\" \n\t\t\ttitle=\"UTILISATION DU SYSTEME PAPILLON SUR UN PYLONE DE TELECOMMUNICATION\" \n\t\t\tdata-description=\"travail avec un systeme papillon\" \n\t\t\titemprop=\"contentUrl\"\n\t\t>\n\t\t<img decoding=\"async\" src=\"https:\/\/gamesystem.com\/wp-content\/uploads\/2018\/05\/UTILISATION-DU-SYSTEME-PAPILLON-SUR-UN-PYLONE-DE-TELECOMMUNICATION.jpg\" alt=\"travail sur pylone\" data-no-lazy=\"1\" itemprop=\"thumbnail\" \/>\n\t\t\t<!-- Overlay Wrapper -->\n\t\t\t <!-- Overlay Wrapper Closed -->\n\t\t\t\t<\/a>\n\t\t\t\t\t\t\t<meta itemprop=\"width\" content=\"800\" \/>\n\t\t\t<meta itemprop=\"height\" content=\"600\" \/>\n\t\t\t\t<a\n\t\t\thref=\"https:\/\/gamesystem.com\/wp-content\/uploads\/2018\/07\/s\u00e9curisation-pylone-tht.jpg\"\n\t\t\t\t\t\trel=\"nofollow\" data-fancybox=\"images\" \n\t\t\ttitle=\"s\u00e9curisation pylone tht\" \n\t\t\tdata-description=\"\" \n\t\t\titemprop=\"contentUrl\"\n\t\t>\n\t\t<img decoding=\"async\" src=\"https:\/\/gamesystem.com\/wp-content\/uploads\/2018\/07\/s\u00e9curisation-pylone-tht.jpg\" alt=\"acc\u00e8s en hauteur et pylone tht\" data-no-lazy=\"1\" itemprop=\"thumbnail\" \/>\n\t\t\t<!-- Overlay Wrapper -->\n\t\t\t <!-- Overlay Wrapper Closed -->\n\t\t\t\t<\/a>\n\t\t\t\t\t\t\t<meta itemprop=\"width\" content=\"800\" \/>\n\t\t\t<meta itemprop=\"height\" content=\"600\" \/>\n","protected":false},"excerpt":{"rendered":"<p>VERTICAL MOBILITY SAFETY We provide solutions to ensure the safety of your operators and their work during vertical operations. Gamesystem offers you numerous fall protection systems. Our collective and personal&hellip;<\/p>\n","protected":false},"author":7,"featured_media":0,"parent":0,"menu_order":0,"comment_status":"closed","ping_status":"open","template":"","meta":[],"_links":{"self":[{"href":"https:\/\/gamesystem.com\/en\/wp-json\/wp\/v2\/pages\/13597"}],"collection":[{"href":"https:\/\/gamesystem.com\/en\/wp-json\/wp\/v2\/pages"}],"about":[{"href":"https:\/\/gamesystem.com\/en\/wp-json\/wp\/v2\/types\/page"}],"author":[{"embeddable":true,"href":"https:\/\/gamesystem.com\/en\/wp-json\/wp\/v2\/users\/7"}],"replies":[{"embeddable":true,"href":"https:\/\/gamesystem.com\/en\/wp-json\/wp\/v2\/comments?post=13597"}],"version-history":[{"count":0,"href":"https:\/\/gamesystem.com\/en\/wp-json\/wp\/v2\/pages\/13597\/revisions"}],"wp:attachment":[{"href":"https:\/\/gamesystem.com\/en\/wp-json\/wp\/v2\/media?parent=13597"}],"curies":[{"name":"wp","href":"https:\/\/api.w.org\/{rel}","templated":true}]}}