{"id":13579,"date":"2018-01-24T15:23:56","date_gmt":"2018-01-24T15:23:56","guid":{"rendered":"https:\/\/preprod.gamesystem.com\/les-acces-en-hauteur\/"},"modified":"2019-01-17T07:42:35","modified_gmt":"2019-01-17T07:42:35","slug":"safe-access-at-height","status":"publish","type":"page","link":"https:\/\/gamesystem.com\/en\/safe-access-at-height\/","title":{"rendered":"Safe Access At Height"},"content":{"rendered":"\n\t\t\t<h1>SAFE ACCESS AT HEIGHT<\/h1>\n\t\t\t\t<p>Accidents are avoided when a person is secured by a device connected to an anchor, cable or anchor plate. This means that they are able to access this protective equipment. In many cases, access is completely risk-free. In other cases, however, access may involve certain hazards (on flat\/sloping rooftops and machines in particular). It is therefore essential to manage the safety of access to these areas to minimise the risk of falling from height.<\/p>\n\t\t\t\t<img decoding=\"async\" src=\"https:\/\/gamesystem.com\/wp-content\/uploads\/2018\/05\/acc\u00e8s-a-la-toiture-via-la-facade.jpg\" alt=\"s\u00e9curisation des acc\u00e8s via facade\">\n\t\t\t<p>FACADE<\/p>\n\t\t\t\t<img decoding=\"async\" src=\"https:\/\/gamesystem.com\/wp-content\/uploads\/2018\/05\/travail-sur-toitue-en-s\u00e9curit\u00e9.jpg\" alt=\"acc\u00e8s sur toiture en s\u00e9curit\u00e9\">\n\t\t\t<p>ROOFING<\/p>\n\t\t\t\t<img decoding=\"async\" src=\"https:\/\/gamesystem.com\/wp-content\/uploads\/2018\/05\/s\u00e9curisation-de-machine-pour-acc\u00e8s-en-s\u00e9curit\u00e9.jpg\" alt=\"travail sur machine avec une harnais de travail\">\n\t\t\t<p>MACHINE<\/p>\n\t\t\t\t<img decoding=\"async\" src=\"https:\/\/gamesystem.com\/wp-content\/uploads\/2018\/05\/Travail-en-hauteur-sur-pylone-de-telecommunication.png\" alt=\"travail sur pylone telecom\">\n\t\t\t<p>PYLON<\/p>\n\t<p>Whatever the type of intervention, your operators working at height must be able to access their work areas safely. In addition to ensuring the safety of work situations involving a risk of falling, Gamesystem designs and creates means of access. Based on your specific needs and environment, we offer you standard or customised means of access. Our fall arrest systems ensure the safety of all your access points: flat and sloping rooftops, machines, pylons and fa\u00e7ades.<\/p>\n\t\t\t<h2>FALL ARREST SYSTEM FOR SAFE ACCESS<\/h2>\t\t\t\n\t\t\t<h3>Collective protection<\/h3>\n\t\t\t\t\t\t\t\t\t\t\t<img decoding=\"async\" src=\"https:\/\/gamesystem.com\/wp-content\/uploads\/2018\/05\/Echelle-a-crinoline-pour-acc\u00e8der-sur-une-toiture-en-s\u00e9curit\u00e9.jpg\" alt=\"echelle a crinoline permettant d'\u00e9voluer en s\u00e9curit\u00e9 en hauteur\">\n\t\t\t\t\t\t<h4>\n\t\t\t\t\t\tCage ladder\t\t<\/h4>\n\t\t\t\t\t\t\t\t\t\t\t<img decoding=\"async\" src=\"https:\/\/gamesystem.com\/wp-content\/uploads\/2018\/05\/Escalier-en-milieu-industriel.png\" alt=\"escalier avec garde corps\">\n\t\t\t\t\t\t<h4>\n\t\t\t\t\t\tStairs\t\t<\/h4>\n\t\t\t\t\t\t\t\t\t\t\t<img decoding=\"async\" src=\"https:\/\/gamesystem.com\/wp-content\/uploads\/2018\/09\/Passerelle-pour-s\u00e9curiser-les-acc\u00e8s.jpg\" alt=\"Passerelle permettant de s\u00e9curis\u00e9 le travail en hauteur\">\n\t\t\t\t\t\t<h4>\n\t\t\t\t\t\tTravelling gantry\t\t<\/h4>\n\t\t\t\t\t\t\t\t\t\t\t<img decoding=\"async\" src=\"https:\/\/gamesystem.com\/wp-content\/uploads\/2018\/05\/Saut-de-loup-sur-toiture-plate.jpg\" alt=\"solution antichute pour acc\u00e8s en s\u00e9curit\u00e9 sur toit et travailler en hauteur\">\n\t\t\t\t\t\t<h4>\n\t\t\t\t\t\tCrossover\t\t<\/h4>\n\t<p>Gamesystem offers a wide range of collective protection equipment to ensure safe access: Cage ladder, Travelling gantry, Stairs and Crossover. This collective protection equipment provides maximum safety for areas where there is a risk of falling from height.<\/p>\n\t\t\t<h3>Personal protection<\/h3>\n\t\t\t\t\t\t\t\t\t\t\t<img decoding=\"async\" src=\"https:\/\/gamesystem.com\/wp-content\/uploads\/2018\/05\/Ligne-de-vie-sur-toiture-pente-avec-un-op\u00e9rateur-s\u00e9curis\u00e9.jpg\" alt=\"travail en hauteur sur toit avec une solution de protection individuelle\">\n\t\t\t\t\t\t<h4>\n\t\t\t\t\t\tLifeline\t\t<\/h4>\n\t\t\t\t\t\t\t\t\t\t\t<img decoding=\"async\" src=\"https:\/\/gamesystem.com\/wp-content\/uploads\/2018\/05\/Echelle-pour-acces-en-toiture.jpg\" alt=\"echelle crinoline en alu pour acc\u00e9der en hauteur\">\n\t\t\t\t\t\t<h4>\n\t\t\t\t\t\t Ladder\t\t<\/h4>\n\t<p>Even though collective protection should be prioritised, it is often not suitable for your environment and installation. That is why Gamesystem also offers means of access requiring personal protection: Cable lifeline and fixed or mobile ladder. Whatever your problem, we provide relevant and effective solutions to eliminate the risks of falling from height.<\/p>\n\t\t\t<h2>PERSONAL PROTECTIVE EQUIPMENT FOR ACCESS<\/h2>\t\t\t\n\t\t\t<h3>Fall arrest PPE specific to access at height<\/h3>\n\t\t\t\t\t\t\t\t\t\t\t<img decoding=\"async\" src=\"https:\/\/gamesystem.com\/wp-content\/uploads\/2018\/05\/Systeme-papillon-pour-travaux-en-hauteur.png\" alt=\"system de protection vertcial papillon gamesystem\">\n\t\t\t\t\t\t<h4>\n\t\t\t\t\t\tSystem Papillon\t\t<\/h4>\n\t\t\t\t\t\t\t\t\t\t\t<img decoding=\"async\" src=\"https:\/\/gamesystem.com\/wp-content\/uploads\/2018\/07\/connecteurs-Gamesystem.png\" alt=\"connceteurs : crochets et mousqueton pour travail en hauteur\">\n\t\t\t\t\t\t<h4>\n\t\t\t\t\t\t Connectors\t\t<\/h4>\n\t\t\t\t\t\t\t\t\t\t\t<img decoding=\"async\" src=\"https:\/\/gamesystem.com\/wp-content\/uploads\/2018\/05\/Longe-double-pour-travaux-en-hauteur.png\" alt=\"longe double pour interventions en hauteur\">\n\t\t\t\t\t\t<h4>\n\t\t\t\t\t\tDouble lanyard\t\t<\/h4>\n\t\t\t\t\t\t\t\t\t\t\t<img decoding=\"async\" src=\"https:\/\/gamesystem.com\/wp-content\/uploads\/2018\/06\/Harnais-de-securite-GH3.png\" alt=\"harnais s\u00e9curit\u00e9 pour travailleur en hauteur\">\n\t\t\t\t\t\t<h4>\n\t\t\t\t\t\tSafety harness Gh3\t\t<\/h4>\n\t\t\t\t\t\t\t\t\t\t\t<img decoding=\"async\" src=\"https:\/\/gamesystem.com\/wp-content\/uploads\/2018\/05\/Sangle-dancrage-pour-travaux-en-hauteur.png\" alt=\"sangle d'ancrage sp\u00e9cifique au travaux en hauteur et aux interventions en s\u00e9curit\u00e9\">\n\t\t\t\t\t\t<h4>\n\t\t\t\t\t\tAnchor strap\t\t<\/h4>\n\t\t\t\t\t\t\t\t\t\t\t<img decoding=\"async\" src=\"https:\/\/gamesystem.com\/wp-content\/uploads\/2018\/06\/Harnais-de-s\u00e9curit\u00e9-GH5-pour-travail-en-hauteur.png\" alt=\"harnais de s\u00e9curit\u00e9 gamesystem\">\n\t\t\t\t\t\t<h4>\n\t\t\t\t\t\tSafety harness Gh5\t\t<\/h4>\n\t\t\t\t\t\t\t\t\t\t\t<img decoding=\"async\" src=\"https:\/\/gamesystem.com\/wp-content\/uploads\/2018\/07\/enrouleur-\u00e0-rappel-automatique-stop-chute.png\" alt=\"enrouleur pour travail en hauteur\">\n\t\t\t\t\t\t<h4>\n\t\t\t\t\t\tAutomatic fall prevention device\t\t<\/h4>\n\t\t\t\t\t\t\t\t\t\t\t<img decoding=\"async\" src=\"https:\/\/gamesystem.com\/wp-content\/uploads\/2018\/06\/dispositif-pour-travailleurs-isol\u00e9s-et-en-hauteuur-pti-dati.png\" alt=\"dispositif anti chute\">\n\t\t\t\t\t\t<h4>\n\t\t\t\t\t\tLWSh Device \t\t<\/h4>\n\t<p>Every operator requiring access to their work area must be equipped with fall arrest PPE if the access does not have collective protection. Gamesystem, also a manufacturer of PPE (personal protective equipment) offers a range of products that are suitable for all work at height situations (harness, anchor strap, double lanyard, etc.)<\/p>\n\t\t\t<h2>OUR ACHIEVEMENTS &#8211; SAFE ACCESS<\/h2>\t\t\t\n\t\t\t\t<a\n\t\t\thref=\"https:\/\/gamesystem.com\/wp-content\/uploads\/2018\/05\/Echelle-a-crinoline-sur-cuve.png\"\n\t\t\t\t\t\trel=\"nofollow\" data-fancybox=\"images\" \n\t\t\ttitle=\"Echelle-a-crinoline-sur-cuve\" \n\t\t\tdata-description=\"echelle a crinoline pour acc\u00e8s en hauteur sur citerne\" \n\t\t\titemprop=\"contentUrl\"\n\t\t>\n\t\t<img decoding=\"async\" src=\"https:\/\/gamesystem.com\/wp-content\/uploads\/2018\/05\/Echelle-a-crinoline-sur-cuve.png\" alt=\"echelle crinoline pour acc\u00e8s en hauteur\" data-no-lazy=\"1\" itemprop=\"thumbnail\" \/>\n\t\t\t<!-- Overlay Wrapper -->\n\t\t\t <!-- Overlay Wrapper Closed -->\n\t\t\t\t<\/a>\n\t\t\t\t\t\t\t<meta itemprop=\"width\" content=\"800\" \/>\n\t\t\t<meta itemprop=\"height\" content=\"600\" \/>\n\t\t\t\t<a\n\t\t\thref=\"https:\/\/gamesystem.com\/wp-content\/uploads\/2018\/05\/Escalier-exterieur-pour-acc\u00e8der-au-toit.jpg\"\n\t\t\t\t\t\trel=\"nofollow\" data-fancybox=\"images\" \n\t\t\ttitle=\"Escalier exterieur pour acc\u00e8der au toit\" \n\t\t\tdata-description=\"\" \n\t\t\titemprop=\"contentUrl\"\n\t\t>\n\t\t<img decoding=\"async\" src=\"https:\/\/gamesystem.com\/wp-content\/uploads\/2018\/05\/Escalier-exterieur-pour-acc\u00e8der-au-toit.jpg\" alt=\"\" data-no-lazy=\"1\" itemprop=\"thumbnail\" \/>\n\t\t\t<!-- Overlay Wrapper -->\n\t\t\t <!-- Overlay Wrapper Closed -->\n\t\t\t\t<\/a>\n\t\t\t\t\t\t\t<meta itemprop=\"width\" content=\"800\" \/>\n\t\t\t<meta itemprop=\"height\" content=\"600\" \/>\n\t\t\t\t<a\n\t\t\thref=\"https:\/\/gamesystem.com\/wp-content\/uploads\/2018\/05\/Escalier-avec-garde-corps-pour-s\u00e9curiser-lacces-a-la-toiture.jpg\"\n\t\t\t\t\t\trel=\"nofollow\" data-fancybox=\"images\" \n\t\t\ttitle=\"Escalier avec garde corps pour s\u00e9curiser l&amp;#039;acces a la toiture\" \n\t\t\tdata-description=\"escalier pour faciliter l'acc\u00e8s au toit\" \n\t\t\titemprop=\"contentUrl\"\n\t\t>\n\t\t<img decoding=\"async\" src=\"https:\/\/gamesystem.com\/wp-content\/uploads\/2018\/05\/Escalier-avec-garde-corps-pour-s\u00e9curiser-lacces-a-la-toiture.jpg\" alt=\"Escalier en alu pour acc\u00e8der \u00e0 une toiture\" data-no-lazy=\"1\" itemprop=\"thumbnail\" \/>\n\t\t\t<!-- Overlay Wrapper -->\n\t\t\t <!-- Overlay Wrapper Closed -->\n\t\t\t\t<\/a>\n\t\t\t\t\t\t\t<meta itemprop=\"width\" content=\"800\" \/>\n\t\t\t<meta itemprop=\"height\" content=\"600\" \/>\n\t\t\t\t<a\n\t\t\thref=\"https:\/\/gamesystem.com\/wp-content\/uploads\/2018\/05\/Escalier-en-milieu-industriel.png\"\n\t\t\t\t\t\trel=\"nofollow\" data-fancybox=\"images\" \n\t\t\ttitle=\"Escalier-en-milieu-industriel\" \n\t\t\tdata-description=\"escalier pour la s\u00e9curit\u00e9 du personnel\" \n\t\t\titemprop=\"contentUrl\"\n\t\t>\n\t\t<img decoding=\"async\" src=\"https:\/\/gamesystem.com\/wp-content\/uploads\/2018\/05\/Escalier-en-milieu-industriel.png\" alt=\"escalier avec garde corps\" data-no-lazy=\"1\" itemprop=\"thumbnail\" \/>\n\t\t\t<!-- Overlay Wrapper -->\n\t\t\t <!-- Overlay Wrapper Closed -->\n\t\t\t\t<\/a>\n\t\t\t\t\t\t\t<meta itemprop=\"width\" content=\"800\" \/>\n\t\t\t<meta itemprop=\"height\" content=\"600\" \/>\n\t\t\t\t<a\n\t\t\thref=\"https:\/\/gamesystem.com\/wp-content\/uploads\/2018\/05\/Plateforme-suspendue-pour-op\u00e9ration-de-maintenance-en-s\u00e9curit\u00e9.jpg\"\n\t\t\t\t\t\trel=\"nofollow\" data-fancybox=\"images\" \n\t\t\ttitle=\"Plateforme suspendue pour op\u00e9ration de maintenance en s\u00e9curit\u00e9\" \n\t\t\tdata-description=\"securisation des interventions sur machine\" \n\t\t\titemprop=\"contentUrl\"\n\t\t>\n\t\t<img decoding=\"async\" src=\"https:\/\/gamesystem.com\/wp-content\/uploads\/2018\/05\/Plateforme-suspendue-pour-op\u00e9ration-de-maintenance-en-s\u00e9curit\u00e9.jpg\" alt=\"plateforme install\u00e9 et fabriqu\u00e9 par gamesysteml pour travail sur machine\" data-no-lazy=\"1\" itemprop=\"thumbnail\" \/>\n\t\t\t<!-- Overlay Wrapper -->\n\t\t\t <!-- Overlay Wrapper Closed -->\n\t\t\t\t<\/a>\n\t\t\t\t\t\t\t<meta itemprop=\"width\" content=\"800\" \/>\n\t\t\t<meta itemprop=\"height\" content=\"600\" \/>\n\t\t\t\t<a\n\t\t\thref=\"https:\/\/gamesystem.com\/wp-content\/uploads\/2018\/05\/Echelle-pour-acces-en-toiture.jpg\"\n\t\t\t\t\t\trel=\"nofollow\" data-fancybox=\"images\" \n\t\t\ttitle=\"Echelle pour acces en toiture\" \n\t\t\tdata-description=\"echelle pour acc\u00e8der aux toits et aux toiutres plates\" \n\t\t\titemprop=\"contentUrl\"\n\t\t>\n\t\t<img decoding=\"async\" src=\"https:\/\/gamesystem.com\/wp-content\/uploads\/2018\/05\/Echelle-pour-acces-en-toiture.jpg\" alt=\"echelle crinoline en alu pour acc\u00e9der en hauteur\" data-no-lazy=\"1\" itemprop=\"thumbnail\" \/>\n\t\t\t<!-- Overlay Wrapper -->\n\t\t\t <!-- Overlay Wrapper Closed -->\n\t\t\t\t<\/a>\n\t\t\t\t\t\t\t<meta itemprop=\"width\" content=\"800\" \/>\n\t\t\t<meta itemprop=\"height\" content=\"600\" \/>\n\t\t\t\t<a\n\t\t\thref=\"https:\/\/gamesystem.com\/wp-content\/uploads\/2018\/05\/echelle-crinoline-pour-acc\u00e8s-en-hauteur.jpg\"\n\t\t\t\t\t\trel=\"nofollow\" data-fancybox=\"images\" \n\t\t\ttitle=\"echelle crinoline pour acc\u00e8s en hauteur\" \n\t\t\tdata-description=\"echelle crinoline pour acc\u00e8s\" \n\t\t\titemprop=\"contentUrl\"\n\t\t>\n\t\t<img decoding=\"async\" src=\"https:\/\/gamesystem.com\/wp-content\/uploads\/2018\/05\/echelle-crinoline-pour-acc\u00e8s-en-hauteur.jpg\" alt=\"echelel \u00e0 crinoline pour acc\u00e9der \u00e0 la toiture et intervenir en s\u00e9curit\u00e9\" data-no-lazy=\"1\" itemprop=\"thumbnail\" \/>\n\t\t\t<!-- Overlay Wrapper -->\n\t\t\t <!-- Overlay Wrapper Closed -->\n\t\t\t\t<\/a>\n\t\t\t\t\t\t\t<meta itemprop=\"width\" content=\"800\" \/>\n\t\t\t<meta itemprop=\"height\" content=\"600\" \/>\n\t\t\t\t<a\n\t\t\thref=\"https:\/\/gamesystem.com\/wp-content\/uploads\/2018\/05\/Systeme-papillon-pour-acc\u00e8s-au-pyl\u00f4ne-t\u00e9l\u00e9communciation.jpg\"\n\t\t\t\t\t\trel=\"nofollow\" data-fancybox=\"images\" \n\t\t\ttitle=\"Systeme papillon pour acc\u00e8s au pyl\u00f4ne t\u00e9l\u00e9communciation\" \n\t\t\tdata-description=\"interventions en hauteur avec un systeme papillon,\" \n\t\t\titemprop=\"contentUrl\"\n\t\t>\n\t\t<img decoding=\"async\" src=\"https:\/\/gamesystem.com\/wp-content\/uploads\/2018\/05\/Systeme-papillon-pour-acc\u00e8s-au-pyl\u00f4ne-t\u00e9l\u00e9communciation.jpg\" alt=\"interventions sur pylone de telecommunication\" data-no-lazy=\"1\" itemprop=\"thumbnail\" \/>\n\t\t\t<!-- Overlay Wrapper -->\n\t\t\t <!-- Overlay Wrapper Closed -->\n\t\t\t\t<\/a>\n\t\t\t\t\t\t\t<meta itemprop=\"width\" content=\"800\" \/>\n\t\t\t<meta itemprop=\"height\" content=\"600\" \/>\n","protected":false},"excerpt":{"rendered":"<p>SAFE ACCESS AT HEIGHT Accidents are avoided when a person is secured by a device connected to an anchor, cable or anchor plate. This means that they are able to&hellip;<\/p>\n","protected":false},"author":7,"featured_media":0,"parent":0,"menu_order":0,"comment_status":"closed","ping_status":"open","template":"","meta":[],"_links":{"self":[{"href":"https:\/\/gamesystem.com\/en\/wp-json\/wp\/v2\/pages\/13579"}],"collection":[{"href":"https:\/\/gamesystem.com\/en\/wp-json\/wp\/v2\/pages"}],"about":[{"href":"https:\/\/gamesystem.com\/en\/wp-json\/wp\/v2\/types\/page"}],"author":[{"embeddable":true,"href":"https:\/\/gamesystem.com\/en\/wp-json\/wp\/v2\/users\/7"}],"replies":[{"embeddable":true,"href":"https:\/\/gamesystem.com\/en\/wp-json\/wp\/v2\/comments?post=13579"}],"version-history":[{"count":0,"href":"https:\/\/gamesystem.com\/en\/wp-json\/wp\/v2\/pages\/13579\/revisions"}],"wp:attachment":[{"href":"https:\/\/gamesystem.com\/en\/wp-json\/wp\/v2\/media?parent=13579"}],"curies":[{"name":"wp","href":"https:\/\/api.w.org\/{rel}","templated":true}]}}